{"id":918,"date":"2019-07-08T18:50:17","date_gmt":"2019-07-08T18:50:17","guid":{"rendered":"https:\/\/bjftradinggroup.com\/?post_type=product&#038;p=918"},"modified":"2025-11-11T22:14:10","modified_gmt":"2025-11-11T22:14:10","slug":"vip-crypto-arbitrage-software","status":"publish","type":"product","link":"https:\/\/bjftradinggroup.com\/vi\/product\/vip-crypto-arbitrage-software\/","title":{"rendered":"VIP Crypto Arbitrage Bot: C\u00f4ng c\u1ee5 t\u1ed1i \u01b0u d\u00e0nh cho c\u00e1c nh\u00e0 giao d\u1ecbch ch\u00eanh l\u1ec7ch gi\u00e1 ti\u1ec1n \u0111i\u1ec7n t\u1eed"},"content":{"rendered":"<p>Th\u1ecb tr\u01b0\u1eddng ti\u1ec1n \u0111i\u1ec7n t\u1eed v\u1eabn c\u00f2n r\u1ea5t non tr\u1ebb \u2014 v\u00e0 \u0111\u00f3 l\u00e0 tin t\u1ed1t cho c\u00e1c nh\u00e0 giao d\u1ecbch arbitrage. Nh\u1eefng \u0111i\u1ec3m k\u00e9m hi\u1ec7u qu\u1ea3 c\u1ee7a th\u1ecb tr\u01b0\u1eddng xu\u1ea5t hi\u1ec7n \u1edf kh\u1eafp n\u01a1i, t\u1ea1o ra nh\u1eefng c\u01a1 h\u1ed9i tuy\u1ec7t v\u1eddi \u0111\u1ec3 thu l\u1ee3i nhu\u1eadn.<\/p>\n<p>\u0110\u1ec3 gi\u00fap b\u1ea1n n\u1eafm b\u1eaft nh\u1eefng c\u01a1 h\u1ed9i \u0111\u00f3, ch\u00fang t\u00f4i gi\u1edbi thi\u1ec7u VIP Crypto Arbitrage Bot \u2014 m\u1ed9t gi\u1ea3i ph\u00e1p ph\u1ea7n m\u1ec1m ti\u00ean ti\u1ebfn gi\u00e1m s\u00e1t v\u00e0 so s\u00e1nh b\u00e1o gi\u00e1 theo th\u1eddi gian th\u1ef1c tr\u00ean c\u00e1c s\u00e0n giao d\u1ecbch ti\u1ec1n \u0111i\u1ec7n t\u1eed h\u00e0ng \u0111\u1ea7u th\u1ebf gi\u1edbi, cho ph\u00e9p th\u1ef1c hi\u1ec7n arbitrage m\u1ed9t c\u00e1ch hi\u1ec7u qu\u1ea3 v\u00e0 t\u1ef1 \u0111\u1ed9ng.<\/p>\n<p>V\u1edbi kh\u1ea3 n\u0103ng h\u1ed7 tr\u1ee3 danh s\u00e1ch s\u00e0n giao d\u1ecbch phong ph\u00fa \u2014 bao g\u1ed3m Binance (Spot &amp; USDT Futures), Bybit (Spot &amp; USDT Perpetual), Bitfinex, Kraken (v\u00e0 Kraken Futures), KuCoin Futures, OKX V5, Gate.io, Crypto.com, Poloniex (Spot &amp; Futures) v\u00e0 nhi\u1ec1u s\u00e0n kh\u00e1c \u2014 kho c\u00f4ng c\u1ee5 arbitrage c\u1ee7a b\u1ea1n \u0111\u00e3 \u0111\u01b0\u1ee3c trang b\u1ecb \u0111\u1ea7y \u0111\u1ee7.<\/p>\n<p><strong>T\u00ednh n\u0103ng ch\u00ednh<\/strong><\/p>\n<ul>\n<li>So s\u00e1nh b\u00e1o gi\u00e1 theo th\u1eddi gian th\u1ef1c gi\u1eefa c\u00e1c s\u00e0n Spot v\u00e0 Futures.<\/li>\n<li>H\u1ed7 tr\u1ee3 c\u1ea3nh b\u00e1o v\u00e0 th\u1ef1c hi\u1ec7n giao d\u1ecbch ho\u00e0n to\u00e0n t\u1ef1 \u0111\u1ed9ng (ho\u1eb7c ch\u1ebf \u0111\u1ed9 m\u00f4 ph\u1ecfng khi th\u1ecb tr\u01b0\u1eddng bi\u1ebfn \u0111\u1ed9ng kh\u00f4ng \u1ed5n \u0111\u1ecbnh).<\/li>\n<li>T\u00ednh to\u00e1n ph\u00ed v\u00e0 tr\u01b0\u1ee3t gi\u00e1 t\u00edch h\u1ee3p \u0111\u1ec3 \u0111\u1ea3m b\u1ea3o c\u01a1 h\u1ed9i arbitrage th\u1eadt s\u1ef1 c\u00f3 l\u1ee3i nhu\u1eadn.<\/li>\n<li>Ch\u1ebf \u0111\u1ed9 m\u00f4 ph\u1ecfng\/th\u1eed nghi\u1ec7m \u0111\u1ec3 ki\u1ec3m tra chi\u1ebfn l\u01b0\u1ee3c trong th\u1ecb tr\u01b0\u1eddng bi\u1ebfn \u0111\u1ed9ng m\u00e0 kh\u00f4ng c\u1ea7n m\u1ea1o hi\u1ec3m v\u1ed1n th\u1eadt.<\/li>\n<li>H\u1ed7 tr\u1ee3 r\u1ed9ng r\u00e3i c\u00e1c s\u00e0n giao d\u1ecbch: BinanceSpot, BinanceUSDTFutures, Bitbank, Bitfinex, BitMEX, Bittrex, Bitstamp, BtcAlpha, Bybit, BybitUSDTPerpetual, CexIO, Coinmetro, Crypto.com, Deribit, Exmo, FREE2EX, Gate.io Futures, GMO Coin, HitBTC, HTX, HTXSwap, HTXUSDTSwap, IndependentReserve, Kraken, KrakenFutures, KuCoinFutures, MEXC, Nexo, OKX V5, Poloniex, PoloniexFutures, SFOX, YoBit, XTRD.<\/li>\n<\/ul>\n<p>V\u1edbi VIP Crypto Arbitrage Bot, b\u1ea1n \u0111\u01b0\u1ee3c trang b\u1ecb \u0111\u1ec3 t\u1eadn d\u1ee5ng c\u00e1c ch\u00eanh l\u1ec7ch gi\u00e1 gi\u1eefa c\u00e1c s\u00e0n, gi\u1ea3m thi\u1ec3u \u0111\u1ed9 tr\u1ec5 v\u00e0 t\u1ef1 \u0111\u1ed9ng h\u00e0nh \u0111\u1ed9ng khi ng\u01b0\u1eddi kh\u00e1c c\u00f2n \u0111ang ch\u1edd \u0111\u1ee3i. Khai ph\u00e1 to\u00e0n b\u1ed9 ti\u1ec1m n\u0103ng c\u1ee7a arbitrage ti\u1ec1n \u0111i\u1ec7n t\u1eed ngay h\u00f4m nay.<\/p>\n<div id=\"bjf-crypto-arbitrage-table\">\n        <table border=\"0\">\n            <thead>\n                <tr>\n                    <th class=\"col-1\">Exchange 1<\/th>\n                    <th class=\"col-2\">Exchange 2<\/th>\n                    <th class=\"col-3\">Symbol<\/th>\n                    <th class=\"col-4\">Side 1<\/th>\n                    <th class=\"col-5\">Side 2<\/th>\n                    <th class=\"col-6\">Lots<\/th>\n                    <th class=\"col-7\">Open Time<\/th>\n                    <th class=\"col-8\">Open Price 1<\/th>\n                    <th class=\"col-9\">Open Price 2<\/th>\n                    <th class=\"col-10\">Close Time<\/th>\n                    <th class=\"col-11\">Profit<\/th>\n                    <th class=\"col-12\">Currency<\/th>\n                <\/tr>\n            <\/thead>\n        <tbody><\/tbody>\n        <\/table>\n        <\/div>\n<p>C\u1ea3nh b\u00e1o: M\u1ed9t s\u1ed1 s\u00e0n giao d\u1ecbch c\u00f3 th\u1ec3 chuy\u1ec3n sang ch\u1ebf \u0111\u1ed9 m\u00f4 ph\u1ecfng trong \u0111i\u1ec1u ki\u1ec7n th\u1ecb tr\u01b0\u1eddng kh\u00f4ng \u1ed5n \u0111\u1ecbnh. Trong nh\u1eefng tr\u01b0\u1eddng h\u1ee3p \u0111\u00f3, giao d\u1ecbch s\u1ebd \u0111\u01b0\u1ee3c m\u00f4 ph\u1ecfng b\u1eb1ng b\u00e1o gi\u00e1 tr\u1ef1c ti\u1ebfp v\u00e0 c\u00f3 t\u00ednh \u0111\u1ebfn ph\u00ed c\u0169ng nh\u01b0 hoa h\u1ed3ng th\u1ef1c t\u1ebf.<\/p>","protected":false},"excerpt":{"rendered":"<p data-start=\"1407\" data-end=\"1596\">\u0110\u00e2y l\u00e0 s\u1ea3n ph\u1ea9m ho\u00e0n h\u1ea3o cho c\u00e1c nh\u00e0 giao d\u1ecbch arbitrage ti\u1ec1n \u0111i\u1ec7n t\u1eed. V\u00ec th\u1ecb tr\u01b0\u1eddng ti\u1ec1n \u0111i\u1ec7n t\u1eed v\u1eabn ch\u01b0a th\u1ef1c s\u1ef1 tr\u01b0\u1edfng th\u00e0nh, n\u00ean c\u00f3 r\u1ea5t nhi\u1ec1u \u0111i\u1ec3m k\u00e9m hi\u1ec7u qu\u1ea3.<\/p>\n<p data-start=\"1598\" data-end=\"1876\" data-is-last-node=\"\" data-is-only-node=\"\">\u0110i\u1ec1u n\u00e0y l\u00e0 tin tuy\u1ec7t v\u1eddi cho c\u00e1c nh\u00e0 giao d\u1ecbch arbitrage, nh\u1eefng ng\u01b0\u1eddi c\u1ea7n th\u1ecb tr\u01b0\u1eddng k\u00e9m hi\u1ec7u qu\u1ea3 \u0111\u1ec3 ki\u1ebfm l\u1ee3i nhu\u1eadn. \u0110\u1ec3 t\u1ed1i \u0111a h\u00f3a ti\u1ec1m n\u0103ng giao d\u1ecbch arbitrage c\u1ee7a b\u1ea1n, ch\u00fang t\u00f4i \u0111\u00e3 ph\u00e1t tri\u1ec3n ph\u1ea7n m\u1ec1m ti\u00ean ti\u1ebfn c\u00f3 kh\u1ea3 n\u0103ng so s\u00e1nh b\u00e1o gi\u00e1 gi\u1eefa c\u00e1c s\u00e0n giao d\u1ecbch ti\u1ec1n \u0111i\u1ec7n t\u1eed.<\/p>\n","protected":false},"featured_media":920,"comment_status":"open","ping_status":"closed","template":"","meta":{"_acf_changed":false},"product_brand":[],"product_cat":[46,272],"product_tag":[49,47,48,50],"class_list":{"0":"post-918","1":"product","2":"type-product","3":"status-publish","4":"has-post-thumbnail","6":"product_cat-crypto-arbitrage-software","7":"product_cat-popular","8":"product_tag-btc-arbitrage","9":"product_tag-crypto-arbitrage","10":"product_tag-crypto-bot","11":"product_tag-eth-arbitrage","13":"first","14":"instock","15":"virtual","16":"purchasable","17":"product-type-simple"},"exclude_global_add_ons":[],"addons":[],"acf":[],"yoast_head":"<!-- This site is optimized with the Yoast SEO plugin v27.3 - https:\/\/yoast.com\/product\/yoast-seo-wordpress\/ -->\n<title>VIP Crypto Arbitrage Software for Crypto Exchanges<\/title>\n<meta name=\"description\" content=\"VIP Crypto Arbitrage Software - crypto arbitrage bot is the perfect product for Hedge Arbitrage and Latency arbitrage trading on Cryptocurrencies exchanges.\" \/>\n<meta name=\"robots\" content=\"index, follow, max-snippet:-1, max-image-preview:large, max-video-preview:-1\" \/>\n<link rel=\"canonical\" href=\"https:\/\/bjftradinggroup.com\/product\/vip-crypto-arbitrage-software\/\" \/>\n<meta property=\"og:locale\" content=\"vi_VN\" \/>\n<meta property=\"og:type\" content=\"article\" \/>\n<meta property=\"og:title\" content=\"VIP Crypto Arbitrage Software for Crypto Exchanges\" \/>\n<meta property=\"og:description\" content=\"VIP Crypto Arbitrage Software - crypto arbitrage bot is the perfect product for Hedge Arbitrage and Latency arbitrage trading on Cryptocurrencies exchanges.\" \/>\n<meta property=\"og:url\" content=\"https:\/\/bjftradinggroup.com\/product\/vip-crypto-arbitrage-software\/\" \/>\n<meta property=\"og:site_name\" content=\"Forex &amp; Cryptocurrencies Arbitrage Software | BJF Trading Group Inc.\" \/>\n<meta property=\"article:modified_time\" content=\"2025-11-11T22:14:10+00:00\" \/>\n<meta property=\"og:image\" content=\"https:\/\/bjftradinggroup.com\/wp-content\/uploads\/2019\/07\/crypto-arbitrgae-softwarebox_781-3.png\" \/>\n\t<meta property=\"og:image:width\" content=\"500\" \/>\n\t<meta property=\"og:image:height\" content=\"500\" \/>\n\t<meta property=\"og:image:type\" content=\"image\/png\" \/>\n<meta name=\"twitter:card\" content=\"summary_large_image\" \/>\n<meta name=\"twitter:label1\" content=\"Est. reading time\" \/>\n\t<meta name=\"twitter:data1\" content=\"2 minutes\" \/>\n<script type=\"application\/ld+json\" class=\"yoast-schema-graph\">{\"@context\":\"https:\\\/\\\/schema.org\",\"@graph\":[{\"@type\":\"WebPage\",\"@id\":\"https:\\\/\\\/bjftradinggroup.com\\\/product\\\/vip-crypto-arbitrage-software\\\/\",\"url\":\"https:\\\/\\\/bjftradinggroup.com\\\/product\\\/vip-crypto-arbitrage-software\\\/\",\"name\":\"VIP Crypto Arbitrage Software for Crypto Exchanges\",\"isPartOf\":{\"@id\":\"https:\\\/\\\/bjftradinggroup.com\\\/#website\"},\"primaryImageOfPage\":{\"@id\":\"https:\\\/\\\/bjftradinggroup.com\\\/product\\\/vip-crypto-arbitrage-software\\\/#primaryimage\"},\"image\":{\"@id\":\"https:\\\/\\\/bjftradinggroup.com\\\/product\\\/vip-crypto-arbitrage-software\\\/#primaryimage\"},\"thumbnailUrl\":\"https:\\\/\\\/bjftradinggroup.com\\\/wp-content\\\/uploads\\\/2019\\\/07\\\/crypto-arbitrgae-softwarebox_781-3.png\",\"datePublished\":\"2019-07-08T18:50:17+00:00\",\"dateModified\":\"2025-11-11T22:14:10+00:00\",\"description\":\"VIP Crypto Arbitrage Software - crypto arbitrage bot is the perfect product for Hedge Arbitrage and Latency arbitrage trading on Cryptocurrencies exchanges.\",\"breadcrumb\":{\"@id\":\"https:\\\/\\\/bjftradinggroup.com\\\/product\\\/vip-crypto-arbitrage-software\\\/#breadcrumb\"},\"inLanguage\":\"vi-VN\",\"potentialAction\":[{\"@type\":\"ReadAction\",\"target\":[\"https:\\\/\\\/bjftradinggroup.com\\\/product\\\/vip-crypto-arbitrage-software\\\/\"]}]},{\"@type\":\"ImageObject\",\"inLanguage\":\"vi-VN\",\"@id\":\"https:\\\/\\\/bjftradinggroup.com\\\/product\\\/vip-crypto-arbitrage-software\\\/#primaryimage\",\"url\":\"https:\\\/\\\/bjftradinggroup.com\\\/wp-content\\\/uploads\\\/2019\\\/07\\\/crypto-arbitrgae-softwarebox_781-3.png\",\"contentUrl\":\"https:\\\/\\\/bjftradinggroup.com\\\/wp-content\\\/uploads\\\/2019\\\/07\\\/crypto-arbitrgae-softwarebox_781-3.png\",\"width\":500,\"height\":500,\"caption\":\"CryptoArbitrage Software box\"},{\"@type\":\"BreadcrumbList\",\"@id\":\"https:\\\/\\\/bjftradinggroup.com\\\/product\\\/vip-crypto-arbitrage-software\\\/#breadcrumb\",\"itemListElement\":[{\"@type\":\"ListItem\",\"position\":1,\"name\":\"Home\",\"item\":\"https:\\\/\\\/bjftradinggroup.com\\\/\"},{\"@type\":\"ListItem\",\"position\":2,\"name\":\"Shop\",\"item\":\"https:\\\/\\\/bjftradinggroup.com\\\/ko\\\/shop\\\/\"},{\"@type\":\"ListItem\",\"position\":3,\"name\":\"VIP Crypto Arbitrage Bot: The Ultimate Tool for Cryptocurrency Arbitrage Traders\"}]},{\"@type\":\"WebSite\",\"@id\":\"https:\\\/\\\/bjftradinggroup.com\\\/#website\",\"url\":\"https:\\\/\\\/bjftradinggroup.com\\\/\",\"name\":\"Forex &amp; Cryptocurrencies Arbitrage Software | BJF Trading Group Inc.\",\"description\":\"FX Software pioneer since 2000\",\"potentialAction\":[{\"@type\":\"SearchAction\",\"target\":{\"@type\":\"EntryPoint\",\"urlTemplate\":\"https:\\\/\\\/bjftradinggroup.com\\\/?s={search_term_string}\"},\"query-input\":{\"@type\":\"PropertyValueSpecification\",\"valueRequired\":true,\"valueName\":\"search_term_string\"}}],\"inLanguage\":\"vi-VN\"}]}<\/script>\n<!-- \/ Yoast SEO plugin. -->","yoast_head_json":{"title":"VIP Crypto Arbitrage Software for Crypto Exchanges","description":"VIP Crypto Arbitrage Software - crypto arbitrage bot is the perfect product for Hedge Arbitrage and Latency arbitrage trading on Cryptocurrencies exchanges.","robots":{"index":"index","follow":"follow","max-snippet":"max-snippet:-1","max-image-preview":"max-image-preview:large","max-video-preview":"max-video-preview:-1"},"canonical":"https:\/\/bjftradinggroup.com\/product\/vip-crypto-arbitrage-software\/","og_locale":"vi_VN","og_type":"article","og_title":"VIP Crypto Arbitrage Software for Crypto Exchanges","og_description":"VIP Crypto Arbitrage Software - crypto arbitrage bot is the perfect product for Hedge Arbitrage and Latency arbitrage trading on Cryptocurrencies exchanges.","og_url":"https:\/\/bjftradinggroup.com\/product\/vip-crypto-arbitrage-software\/","og_site_name":"Forex &amp; Cryptocurrencies Arbitrage Software | BJF Trading Group Inc.","article_modified_time":"2025-11-11T22:14:10+00:00","og_image":[{"width":500,"height":500,"url":"https:\/\/bjftradinggroup.com\/wp-content\/uploads\/2019\/07\/crypto-arbitrgae-softwarebox_781-3.png","type":"image\/png"}],"twitter_card":"summary_large_image","twitter_misc":{"Est. reading time":"2 minutes"},"schema":{"@context":"https:\/\/schema.org","@graph":[{"@type":"WebPage","@id":"https:\/\/bjftradinggroup.com\/product\/vip-crypto-arbitrage-software\/","url":"https:\/\/bjftradinggroup.com\/product\/vip-crypto-arbitrage-software\/","name":"VIP Crypto Arbitrage Software for Crypto Exchanges","isPartOf":{"@id":"https:\/\/bjftradinggroup.com\/#website"},"primaryImageOfPage":{"@id":"https:\/\/bjftradinggroup.com\/product\/vip-crypto-arbitrage-software\/#primaryimage"},"image":{"@id":"https:\/\/bjftradinggroup.com\/product\/vip-crypto-arbitrage-software\/#primaryimage"},"thumbnailUrl":"https:\/\/bjftradinggroup.com\/wp-content\/uploads\/2019\/07\/crypto-arbitrgae-softwarebox_781-3.png","datePublished":"2019-07-08T18:50:17+00:00","dateModified":"2025-11-11T22:14:10+00:00","description":"VIP Crypto Arbitrage Software - crypto arbitrage bot is the perfect product for Hedge Arbitrage and Latency arbitrage trading on Cryptocurrencies exchanges.","breadcrumb":{"@id":"https:\/\/bjftradinggroup.com\/product\/vip-crypto-arbitrage-software\/#breadcrumb"},"inLanguage":"vi-VN","potentialAction":[{"@type":"ReadAction","target":["https:\/\/bjftradinggroup.com\/product\/vip-crypto-arbitrage-software\/"]}]},{"@type":"ImageObject","inLanguage":"vi-VN","@id":"https:\/\/bjftradinggroup.com\/product\/vip-crypto-arbitrage-software\/#primaryimage","url":"https:\/\/bjftradinggroup.com\/wp-content\/uploads\/2019\/07\/crypto-arbitrgae-softwarebox_781-3.png","contentUrl":"https:\/\/bjftradinggroup.com\/wp-content\/uploads\/2019\/07\/crypto-arbitrgae-softwarebox_781-3.png","width":500,"height":500,"caption":"CryptoArbitrage Software box"},{"@type":"BreadcrumbList","@id":"https:\/\/bjftradinggroup.com\/product\/vip-crypto-arbitrage-software\/#breadcrumb","itemListElement":[{"@type":"ListItem","position":1,"name":"Home","item":"https:\/\/bjftradinggroup.com\/"},{"@type":"ListItem","position":2,"name":"Shop","item":"https:\/\/bjftradinggroup.com\/ko\/shop\/"},{"@type":"ListItem","position":3,"name":"VIP Crypto Arbitrage Bot: The Ultimate Tool for Cryptocurrency Arbitrage Traders"}]},{"@type":"WebSite","@id":"https:\/\/bjftradinggroup.com\/#website","url":"https:\/\/bjftradinggroup.com\/","name":"Forex &amp; Cryptocurrencies Arbitrage Software | BJF Trading Group Inc.","description":"FX Software pioneer since 2000","potentialAction":[{"@type":"SearchAction","target":{"@type":"EntryPoint","urlTemplate":"https:\/\/bjftradinggroup.com\/?s={search_term_string}"},"query-input":{"@type":"PropertyValueSpecification","valueRequired":true,"valueName":"search_term_string"}}],"inLanguage":"vi-VN"}]}},"_links":{"self":[{"href":"https:\/\/bjftradinggroup.com\/vi\/wp-json\/wp\/v2\/product\/918","targetHints":{"allow":["GET"]}}],"collection":[{"href":"https:\/\/bjftradinggroup.com\/vi\/wp-json\/wp\/v2\/product"}],"about":[{"href":"https:\/\/bjftradinggroup.com\/vi\/wp-json\/wp\/v2\/types\/product"}],"replies":[{"embeddable":true,"href":"https:\/\/bjftradinggroup.com\/vi\/wp-json\/wp\/v2\/comments?post=918"}],"wp:featuredmedia":[{"embeddable":true,"href":"https:\/\/bjftradinggroup.com\/vi\/wp-json\/wp\/v2\/media\/920"}],"wp:attachment":[{"href":"https:\/\/bjftradinggroup.com\/vi\/wp-json\/wp\/v2\/media?parent=918"}],"wp:term":[{"taxonomy":"product_brand","embeddable":true,"href":"https:\/\/bjftradinggroup.com\/vi\/wp-json\/wp\/v2\/product_brand?post=918"},{"taxonomy":"product_cat","embeddable":true,"href":"https:\/\/bjftradinggroup.com\/vi\/wp-json\/wp\/v2\/product_cat?post=918"},{"taxonomy":"product_tag","embeddable":true,"href":"https:\/\/bjftradinggroup.com\/vi\/wp-json\/wp\/v2\/product_tag?post=918"}],"curies":[{"name":"wp","href":"https:\/\/api.w.org\/{rel}","templated":true}]}}