{"id":8275,"date":"2024-12-18T17:12:54","date_gmt":"2024-12-18T17:12:54","guid":{"rendered":"https:\/\/bjftradinggroup.com\/?post_type=product&#038;p=8275"},"modified":"2026-04-27T18:22:40","modified_gmt":"2026-04-27T18:22:40","slug":"crypto-arbitrage-scanner-free","status":"publish","type":"product","link":"https:\/\/bjftradinggroup.com\/vi\/product\/crypto-arbitrage-scanner-free\/","title":{"rendered":"Crypto Arbitrage Scanner &#8211; Mi\u1ec5n ph\u00ed"},"content":{"rendered":"<p><\/p>\n<h2><strong>M\u00f4 t\u1ea3 s\u1ea3n ph\u1ea9m: C\u00f4ng c\u1ee5 qu\u00e9t ch\u00eanh l\u1ec7ch gi\u00e1 ti\u1ec1n \u0111i\u1ec7n t\u1eed mi\u1ec5n ph\u00ed (Free Crypto Arbitrage Scanner)<\/strong><\/h2>\n<p><strong>Crypto Arbitrage Scanner<\/strong> l\u00e0 m\u1ed9t c\u00f4ng c\u1ee5 ti\u00ean ti\u1ebfn gi\u00fap x\u00e1c \u0111\u1ecbnh c\u00e1c c\u01a1 h\u1ed9i ch\u00eanh l\u1ec7ch gi\u00e1 (arbitrage) tr\u00ean nhi\u1ec1u s\u00e0n giao d\u1ecbch ti\u1ec1n \u0111i\u1ec7n t\u1eed v\u00e0 t\u00e0i s\u1ea3n k\u1ef9 thu\u1eadt s\u1ed1 n\u1ed5i ti\u1ebfng. V\u1edbi c\u00f4ng ngh\u1ec7 qu\u00e9t m\u1ea1nh m\u1ebd, ch\u01b0\u01a1ng tr\u00ecnh n\u00e0y ph\u00e1t hi\u1ec7n s\u1ef1 ch\u00eanh l\u1ec7ch gi\u00e1 theo th\u1eddi gian th\u1ef1c v\u00e0 hi\u1ec3n th\u1ecb c\u00e1c c\u01a1 h\u1ed9i arbitrage tr\u1ef1c ti\u1ebfp tr\u00ean m\u00e0n h\u00ecnh.<\/p>\n<p>B\u00ean c\u1ea1nh vi\u1ec7c gi\u00e1m s\u00e1t theo th\u1eddi gian th\u1ef1c, c\u00f4ng c\u1ee5 c\u00f2n l\u01b0u l\u1ea1i <strong>danh s\u00e1ch l\u1ecbch s\u1eed c\u00e1c t\u00ecnh hu\u1ed1ng arbitrage<\/strong> \u0111\u1ec3 ph\u1ee5c v\u1ee5 cho vi\u1ec7c ph\u00e2n t\u00edch sau n\u00e0y, gi\u00fap c\u00e1c nh\u00e0 giao d\u1ecbch x\u00e1c \u0111\u1ecbnh m\u00f4 h\u00ecnh v\u00e0 c\u1ea3i thi\u1ec7n chi\u1ebfn l\u01b0\u1ee3c c\u1ee7a m\u00ecnh theo th\u1eddi gian.<\/p>\n<h3><strong>\u0110\u1eb7c \u0111i\u1ec3m n\u1ed5i b\u1eadt<\/strong><\/h3>\n<ol>\n<li><strong>Ph\u1ea1m vi h\u1ed7 tr\u1ee3 s\u00e0n giao d\u1ecbch r\u1ed9ng<\/strong>\n<ul>\n<li>H\u1ed7 tr\u1ee3 h\u1ea7u h\u1ebft c\u00e1c s\u00e0n giao d\u1ecbch ti\u1ec1n \u0111i\u1ec7n t\u1eed l\u1edbn, bao g\u1ed3m <strong>Binance, Kraken, Bybit, Huobi, Mexc, Exmo<\/strong> v\u00e0 nhi\u1ec1u s\u00e0n kh\u00e1c.<\/li>\n<\/ul>\n<\/li>\n<li><strong>C\u01a1 h\u1ed9i Arbitrage theo th\u1eddi gian th\u1ef1c<\/strong>\n<ul>\n<li>Ch\u01b0\u01a1ng tr\u00ecnh qu\u00e9t c\u00e1c c\u01a1 h\u1ed9i ch\u00eanh l\u1ec7ch gi\u00e1 gi\u1eefa c\u00e1c s\u00e0n v\u00e0 hi\u1ec3n th\u1ecb nh\u1eefng th\u00f4ng tin quan tr\u1ecdng sau:\n<ul>\n<li><strong>S\u00e0n mua<\/strong> v\u00e0 <strong>s\u00e0n b\u00e1n<\/strong><\/li>\n<li><strong>Gi\u00e1 mua<\/strong> v\u00e0 <strong>gi\u00e1 b\u00e1n<\/strong><\/li>\n<li><strong>Ch\u00eanh l\u1ec7ch gi\u00e1<\/strong> v\u00e0 <strong>l\u1ee3i nhu\u1eadn<\/strong><\/li>\n<li><strong>Kh\u1ed1i l\u01b0\u1ee3ng<\/strong> v\u00e0 <strong>th\u1eddi gian t\u1ed3n t\u1ea1i<\/strong> c\u1ee7a c\u01a1 h\u1ed9i<\/li>\n<\/ul>\n<\/li>\n<\/ul>\n<\/li>\n<li><strong>Th\u00f4ng s\u1ed1 qu\u00e9t c\u00f3 th\u1ec3 t\u00f9y ch\u1ec9nh<\/strong>\n<ul>\n<li>Ng\u01b0\u1eddi d\u00f9ng c\u00f3 th\u1ec3 \u0111\u1eb7t <strong>ng\u01b0\u1ee1ng l\u1ee3i nhu\u1eadn<\/strong> cho ETH, BTC v\u00e0 USD \u0111\u1ec3 l\u1ecdc ra nh\u1eefng c\u01a1 h\u1ed9i ph\u00f9 h\u1ee3p v\u1edbi ti\u00eau ch\u00ed c\u1ee7a h\u1ecd.<\/li>\n<li>Ch\u1ecdn <strong>s\u00e0n giao d\u1ecbch<\/strong> v\u00e0 <strong>c\u1eb7p giao d\u1ecbch<\/strong> c\u1ee5 th\u1ec3 \u0111\u1ec3 theo d\u00f5i.<\/li>\n<\/ul>\n<\/li>\n<li><strong>D\u1eef li\u1ec7u l\u1ecbch s\u1eed \u0111\u1ec3 ph\u00e2n t\u00edch<\/strong>\n<ul>\n<li>C\u00f4ng c\u1ee5 t\u1ea1o <strong>nh\u1eadt k\u00fd l\u1ecbch s\u1eed<\/strong> v\u1ec1 c\u00e1c c\u01a1 h\u1ed9i arbitrage tr\u01b0\u1edbc \u0111\u00e2y, bao g\u1ed3m th\u1eddi gian v\u00e0 chi ti\u1ebft giao d\u1ecbch, cho ph\u00e9p c\u00e1c nh\u00e0 giao d\u1ecbch ph\u00e2n t\u00edch v\u00e0 t\u1ed1i \u01b0u h\u00f3a chi\u1ebfn l\u01b0\u1ee3c c\u1ee7a h\u1ecd.<\/li>\n<\/ul>\n<\/li>\n<li><strong>C\u00e0i \u0111\u1eb7t th\u00e2n thi\u1ec7n v\u1edbi ng\u01b0\u1eddi d\u00f9ng<\/strong>\n<ul>\n<li>Giao di\u1ec7n tr\u1ef1c quan, d\u1ec5 s\u1eed d\u1ee5ng \u0111\u1ec3 c\u1ea5u h\u00ecnh c\u00e1c s\u00e0n giao d\u1ecbch v\u00e0 c\u1eb7p ti\u1ec1n mu\u1ed1n theo d\u00f5i.<\/li>\n<\/ul>\n<\/li>\n<\/ol>\n<h3><strong>\u1ea2nh minh h\u1ecda<\/strong><\/h3>\n<ol>\n<li><strong>C\u01a1 h\u1ed9i Arbitrage theo th\u1eddi gian th\u1ef1c<\/strong> C\u00f4ng c\u1ee5 x\u00e1c \u0111\u1ecbnh v\u00e0 hi\u1ec3n th\u1ecb c\u00e1c c\u01a1 h\u1ed9i \u0111ang ho\u1ea1t \u0111\u1ed9ng tr\u00ean nhi\u1ec1u s\u00e0n kh\u00e1c nhau, k\u00e8m theo m\u1ee9c ch\u00eanh l\u1ec7ch gi\u00e1 v\u00e0 l\u1ee3i nhu\u1eadn ti\u1ec1m n\u0103ng: <img loading=\"lazy\" decoding=\"async\" class=\"alignnone size-large wp-image-8277\" src=\"https:\/\/bjftradinggroup.com\/wp-content\/uploads\/2024\/12\/crypto-arbitrage-scanner-arbitrage-oppotunities-1024x569.png\" alt=\"C\u01a1 h\u1ed9i ch\u00eanh l\u1ec7ch gi\u00e1 ti\u1ec1n \u0111i\u1ec7n t\u1eed\" width=\"1024\" height=\"569\" srcset=\"https:\/\/bjftradinggroup.com\/wp-content\/uploads\/2024\/12\/crypto-arbitrage-scanner-arbitrage-oppotunities-1024x569.png 1024w, https:\/\/bjftradinggroup.com\/wp-content\/uploads\/2024\/12\/crypto-arbitrage-scanner-arbitrage-oppotunities-300x167.png 300w, https:\/\/bjftradinggroup.com\/wp-content\/uploads\/2024\/12\/crypto-arbitrage-scanner-arbitrage-oppotunities-768x427.png 768w, https:\/\/bjftradinggroup.com\/wp-content\/uploads\/2024\/12\/crypto-arbitrage-scanner-arbitrage-oppotunities-680x378.png 680w, https:\/\/bjftradinggroup.com\/wp-content\/uploads\/2024\/12\/crypto-arbitrage-scanner-arbitrage-oppotunities.png 1098w\" sizes=\"auto, (max-width: 1024px) 100vw, 1024px\" \/><\/li>\n<li><strong>Danh s\u00e1ch l\u1ecbch s\u1eed c\u00e1c t\u00ecnh hu\u1ed1ng Arbitrage<\/strong> B\u1ea3n ghi chi ti\u1ebft c\u00e1c c\u01a1 h\u1ed9i trong qu\u00e1 kh\u1ee9 \u0111\u1ec3 ph\u1ee5c v\u1ee5 cho vi\u1ec7c ph\u00e2n t\u00edch sau n\u00e0y: <img loading=\"lazy\" decoding=\"async\" class=\"alignnone size-large wp-image-8276\" src=\"https:\/\/bjftradinggroup.com\/wp-content\/uploads\/2024\/12\/crypto-arbitrage-scanner-arbitrage-oppotunities-history-1024x546.png\" alt=\"L\u1ecbch s\u1eed c\u01a1 h\u1ed9i ch\u00eanh l\u1ec7ch gi\u00e1\" width=\"1024\" height=\"546\" srcset=\"https:\/\/bjftradinggroup.com\/wp-content\/uploads\/2024\/12\/crypto-arbitrage-scanner-arbitrage-oppotunities-history-1024x546.png 1024w, https:\/\/bjftradinggroup.com\/wp-content\/uploads\/2024\/12\/crypto-arbitrage-scanner-arbitrage-oppotunities-history-300x160.png 300w, https:\/\/bjftradinggroup.com\/wp-content\/uploads\/2024\/12\/crypto-arbitrage-scanner-arbitrage-oppotunities-history-768x409.png 768w, https:\/\/bjftradinggroup.com\/wp-content\/uploads\/2024\/12\/crypto-arbitrage-scanner-arbitrage-oppotunities-history-680x363.png 680w, https:\/\/bjftradinggroup.com\/wp-content\/uploads\/2024\/12\/crypto-arbitrage-scanner-arbitrage-oppotunities-history.png 1148w\" sizes=\"auto, (max-width: 1024px) 100vw, 1024px\" \/><\/li>\n<li><strong>C\u1ea5u h\u00ecnh Arbitrage<\/strong> D\u1ec5 d\u00e0ng c\u1ea5u h\u00ecnh c\u00e1c s\u00e0n giao d\u1ecbch v\u00e0 c\u1eb7p ti\u1ec1n m\u00e0 b\u1ea1n mu\u1ed1n theo d\u00f5i: <img loading=\"lazy\" decoding=\"async\" class=\"alignnone size-full wp-image-8278\" src=\"https:\/\/bjftradinggroup.com\/wp-content\/uploads\/2024\/12\/crypto-arbitrage-scanner-setup.png\" alt=\"C\u1ea5u h\u00ecnh Crypto Arbitrage Scanner\" width=\"454\" height=\"678\" srcset=\"https:\/\/bjftradinggroup.com\/wp-content\/uploads\/2024\/12\/crypto-arbitrage-scanner-setup.png 454w, https:\/\/bjftradinggroup.com\/wp-content\/uploads\/2024\/12\/crypto-arbitrage-scanner-setup-201x300.png 201w\" sizes=\"auto, (max-width: 454px) 100vw, 454px\" \/><\/li>\n<\/ol>\n<hr \/>\n<h3><strong>L\u01b0u \u00fd:<\/strong><\/h3>\n<p>C\u00f4ng c\u1ee5 n\u00e0y <strong>kh\u00f4ng ph\u1ea3i l\u00e0 ch\u01b0\u01a1ng tr\u00ecnh giao d\u1ecbch t\u1ef1 \u0111\u1ed9ng<\/strong>. <strong>Crypto Arbitrage Scanner<\/strong> \u0111\u01b0\u1ee3c thi\u1ebft k\u1ebf \u0111\u1eb7c bi\u1ec7t \u0111\u1ec3 gi\u00fap c\u00e1c nh\u00e0 giao d\u1ecbch <strong>\u0111\u00e1nh gi\u00e1 s\u00e0n giao d\u1ecbch<\/strong> v\u00e0 x\u00e1c \u0111\u1ecbnh c\u00e1c c\u01a1 h\u1ed9i ti\u1ec1m n\u0103ng cho c\u00e1c giao d\u1ecbch arbitrage trong t\u01b0\u01a1ng lai.<\/p>\n<p>D\u00f9 b\u1ea1n l\u00e0 ng\u01b0\u1eddi m\u1edbi b\u1eaft \u0111\u1ea7u hay nh\u00e0 giao d\u1ecbch chuy\u00ean nghi\u1ec7p, <strong>Crypto Arbitrage Scanner<\/strong> l\u00e0 c\u00f4ng c\u1ee5 kh\u00f4ng th\u1ec3 thi\u1ebfu \u0111\u1ec3 ph\u00e1t hi\u1ec7n c\u01a1 h\u1ed9i ch\u00eanh l\u1ec7ch gi\u00e1 v\u00e0 c\u1ea3i thi\u1ec7n chi\u1ebfn l\u01b0\u1ee3c giao d\u1ecbch trong th\u1ecb tr\u01b0\u1eddng ti\u1ec1n \u0111i\u1ec7n t\u1eed n\u0103ng \u0111\u1ed9ng.<\/p>","protected":false},"excerpt":{"rendered":"<p><strong data-start=\"1322\" data-end=\"1350\">Crypto Arbitrage Scanner<\/strong> l\u00e0 c\u00f4ng c\u1ee5 m\u1ea1nh m\u1ebd gi\u00fap x\u00e1c \u0111\u1ecbnh c\u01a1 h\u1ed9i arbitrage gi\u1eefa c\u00e1c s\u00e0n giao d\u1ecbch ti\u1ec1n \u0111i\u1ec7n t\u1eed ph\u1ed5 bi\u1ebfn theo th\u1eddi gian th\u1ef1c. Ch\u01b0\u01a1ng tr\u00ecnh hi\u1ec3n th\u1ecb ch\u00eanh l\u1ec7ch gi\u00e1, l\u1ee3i nhu\u1eadn ti\u1ec1m n\u0103ng v\u00e0 t\u1ea1o danh s\u00e1ch l\u1ecbch s\u1eed c\u00e1c t\u00ecnh hu\u1ed1ng arbitrage \u0111\u1ec3 ph\u00e2n t\u00edch. \u0110\u00e2y l\u00e0 gi\u1ea3i ph\u00e1p ho\u00e0n h\u1ea3o cho c\u00e1c nh\u00e0 giao d\u1ecbch \u0111ang t\u00ecm ki\u1ebfm c\u01a1 h\u1ed9i sinh l\u1eddi trong th\u1ecb tr\u01b0\u1eddng ti\u1ec1n \u0111i\u1ec7n t\u1eed \u0111\u1ea7y bi\u1ebfn \u0111\u1ed9ng.<\/p>\n","protected":false},"featured_media":8282,"comment_status":"open","ping_status":"closed","template":"","meta":{"_acf_changed":false},"product_brand":[],"product_cat":[46,272],"product_tag":[305],"class_list":{"0":"post-8275","1":"product","2":"type-product","3":"status-publish","4":"has-post-thumbnail","6":"product_cat-crypto-arbitrage-software","7":"product_cat-popular","8":"product_tag-crypto-arbitrage-scanner","10":"first","11":"instock","12":"downloadable","13":"purchasable","14":"product-type-simple"},"exclude_global_add_ons":[],"addons":[],"acf":[],"yoast_head":"<!-- This site is optimized with the Yoast SEO plugin v27.5 - https:\/\/yoast.com\/product\/yoast-seo-wordpress\/ -->\n<title>Free Crypto Arbitrage Scanner \u2014 30+ Exchanges | BJF<\/title>\n<meta name=\"description\" content=\"Free real-time crypto arbitrage scanner \u2014 monitors price differences across Binance, Kraken, Bybit, Huobi, MEXC and 25+ more. Download, no signup.\" \/>\n<meta name=\"robots\" content=\"index, follow, max-snippet:-1, max-image-preview:large, max-video-preview:-1\" \/>\n<link rel=\"canonical\" href=\"https:\/\/bjftradinggroup.com\/product\/crypto-arbitrage-scanner-free\/\" \/>\n<meta property=\"og:locale\" content=\"vi_VN\" \/>\n<meta property=\"og:type\" content=\"article\" \/>\n<meta property=\"og:title\" content=\"Free Crypto Arbitrage Scanner \u2014 30+ Exchanges | BJF\" \/>\n<meta property=\"og:description\" content=\"Free real-time crypto arbitrage scanner \u2014 monitors price differences across Binance, Kraken, Bybit, Huobi, MEXC and 25+ more. Download, no signup.\" \/>\n<meta property=\"og:url\" content=\"https:\/\/bjftradinggroup.com\/product\/crypto-arbitrage-scanner-free\/\" \/>\n<meta property=\"og:site_name\" content=\"Forex &amp; Cryptocurrencies Arbitrage Software | BJF Trading Group Inc.\" \/>\n<meta property=\"article:modified_time\" content=\"2026-04-27T18:22:40+00:00\" \/>\n<meta property=\"og:image\" content=\"https:\/\/bjftradinggroup.com\/wp-content\/uploads\/2024\/12\/crypto-arbitrage-scanner-3d-box.png\" \/>\n\t<meta property=\"og:image:width\" content=\"1024\" \/>\n\t<meta property=\"og:image:height\" content=\"1024\" \/>\n\t<meta property=\"og:image:type\" content=\"image\/png\" \/>\n<meta name=\"twitter:card\" content=\"summary_large_image\" \/>\n<meta name=\"twitter:label1\" content=\"Price\" \/>\n\t<meta name=\"twitter:data1\" content=\"&#036;0.00\" \/>\n\t<meta name=\"twitter:label2\" content=\"Availability\" \/>\n\t<meta name=\"twitter:data2\" content=\"In stock\" \/>\n<script type=\"application\/ld+json\" class=\"yoast-schema-graph\">{\"@context\":\"https:\\\/\\\/schema.org\",\"@graph\":[{\"@type\":\"WebPage\",\"@id\":\"https:\\\/\\\/bjftradinggroup.com\\\/product\\\/crypto-arbitrage-scanner-free\\\/\",\"url\":\"https:\\\/\\\/bjftradinggroup.com\\\/product\\\/crypto-arbitrage-scanner-free\\\/\",\"name\":\"Free Crypto Arbitrage Scanner \u2014 30+ Exchanges | BJF\",\"isPartOf\":{\"@id\":\"https:\\\/\\\/bjftradinggroup.com\\\/#website\"},\"primaryImageOfPage\":{\"@id\":\"https:\\\/\\\/bjftradinggroup.com\\\/product\\\/crypto-arbitrage-scanner-free\\\/#primaryimage\"},\"image\":{\"@id\":\"https:\\\/\\\/bjftradinggroup.com\\\/product\\\/crypto-arbitrage-scanner-free\\\/#primaryimage\"},\"thumbnailUrl\":\"https:\\\/\\\/bjftradinggroup.com\\\/wp-content\\\/uploads\\\/2024\\\/12\\\/crypto-arbitrage-scanner-3d-box.png\",\"datePublished\":\"2024-12-18T17:12:54+00:00\",\"dateModified\":\"2026-04-27T18:22:40+00:00\",\"description\":\"Free real-time crypto arbitrage scanner \u2014 monitors price differences across Binance, Kraken, Bybit, Huobi, MEXC and 25+ more. Download, no signup.\",\"breadcrumb\":{\"@id\":\"https:\\\/\\\/bjftradinggroup.com\\\/product\\\/crypto-arbitrage-scanner-free\\\/#breadcrumb\"},\"inLanguage\":\"vi-VN\",\"potentialAction\":[{\"@type\":\"ReadAction\",\"target\":[\"https:\\\/\\\/bjftradinggroup.com\\\/product\\\/crypto-arbitrage-scanner-free\\\/\"]}]},{\"@type\":\"ImageObject\",\"inLanguage\":\"vi-VN\",\"@id\":\"https:\\\/\\\/bjftradinggroup.com\\\/product\\\/crypto-arbitrage-scanner-free\\\/#primaryimage\",\"url\":\"https:\\\/\\\/bjftradinggroup.com\\\/wp-content\\\/uploads\\\/2024\\\/12\\\/crypto-arbitrage-scanner-3d-box.png\",\"contentUrl\":\"https:\\\/\\\/bjftradinggroup.com\\\/wp-content\\\/uploads\\\/2024\\\/12\\\/crypto-arbitrage-scanner-3d-box.png\",\"width\":1024,\"height\":1024,\"caption\":\"crypto arbitrage scanner 3d box\"},{\"@type\":\"BreadcrumbList\",\"@id\":\"https:\\\/\\\/bjftradinggroup.com\\\/product\\\/crypto-arbitrage-scanner-free\\\/#breadcrumb\",\"itemListElement\":[{\"@type\":\"ListItem\",\"position\":1,\"name\":\"Home\",\"item\":\"https:\\\/\\\/bjftradinggroup.com\\\/\"},{\"@type\":\"ListItem\",\"position\":2,\"name\":\"Shop\",\"item\":\"https:\\\/\\\/bjftradinggroup.com\\\/ko\\\/shop\\\/\"},{\"@type\":\"ListItem\",\"position\":3,\"name\":\"Free Crypto Arbitrage Scanner \u2014 Real-Time Opportunities Across 30+ Exchanges\"}]},{\"@type\":\"WebSite\",\"@id\":\"https:\\\/\\\/bjftradinggroup.com\\\/#website\",\"url\":\"https:\\\/\\\/bjftradinggroup.com\\\/\",\"name\":\"Forex &amp; Cryptocurrencies Arbitrage Software | BJF Trading Group Inc.\",\"description\":\"FX Software pioneer since 2000\",\"potentialAction\":[{\"@type\":\"SearchAction\",\"target\":{\"@type\":\"EntryPoint\",\"urlTemplate\":\"https:\\\/\\\/bjftradinggroup.com\\\/?s={search_term_string}\"},\"query-input\":{\"@type\":\"PropertyValueSpecification\",\"valueRequired\":true,\"valueName\":\"search_term_string\"}}],\"inLanguage\":\"vi-VN\"},{\"@type\":\"Organization\",\"@id\":\"https:\\\/\\\/bjftradinggroup.com\\\/#organization\",\"name\":\"BJF Trading Group Inc.\",\"legalName\":\"BJF Trading Group Inc.\",\"url\":\"https:\\\/\\\/bjftradinggroup.com\\\/\",\"logo\":{\"@type\":\"ImageObject\",\"url\":\"https:\\\/\\\/bjftradinggroup.com\\\/wp-content\\\/uploads\\\/logo.png\",\"width\":512,\"height\":512},\"foundingDate\":\"2000\",\"founder\":{\"@id\":\"https:\\\/\\\/bjftradinggroup.com\\\/about-boris-fesenko\\\/#person\"},\"address\":{\"@type\":\"PostalAddress\",\"addressRegion\":\"Ontario\",\"addressCountry\":\"CA\"},\"contactPoint\":[{\"@type\":\"ContactPoint\",\"contactType\":\"customer support\",\"email\":\"support@bjftradinggroup.com\",\"availableLanguage\":[\"English\",\"German\",\"Japanese\",\"Korean\",\"Spanish\",\"Portuguese\",\"Arabic\",\"Indonesian\",\"Vietnamese\"]}],\"sameAs\":[\"https:\\\/\\\/www.facebook.com\\\/bjftradinggroup\",\"https:\\\/\\\/twitter.com\\\/BjfGroup\",\"https:\\\/\\\/www.youtube.com\\\/@bjftradinggroup\",\"https:\\\/\\\/t.me\\\/bjftradinggroup\",\"https:\\\/\\\/instagram.com\\\/bjftradinggroup\",\"https:\\\/\\\/www.linkedin.com\\\/company\\\/bjf-trading-group\\\/\"],\"knowsAbout\":[\"Forex arbitrage\",\"Cryptocurrency arbitrage\",\"Latency arbitrage\",\"News trading\",\"FIX API trading\",\"High-frequency trading\",\"Lock arbitrage\",\"Hedge arbitrage\",\"Pair trading\",\"Algorithmic trading software\"]}]}<\/script>\n<meta property=\"product:price:amount\" content=\"0.00\" \/>\n<meta property=\"product:price:currency\" content=\"USD\" \/>\n<meta property=\"og:availability\" content=\"instock\" \/>\n<meta property=\"product:availability\" content=\"instock\" \/>\n<meta property=\"product:condition\" content=\"new\" \/>\n<!-- \/ Yoast SEO plugin. -->","yoast_head_json":{"title":"Free Crypto Arbitrage Scanner \u2014 30+ Exchanges | BJF","description":"Free real-time crypto arbitrage scanner \u2014 monitors price differences across Binance, Kraken, Bybit, Huobi, MEXC and 25+ more. Download, no signup.","robots":{"index":"index","follow":"follow","max-snippet":"max-snippet:-1","max-image-preview":"max-image-preview:large","max-video-preview":"max-video-preview:-1"},"canonical":"https:\/\/bjftradinggroup.com\/product\/crypto-arbitrage-scanner-free\/","og_locale":"vi_VN","og_type":"article","og_title":"Free Crypto Arbitrage Scanner \u2014 30+ Exchanges | BJF","og_description":"Free real-time crypto arbitrage scanner \u2014 monitors price differences across Binance, Kraken, Bybit, Huobi, MEXC and 25+ more. Download, no signup.","og_url":"https:\/\/bjftradinggroup.com\/product\/crypto-arbitrage-scanner-free\/","og_site_name":"Forex &amp; Cryptocurrencies Arbitrage Software | BJF Trading Group Inc.","article_modified_time":"2026-04-27T18:22:40+00:00","og_image":[{"url":"https:\/\/bjftradinggroup.com\/wp-content\/uploads\/2024\/12\/crypto-arbitrage-scanner-3d-box.png","width":1024,"height":1024,"type":"image\/png"}],"twitter_card":"summary_large_image","twitter_misc":{"Price":"&#36;0.00","Availability":"In stock"},"schema":{"@context":"https:\/\/schema.org","@graph":[{"@type":"WebPage","@id":"https:\/\/bjftradinggroup.com\/product\/crypto-arbitrage-scanner-free\/","url":"https:\/\/bjftradinggroup.com\/product\/crypto-arbitrage-scanner-free\/","name":"Free Crypto Arbitrage Scanner \u2014 30+ Exchanges | BJF","isPartOf":{"@id":"https:\/\/bjftradinggroup.com\/#website"},"primaryImageOfPage":{"@id":"https:\/\/bjftradinggroup.com\/product\/crypto-arbitrage-scanner-free\/#primaryimage"},"image":{"@id":"https:\/\/bjftradinggroup.com\/product\/crypto-arbitrage-scanner-free\/#primaryimage"},"thumbnailUrl":"https:\/\/bjftradinggroup.com\/wp-content\/uploads\/2024\/12\/crypto-arbitrage-scanner-3d-box.png","datePublished":"2024-12-18T17:12:54+00:00","dateModified":"2026-04-27T18:22:40+00:00","description":"Free real-time crypto arbitrage scanner \u2014 monitors price differences across Binance, Kraken, Bybit, Huobi, MEXC and 25+ more. Download, no signup.","breadcrumb":{"@id":"https:\/\/bjftradinggroup.com\/product\/crypto-arbitrage-scanner-free\/#breadcrumb"},"inLanguage":"vi-VN","potentialAction":[{"@type":"ReadAction","target":["https:\/\/bjftradinggroup.com\/product\/crypto-arbitrage-scanner-free\/"]}]},{"@type":"ImageObject","inLanguage":"vi-VN","@id":"https:\/\/bjftradinggroup.com\/product\/crypto-arbitrage-scanner-free\/#primaryimage","url":"https:\/\/bjftradinggroup.com\/wp-content\/uploads\/2024\/12\/crypto-arbitrage-scanner-3d-box.png","contentUrl":"https:\/\/bjftradinggroup.com\/wp-content\/uploads\/2024\/12\/crypto-arbitrage-scanner-3d-box.png","width":1024,"height":1024,"caption":"crypto arbitrage scanner 3d box"},{"@type":"BreadcrumbList","@id":"https:\/\/bjftradinggroup.com\/product\/crypto-arbitrage-scanner-free\/#breadcrumb","itemListElement":[{"@type":"ListItem","position":1,"name":"Home","item":"https:\/\/bjftradinggroup.com\/"},{"@type":"ListItem","position":2,"name":"Shop","item":"https:\/\/bjftradinggroup.com\/ko\/shop\/"},{"@type":"ListItem","position":3,"name":"Free Crypto Arbitrage Scanner \u2014 Real-Time Opportunities Across 30+ Exchanges"}]},{"@type":"WebSite","@id":"https:\/\/bjftradinggroup.com\/#website","url":"https:\/\/bjftradinggroup.com\/","name":"Forex &amp; Cryptocurrencies Arbitrage Software | BJF Trading Group Inc.","description":"FX Software pioneer since 2000","potentialAction":[{"@type":"SearchAction","target":{"@type":"EntryPoint","urlTemplate":"https:\/\/bjftradinggroup.com\/?s={search_term_string}"},"query-input":{"@type":"PropertyValueSpecification","valueRequired":true,"valueName":"search_term_string"}}],"inLanguage":"vi-VN"},{"@type":"Organization","@id":"https:\/\/bjftradinggroup.com\/#organization","name":"BJF Trading Group Inc.","legalName":"BJF Trading Group Inc.","url":"https:\/\/bjftradinggroup.com\/","logo":{"@type":"ImageObject","url":"https:\/\/bjftradinggroup.com\/wp-content\/uploads\/logo.png","width":512,"height":512},"foundingDate":"2000","founder":{"@id":"https:\/\/bjftradinggroup.com\/about-boris-fesenko\/#person"},"address":{"@type":"PostalAddress","addressRegion":"Ontario","addressCountry":"CA"},"contactPoint":[{"@type":"ContactPoint","contactType":"customer support","email":"support@bjftradinggroup.com","availableLanguage":["English","German","Japanese","Korean","Spanish","Portuguese","Arabic","Indonesian","Vietnamese"]}],"sameAs":["https:\/\/www.facebook.com\/bjftradinggroup","https:\/\/twitter.com\/BjfGroup","https:\/\/www.youtube.com\/@bjftradinggroup","https:\/\/t.me\/bjftradinggroup","https:\/\/instagram.com\/bjftradinggroup","https:\/\/www.linkedin.com\/company\/bjf-trading-group\/"],"knowsAbout":["Forex arbitrage","Cryptocurrency arbitrage","Latency arbitrage","News trading","FIX API trading","High-frequency trading","Lock arbitrage","Hedge arbitrage","Pair trading","Algorithmic trading software"]}]},"product_price_amount":"0.00","product_price_currency":"USD","og_availability":"instock","product_availability":"instock","product_condition":"new"},"_links":{"self":[{"href":"https:\/\/bjftradinggroup.com\/vi\/wp-json\/wp\/v2\/product\/8275","targetHints":{"allow":["GET"]}}],"collection":[{"href":"https:\/\/bjftradinggroup.com\/vi\/wp-json\/wp\/v2\/product"}],"about":[{"href":"https:\/\/bjftradinggroup.com\/vi\/wp-json\/wp\/v2\/types\/product"}],"replies":[{"embeddable":true,"href":"https:\/\/bjftradinggroup.com\/vi\/wp-json\/wp\/v2\/comments?post=8275"}],"wp:featuredmedia":[{"embeddable":true,"href":"https:\/\/bjftradinggroup.com\/vi\/wp-json\/wp\/v2\/media\/8282"}],"wp:attachment":[{"href":"https:\/\/bjftradinggroup.com\/vi\/wp-json\/wp\/v2\/media?parent=8275"}],"wp:term":[{"taxonomy":"product_brand","embeddable":true,"href":"https:\/\/bjftradinggroup.com\/vi\/wp-json\/wp\/v2\/product_brand?post=8275"},{"taxonomy":"product_cat","embeddable":true,"href":"https:\/\/bjftradinggroup.com\/vi\/wp-json\/wp\/v2\/product_cat?post=8275"},{"taxonomy":"product_tag","embeddable":true,"href":"https:\/\/bjftradinggroup.com\/vi\/wp-json\/wp\/v2\/product_tag?post=8275"}],"curies":[{"name":"wp","href":"https:\/\/api.w.org\/{rel}","templated":true}]}}