{"id":7556,"date":"2023-10-09T17:44:22","date_gmt":"2023-10-09T17:44:22","guid":{"rendered":"https:\/\/bjftradinggroup.com\/?post_type=product&#038;p=7556"},"modified":"2025-11-11T22:22:08","modified_gmt":"2025-11-11T22:22:08","slug":"ip-changer","status":"publish","type":"product","link":"https:\/\/bjftradinggroup.com\/vi\/product\/ip-changer\/","title":{"rendered":"Tr\u00ecnh thay \u0111\u1ed5i \u0111\u1ecba ch\u1ec9 IP"},"content":{"rendered":"<p><\/p>\n<h2>IPs Changer &#8211; Qu\u1ea3n L\u00fd IP D\u1ec5 D\u00e0ng Cho Nh\u00e0 Giao D\u1ecbch<\/h2>\n<p>T\u1ed1i \u0111a h\u00f3a ti\u1ec1m n\u0103ng giao d\u1ecbch c\u1ee7a b\u1ea1n v\u1edbi ph\u1ea7n m\u1ec1m \u0111\u1ed9t ph\u00e1 **IPs Changer**, \u0111\u01b0\u1ee3c thi\u1ebft k\u1ebf t\u1ec9 m\u1ec9 d\u00e0nh cho nh\u1eefng nh\u00e0 giao d\u1ecbch chuy\u00ean nghi\u1ec7p qu\u1ea3n l\u00fd nhi\u1ec1u t\u00e0i kho\u1ea3n c\u00f9ng l\u00fac.<\/p>\n<h3>T\u1ea1i Sao N\u00ean D\u00f9ng IPs Changer?<\/h3>\n<ul>\n<li><strong>Qu\u1ea3n L\u00fd Nhi\u1ec1u T\u00e0i Kho\u1ea3n:<\/strong> Ho\u00e0n h\u1ea3o cho nh\u1eefng nh\u00e0 giao d\u1ecbch c\u00f3 hai ho\u1eb7c nhi\u1ec1u t\u00e0i kho\u1ea3n v\u1edbi c\u00f9ng m\u1ed9t nh\u00e0 m\u00f4i gi\u1edbi nh\u01b0ng \u0111\u01b0\u1ee3c \u0111\u0103ng k\u00fd d\u01b0\u1edbi c\u00e1c t\u00ean kh\u00e1c nhau. Tr\u00e1nh nh\u1eefng r\u1eafc r\u1ed1i kh\u00f4ng c\u1ea7n thi\u1ebft v\u00e0 qu\u1ea3n l\u00fd t\u00e0i kho\u1ea3n c\u1ee7a b\u1ea1n m\u1ed9t c\u00e1ch tr\u01a1n tru.<\/li>\n<li><strong>T\u0103ng C\u01b0\u1eddng B\u1ea3o M\u1eadt &amp; \u1ea8n Danh:<\/strong> B\u1ea3o v\u1ec7 ho\u1ea1t \u0111\u1ed9ng giao d\u1ecbch c\u1ee7a b\u1ea1n b\u1eb1ng c\u00e1ch th\u01b0\u1eddng xuy\u00ean thay \u0111\u1ed5i \u0111\u1ecba ch\u1ec9 IP, \u0111\u1ea3m b\u1ea3o tr\u1ea3i nghi\u1ec7m giao d\u1ecbch ri\u00eang t\u01b0 v\u00e0 an to\u00e0n.<\/li>\n<li><strong>T\u1ed1i \u01afu Cho Giao D\u1ecbch Arbitrage:<\/strong> Khi \u0111\u01b0\u1ee3c s\u1eed d\u1ee5ng c\u00f9ng v\u1edbi ph\u1ea7n m\u1ec1m Arbitrage (ho\u1eb7c b\u1ea5t k\u1ef3 ph\u1ea7n m\u1ec1m n\u00e0o kh\u00e1c), **IPs Changer** gi\u00fap t\u1ed1i \u01b0u \u0111\u00e1ng k\u1ec3 hi\u1ec7u su\u1ea5t giao d\u1ecbch. V\u00ed d\u1ee5: n\u1ebfu **ph\u1ea7n m\u1ec1m Latency Arbitrage** \u0111ang ch\u1ea1y tr\u00ean VPS #1 v\u1edbi IP1, th\u00ec **IPs Changer** c\u00f3 th\u1ec3 ho\u1ea1t \u0111\u1ed9ng tr\u00ean c\u00f9ng VPS #1 v\u1edbi IP2 (b\u1ea1n c\u1ea7n y\u00eau c\u1ea7u th\u00eam \u0111\u1ecba ch\u1ec9 IP t\u1eeb nh\u00e0 cung c\u1ea5p VPS) ho\u1eb7c tr\u00ean VPS #2 v\u1edbi IP2. K\u1ebft qu\u1ea3 l\u00e0, t\u1ea5t c\u1ea3 c\u00e1c t\u00e0i kho\u1ea3n hedge s\u1ebd \u0111\u01b0\u1ee3c \u0111\u1ecbnh tuy\u1ebfn th\u00f4ng qua **IPs Changer**, \u0111\u1ea3m b\u1ea3o k\u1ebft n\u1ed1i nhanh ch\u00f3ng v\u00e0 an to\u00e0n.<\/li>\n<\/ul>\n<h3>T\u0103ng C\u01b0\u1eddng H\u1ea1 T\u1ea7ng Giao D\u1ecbch C\u1ee7a B\u1ea1n<\/h3>\n<p>V\u1edbi s\u1ef1 ph\u1ee9c t\u1ea1p c\u1ee7a giao d\u1ecbch hi\u1ec7n \u0111\u1ea1i, vi\u1ec7c duy tr\u00ec quy\u1ec1n ri\u00eang t\u01b0 v\u00e0 l\u1ee3i th\u1ebf c\u1ea1nh tranh l\u00e0 \u0111i\u1ec1u v\u00f4 c\u00f9ng quan tr\u1ecdng. **IPs Changer** gi\u00fap b\u1ea1n giao d\u1ecbch v\u1edbi s\u1ef1 t\u1ef1 tin, bi\u1ebft r\u1eb1ng c\u00e1c t\u00e0i kho\u1ea3n c\u1ee7a b\u1ea1n lu\u00f4n \u0111\u01b0\u1ee3c b\u1ea3o m\u1eadt, s\u1eafp x\u1ebfp h\u1ee3p l\u00fd v\u00e0 d\u1ec5 d\u00e0ng truy c\u1eadp.<\/p>\n<p>N\u00e2ng t\u1ea7m chi\u1ebfn l\u01b0\u1ee3c giao d\u1ecbch c\u1ee7a b\u1ea1n b\u1eb1ng c\u00e1ch t\u00edch h\u1ee3p IPs Changer v\u00e0o b\u1ed9 c\u00f4ng c\u1ee5 c\u1ee7a b\u1ea1n ngay h\u00f4m nay!<\/p>","protected":false},"excerpt":{"rendered":"<p><strong data-start=\"861\" data-end=\"877\">IPs Changer:<\/strong> N\u00e2ng t\u1ea7m giao d\u1ecbch c\u1ee7a b\u1ea1n v\u1edbi c\u00f4ng c\u1ee5 qu\u1ea3n l\u00fd IP c\u1ee7a ch\u00fang t\u00f4i. Ho\u00e0n h\u1ea3o cho c\u00e1c nh\u00e0 giao d\u1ecbch c\u00f3 nhi\u1ec1u t\u00e0i kho\u1ea3n, \u0111\u1ea3m b\u1ea3o quy\u1ec1n ri\u00eang t\u01b0 v\u00e0 t\u1ed1i \u01b0u h\u00f3a giao d\u1ecbch arbitrage b\u1eb1ng c\u00e1ch thay \u0111\u1ed5i IP m\u1ed9t c\u00e1ch li\u1ec1n m\u1ea1ch. Giao d\u1ecbch th\u00f4ng minh h\u01a1n, kh\u00f4ng v\u1ea5t v\u1ea3 h\u01a1n!<\/p>\n","protected":false},"featured_media":7558,"comment_status":"open","ping_status":"closed","template":"","meta":{"_acf_changed":false},"product_brand":[],"product_cat":[66,272],"product_tag":[268,266,267],"class_list":{"0":"post-7556","1":"product","2":"type-product","3":"status-publish","4":"has-post-thumbnail","6":"product_cat-arbitrage-software","7":"product_cat-popular","8":"product_tag-hide-ip","9":"product_tag-ip-changer","10":"product_tag-ip-mixer","12":"first","13":"instock","14":"taxable","15":"shipping-taxable","16":"purchasable","17":"product-type-simple"},"exclude_global_add_ons":false,"addons":[{"name":"Version & Add-ons","type":"checkbox","position":0,"required":false,"title_format":"label","default":"","description_enable":true,"description":"The lite version allows you to use IPs Changer for four accounts only. ","placeholder_enable":false,"placeholder":"","display":"select","restrictions_type":"any_text","adjust_price":false,"price":"","price_type":"flat_fee","restrictions":false,"min":"0","max":"0","options":[{"label":"Pro version for unlimited accounts","price":"199","price_type":"flat_fee","image":0,"visibility":true},{"label":"Proxy add-on","price":"50","price_type":"flat_fee","image":0,"visibility":true}],"id":1762183685}],"acf":[],"yoast_head":"<!-- This site is optimized with the Yoast SEO plugin v27.3 - https:\/\/yoast.com\/product\/yoast-seo-wordpress\/ -->\n<title>Tr\u00ecnh thay \u0111\u1ed5i \u0111\u1ecba ch\u1ec9 IP - Forex &amp; Cryptocurrencies Arbitrage Software | BJF Trading Group Inc.<\/title>\n<meta name=\"robots\" content=\"index, follow, max-snippet:-1, max-image-preview:large, max-video-preview:-1\" \/>\n<link rel=\"canonical\" href=\"https:\/\/bjftradinggroup.com\/product\/ip-changer\/\" \/>\n<meta property=\"og:locale\" content=\"vi_VN\" \/>\n<meta property=\"og:type\" content=\"article\" \/>\n<meta property=\"og:title\" content=\"[:en]IPs Changer[:de]IPs Changer[:ja]IPs Changer[:ar]IPs Changer[:ko]IPs Changer[:es]Cambiador de IPs[:pt]Alterador de IPs[:id]Pengubah IP[:vi]Tr\u00ecnh thay \u0111\u1ed5i \u0111\u1ecba ch\u1ec9 IP[:] - Forex &amp; Cryptocurrencies Arbitrage Software | BJF Trading Group Inc.\" \/>\n<meta property=\"og:description\" content=\"[:en]IPs Changer: Elevate your trading with our IP management tool. Ideal for traders with multiple accounts, ensuring privacy and optimizing arbitrage trading by seamlessly changing your IP. Trade smarter, not harder![:de]IPs Changer: Optimieren Sie Ihr Trading mit unserem IP-Verwaltungstool. Ideal f\u00fcr H\u00e4ndler mit mehreren Konten, um Datenschutz zu gew\u00e4hrleisten und Arbitrage-Handel durch nahtloses \u00c4ndern Ihrer IP zu optimieren. Handeln Sie kl\u00fcger, nicht h\u00e4rter![:ja]IPs Changer: \u79c1\u305f\u3061\u306eIP\u7ba1\u7406\u30c4\u30fc\u30eb\u3067\u30c8\u30ec\u30fc\u30c7\u30a3\u30f3\u30b0\u3092\u5411\u4e0a\u3055\u305b\u307e\u3057\u3087\u3046\u3002\u8907\u6570\u306e\u30a2\u30ab\u30a6\u30f3\u30c8\u3092\u6301\u3064\u30c8\u30ec\u30fc\u30c0\u30fc\u306b\u6700\u9069\u3067\u3001IP\u3092\u30b7\u30fc\u30e0\u30ec\u30b9\u306b\u5909\u66f4\u3059\u308b\u3053\u3068\u3067\u30d7\u30e9\u30a4\u30d0\u30b7\u30fc\u3092\u78ba\u4fdd\u3057\u3001\u30a2\u30fc\u30d3\u30c8\u30e9\u30fc\u30b8\u53d6\u5f15\u3092\u6700\u9069\u5316\u3057\u307e\u3059\u3002\u3082\u3063\u3068\u8ce2\u304f\u3001\u3082\u3063\u3068\u9811\u5f35\u3089\u305a\u306b\u53d6\u5f15\u3057\u307e\u3057\u3087\u3046\uff01[:ar]IPs Changer: \u0642\u0645 \u0628\u062a\u062d\u0633\u064a\u0646 \u062a\u062f\u0627\u0648\u0644\u0643 \u0645\u0639 \u0623\u062f\u0627\u0629 \u0625\u062f\u0627\u0631\u0629 \u0627\u0644\u0640 IP \u0627\u0644\u062e\u0627\u0635\u0629 \u0628\u0646\u0627. \u0645\u062b\u0627\u0644\u064a \u0644\u0644\u0645\u062a\u062f\u0627\u0648\u0644\u064a\u0646 \u0627\u0644\u0630\u064a\u0646 \u0644\u062f\u064a\u0647\u0645 \u062d\u0633\u0627\u0628\u0627\u062a \u0645\u062a\u0639\u062f\u062f\u0629\u060c \u062d\u064a\u062b \u064a\u0636\u0645\u0646 \u0627\u0644\u062e\u0635\u0648\u0635\u064a\u0629 \u0648\u064a\u062d\u0633\u0646 \u0645\u0646 \u062a\u062f\u0627\u0648\u0644 \u0627\u0644\u062a\u062d\u0648\u0637 \u0628\u062a\u063a\u064a\u064a\u0631 IP \u0627\u0644\u062e\u0627\u0635 \u0628\u0643 \u0628\u0633\u0644\u0627\u0633\u0629. \u0642\u0645 \u0628\u0627\u0644\u062a\u062f\u0627\u0648\u0644 \u0628\u0634\u0643\u0644 \u0623\u0630\u0643\u0649\u060c \u0644\u0627 \u0623\u0635\u0639\u0628![:ko]IPs Changer: \uc6b0\ub9ac\uc758 IP \uad00\ub9ac \ub3c4\uad6c\ub85c \uac70\ub798\ub97c \ud5a5\uc0c1\uc2dc\ud0a4\uc2ed\uc2dc\uc624. \uc5ec\ub7ec \uacc4\uc815\uc744 \uac00\uc9c4 \ud2b8\ub808\uc774\ub354\uc5d0\uac8c \uc774\uc0c1\uc801\uc774\uba70, IP\ub97c \uc6d0\ud65c\ud558\uac8c \ubcc0\uacbd\ud558\uc5ec \uac1c\uc778 \uc815\ubcf4 \ubcf4\ud638\ub97c \ubcf4\uc7a5\ud558\uace0 \uc544\ube44\ud2b8\ub77c\uc8fc \uac70\ub798\ub97c \ucd5c\uc801\ud654\ud569\ub2c8\ub2e4. \ub354 \uc5f4\uc2ec\ud788 \uac70\ub798\ud558\uae30\ubcf4\ub2e4\ub294 \ub354 \ub611\ub611\ud558\uac8c \uac70\ub798\ud558\uc138\uc694![:es]IPs Changer: Mejora tu trading con nuestra herramienta de gesti\u00f3n de IP. Ideal para traders con m\u00faltiples cuentas, garantiza la privacidad y optimiza el arbitraje cambiando tu IP de forma fluida. \u00a1Opera con inteligencia, no con esfuerzo![:pt]IPs Changer: Eleve o seu trading com a nossa ferramenta de gest\u00e3o de IP. Ideal para traders com m\u00faltiplas contas, garante privacidade e otimiza a arbitragem ao alterar o seu IP de forma simples e autom\u00e1tica. Negocie com intelig\u00eancia, n\u00e3o com esfor\u00e7o![:id]IPs Changer: Tingkatkan trading Anda dengan alat manajemen IP kami. Sempurna untuk trader dengan banyak akun, menjaga privasi dan mengoptimalkan arbitrase dengan mengganti IP Anda secara mulus. Berdaganglah dengan cerdas, bukan dengan keras![:vi]IPs Changer: N\u00e2ng t\u1ea7m giao d\u1ecbch c\u1ee7a b\u1ea1n v\u1edbi c\u00f4ng c\u1ee5 qu\u1ea3n l\u00fd IP c\u1ee7a ch\u00fang t\u00f4i. Ho\u00e0n h\u1ea3o cho c\u00e1c nh\u00e0 giao d\u1ecbch c\u00f3 nhi\u1ec1u t\u00e0i kho\u1ea3n, \u0111\u1ea3m b\u1ea3o quy\u1ec1n ri\u00eang t\u01b0 v\u00e0 t\u1ed1i \u01b0u h\u00f3a giao d\u1ecbch arbitrage b\u1eb1ng c\u00e1ch thay \u0111\u1ed5i IP m\u1ed9t c\u00e1ch li\u1ec1n m\u1ea1ch. Giao d\u1ecbch th\u00f4ng minh h\u01a1n, kh\u00f4ng v\u1ea5t v\u1ea3 h\u01a1n![:]\" \/>\n<meta property=\"og:url\" content=\"https:\/\/bjftradinggroup.com\/product\/ip-changer\/\" \/>\n<meta property=\"og:site_name\" content=\"Forex &amp; Cryptocurrencies Arbitrage Software | BJF Trading Group Inc.\" \/>\n<meta property=\"article:modified_time\" content=\"2025-11-11T22:22:08+00:00\" \/>\n<meta property=\"og:image\" content=\"https:\/\/bjftradinggroup.com\/wp-content\/uploads\/2023\/10\/box-ips-changer.png\" \/>\n\t<meta property=\"og:image:width\" content=\"500\" \/>\n\t<meta property=\"og:image:height\" content=\"500\" \/>\n\t<meta property=\"og:image:type\" content=\"image\/png\" \/>\n<meta name=\"twitter:card\" content=\"summary_large_image\" \/>\n<meta name=\"twitter:label1\" content=\"Est. reading time\" \/>\n\t<meta name=\"twitter:data1\" content=\"8 minutes\" \/>\n<script type=\"application\/ld+json\" class=\"yoast-schema-graph\">{\"@context\":\"https:\\\/\\\/schema.org\",\"@graph\":[{\"@type\":\"WebPage\",\"@id\":\"https:\\\/\\\/bjftradinggroup.com\\\/product\\\/ip-changer\\\/\",\"url\":\"https:\\\/\\\/bjftradinggroup.com\\\/product\\\/ip-changer\\\/\",\"name\":\"[:en]IPs Changer[:de]IPs Changer[:ja]IPs Changer[:ar]IPs Changer[:ko]IPs Changer[:es]Cambiador de IPs[:pt]Alterador de IPs[:id]Pengubah IP[:vi]Tr\u00ecnh thay \u0111\u1ed5i \u0111\u1ecba ch\u1ec9 IP[:] - Forex &amp; Cryptocurrencies Arbitrage Software | BJF Trading Group Inc.\",\"isPartOf\":{\"@id\":\"https:\\\/\\\/bjftradinggroup.com\\\/#website\"},\"primaryImageOfPage\":{\"@id\":\"https:\\\/\\\/bjftradinggroup.com\\\/product\\\/ip-changer\\\/#primaryimage\"},\"image\":{\"@id\":\"https:\\\/\\\/bjftradinggroup.com\\\/product\\\/ip-changer\\\/#primaryimage\"},\"thumbnailUrl\":\"https:\\\/\\\/bjftradinggroup.com\\\/wp-content\\\/uploads\\\/2023\\\/10\\\/box-ips-changer.png\",\"datePublished\":\"2023-10-09T17:44:22+00:00\",\"dateModified\":\"2025-11-11T22:22:08+00:00\",\"breadcrumb\":{\"@id\":\"https:\\\/\\\/bjftradinggroup.com\\\/product\\\/ip-changer\\\/#breadcrumb\"},\"inLanguage\":\"vi-VN\",\"potentialAction\":[{\"@type\":\"ReadAction\",\"target\":[\"https:\\\/\\\/bjftradinggroup.com\\\/product\\\/ip-changer\\\/\"]}]},{\"@type\":\"ImageObject\",\"inLanguage\":\"vi-VN\",\"@id\":\"https:\\\/\\\/bjftradinggroup.com\\\/product\\\/ip-changer\\\/#primaryimage\",\"url\":\"https:\\\/\\\/bjftradinggroup.com\\\/wp-content\\\/uploads\\\/2023\\\/10\\\/box-ips-changer.png\",\"contentUrl\":\"https:\\\/\\\/bjftradinggroup.com\\\/wp-content\\\/uploads\\\/2023\\\/10\\\/box-ips-changer.png\",\"width\":500,\"height\":500,\"caption\":\"IPs changer box\"},{\"@type\":\"BreadcrumbList\",\"@id\":\"https:\\\/\\\/bjftradinggroup.com\\\/product\\\/ip-changer\\\/#breadcrumb\",\"itemListElement\":[{\"@type\":\"ListItem\",\"position\":1,\"name\":\"Home\",\"item\":\"https:\\\/\\\/bjftradinggroup.com\\\/\"},{\"@type\":\"ListItem\",\"position\":2,\"name\":\"Shop\",\"item\":\"https:\\\/\\\/bjftradinggroup.com\\\/ko\\\/shop\\\/\"},{\"@type\":\"ListItem\",\"position\":3,\"name\":\"IPs Changer\"}]},{\"@type\":\"WebSite\",\"@id\":\"https:\\\/\\\/bjftradinggroup.com\\\/#website\",\"url\":\"https:\\\/\\\/bjftradinggroup.com\\\/\",\"name\":\"Forex &amp; Cryptocurrencies Arbitrage Software | BJF Trading Group Inc.\",\"description\":\"FX Software pioneer since 2000\",\"potentialAction\":[{\"@type\":\"SearchAction\",\"target\":{\"@type\":\"EntryPoint\",\"urlTemplate\":\"https:\\\/\\\/bjftradinggroup.com\\\/?s={search_term_string}\"},\"query-input\":{\"@type\":\"PropertyValueSpecification\",\"valueRequired\":true,\"valueName\":\"search_term_string\"}}],\"inLanguage\":\"vi-VN\"}]}<\/script>\n<!-- \/ Yoast SEO plugin. -->","yoast_head_json":{"title":"[:en]IPs Changer[:de]IPs Changer[:ja]IPs Changer[:ar]IPs Changer[:ko]IPs Changer[:es]Cambiador de IPs[:pt]Alterador de IPs[:id]Pengubah IP[:vi]Tr\u00ecnh thay \u0111\u1ed5i \u0111\u1ecba ch\u1ec9 IP[:] - Forex &amp; Cryptocurrencies Arbitrage Software | BJF Trading Group Inc.","robots":{"index":"index","follow":"follow","max-snippet":"max-snippet:-1","max-image-preview":"max-image-preview:large","max-video-preview":"max-video-preview:-1"},"canonical":"https:\/\/bjftradinggroup.com\/product\/ip-changer\/","og_locale":"vi_VN","og_type":"article","og_title":"[:en]IPs Changer[:de]IPs Changer[:ja]IPs Changer[:ar]IPs Changer[:ko]IPs Changer[:es]Cambiador de IPs[:pt]Alterador de IPs[:id]Pengubah IP[:vi]Tr\u00ecnh thay \u0111\u1ed5i \u0111\u1ecba ch\u1ec9 IP[:] - Forex &amp; Cryptocurrencies Arbitrage Software | BJF Trading Group Inc.","og_description":"[:en]IPs Changer: Elevate your trading with our IP management tool. Ideal for traders with multiple accounts, ensuring privacy and optimizing arbitrage trading by seamlessly changing your IP. Trade smarter, not harder![:de]IPs Changer: Optimieren Sie Ihr Trading mit unserem IP-Verwaltungstool. Ideal f\u00fcr H\u00e4ndler mit mehreren Konten, um Datenschutz zu gew\u00e4hrleisten und Arbitrage-Handel durch nahtloses \u00c4ndern Ihrer IP zu optimieren. Handeln Sie kl\u00fcger, nicht h\u00e4rter![:ja]IPs Changer: \u79c1\u305f\u3061\u306eIP\u7ba1\u7406\u30c4\u30fc\u30eb\u3067\u30c8\u30ec\u30fc\u30c7\u30a3\u30f3\u30b0\u3092\u5411\u4e0a\u3055\u305b\u307e\u3057\u3087\u3046\u3002\u8907\u6570\u306e\u30a2\u30ab\u30a6\u30f3\u30c8\u3092\u6301\u3064\u30c8\u30ec\u30fc\u30c0\u30fc\u306b\u6700\u9069\u3067\u3001IP\u3092\u30b7\u30fc\u30e0\u30ec\u30b9\u306b\u5909\u66f4\u3059\u308b\u3053\u3068\u3067\u30d7\u30e9\u30a4\u30d0\u30b7\u30fc\u3092\u78ba\u4fdd\u3057\u3001\u30a2\u30fc\u30d3\u30c8\u30e9\u30fc\u30b8\u53d6\u5f15\u3092\u6700\u9069\u5316\u3057\u307e\u3059\u3002\u3082\u3063\u3068\u8ce2\u304f\u3001\u3082\u3063\u3068\u9811\u5f35\u3089\u305a\u306b\u53d6\u5f15\u3057\u307e\u3057\u3087\u3046\uff01[:ar]IPs Changer: \u0642\u0645 \u0628\u062a\u062d\u0633\u064a\u0646 \u062a\u062f\u0627\u0648\u0644\u0643 \u0645\u0639 \u0623\u062f\u0627\u0629 \u0625\u062f\u0627\u0631\u0629 \u0627\u0644\u0640 IP \u0627\u0644\u062e\u0627\u0635\u0629 \u0628\u0646\u0627. \u0645\u062b\u0627\u0644\u064a \u0644\u0644\u0645\u062a\u062f\u0627\u0648\u0644\u064a\u0646 \u0627\u0644\u0630\u064a\u0646 \u0644\u062f\u064a\u0647\u0645 \u062d\u0633\u0627\u0628\u0627\u062a \u0645\u062a\u0639\u062f\u062f\u0629\u060c \u062d\u064a\u062b \u064a\u0636\u0645\u0646 \u0627\u0644\u062e\u0635\u0648\u0635\u064a\u0629 \u0648\u064a\u062d\u0633\u0646 \u0645\u0646 \u062a\u062f\u0627\u0648\u0644 \u0627\u0644\u062a\u062d\u0648\u0637 \u0628\u062a\u063a\u064a\u064a\u0631 IP \u0627\u0644\u062e\u0627\u0635 \u0628\u0643 \u0628\u0633\u0644\u0627\u0633\u0629. \u0642\u0645 \u0628\u0627\u0644\u062a\u062f\u0627\u0648\u0644 \u0628\u0634\u0643\u0644 \u0623\u0630\u0643\u0649\u060c \u0644\u0627 \u0623\u0635\u0639\u0628![:ko]IPs Changer: \uc6b0\ub9ac\uc758 IP \uad00\ub9ac \ub3c4\uad6c\ub85c \uac70\ub798\ub97c \ud5a5\uc0c1\uc2dc\ud0a4\uc2ed\uc2dc\uc624. \uc5ec\ub7ec \uacc4\uc815\uc744 \uac00\uc9c4 \ud2b8\ub808\uc774\ub354\uc5d0\uac8c \uc774\uc0c1\uc801\uc774\uba70, IP\ub97c \uc6d0\ud65c\ud558\uac8c \ubcc0\uacbd\ud558\uc5ec \uac1c\uc778 \uc815\ubcf4 \ubcf4\ud638\ub97c \ubcf4\uc7a5\ud558\uace0 \uc544\ube44\ud2b8\ub77c\uc8fc \uac70\ub798\ub97c \ucd5c\uc801\ud654\ud569\ub2c8\ub2e4. \ub354 \uc5f4\uc2ec\ud788 \uac70\ub798\ud558\uae30\ubcf4\ub2e4\ub294 \ub354 \ub611\ub611\ud558\uac8c \uac70\ub798\ud558\uc138\uc694![:es]IPs Changer: Mejora tu trading con nuestra herramienta de gesti\u00f3n de IP. Ideal para traders con m\u00faltiples cuentas, garantiza la privacidad y optimiza el arbitraje cambiando tu IP de forma fluida. \u00a1Opera con inteligencia, no con esfuerzo![:pt]IPs Changer: Eleve o seu trading com a nossa ferramenta de gest\u00e3o de IP. Ideal para traders com m\u00faltiplas contas, garante privacidade e otimiza a arbitragem ao alterar o seu IP de forma simples e autom\u00e1tica. Negocie com intelig\u00eancia, n\u00e3o com esfor\u00e7o![:id]IPs Changer: Tingkatkan trading Anda dengan alat manajemen IP kami. Sempurna untuk trader dengan banyak akun, menjaga privasi dan mengoptimalkan arbitrase dengan mengganti IP Anda secara mulus. Berdaganglah dengan cerdas, bukan dengan keras![:vi]IPs Changer: N\u00e2ng t\u1ea7m giao d\u1ecbch c\u1ee7a b\u1ea1n v\u1edbi c\u00f4ng c\u1ee5 qu\u1ea3n l\u00fd IP c\u1ee7a ch\u00fang t\u00f4i. Ho\u00e0n h\u1ea3o cho c\u00e1c nh\u00e0 giao d\u1ecbch c\u00f3 nhi\u1ec1u t\u00e0i kho\u1ea3n, \u0111\u1ea3m b\u1ea3o quy\u1ec1n ri\u00eang t\u01b0 v\u00e0 t\u1ed1i \u01b0u h\u00f3a giao d\u1ecbch arbitrage b\u1eb1ng c\u00e1ch thay \u0111\u1ed5i IP m\u1ed9t c\u00e1ch li\u1ec1n m\u1ea1ch. Giao d\u1ecbch th\u00f4ng minh h\u01a1n, kh\u00f4ng v\u1ea5t v\u1ea3 h\u01a1n![:]","og_url":"https:\/\/bjftradinggroup.com\/product\/ip-changer\/","og_site_name":"Forex &amp; Cryptocurrencies Arbitrage Software | BJF Trading Group Inc.","article_modified_time":"2025-11-11T22:22:08+00:00","og_image":[{"width":500,"height":500,"url":"https:\/\/bjftradinggroup.com\/wp-content\/uploads\/2023\/10\/box-ips-changer.png","type":"image\/png"}],"twitter_card":"summary_large_image","twitter_misc":{"Est. reading time":"8 minutes"},"schema":{"@context":"https:\/\/schema.org","@graph":[{"@type":"WebPage","@id":"https:\/\/bjftradinggroup.com\/product\/ip-changer\/","url":"https:\/\/bjftradinggroup.com\/product\/ip-changer\/","name":"[:en]IPs Changer[:de]IPs Changer[:ja]IPs Changer[:ar]IPs Changer[:ko]IPs Changer[:es]Cambiador de IPs[:pt]Alterador de IPs[:id]Pengubah IP[:vi]Tr\u00ecnh thay \u0111\u1ed5i \u0111\u1ecba ch\u1ec9 IP[:] - Forex &amp; Cryptocurrencies Arbitrage Software | BJF Trading Group Inc.","isPartOf":{"@id":"https:\/\/bjftradinggroup.com\/#website"},"primaryImageOfPage":{"@id":"https:\/\/bjftradinggroup.com\/product\/ip-changer\/#primaryimage"},"image":{"@id":"https:\/\/bjftradinggroup.com\/product\/ip-changer\/#primaryimage"},"thumbnailUrl":"https:\/\/bjftradinggroup.com\/wp-content\/uploads\/2023\/10\/box-ips-changer.png","datePublished":"2023-10-09T17:44:22+00:00","dateModified":"2025-11-11T22:22:08+00:00","breadcrumb":{"@id":"https:\/\/bjftradinggroup.com\/product\/ip-changer\/#breadcrumb"},"inLanguage":"vi-VN","potentialAction":[{"@type":"ReadAction","target":["https:\/\/bjftradinggroup.com\/product\/ip-changer\/"]}]},{"@type":"ImageObject","inLanguage":"vi-VN","@id":"https:\/\/bjftradinggroup.com\/product\/ip-changer\/#primaryimage","url":"https:\/\/bjftradinggroup.com\/wp-content\/uploads\/2023\/10\/box-ips-changer.png","contentUrl":"https:\/\/bjftradinggroup.com\/wp-content\/uploads\/2023\/10\/box-ips-changer.png","width":500,"height":500,"caption":"IPs changer box"},{"@type":"BreadcrumbList","@id":"https:\/\/bjftradinggroup.com\/product\/ip-changer\/#breadcrumb","itemListElement":[{"@type":"ListItem","position":1,"name":"Home","item":"https:\/\/bjftradinggroup.com\/"},{"@type":"ListItem","position":2,"name":"Shop","item":"https:\/\/bjftradinggroup.com\/ko\/shop\/"},{"@type":"ListItem","position":3,"name":"IPs Changer"}]},{"@type":"WebSite","@id":"https:\/\/bjftradinggroup.com\/#website","url":"https:\/\/bjftradinggroup.com\/","name":"Forex &amp; Cryptocurrencies Arbitrage Software | BJF Trading Group Inc.","description":"FX Software pioneer since 2000","potentialAction":[{"@type":"SearchAction","target":{"@type":"EntryPoint","urlTemplate":"https:\/\/bjftradinggroup.com\/?s={search_term_string}"},"query-input":{"@type":"PropertyValueSpecification","valueRequired":true,"valueName":"search_term_string"}}],"inLanguage":"vi-VN"}]}},"_links":{"self":[{"href":"https:\/\/bjftradinggroup.com\/vi\/wp-json\/wp\/v2\/product\/7556","targetHints":{"allow":["GET"]}}],"collection":[{"href":"https:\/\/bjftradinggroup.com\/vi\/wp-json\/wp\/v2\/product"}],"about":[{"href":"https:\/\/bjftradinggroup.com\/vi\/wp-json\/wp\/v2\/types\/product"}],"replies":[{"embeddable":true,"href":"https:\/\/bjftradinggroup.com\/vi\/wp-json\/wp\/v2\/comments?post=7556"}],"wp:featuredmedia":[{"embeddable":true,"href":"https:\/\/bjftradinggroup.com\/vi\/wp-json\/wp\/v2\/media\/7558"}],"wp:attachment":[{"href":"https:\/\/bjftradinggroup.com\/vi\/wp-json\/wp\/v2\/media?parent=7556"}],"wp:term":[{"taxonomy":"product_brand","embeddable":true,"href":"https:\/\/bjftradinggroup.com\/vi\/wp-json\/wp\/v2\/product_brand?post=7556"},{"taxonomy":"product_cat","embeddable":true,"href":"https:\/\/bjftradinggroup.com\/vi\/wp-json\/wp\/v2\/product_cat?post=7556"},{"taxonomy":"product_tag","embeddable":true,"href":"https:\/\/bjftradinggroup.com\/vi\/wp-json\/wp\/v2\/product_tag?post=7556"}],"curies":[{"name":"wp","href":"https:\/\/api.w.org\/{rel}","templated":true}]}}