{"id":7367,"date":"2022-05-23T12:32:59","date_gmt":"2022-05-23T12:32:59","guid":{"rendered":"https:\/\/bjftradinggroup.com\/?post_type=product&#038;p=7367"},"modified":"2025-11-11T22:25:23","modified_gmt":"2025-11-11T22:25:23","slug":"jbridge","status":"publish","type":"product","link":"https:\/\/bjftradinggroup.com\/vi\/product\/jbridge\/","title":{"rendered":"C\u1ea7u n\u1ed1i \u0111\u1ebfn n\u1ec1n t\u1ea3ng JForex"},"content":{"rendered":"<p>Ch\u01b0\u01a1ng tr\u00ecnh n\u00e0y tri\u1ec3n khai \u00fd t\u01b0\u1edfng ch\u00ednh: s\u1eed d\u1ee5ng b\u1ea5t k\u1ef3 API n\u00e0o c\u1ee7a n\u1ec1n t\u1ea3ng giao d\u1ecbch \u0111\u1ec3 chuy\u1ec3n \u0111\u1ed5i th\u00f4ng tin th\u1ecb tr\u01b0\u1eddng v\u00e0 giao d\u1ecbch c\u1ee7a n\u1ec1n t\u1ea3ng \u0111\u00f3 th\u00e0nh c\u00e1c th\u00f4ng \u0111i\u1ec7p giao th\u1ee9c FIX, c\u00f3 th\u1ec3 \u0111\u01b0\u1ee3c c\u00e1c m\u00f4-\u0111un FIX c\u1ee7a ch\u01b0\u01a1ng tr\u00ecnh BJF s\u1eed d\u1ee5ng. Nh\u1edd v\u1eady, ch\u01b0\u01a1ng tr\u00ecnh BJF c\u00f3 th\u1ec3 s\u1eed d\u1ee5ng t\u00e0i kho\u1ea3n c\u1ee7a n\u1ec1n t\u1ea3ng nh\u01b0 m\u1ed9t t\u00e0i kho\u1ea3n FIX g\u1ed1c.<\/p>\n<p>Ng\u00e2n h\u00e0ng Dukascopy cung c\u1ea5p API cho c\u00e1c t\u00e0i kho\u1ea3n JForex:<br \/>\n<a href=\"https:\/\/www.dukascopy.com\/wiki\/en\/development\/get-started-api\/development-environment\/use-in-eclipse\">https:\/\/www.dukascopy.com\/wiki\/en\/development\/get-started-api\/development-environment\/use-in-eclipse<br \/>\n<\/a>.<\/p>\n<p>Bridge to the JForex Platform \u0111\u01b0\u1ee3c thi\u1ebft k\u1ebf \u0111\u1ec3 ho\u1ea1t \u0111\u1ed9ng v\u1edbi c\u00e1c t\u00e0i kho\u1ea3n JForex, c\u1ea3 v\u1edbi vai tr\u00f2 t\u00e0i kho\u1ea3n ch\u00ednh (master) l\u1eabn t\u00e0i kho\u1ea3n ph\u1ee5 (sub-account).<\/p>\n<p>T\u00e0i kho\u1ea3n ch\u00ednh nh\u1eadn t\u00edn hi\u1ec7u t\u1eeb n\u1ec1n t\u1ea3ng giao d\u1ecbch JForex v\u00e0 g\u1eedi c\u00e1c l\u1ec7nh FIX t\u00e1i t\u1ea1o l\u1ea1i ho\u1ea1t \u0111\u1ed9ng JForex trong ch\u01b0\u01a1ng tr\u00ecnh BJF.<\/p>\n<p>T\u00e0i kho\u1ea3n ph\u1ee5 nh\u1eadn th\u00f4ng \u0111i\u1ec7p FIX t\u1eeb ch\u01b0\u01a1ng tr\u00ecnh BJF v\u00e0 g\u1eedi l\u1ea1i c\u00e1c th\u00f4ng \u0111i\u1ec7p JForex t\u00e1i t\u1ea1o ho\u1ea1t \u0111\u1ed9ng c\u1ee7a ch\u01b0\u01a1ng tr\u00ecnh BJF tr\u00ean n\u1ec1n t\u1ea3ng JForex.<\/p>\n<p>Ch\u01b0\u01a1ng tr\u00ecnh Bridge to JForex l\u00e0 m\u1ed9t t\u1ec7p Java 8 (.jar). Trong ch\u01b0\u01a1ng tr\u00ecnh BJF, Bridge to JForex ph\u1ea3i \u0111\u01b0\u1ee3c th\u00eam v\u00e0o danh s\u00e1ch t\u00e0i kho\u1ea3n ch\u00ednh v\u00e0\/ho\u1eb7c t\u00e0i kho\u1ea3n ph\u1ee5 d\u01b0\u1edbi d\u1ea1ng t\u00e0i kho\u1ea3n BJF_FIX.<br \/>\nBridge to JForex t\u1ef1 \u0111\u1ed9ng kh\u1edfi \u0111\u1ed9ng c\u00f9ng v\u1edbi ch\u01b0\u01a1ng tr\u00ecnh BJF. Giao di\u1ec7n c\u1ee7a n\u00f3 r\u1ea5t \u0111\u01a1n gi\u1ea3n: v\u1ecb th\u1ebf v\u00e0 l\u1ec7nh c\u1ee7a t\u00e0i kho\u1ea3n ngu\u1ed3n hi\u1ec3n th\u1ecb trong b\u1ea3ng tr\u00ean, c\u00f2n c\u1ee7a t\u00e0i kho\u1ea3n \u0111\u00edch hi\u1ec3n th\u1ecb trong b\u1ea3ng d\u01b0\u1edbi. V\u1ecb th\u1ebf v\u00e0 l\u1ec7nh \u0111\u01b0\u1ee3c hi\u1ec3n th\u1ecb trong c\u00e1c tab ri\u00eang bi\u1ec7t.<\/p>\n<p>V\u00ed d\u1ee5:<\/p>\n<p>T\u00e0i kho\u1ea3n ch\u00ednh c\u00f3 v\u1ecb th\u1ebf m\u1edf:<\/p>\n<p><img loading=\"lazy\" decoding=\"async\" class=\"alignnone wp-image-7368\" src=\"https:\/\/bjftradinggroup.com\/wp-content\/uploads\/2022\/05\/bridge-to-jforex-master-positions.png\" alt=\"bridge to jforex platform master positions\" width=\"776\" height=\"440\" srcset=\"https:\/\/bjftradinggroup.com\/wp-content\/uploads\/2022\/05\/bridge-to-jforex-master-positions.png 697w, https:\/\/bjftradinggroup.com\/wp-content\/uploads\/2022\/05\/bridge-to-jforex-master-positions-300x170.png 300w, https:\/\/bjftradinggroup.com\/wp-content\/uploads\/2022\/05\/bridge-to-jforex-master-positions-680x385.png 680w\" sizes=\"auto, (max-width: 776px) 100vw, 776px\" \/><\/p>\n<p>T\u00e0i kho\u1ea3n ch\u00ednh c\u00f3 l\u1ec7nh STOP v\u00e0 LIMIT:<\/p>\n<p><img loading=\"lazy\" decoding=\"async\" class=\"alignnone wp-image-7369\" src=\"https:\/\/bjftradinggroup.com\/wp-content\/uploads\/2022\/05\/bridge-to-jforex-master-limit-positions.png\" alt=\"bridge to jforex limit and stop orders\" width=\"776\" height=\"440\" srcset=\"https:\/\/bjftradinggroup.com\/wp-content\/uploads\/2022\/05\/bridge-to-jforex-master-limit-positions.png 679w, https:\/\/bjftradinggroup.com\/wp-content\/uploads\/2022\/05\/bridge-to-jforex-master-limit-positions-300x170.png 300w\" sizes=\"auto, (max-width: 776px) 100vw, 776px\" \/><\/p>\n<p>T\u00e0i kho\u1ea3n ph\u1ee5 c\u00f3 v\u1ecb th\u1ebf m\u1edf:<\/p>\n<p><img loading=\"lazy\" decoding=\"async\" class=\"alignnone wp-image-7370\" src=\"https:\/\/bjftradinggroup.com\/wp-content\/uploads\/2022\/05\/bridge-to-jforex-sub-account-positions.png\" alt=\"bridge-to-jforex sub-account positions\" width=\"773\" height=\"438\" srcset=\"https:\/\/bjftradinggroup.com\/wp-content\/uploads\/2022\/05\/bridge-to-jforex-sub-account-positions.png 681w, https:\/\/bjftradinggroup.com\/wp-content\/uploads\/2022\/05\/bridge-to-jforex-sub-account-positions-300x170.png 300w\" sizes=\"auto, (max-width: 773px) 100vw, 773px\" \/><\/p>\n<p>T\u00e0i kho\u1ea3n ph\u1ee5 c\u00f3 l\u1ec7nh ch\u1edd STOP v\u00e0 LIMIT:<\/p>\n<p><img loading=\"lazy\" decoding=\"async\" class=\"alignnone wp-image-7371\" src=\"https:\/\/bjftradinggroup.com\/wp-content\/uploads\/2022\/05\/bridge-to-jforex-sub-acount-pending-orders.png\" alt=\"bridge to jforex sub-account pending orders\" width=\"771\" height=\"437\" srcset=\"https:\/\/bjftradinggroup.com\/wp-content\/uploads\/2022\/05\/bridge-to-jforex-sub-acount-pending-orders.png 670w, https:\/\/bjftradinggroup.com\/wp-content\/uploads\/2022\/05\/bridge-to-jforex-sub-acount-pending-orders-300x170.png 300w\" sizes=\"auto, (max-width: 771px) 100vw, 771px\" \/><\/p>\n<p>Ban \u0111\u1ea7u, c\u1eeda s\u1ed5 hi\u1ec3n th\u1ecb bi\u1ec3u t\u01b0\u1ee3ng \u201cC\u1ea7u n\u00e2ng l\u00ean\u201d (Raised bridge)<br \/>\n<img loading=\"lazy\" decoding=\"async\" class=\"alignnone size-full wp-image-7372\" src=\"https:\/\/bjftradinggroup.com\/wp-content\/uploads\/2022\/05\/raised-icon.png\" alt=\"raised icon\" width=\"24\" height=\"24\" \/>.<br \/>\nSau khi ho\u00e0n t\u1ea5t k\u1ebft n\u1ed1i \u0111\u1ebfn m\u00e1y ch\u1ee7 Dukascopy v\u00e0 kh\u1edfi ch\u1ea1y chi\u1ebfn l\u01b0\u1ee3c JForex, bi\u1ec3u t\u01b0\u1ee3ng thay \u0111\u1ed5i th\u00e0nh \u201cC\u1ea7u h\u1ea1 xu\u1ed1ng\u201d (Flattened bridge)<br \/>\n<img loading=\"lazy\" decoding=\"async\" class=\"alignnone size-full wp-image-7373\" src=\"https:\/\/bjftradinggroup.com\/wp-content\/uploads\/2022\/05\/flattened-bridje.png\" alt=\"flattened icon bridge\" width=\"90\" height=\"26\" \/>.<br \/>\nKhi thay \u0111\u1ed5i n\u00e0y x\u1ea3y ra, Bridge to JForex s\u1eb5n s\u00e0ng ho\u1ea1t \u0111\u1ed9ng.<\/p>\n<p>C\u00e1c th\u00f4ng \u0111i\u1ec7p c\u1ee7a n\u1ec1n t\u1ea3ng JForex, Bridge JForex v\u00e0 ch\u01b0\u01a1ng tr\u00ecnh BJF \u0111\u01b0\u1ee3c hi\u1ec3n th\u1ecb trong c\u1eeda s\u1ed5 cmd c\u1ee7a Windows:<br \/>\n<img loading=\"lazy\" decoding=\"async\" class=\"alignnone wp-image-7374\" src=\"https:\/\/bjftradinggroup.com\/wp-content\/uploads\/2022\/05\/cmd-bridge-messages.png\" alt=\"bridge to jforex cmd messages\" width=\"770\" height=\"528\" srcset=\"https:\/\/bjftradinggroup.com\/wp-content\/uploads\/2022\/05\/cmd-bridge-messages.png 668w, https:\/\/bjftradinggroup.com\/wp-content\/uploads\/2022\/05\/cmd-bridge-messages-300x206.png 300w\" sizes=\"auto, (max-width: 770px) 100vw, 770px\" \/><\/p>\n<p>Tab Settings (C\u00e0i \u0111\u1eb7t) cho ph\u00e9p c\u1ea5u h\u00ecnh th\u00f4ng tin t\u00e0i kho\u1ea3n JForex v\u00e0 thi\u1ebft l\u1eadp k\u1ebft n\u1ed1i FIX:<br \/>\n<img loading=\"lazy\" decoding=\"async\" class=\"alignnone wp-image-7375\" src=\"https:\/\/bjftradinggroup.com\/wp-content\/uploads\/2022\/05\/bridge-to-jforex-settings.png\" alt=\"bridge to jforex platform settings\" width=\"768\" height=\"435\" srcset=\"https:\/\/bjftradinggroup.com\/wp-content\/uploads\/2022\/05\/bridge-to-jforex-settings.png 678w, https:\/\/bjftradinggroup.com\/wp-content\/uploads\/2022\/05\/bridge-to-jforex-settings-300x170.png 300w\" sizes=\"auto, (max-width: 768px) 100vw, 768px\" \/><\/p>\n<p>Thi\u1ebft l\u1eadp k\u00eanh FIX c\u1ea7n tu\u00e2n theo m\u1ed9t s\u1ed1 quy t\u1eafc:<\/p>\n<ol>\n<li><strong>\u2018IP, URL\u2019<\/strong> \u2013 localhost ho\u1eb7c 127.0.0.1. \u0110i\u1ec1u n\u00e0y c\u00f3 ngh\u0129a l\u00e0 Bridge to JForex v\u00e0 ch\u01b0\u01a1ng tr\u00ecnh BJF ch\u1ea1y tr\u00ean c\u00f9ng m\u1ed9t m\u00e1y t\u00ednh.<\/li>\n<li><strong>\u2018Port quotes\u2019<\/strong> \u2013 gi\u00e1 tr\u1ecb l\u1ebb, n\u00ean l\u1edbn h\u01a1n 30000.<\/li>\n<li><strong>\u2018Port trades\u2019<\/strong> \u2013 gi\u00e1 tr\u1ecb ch\u1eb5n, n\u00ean l\u1edbn h\u01a1n 30000.<\/li>\n<\/ol>\n<p>Tr\u00ean th\u1ef1c t\u1ebf, c\u00e1c gi\u00e1 tr\u1ecb c\u1ed5ng n\u00e0y \u0111\u01b0\u1ee3c l\u1ea5y t\u1eeb c\u00e0i \u0111\u1eb7t c\u1ee7a ch\u01b0\u01a1ng tr\u00ecnh BJF.<\/p>\n<ol>\n<li><strong>\u2018Username\u2019, \u2018Password\u2019, \u2018Sender\u2019, \u2018Target\u2019<\/strong> \u2013 c\u00e1c th\u00f4ng s\u1ed1 c\u1ea7n thi\u1ebft cho t\u00e0i kho\u1ea3n FIX, c\u00f3 th\u1ec3 l\u00e0 chu\u1ed7i k\u00fd t\u1ef1 t\u00f9y \u00fd. Tuy nhi\u00ean, n\u1ebfu s\u1eed d\u1ee5ng nhi\u1ec1u t\u00e0i kho\u1ea3n JForex, c\u1ea7n c\u00f3 c\u00e1c gi\u00e1 tr\u1ecb Sender v\u00e0 Target kh\u00e1c nhau cho t\u1eebng t\u00e0i kho\u1ea3n.<\/li>\n<\/ol>\n<p>C\u00e0i \u0111\u1eb7t JForex bao g\u1ed3m:<\/p>\n<ol>\n<li><strong>\u2018URL for jnlp file\u2019<\/strong> \u2013 <a href=\"https:\/\/www.dukascopy.com\/client\/demo\/jclient\/jforex.jnlp\">https:\/\/www.dukascopy.com\/client\/demo\/jclient\/jforex.jnlp<\/a> cho t\u00e0i kho\u1ea3n Demo, <a href=\"https:\/\/platform.dukascopy.com\/live_3\/jforex_3.jnlp\">https:\/\/platform.dukascopy.com\/live_3\/jforex_3.jnlp<\/a> cho t\u00e0i kho\u1ea3n Live.<\/li>\n<li><strong>\u2018Username\u2019, \u2018Password\u2019<\/strong> \u2013 th\u00f4ng s\u1ed1 c\u1ee7a t\u00e0i kho\u1ea3n JForex.<\/li>\n<li><strong>\u2018Pin\u2019<\/strong> \u2013 chu\u1ed7i t\u00f9y \u00fd, ch\u1ec9 d\u00e0nh cho t\u00e0i kho\u1ea3n Live. Vi\u1ec7c nh\u1eadp m\u00e3 PIN l\u00e0 thao t\u00e1c th\u1ee7 c\u00f4ng b\u1eaft bu\u1ed9c khi k\u1ebft n\u1ed1i t\u00e0i kho\u1ea3n Live. Bridge to JForex ch\u1ec9 ki\u1ec3m tra xem tr\u01b0\u1eddng PIN c\u00f3 tr\u1ed1ng hay kh\u00f4ng, sau \u0111\u00f3 hi\u1ec3n th\u1ecb c\u1eeda s\u1ed5 nh\u1eadp m\u00e3 PIN c\u1ee7a Dukascopy cho t\u00e0i kho\u1ea3n Live, ho\u1eb7c b\u1ecf qua n\u1ebfu l\u00e0 t\u00e0i kho\u1ea3n Demo.<\/li>\n<li><strong>\u2018Non-currency instruments\u2019<\/strong> \u2013 c\u00f3 th\u1ec3 \u0111\u01b0\u1ee3c s\u1eed d\u1ee5ng \u0111\u1ec3 tinh ch\u1ec9nh h\u1ec7 s\u1ed1 nh\u00e2n k\u00edch th\u01b0\u1edbc l\u1ec7nh; trong h\u1ea7u h\u1ebft c\u00e1c tr\u01b0\u1eddng h\u1ee3p, \u0111\u1ec3 tr\u1ed1ng.<\/li>\n<li><strong>\u2018Lot multiplier for currencies\u2019<\/strong> \u2013 \u0111\u01b0\u1ee3c d\u00f9ng \u0111\u1ec3 quy \u0111\u1ed5i k\u00edch th\u01b0\u1edbc giao d\u1ecbch t\u1eeb k\u00edch th\u01b0\u1edbc lot MT4-MT5 (th\u01b0\u1eddng l\u00e0 100000) sang k\u00edch th\u01b0\u1edbc lot JForex (th\u01b0\u1eddng l\u00e0 1000000).<\/li>\n<li><strong>\u2018Lot multiplier for indexes and CFD\u2019<\/strong> \u2013 \u0111\u01b0\u1ee3c d\u00f9ng \u0111\u1ec3 quy \u0111\u1ed5i k\u00edch th\u01b0\u1edbc giao d\u1ecbch cho c\u00e1c ch\u1ec9 s\u1ed1 v\u00e0 CFD.<\/li>\n<\/ol>\n<p><\/p>","protected":false},"excerpt":{"rendered":"<p><strong data-start=\"1432\" data-end=\"1462\">Bridge t\u1edbi n\u1ec1n t\u1ea3ng JForex<\/strong> \u0111\u01b0\u1ee3c thi\u1ebft k\u1ebf \u0111\u1ec3 ho\u1ea1t \u0111\u1ed9ng v\u1edbi c\u00e1c t\u00e0i kho\u1ea3n JForex, bao g\u1ed3m c\u1ea3 t\u00e0i kho\u1ea3n ch\u00ednh v\u00e0 t\u00e0i kho\u1ea3n ph\u1ee5. T\u00e0i kho\u1ea3n ch\u00ednh nh\u1eadn t\u00edn hi\u1ec7u t\u1eeb n\u1ec1n t\u1ea3ng giao d\u1ecbch JForex v\u00e0 g\u1eedi c\u00e1c l\u1ec7nh <strong data-start=\"1636\" data-end=\"1643\">FIX<\/strong> \u0111\u1ec3 t\u00e1i t\u1ea1o c\u00e1c thao t\u00e1c c\u1ee7a JForex trong ch\u01b0\u01a1ng tr\u00ecnh <strong data-start=\"1698\" data-end=\"1705\">BJF<\/strong>. T\u00e0i kho\u1ea3n ph\u1ee5 nh\u1eadn c\u00e1c th\u00f4ng \u0111i\u1ec7p <strong data-start=\"1741\" data-end=\"1748\">FIX<\/strong> t\u1eeb ch\u01b0\u01a1ng tr\u00ecnh BJF v\u00e0 g\u1eedi c\u00e1c th\u00f4ng \u0111i\u1ec7p JForex \u0111\u1ec3 t\u00e1i t\u1ea1o c\u00e1c thao t\u00e1c c\u1ee7a ch\u01b0\u01a1ng tr\u00ecnh BJF trong n\u1ec1n t\u1ea3ng giao d\u1ecbch JForex.<\/p>\n","protected":false},"featured_media":7376,"comment_status":"open","ping_status":"closed","template":"","meta":{"_acf_changed":false},"product_brand":[],"product_cat":[66,51,272],"product_tag":[],"class_list":{"0":"post-7367","1":"product","2":"type-product","3":"status-publish","4":"has-post-thumbnail","6":"product_cat-arbitrage-software","7":"product_cat-fix-api-software","8":"product_cat-popular","10":"first","11":"instock","12":"taxable","13":"shipping-taxable","14":"purchasable","15":"product-type-simple"},"exclude_global_add_ons":[],"addons":[],"acf":[],"yoast_head":"<!-- This site is optimized with the Yoast SEO plugin v27.3 - https:\/\/yoast.com\/product\/yoast-seo-wordpress\/ -->\n<title>C\u1ea7u n\u1ed1i \u0111\u1ebfn n\u1ec1n t\u1ea3ng JForex - Forex &amp; Cryptocurrencies Arbitrage Software | BJF Trading Group Inc.<\/title>\n<meta name=\"description\" content=\"Bridge to the JForex platform was designed to work with JForex accounts both as master accounts and as sub-accounts.\" \/>\n<meta name=\"robots\" content=\"index, follow, max-snippet:-1, max-image-preview:large, max-video-preview:-1\" \/>\n<link rel=\"canonical\" href=\"https:\/\/bjftradinggroup.com\/product\/jbridge\/\" \/>\n<meta property=\"og:locale\" content=\"vi_VN\" \/>\n<meta property=\"og:type\" content=\"article\" \/>\n<meta property=\"og:title\" content=\"[:en]Bridge to the JForex Platform[:de]Br\u00fccke zur JForex-Plattform[:ja]Bridge to the JForex\u30d7\u30e9\u30c3\u30c8\u30d5\u30a9\u30fc\u30e0[:ar]\u062c\u0633\u0631 \u0625\u0644\u0649 \u0645\u0646\u0635\u0629 JForex[:ko]JForex \ud50c\ub7ab\ud3fc\uc73c\ub85c\uc758 \ub2e4\ub9ac[:es]Puente hacia la plataforma JForex[:pt]Ponte para a plataforma JForex[:id]Jembatan ke platform JForex[:vi]C\u1ea7u n\u1ed1i \u0111\u1ebfn n\u1ec1n t\u1ea3ng JForex[:] - Forex &amp; Cryptocurrencies Arbitrage Software | BJF Trading Group Inc.\" \/>\n<meta property=\"og:description\" content=\"Bridge to the JForex platform was designed to work with JForex accounts both as master accounts and as sub-accounts.\" \/>\n<meta property=\"og:url\" content=\"https:\/\/bjftradinggroup.com\/product\/jbridge\/\" \/>\n<meta property=\"og:site_name\" content=\"Forex &amp; Cryptocurrencies Arbitrage Software | BJF Trading Group Inc.\" \/>\n<meta property=\"article:modified_time\" content=\"2025-11-11T22:25:23+00:00\" \/>\n<meta property=\"og:image\" content=\"https:\/\/bjftradinggroup.com\/wp-content\/uploads\/2022\/05\/JBridge-Box_a100.png\" \/>\n\t<meta property=\"og:image:width\" content=\"500\" \/>\n\t<meta property=\"og:image:height\" content=\"500\" \/>\n\t<meta property=\"og:image:type\" content=\"image\/png\" \/>\n<meta name=\"twitter:card\" content=\"summary_large_image\" \/>\n<meta name=\"twitter:label1\" content=\"Est. reading time\" \/>\n\t<meta name=\"twitter:data1\" content=\"5 minutes\" \/>\n<script type=\"application\/ld+json\" class=\"yoast-schema-graph\">{\"@context\":\"https:\\\/\\\/schema.org\",\"@graph\":[{\"@type\":\"WebPage\",\"@id\":\"https:\\\/\\\/bjftradinggroup.com\\\/product\\\/jbridge\\\/\",\"url\":\"https:\\\/\\\/bjftradinggroup.com\\\/product\\\/jbridge\\\/\",\"name\":\"[:en]Bridge to the JForex Platform[:de]Br\u00fccke zur JForex-Plattform[:ja]Bridge to the JForex\u30d7\u30e9\u30c3\u30c8\u30d5\u30a9\u30fc\u30e0[:ar]\u062c\u0633\u0631 \u0625\u0644\u0649 \u0645\u0646\u0635\u0629 JForex[:ko]JForex \ud50c\ub7ab\ud3fc\uc73c\ub85c\uc758 \ub2e4\ub9ac[:es]Puente hacia la plataforma JForex[:pt]Ponte para a plataforma JForex[:id]Jembatan ke platform JForex[:vi]C\u1ea7u n\u1ed1i \u0111\u1ebfn n\u1ec1n t\u1ea3ng JForex[:] - Forex &amp; Cryptocurrencies Arbitrage Software | BJF Trading Group Inc.\",\"isPartOf\":{\"@id\":\"https:\\\/\\\/bjftradinggroup.com\\\/#website\"},\"primaryImageOfPage\":{\"@id\":\"https:\\\/\\\/bjftradinggroup.com\\\/product\\\/jbridge\\\/#primaryimage\"},\"image\":{\"@id\":\"https:\\\/\\\/bjftradinggroup.com\\\/product\\\/jbridge\\\/#primaryimage\"},\"thumbnailUrl\":\"https:\\\/\\\/bjftradinggroup.com\\\/wp-content\\\/uploads\\\/2022\\\/05\\\/JBridge-Box_a100.png\",\"datePublished\":\"2022-05-23T12:32:59+00:00\",\"dateModified\":\"2025-11-11T22:25:23+00:00\",\"description\":\"Bridge to the JForex platform was designed to work with JForex accounts both as master accounts and as sub-accounts.\",\"breadcrumb\":{\"@id\":\"https:\\\/\\\/bjftradinggroup.com\\\/product\\\/jbridge\\\/#breadcrumb\"},\"inLanguage\":\"vi-VN\",\"potentialAction\":[{\"@type\":\"ReadAction\",\"target\":[\"https:\\\/\\\/bjftradinggroup.com\\\/product\\\/jbridge\\\/\"]}]},{\"@type\":\"ImageObject\",\"inLanguage\":\"vi-VN\",\"@id\":\"https:\\\/\\\/bjftradinggroup.com\\\/product\\\/jbridge\\\/#primaryimage\",\"url\":\"https:\\\/\\\/bjftradinggroup.com\\\/wp-content\\\/uploads\\\/2022\\\/05\\\/JBridge-Box_a100.png\",\"contentUrl\":\"https:\\\/\\\/bjftradinggroup.com\\\/wp-content\\\/uploads\\\/2022\\\/05\\\/JBridge-Box_a100.png\",\"width\":500,\"height\":500,\"caption\":\"Bridge to jForex platform\"},{\"@type\":\"BreadcrumbList\",\"@id\":\"https:\\\/\\\/bjftradinggroup.com\\\/product\\\/jbridge\\\/#breadcrumb\",\"itemListElement\":[{\"@type\":\"ListItem\",\"position\":1,\"name\":\"Home\",\"item\":\"https:\\\/\\\/bjftradinggroup.com\\\/\"},{\"@type\":\"ListItem\",\"position\":2,\"name\":\"Shop\",\"item\":\"https:\\\/\\\/bjftradinggroup.com\\\/ko\\\/shop\\\/\"},{\"@type\":\"ListItem\",\"position\":3,\"name\":\"Bridge to the JForex Platform\"}]},{\"@type\":\"WebSite\",\"@id\":\"https:\\\/\\\/bjftradinggroup.com\\\/#website\",\"url\":\"https:\\\/\\\/bjftradinggroup.com\\\/\",\"name\":\"Forex &amp; Cryptocurrencies Arbitrage Software | BJF Trading Group Inc.\",\"description\":\"FX Software pioneer since 2000\",\"potentialAction\":[{\"@type\":\"SearchAction\",\"target\":{\"@type\":\"EntryPoint\",\"urlTemplate\":\"https:\\\/\\\/bjftradinggroup.com\\\/?s={search_term_string}\"},\"query-input\":{\"@type\":\"PropertyValueSpecification\",\"valueRequired\":true,\"valueName\":\"search_term_string\"}}],\"inLanguage\":\"vi-VN\"}]}<\/script>\n<!-- \/ Yoast SEO plugin. -->","yoast_head_json":{"title":"[:en]Bridge to the JForex Platform[:de]Br\u00fccke zur JForex-Plattform[:ja]Bridge to the JForex\u30d7\u30e9\u30c3\u30c8\u30d5\u30a9\u30fc\u30e0[:ar]\u062c\u0633\u0631 \u0625\u0644\u0649 \u0645\u0646\u0635\u0629 JForex[:ko]JForex \ud50c\ub7ab\ud3fc\uc73c\ub85c\uc758 \ub2e4\ub9ac[:es]Puente hacia la plataforma JForex[:pt]Ponte para a plataforma JForex[:id]Jembatan ke platform JForex[:vi]C\u1ea7u n\u1ed1i \u0111\u1ebfn n\u1ec1n t\u1ea3ng JForex[:] - Forex &amp; Cryptocurrencies Arbitrage Software | BJF Trading Group Inc.","description":"Bridge to the JForex platform was designed to work with JForex accounts both as master accounts and as sub-accounts.","robots":{"index":"index","follow":"follow","max-snippet":"max-snippet:-1","max-image-preview":"max-image-preview:large","max-video-preview":"max-video-preview:-1"},"canonical":"https:\/\/bjftradinggroup.com\/product\/jbridge\/","og_locale":"vi_VN","og_type":"article","og_title":"[:en]Bridge to the JForex Platform[:de]Br\u00fccke zur JForex-Plattform[:ja]Bridge to the JForex\u30d7\u30e9\u30c3\u30c8\u30d5\u30a9\u30fc\u30e0[:ar]\u062c\u0633\u0631 \u0625\u0644\u0649 \u0645\u0646\u0635\u0629 JForex[:ko]JForex \ud50c\ub7ab\ud3fc\uc73c\ub85c\uc758 \ub2e4\ub9ac[:es]Puente hacia la plataforma JForex[:pt]Ponte para a plataforma JForex[:id]Jembatan ke platform JForex[:vi]C\u1ea7u n\u1ed1i \u0111\u1ebfn n\u1ec1n t\u1ea3ng JForex[:] - Forex &amp; Cryptocurrencies Arbitrage Software | BJF Trading Group Inc.","og_description":"Bridge to the JForex platform was designed to work with JForex accounts both as master accounts and as sub-accounts.","og_url":"https:\/\/bjftradinggroup.com\/product\/jbridge\/","og_site_name":"Forex &amp; Cryptocurrencies Arbitrage Software | BJF Trading Group Inc.","article_modified_time":"2025-11-11T22:25:23+00:00","og_image":[{"width":500,"height":500,"url":"https:\/\/bjftradinggroup.com\/wp-content\/uploads\/2022\/05\/JBridge-Box_a100.png","type":"image\/png"}],"twitter_card":"summary_large_image","twitter_misc":{"Est. reading time":"5 minutes"},"schema":{"@context":"https:\/\/schema.org","@graph":[{"@type":"WebPage","@id":"https:\/\/bjftradinggroup.com\/product\/jbridge\/","url":"https:\/\/bjftradinggroup.com\/product\/jbridge\/","name":"[:en]Bridge to the JForex Platform[:de]Br\u00fccke zur JForex-Plattform[:ja]Bridge to the JForex\u30d7\u30e9\u30c3\u30c8\u30d5\u30a9\u30fc\u30e0[:ar]\u062c\u0633\u0631 \u0625\u0644\u0649 \u0645\u0646\u0635\u0629 JForex[:ko]JForex \ud50c\ub7ab\ud3fc\uc73c\ub85c\uc758 \ub2e4\ub9ac[:es]Puente hacia la plataforma JForex[:pt]Ponte para a plataforma JForex[:id]Jembatan ke platform JForex[:vi]C\u1ea7u n\u1ed1i \u0111\u1ebfn n\u1ec1n t\u1ea3ng JForex[:] - Forex &amp; Cryptocurrencies Arbitrage Software | BJF Trading Group Inc.","isPartOf":{"@id":"https:\/\/bjftradinggroup.com\/#website"},"primaryImageOfPage":{"@id":"https:\/\/bjftradinggroup.com\/product\/jbridge\/#primaryimage"},"image":{"@id":"https:\/\/bjftradinggroup.com\/product\/jbridge\/#primaryimage"},"thumbnailUrl":"https:\/\/bjftradinggroup.com\/wp-content\/uploads\/2022\/05\/JBridge-Box_a100.png","datePublished":"2022-05-23T12:32:59+00:00","dateModified":"2025-11-11T22:25:23+00:00","description":"Bridge to the JForex platform was designed to work with JForex accounts both as master accounts and as sub-accounts.","breadcrumb":{"@id":"https:\/\/bjftradinggroup.com\/product\/jbridge\/#breadcrumb"},"inLanguage":"vi-VN","potentialAction":[{"@type":"ReadAction","target":["https:\/\/bjftradinggroup.com\/product\/jbridge\/"]}]},{"@type":"ImageObject","inLanguage":"vi-VN","@id":"https:\/\/bjftradinggroup.com\/product\/jbridge\/#primaryimage","url":"https:\/\/bjftradinggroup.com\/wp-content\/uploads\/2022\/05\/JBridge-Box_a100.png","contentUrl":"https:\/\/bjftradinggroup.com\/wp-content\/uploads\/2022\/05\/JBridge-Box_a100.png","width":500,"height":500,"caption":"Bridge to jForex platform"},{"@type":"BreadcrumbList","@id":"https:\/\/bjftradinggroup.com\/product\/jbridge\/#breadcrumb","itemListElement":[{"@type":"ListItem","position":1,"name":"Home","item":"https:\/\/bjftradinggroup.com\/"},{"@type":"ListItem","position":2,"name":"Shop","item":"https:\/\/bjftradinggroup.com\/ko\/shop\/"},{"@type":"ListItem","position":3,"name":"Bridge to the JForex Platform"}]},{"@type":"WebSite","@id":"https:\/\/bjftradinggroup.com\/#website","url":"https:\/\/bjftradinggroup.com\/","name":"Forex &amp; Cryptocurrencies Arbitrage Software | BJF Trading Group Inc.","description":"FX Software pioneer since 2000","potentialAction":[{"@type":"SearchAction","target":{"@type":"EntryPoint","urlTemplate":"https:\/\/bjftradinggroup.com\/?s={search_term_string}"},"query-input":{"@type":"PropertyValueSpecification","valueRequired":true,"valueName":"search_term_string"}}],"inLanguage":"vi-VN"}]}},"_links":{"self":[{"href":"https:\/\/bjftradinggroup.com\/vi\/wp-json\/wp\/v2\/product\/7367","targetHints":{"allow":["GET"]}}],"collection":[{"href":"https:\/\/bjftradinggroup.com\/vi\/wp-json\/wp\/v2\/product"}],"about":[{"href":"https:\/\/bjftradinggroup.com\/vi\/wp-json\/wp\/v2\/types\/product"}],"replies":[{"embeddable":true,"href":"https:\/\/bjftradinggroup.com\/vi\/wp-json\/wp\/v2\/comments?post=7367"}],"wp:featuredmedia":[{"embeddable":true,"href":"https:\/\/bjftradinggroup.com\/vi\/wp-json\/wp\/v2\/media\/7376"}],"wp:attachment":[{"href":"https:\/\/bjftradinggroup.com\/vi\/wp-json\/wp\/v2\/media?parent=7367"}],"wp:term":[{"taxonomy":"product_brand","embeddable":true,"href":"https:\/\/bjftradinggroup.com\/vi\/wp-json\/wp\/v2\/product_brand?post=7367"},{"taxonomy":"product_cat","embeddable":true,"href":"https:\/\/bjftradinggroup.com\/vi\/wp-json\/wp\/v2\/product_cat?post=7367"},{"taxonomy":"product_tag","embeddable":true,"href":"https:\/\/bjftradinggroup.com\/vi\/wp-json\/wp\/v2\/product_tag?post=7367"}],"curies":[{"name":"wp","href":"https:\/\/api.w.org\/{rel}","templated":true}]}}