{"id":4219,"date":"2019-11-16T15:37:22","date_gmt":"2019-11-16T15:37:22","guid":{"rendered":"https:\/\/bjftradinggroup.com\/?post_type=product&#038;p=4219"},"modified":"2026-04-01T13:21:50","modified_gmt":"2026-04-01T13:21:50","slug":"newsautotraderpro","status":"publish","type":"product","link":"https:\/\/bjftradinggroup.com\/vi\/product\/newsautotraderpro\/","title":{"rendered":"NewsAutoTraderPro \u2013 Ph\u1ea7n m\u1ec1m giao d\u1ecbch tin t\u1ee9c"},"content":{"rendered":"<p><\/p>\n<h2>Giao d\u1ecbch tin t\u1ee9c nh\u01b0 m\u1ed9t chuy\u00ean gia v\u1edbi NewsAutoTraderPro<\/h2>\n<p>M\u1ed9t trong nh\u1eefng ph\u01b0\u01a1ng ph\u00e1p giao d\u1ecbch n\u0103ng \u0111\u1ed9ng v\u00e0 sinh l\u1ee3i nh\u1ea5t trong th\u1ecb tr\u01b0\u1eddng hi\u1ec7n \u0111\u1ea1i l\u00e0 <strong>giao d\u1ecbch tin t\u1ee9c kinh t\u1ebf<\/strong> \u2014 m\u1ed9t chi\u1ebfn l\u01b0\u1ee3c \u0111\u01b0\u1ee3c x\u00e2y d\u1ef1ng d\u1ef1a tr\u00ean vi\u1ec7c khai th\u00e1c nh\u1eefng bi\u1ebfn \u0111\u1ed9ng gi\u00e1 nhanh ch\u00f3ng \u0111\u01b0\u1ee3c k\u00edch ho\u1ea1t b\u1edfi c\u00e1c th\u00f4ng b\u00e1o kinh t\u1ebf quan tr\u1ecdng. M\u1eb7c d\u00f9 kh\u00e1i ni\u1ec7m nghe c\u00f3 v\u1ebb \u0111\u01a1n gi\u1ea3n, nh\u01b0ng \u0111\u1ec3 th\u1ef1c hi\u1ec7n n\u00f3 c\u00f3 l\u1ee3i nhu\u1eadn \u0111\u00f2i h\u1ecfi nhi\u1ec1u h\u01a1n l\u00e0 ch\u1ec9 \u0111\u00fang th\u1eddi \u0111i\u1ec3m \u2014 n\u00f3 c\u1ea7n <strong>t\u1ed1c \u0111\u1ed9, \u0111\u1ed9 ch\u00ednh x\u00e1c v\u00e0 t\u1ef1 \u0111\u1ed9ng h\u00f3a.<\/strong><\/p>\n<p>Trong th\u1ebf gi\u1edbi giao d\u1ecbch tin t\u1ee9c t\u1ea7n su\u1ea5t cao, t\u1eebng mili gi\u00e2y c\u00f3 th\u1ec3 quy\u1ebft \u0111\u1ecbnh th\u00e0nh c\u00f4ng hay th\u1ea5t b\u1ea1i c\u1ee7a m\u1ed9t l\u1ec7nh giao d\u1ecbch. \u0110\u1ec3 lu\u00f4n \u0111i tr\u01b0\u1edbc c\u00e1c nh\u00e0 giao d\u1ecbch kh\u00e1c, b\u1ea1n c\u1ea7n m\u1ed9t n\u1ec1n t\u1ea3ng \u0111\u01b0\u1ee3c thi\u1ebft k\u1ebf cho <strong>kh\u1ea3 n\u0103ng th\u1ef1c thi si\u00eau nhanh v\u00e0 x\u1eed l\u00fd d\u1eef li\u1ec7u theo th\u1eddi gian th\u1ef1c.<\/strong> V\u00e0 \u0111\u00f3 ch\u00ednh l\u00e0 \u0111i\u1ec1u m\u00e0 <strong>NewsAutoTraderPro<\/strong> mang l\u1ea1i.<\/p>\n<h2>\u2699\ufe0f NewsAutoTraderPro l\u00e0 g\u00ec?<\/h2>\n<p><img loading=\"lazy\" decoding=\"async\" class=\"alignnone size-full wp-image-7340\" src=\"https:\/\/bjftradinggroup.com\/wp-content\/uploads\/2019\/11\/newsautotraderpro-interface-1024x559-1.png\" alt=\"Giao di\u1ec7n NewsAutoTraderPro\" width=\"1024\" height=\"559\" srcset=\"https:\/\/bjftradinggroup.com\/wp-content\/uploads\/2019\/11\/newsautotraderpro-interface-1024x559-1.png 1024w, https:\/\/bjftradinggroup.com\/wp-content\/uploads\/2019\/11\/newsautotraderpro-interface-1024x559-1-300x164.png 300w, https:\/\/bjftradinggroup.com\/wp-content\/uploads\/2019\/11\/newsautotraderpro-interface-1024x559-1-768x419.png 768w, https:\/\/bjftradinggroup.com\/wp-content\/uploads\/2019\/11\/newsautotraderpro-interface-1024x559-1-680x371.png 680w\" sizes=\"auto, (max-width: 1024px) 100vw, 1024px\" \/> <strong>H\u00ecnh 1.<\/strong> <em>Giao di\u1ec7n NewsAutoTraderPro:<\/em> 1 \u2013 L\u01b0\u1edbi phi\u00ean | 2 \u2013 Nh\u00e0 cung c\u1ea5p tin t\u1ee9c | 3 \u2013 B\u1ed9 l\u1ecdc ch\u1ec9 b\u00e1o | 4 \u2013 Ch\u1ec9 b\u00e1o kinh t\u1ebf | 5 \u2013 Tr\u00ecnh k\u00edch ho\u1ea1t tin t\u1ee9c | 6 \u2013 B\u1ea3ng l\u1ec7nh<\/p>\n<p>NewsAutoTraderPro l\u00e0 ph\u1ea7n m\u1ec1m giao d\u1ecbch tin t\u1ee9c t\u1ef1 \u0111\u1ed9ng ti\u00ean ti\u1ebfn, \u0111\u01b0\u1ee3c thi\u1ebft k\u1ebf cho c\u00e1c nh\u00e0 giao d\u1ecbch chuy\u00ean nghi\u1ec7p mu\u1ed1n t\u1eadn d\u1ee5ng c\u00e1c s\u1ef1 ki\u1ec7n th\u1ecb tr\u01b0\u1eddng c\u00f3 t\u00e1c \u0111\u1ed9ng l\u1edbn.<br \/>\nN\u00f3 k\u1ebft h\u1ee3p ba thu\u1eadt to\u00e1n \u0111\u1ed9c quy\u1ec1n c\u00f3 kh\u1ea3 n\u0103ng ph\u00e1t hi\u1ec7n v\u00e0 ph\u1ea3n \u1ee9ng v\u1edbi c\u00e1c b\u1ea3n tin kinh t\u1ebf nhanh h\u01a1n b\u1ea5t k\u1ef3 ph\u01b0\u01a1ng ph\u00e1p th\u1ee7 c\u00f4ng n\u00e0o.<\/p>\n<p><strong>C\u00e1ch ho\u1ea1t \u0111\u1ed9ng:<\/strong><br \/>\n\u2022 Ph\u1ea7n m\u1ec1m theo d\u00f5i \u0111\u1ed3ng th\u1eddi nhi\u1ec1u ngu\u1ed3n tin t\u1ee9c th\u1eddi gian th\u1ef1c t\u1eeb c\u00e1c nh\u00e0 cung c\u1ea5p d\u1eef li\u1ec7u kinh t\u1ebf chuy\u00ean nghi\u1ec7p.<br \/>\n\u2022 Khi c\u00f3 tin t\u1ee9c quan tr\u1ecdng \u0111\u01b0\u1ee3c c\u00f4ng b\u1ed1, h\u1ec7 th\u1ed1ng ngay l\u1eadp t\u1ee9c x\u00e1c \u0111\u1ecbnh nh\u00e0 cung c\u1ea5p n\u00e0o g\u1eedi t\u00edn hi\u1ec7u \u0111\u1ea7u ti\u00ean.<br \/>\n\u2022 Sau \u0111\u00f3, n\u00f3 t\u1ef1 \u0111\u1ed9ng m\u1edf l\u1ec7nh th\u1ecb tr\u01b0\u1eddng d\u1ef1a tr\u00ean t\u00edn hi\u1ec7u nhanh nh\u1ea5t \u2014 ch\u1ec9 trong v\u00e0i mili gi\u00e2y tr\u01b0\u1edbc khi t\u00e1c \u0111\u1ed9ng gi\u00e1 lan \u0111\u1ebfn c\u00e1c nh\u00e0 giao d\u1ecbch kh\u00e1c.<\/p>\n<p>V\u1ec1 c\u01a1 b\u1ea3n, NewsAutoTraderPro th\u1ef1c hi\u1ec7n hai vi\u1ec7c \u2014 ph\u00e1t hi\u1ec7n tin t\u1ee9c l\u00e0m bi\u1ebfn \u0111\u1ed9ng th\u1ecb tr\u01b0\u1eddng v\u00e0 t\u1ef1 \u0111\u1ed9ng th\u1ef1c hi\u1ec7n giao d\u1ecbch \u2014 t\u1ea5t c\u1ea3 ch\u1ec9 trong mili gi\u00e2y.<\/p>\n<p>\u26a1 <strong>T\u00ednh n\u0103ng &amp; L\u1ee3i \u00edch ch\u00ednh<\/strong><br \/>\n\u2022 Ki\u1ebfn tr\u00fac \u0111a ngu\u1ed3n: K\u1ebft n\u1ed1i \u0111\u1ed3ng th\u1eddi v\u1edbi nhi\u1ec1u nh\u00e0 cung c\u1ea5p tin t\u1ee9c h\u00e0ng \u0111\u1ea7u.<br \/>\n\u2022 Th\u1ef1c thi si\u00eau nhanh: V\u00e0o l\u1ec7nh trong v\u00f2ng v\u00e0i mili gi\u00e2y sau khi tin \u0111\u01b0\u1ee3c c\u00f4ng b\u1ed1.<br \/>\n\u2022 B\u1ed9 l\u1ecdc n\u00e2ng cao: T\u00f9y ch\u1ec9nh c\u00e0i \u0111\u1eb7t c\u1ee7a b\u1ea1n b\u1eb1ng c\u00e1c b\u1ed9 l\u1ecdc tin t\u1ee9c v\u00e0 \u0111i\u1ec1u ki\u1ec7n ch\u1ec9 b\u00e1o.<br \/>\n\u2022 T\u01b0\u01a1ng th\u00edch \u0111a n\u1ec1n t\u1ea3ng: H\u1ed7 tr\u1ee3 c\u00e1c m\u00f4i tr\u01b0\u1eddng giao d\u1ecbch FIX API, cTrader v\u00e0 JForex.<br \/>\n\u2022 Giao d\u1ecbch hai t\u00e0i kho\u1ea3n: Giao d\u1ecbch ho\u1eb7c ph\u00f2ng h\u1ed9 tr\u00ean hai t\u00e0i kho\u1ea3n \u2014 l\u00fd t\u01b0\u1edfng cho c\u00e1c chi\u1ebfn l\u01b0\u1ee3c arbitrage v\u00e0 hedging.<br \/>\n\u2022 T\u1eadn d\u1ee5ng th\u00f4ng minh \u0111\u1ed9 tr\u01b0\u1ee3t gi\u00e1 (slippage): Bi\u1ebfn \u0111\u1ed9 tr\u01b0\u1ee3t gi\u00e1 th\u00e0nh c\u01a1 h\u1ed9i l\u1ee3i nhu\u1eadn ti\u1ec1m n\u0103ng thay v\u00ec thua l\u1ed7.<\/p>\n<p>\u0110i\u1ec1u n\u00e0y khi\u1ebfn NewsAutoTraderPro tr\u1edf th\u00e0nh gi\u1ea3i ph\u00e1p ti\u00ean ti\u1ebfn cho c\u00e1c nh\u00e0 giao d\u1ecbch t\u1ed5 ch\u1ee9c, qu\u1ef9 prop trading v\u00e0 nh\u00e0 giao d\u1ecbch b\u00e1n l\u1ebb gi\u00e0u kinh nghi\u1ec7m mu\u1ed1n th\u1ed1ng tr\u1ecb c\u00e1c th\u1ecb tr\u01b0\u1eddng d\u1ef1a tr\u00ean tin t\u1ee9c c\u01a1 b\u1ea3n.<\/p>\n<h2>\ud83d\udcc8 NewsAutoTraderPro ho\u1ea1t \u0111\u1ed9ng nh\u01b0 th\u1ebf n\u00e0o<\/h2>\n<p>Khi b\u1ea1n mua NewsAutoTraderPro, b\u1ea1n s\u1ebd nh\u1eadn \u0111\u01b0\u1ee3c hai gi\u1ea5y ph\u00e9p, cho ph\u00e9p v\u1eadn h\u00e0nh tr\u00ean c\u1ea3 m\u00e1y ch\u1ee7 t\u1ea1i Hoa K\u1ef3 v\u00e0 V\u01b0\u01a1ng qu\u1ed1c Anh \u0111\u1ec3 c\u00f3 \u0111\u1ed9 tr\u1ec5 v\u00e0 \u0111\u1ed9 \u1ed5n \u0111\u1ecbnh t\u1ed1i \u01b0u. L\u00e0 m\u1ed9t l\u1ee3i th\u1ebf b\u1ed5 sung, b\u1ea1n c\u0169ng s\u1ebd nh\u1eadn \u0111\u01b0\u1ee3c quy\u1ec1n truy c\u1eadp v\u00e0o c\u00e1c ph\u00e2n t\u00edch giao d\u1ecbch \u0111\u1ed9c quy\u1ec1n, khuy\u1ebfn ngh\u1ecb ri\u00eang t\u01b0 v\u00e0 b\u1ea3n c\u1eadp nh\u1eadt chuy\u00ean nghi\u1ec7p h\u00e0ng tu\u1ea7n \u0111\u01b0\u1ee3c ph\u00e2n ph\u1ed1i qua m\u1ea1ng b\u1ea3o m\u1eadt c\u1ee7a ch\u00fang t\u00f4i \u2014 gi\u00fap b\u1ea1n lu\u00f4n \u0111\u01b0\u1ee3c th\u00f4ng tin v\u00e0 d\u1eabn \u0111\u1ea7u trong xu h\u01b0\u1edbng th\u1ecb tr\u01b0\u1eddng.<\/p>\n<p>\ud83d\udd0d <strong>Hi\u1ec7u su\u1ea5t t\u00e0i kho\u1ea3n th\u1ef1c<\/strong><\/p>\n<div align=\"center\"><iframe loading=\"lazy\" src=\"\/\/www.fxblue.com\/fxbluechart.aspx?c=ch_cumulativeprofit&amp;id=newstradersoftware\" width=\"800\" height=\"400\" frameborder=\"0\"><\/iframe> <iframe loading=\"lazy\" src=\"\/\/www.fxblue.com\/fxbluechart.aspx?c=ch_cumulativeprofit&amp;id=newsautotraderpro\" width=\"800\" height=\"400\" frameborder=\"0\"><\/iframe><\/div>\n<p><\/p>","protected":false},"excerpt":{"rendered":"<p>M\u1ed9t trong nh\u1eefng chi\u1ebfn l\u01b0\u1ee3c giao d\u1ecbch th\u00fa v\u1ecb nh\u1ea5t l\u00e0 giao d\u1ecbch d\u1ef1a tr\u00ean tin t\u1ee9c kinh t\u1ebf c\u01a1 b\u1ea3n. \u0110\u00fang nh\u01b0 t\u00ean g\u1ecdi, chi\u1ebfn l\u01b0\u1ee3c n\u00e0y ch\u1ee7 y\u1ebfu t\u1eadn d\u1ee5ng t\u00e1c \u0111\u1ed9ng v\u1ec1 gi\u00e1 m\u00e0 c\u00e1c s\u1ef1 ki\u1ec7n kinh t\u1ebf c\u00f3 th\u1ec3 g\u00e2y ra \u0111\u1ed1i v\u1edbi th\u1ecb tr\u01b0\u1eddng. Tuy nhi\u00ean, \u0111\u1ec3 th\u1ef1c hi\u1ec7n th\u00e0nh c\u00f4ng th\u00ec kh\u00f4ng h\u1ec1 \u0111\u01a1n gi\u1ea3n. \u0110\u1ec3 ch\u01a1i t\u1ed1t trong cu\u1ed9c ch\u01a1i n\u00e0y, b\u1ea1n c\u1ea7n ph\u1ea3i nhanh \u2014 c\u1ef1c k\u1ef3 nhanh. Nhanh h\u01a1n c\u00e1c nh\u00e0 giao d\u1ecbch kh\u00e1c. V\u00e0 \u0111\u1ec3 nhanh h\u01a1n h\u1ecd, b\u1ea1n c\u1ea7n c\u00f3 ch\u01b0\u01a1ng tr\u00ecnh giao d\u1ecbch ph\u00f9 h\u1ee3p.<\/p>\n","protected":false},"featured_media":4101,"comment_status":"open","ping_status":"closed","template":"","meta":{"_acf_changed":false},"product_brand":[],"product_cat":[51,274,272],"product_tag":[],"class_list":{"0":"post-4219","1":"product","2":"type-product","3":"status-publish","4":"has-post-thumbnail","6":"product_cat-fix-api-software","7":"product_cat-trading-news-software","8":"product_cat-popular","10":"first","11":"instock","12":"virtual","13":"purchasable","14":"product-type-simple"},"exclude_global_add_ons":[],"addons":[],"acf":[],"yoast_head":"<!-- This site is optimized with the Yoast SEO plugin v27.3 - https:\/\/yoast.com\/product\/yoast-seo-wordpress\/ -->\n<title><\/title>\n<meta name=\"description\" content=\"NewsAutoTraderPro - Forex Software for trading on economic news releases on jForex cTrader platforms and via FIX API protocol.\" \/>\n<meta name=\"robots\" content=\"index, follow, max-snippet:-1, max-image-preview:large, max-video-preview:-1\" \/>\n<link rel=\"canonical\" href=\"https:\/\/bjftradinggroup.com\/product\/newsautotraderpro\/\" \/>\n<meta property=\"og:locale\" content=\"vi_VN\" \/>\n<meta property=\"og:type\" content=\"article\" \/>\n<meta property=\"og:title\" content=\"[:en]NewsAutoTraderPro Software for News Trading[:de]NewsAutoTraderPro[:ja]NewsAutoTraderPro[:ar]NewsAutoTraderPro[:ko]NewsAutoTraderPro[:]\" \/>\n<meta property=\"og:description\" content=\"NewsAutoTraderPro - Forex Software for trading on economic news releases on jForex cTrader platforms and via FIX API protocol.\" \/>\n<meta property=\"og:url\" content=\"https:\/\/bjftradinggroup.com\/product\/newsautotraderpro\/\" \/>\n<meta property=\"og:site_name\" content=\"Forex &amp; Cryptocurrencies Arbitrage Software | BJF Trading Group Inc.\" \/>\n<meta property=\"article:modified_time\" content=\"2026-04-01T13:21:50+00:00\" \/>\n<meta property=\"og:image\" content=\"https:\/\/bjftradinggroup.com\/wp-content\/uploads\/2019\/11\/news-auto-trader-pro-box.png\" \/>\n\t<meta property=\"og:image:width\" content=\"500\" \/>\n\t<meta property=\"og:image:height\" content=\"500\" \/>\n\t<meta property=\"og:image:type\" content=\"image\/png\" \/>\n<meta name=\"twitter:card\" content=\"summary_large_image\" \/>\n<meta name=\"twitter:label1\" content=\"Est. reading time\" \/>\n\t<meta name=\"twitter:data1\" content=\"3 minutes\" \/>\n<script type=\"application\/ld+json\" class=\"yoast-schema-graph\">{\"@context\":\"https:\\\/\\\/schema.org\",\"@graph\":[{\"@type\":\"WebPage\",\"@id\":\"https:\\\/\\\/bjftradinggroup.com\\\/product\\\/newsautotraderpro\\\/\",\"url\":\"https:\\\/\\\/bjftradinggroup.com\\\/product\\\/newsautotraderpro\\\/\",\"name\":\"[:en]NewsAutoTraderPro Software for News Trading[:de]NewsAutoTraderPro[:ja]NewsAutoTraderPro[:ar]NewsAutoTraderPro[:ko]NewsAutoTraderPro[:]\",\"isPartOf\":{\"@id\":\"https:\\\/\\\/bjftradinggroup.com\\\/#website\"},\"primaryImageOfPage\":{\"@id\":\"https:\\\/\\\/bjftradinggroup.com\\\/product\\\/newsautotraderpro\\\/#primaryimage\"},\"image\":{\"@id\":\"https:\\\/\\\/bjftradinggroup.com\\\/product\\\/newsautotraderpro\\\/#primaryimage\"},\"thumbnailUrl\":\"https:\\\/\\\/bjftradinggroup.com\\\/wp-content\\\/uploads\\\/2019\\\/11\\\/news-auto-trader-pro-box.png\",\"datePublished\":\"2019-11-16T15:37:22+00:00\",\"dateModified\":\"2026-04-01T13:21:50+00:00\",\"description\":\"NewsAutoTraderPro - Forex Software for trading on economic news releases on jForex cTrader platforms and via FIX API protocol.\",\"breadcrumb\":{\"@id\":\"https:\\\/\\\/bjftradinggroup.com\\\/product\\\/newsautotraderpro\\\/#breadcrumb\"},\"inLanguage\":\"vi-VN\",\"potentialAction\":[{\"@type\":\"ReadAction\",\"target\":[\"https:\\\/\\\/bjftradinggroup.com\\\/product\\\/newsautotraderpro\\\/\"]}]},{\"@type\":\"ImageObject\",\"inLanguage\":\"vi-VN\",\"@id\":\"https:\\\/\\\/bjftradinggroup.com\\\/product\\\/newsautotraderpro\\\/#primaryimage\",\"url\":\"https:\\\/\\\/bjftradinggroup.com\\\/wp-content\\\/uploads\\\/2019\\\/11\\\/news-auto-trader-pro-box.png\",\"contentUrl\":\"https:\\\/\\\/bjftradinggroup.com\\\/wp-content\\\/uploads\\\/2019\\\/11\\\/news-auto-trader-pro-box.png\",\"width\":500,\"height\":500,\"caption\":\"NewsAutoTraderPro BOX\"},{\"@type\":\"BreadcrumbList\",\"@id\":\"https:\\\/\\\/bjftradinggroup.com\\\/product\\\/newsautotraderpro\\\/#breadcrumb\",\"itemListElement\":[{\"@type\":\"ListItem\",\"position\":1,\"name\":\"Home\",\"item\":\"https:\\\/\\\/bjftradinggroup.com\\\/\"},{\"@type\":\"ListItem\",\"position\":2,\"name\":\"Shop\",\"item\":\"https:\\\/\\\/bjftradinggroup.com\\\/ko\\\/shop\\\/\"},{\"@type\":\"ListItem\",\"position\":3,\"name\":\"NewsAutoTraderPro Software for News Trading\"}]},{\"@type\":\"WebSite\",\"@id\":\"https:\\\/\\\/bjftradinggroup.com\\\/#website\",\"url\":\"https:\\\/\\\/bjftradinggroup.com\\\/\",\"name\":\"Forex &amp; Cryptocurrencies Arbitrage Software | BJF Trading Group Inc.\",\"description\":\"FX Software pioneer since 2000\",\"potentialAction\":[{\"@type\":\"SearchAction\",\"target\":{\"@type\":\"EntryPoint\",\"urlTemplate\":\"https:\\\/\\\/bjftradinggroup.com\\\/?s={search_term_string}\"},\"query-input\":{\"@type\":\"PropertyValueSpecification\",\"valueRequired\":true,\"valueName\":\"search_term_string\"}}],\"inLanguage\":\"vi-VN\"}]}<\/script>\n<!-- \/ Yoast SEO plugin. -->","yoast_head_json":{"title":"[:en]NewsAutoTraderPro Software for News Trading[:de]NewsAutoTraderPro[:ja]NewsAutoTraderPro[:ar]NewsAutoTraderPro[:ko]NewsAutoTraderPro[:]","description":"NewsAutoTraderPro - Forex Software for trading on economic news releases on jForex cTrader platforms and via FIX API protocol.","robots":{"index":"index","follow":"follow","max-snippet":"max-snippet:-1","max-image-preview":"max-image-preview:large","max-video-preview":"max-video-preview:-1"},"canonical":"https:\/\/bjftradinggroup.com\/product\/newsautotraderpro\/","og_locale":"vi_VN","og_type":"article","og_title":"[:en]NewsAutoTraderPro Software for News Trading[:de]NewsAutoTraderPro[:ja]NewsAutoTraderPro[:ar]NewsAutoTraderPro[:ko]NewsAutoTraderPro[:]","og_description":"NewsAutoTraderPro - Forex Software for trading on economic news releases on jForex cTrader platforms and via FIX API protocol.","og_url":"https:\/\/bjftradinggroup.com\/product\/newsautotraderpro\/","og_site_name":"Forex &amp; Cryptocurrencies Arbitrage Software | BJF Trading Group Inc.","article_modified_time":"2026-04-01T13:21:50+00:00","og_image":[{"width":500,"height":500,"url":"https:\/\/bjftradinggroup.com\/wp-content\/uploads\/2019\/11\/news-auto-trader-pro-box.png","type":"image\/png"}],"twitter_card":"summary_large_image","twitter_misc":{"Est. reading time":"3 minutes"},"schema":{"@context":"https:\/\/schema.org","@graph":[{"@type":"WebPage","@id":"https:\/\/bjftradinggroup.com\/product\/newsautotraderpro\/","url":"https:\/\/bjftradinggroup.com\/product\/newsautotraderpro\/","name":"[:en]NewsAutoTraderPro Software for News Trading[:de]NewsAutoTraderPro[:ja]NewsAutoTraderPro[:ar]NewsAutoTraderPro[:ko]NewsAutoTraderPro[:]","isPartOf":{"@id":"https:\/\/bjftradinggroup.com\/#website"},"primaryImageOfPage":{"@id":"https:\/\/bjftradinggroup.com\/product\/newsautotraderpro\/#primaryimage"},"image":{"@id":"https:\/\/bjftradinggroup.com\/product\/newsautotraderpro\/#primaryimage"},"thumbnailUrl":"https:\/\/bjftradinggroup.com\/wp-content\/uploads\/2019\/11\/news-auto-trader-pro-box.png","datePublished":"2019-11-16T15:37:22+00:00","dateModified":"2026-04-01T13:21:50+00:00","description":"NewsAutoTraderPro - Forex Software for trading on economic news releases on jForex cTrader platforms and via FIX API protocol.","breadcrumb":{"@id":"https:\/\/bjftradinggroup.com\/product\/newsautotraderpro\/#breadcrumb"},"inLanguage":"vi-VN","potentialAction":[{"@type":"ReadAction","target":["https:\/\/bjftradinggroup.com\/product\/newsautotraderpro\/"]}]},{"@type":"ImageObject","inLanguage":"vi-VN","@id":"https:\/\/bjftradinggroup.com\/product\/newsautotraderpro\/#primaryimage","url":"https:\/\/bjftradinggroup.com\/wp-content\/uploads\/2019\/11\/news-auto-trader-pro-box.png","contentUrl":"https:\/\/bjftradinggroup.com\/wp-content\/uploads\/2019\/11\/news-auto-trader-pro-box.png","width":500,"height":500,"caption":"NewsAutoTraderPro BOX"},{"@type":"BreadcrumbList","@id":"https:\/\/bjftradinggroup.com\/product\/newsautotraderpro\/#breadcrumb","itemListElement":[{"@type":"ListItem","position":1,"name":"Home","item":"https:\/\/bjftradinggroup.com\/"},{"@type":"ListItem","position":2,"name":"Shop","item":"https:\/\/bjftradinggroup.com\/ko\/shop\/"},{"@type":"ListItem","position":3,"name":"NewsAutoTraderPro Software for News Trading"}]},{"@type":"WebSite","@id":"https:\/\/bjftradinggroup.com\/#website","url":"https:\/\/bjftradinggroup.com\/","name":"Forex &amp; Cryptocurrencies Arbitrage Software | BJF Trading Group Inc.","description":"FX Software pioneer since 2000","potentialAction":[{"@type":"SearchAction","target":{"@type":"EntryPoint","urlTemplate":"https:\/\/bjftradinggroup.com\/?s={search_term_string}"},"query-input":{"@type":"PropertyValueSpecification","valueRequired":true,"valueName":"search_term_string"}}],"inLanguage":"vi-VN"}]}},"_links":{"self":[{"href":"https:\/\/bjftradinggroup.com\/vi\/wp-json\/wp\/v2\/product\/4219","targetHints":{"allow":["GET"]}}],"collection":[{"href":"https:\/\/bjftradinggroup.com\/vi\/wp-json\/wp\/v2\/product"}],"about":[{"href":"https:\/\/bjftradinggroup.com\/vi\/wp-json\/wp\/v2\/types\/product"}],"replies":[{"embeddable":true,"href":"https:\/\/bjftradinggroup.com\/vi\/wp-json\/wp\/v2\/comments?post=4219"}],"wp:featuredmedia":[{"embeddable":true,"href":"https:\/\/bjftradinggroup.com\/vi\/wp-json\/wp\/v2\/media\/4101"}],"wp:attachment":[{"href":"https:\/\/bjftradinggroup.com\/vi\/wp-json\/wp\/v2\/media?parent=4219"}],"wp:term":[{"taxonomy":"product_brand","embeddable":true,"href":"https:\/\/bjftradinggroup.com\/vi\/wp-json\/wp\/v2\/product_brand?post=4219"},{"taxonomy":"product_cat","embeddable":true,"href":"https:\/\/bjftradinggroup.com\/vi\/wp-json\/wp\/v2\/product_cat?post=4219"},{"taxonomy":"product_tag","embeddable":true,"href":"https:\/\/bjftradinggroup.com\/vi\/wp-json\/wp\/v2\/product_tag?post=4219"}],"curies":[{"name":"wp","href":"https:\/\/api.w.org\/{rel}","templated":true}]}}