{"id":1756,"date":"2019-08-19T16:36:04","date_gmt":"2019-08-19T16:36:04","guid":{"rendered":"https:\/\/bjftradinggroup.com\/?post_type=product&#038;p=1756"},"modified":"2025-11-11T22:27:50","modified_gmt":"2025-11-11T22:27:50","slug":"forex-cfds-arbitrage-software-for-ctrader","status":"publish","type":"product","link":"https:\/\/bjftradinggroup.com\/vi\/product\/forex-cfds-arbitrage-software-for-ctrader\/","title":{"rendered":"Ph\u1ea7n m\u1ec1m giao d\u1ecbch ch\u00eanh l\u1ec7ch gi\u00e1 Forex &#038; CFD d\u00e0nh cho c\u00e1c nh\u00e0 giao d\u1ecbch tr\u00ean n\u1ec1n t\u1ea3ng cTrader"},"content":{"rendered":"<p>Ch\u01b0\u01a1ng tr\u00ecnh ti\u00ean ti\u1ebfn n\u00e0y so s\u00e1nh gi\u00e1 gi\u1eefa ngu\u1ed3n d\u1eef li\u1ec7u nhanh v\u00e0 n\u1ec1n t\u1ea3ng <em>cTrader<\/em>. V\u00ec c\u00e1c l\u1ec7nh \u0111\u01b0\u1ee3c th\u1ef1c hi\u1ec7n ho\u00e0n to\u00e0n t\u1ef1 \u0111\u1ed9ng, nh\u00e0 giao d\u1ecbch kh\u00f4ng c\u1ea7n thao t\u00e1c th\u1ee7 c\u00f4ng. S\u1ea3n ph\u1ea9m n\u00e0y \u0111\u1eb7c bi\u1ec7t h\u1eefu \u00edch cho c\u00e1c nh\u00e0 giao d\u1ecbch t\u1ea7n su\u1ea5t cao, v\u00ec n\u00f3 lo\u1ea1i b\u1ecf c\u00e1c b\u00ean trung gian v\u00e0 s\u1eed d\u1ee5ng giao th\u1ee9c nhanh h\u01a1n.<\/p>\n<h3>Video: &#8220;C\u00e1ch ho\u1ea1t \u0111\u1ed9ng c\u1ee7a ph\u1ea7n m\u1ec1m giao d\u1ecbch ch\u00eanh l\u1ec7ch gi\u00e1 <em>cTrader<\/em>&#8220;<\/h3>\n<p>&nbsp;<\/p>","protected":false},"excerpt":{"rendered":"<p>Ch\u01b0\u01a1ng tr\u00ecnh ti\u00ean ti\u1ebfn n\u00e0y so s\u00e1nh gi\u00e1 gi\u1eefa ngu\u1ed3n d\u1eef li\u1ec7u nhanh v\u00e0 n\u1ec1n t\u1ea3ng <strong data-start=\"799\" data-end=\"810\">CTrader<\/strong>. V\u00ec c\u00e1c l\u1ec7nh \u0111\u01b0\u1ee3c th\u1ef1c hi\u1ec7n ho\u00e0n to\u00e0n t\u1ef1 \u0111\u1ed9ng, nh\u00e0 giao d\u1ecbch kh\u00f4ng c\u1ea7n ph\u1ea3i thao t\u00e1c th\u1ee7 c\u00f4ng.<\/p>\n","protected":false},"featured_media":1757,"comment_status":"open","ping_status":"closed","template":"","meta":{"_acf_changed":false},"product_brand":[],"product_cat":[52,272],"product_tag":[],"class_list":{"0":"post-1756","1":"product","2":"type-product","3":"status-publish","4":"has-post-thumbnail","6":"product_cat-ctrader-arbitrage-software","7":"product_cat-popular","9":"first","10":"instock","11":"purchasable","12":"product-type-simple"},"exclude_global_add_ons":[],"addons":[],"acf":[],"yoast_head":"<!-- This site is optimized with the Yoast SEO plugin v27.3 - https:\/\/yoast.com\/product\/yoast-seo-wordpress\/ -->\n<title><\/title>\n<meta name=\"description\" content=\"{:en} Latency Arbitrage cBot for cTrader trading terminal Latency Arbitrage trading with fast feed for Forex, CFDs, Indices, Metals.{:de}Latency Arbitrage cBot f\u00fcr cTrader Handelsterminal Latenz Arbitrage Trading mit schnellem Feed f\u00fcr Forex, CFDs, Indizes, Metalle.{:ja}FX\u3001CFDs\u3001\u30a4\u30f3\u30c7\u30c3\u30af\u30b9\u3001\u30e1\u30bf\u30eb\u7528\u9ad8\u901f\u30d5\u30a3\u30fc\u30c9 \u4ed8\u304dcTrader \u53d6\u5f15\u30bf\u30fc\u30df\u30ca\u30eb \u30ec\u30a4\u30c6\u30f3\u30b7\u30fc\u30a2\u30fc\u30d3\u30c8\u30e9\u30fc\u30b8\u53d6\u5f15\u7528\u30ec\u30a4\u30c6\u30f3\u30b7\u30fc\u30a2\u30fc\u30d3\u30c8\u30e9\u30fc\u30b8 cBot {:ar}Latency Arbitrage cBot \u0644\u0645\u062d\u0637\u0629 \u062a\u062f\u0627\u0648\u0644 cTrader \u062a\u062f\u0627\u0648\u0644 \u0627\u0644\u0627\u062e\u062a\u0628\u0627\u0621 \u0645\u0639 \u062a\u063a\u0630\u064a\u0629 \u0633\u0631\u064a\u0639\u0629 \u0644\u0644\u0641\u0648\u0631\u0643\u0633\u060c \u0627\u0644\u0639\u0642\u0648\u062f \u0645\u0642\u0627\u0628\u0644 \u0627\u0644\u0641\u0631\u0648\u0642\u0627\u062a\u060c \u0627\u0644\u0645\u0624\u0634\u0631\u0627\u062a \u060c \u0627\u0644\u0645\u0639\u0627\u062f\u0646.{:ko}Forex, CFD, Index, Metals\uc758 \ud328\uc2a4\ud2b8\ud53c\ub4dc\ub97c \uc0ac\uc6a9\ud55c cTrader \uac70\ub798 \ub2e8\ub9d0\uae30\uc758 \ub808\uc774\ud150\uc2dc \uc7ac\uc815\uac70\ub798\ub97c \uc704\ud55c \ub808\uc774\ud150\uc2dc \uc7ac\uc815\uac70\ub798 cBot.{:}\" \/>\n<meta name=\"robots\" content=\"index, follow, max-snippet:-1, max-image-preview:large, max-video-preview:-1\" \/>\n<link rel=\"canonical\" href=\"https:\/\/bjftradinggroup.com\/product\/forex-cfds-arbitrage-software-for-ctrader\/\" \/>\n<meta property=\"og:locale\" content=\"vi_VN\" \/>\n<meta property=\"og:type\" content=\"article\" \/>\n<meta property=\"og:title\" content=\"{:en} Forex Arbitrage Software for cTrader{:de}Forex Arbitrage Software f\u00fcr cTrader{:ja}cTrader\u7528FX\u30a2\u30fc\u30d3\u30c8\u30e9\u30fc\u30b8\u30bd\u30d5\u30c8\u30a6\u30a7\u30a2{:ar}\u0628\u0631\u0646\u0627\u0645\u062c \u062a\u062d\u0643\u064a\u0645 \u0641\u0648\u0631\u0643\u0633 \u0644\u0640 cTrader{:ko}cTrader\uc6a9 Forex \uc7ac\uc815\uac70\ub798 \uc18c\ud504\ud2b8\uc6e8\uc5b4{:}\" \/>\n<meta property=\"og:description\" content=\"{:en} Latency Arbitrage cBot for cTrader trading terminal Latency Arbitrage trading with fast feed for Forex, CFDs, Indices, Metals.{:de}Latency Arbitrage cBot f\u00fcr cTrader Handelsterminal Latenz Arbitrage Trading mit schnellem Feed f\u00fcr Forex, CFDs, Indizes, Metalle.{:ja}FX\u3001CFDs\u3001\u30a4\u30f3\u30c7\u30c3\u30af\u30b9\u3001\u30e1\u30bf\u30eb\u7528\u9ad8\u901f\u30d5\u30a3\u30fc\u30c9 \u4ed8\u304dcTrader \u53d6\u5f15\u30bf\u30fc\u30df\u30ca\u30eb \u30ec\u30a4\u30c6\u30f3\u30b7\u30fc\u30a2\u30fc\u30d3\u30c8\u30e9\u30fc\u30b8\u53d6\u5f15\u7528\u30ec\u30a4\u30c6\u30f3\u30b7\u30fc\u30a2\u30fc\u30d3\u30c8\u30e9\u30fc\u30b8 cBot {:ar}Latency Arbitrage cBot \u0644\u0645\u062d\u0637\u0629 \u062a\u062f\u0627\u0648\u0644 cTrader \u062a\u062f\u0627\u0648\u0644 \u0627\u0644\u0627\u062e\u062a\u0628\u0627\u0621 \u0645\u0639 \u062a\u063a\u0630\u064a\u0629 \u0633\u0631\u064a\u0639\u0629 \u0644\u0644\u0641\u0648\u0631\u0643\u0633\u060c \u0627\u0644\u0639\u0642\u0648\u062f \u0645\u0642\u0627\u0628\u0644 \u0627\u0644\u0641\u0631\u0648\u0642\u0627\u062a\u060c \u0627\u0644\u0645\u0624\u0634\u0631\u0627\u062a \u060c \u0627\u0644\u0645\u0639\u0627\u062f\u0646.{:ko}Forex, CFD, Index, Metals\uc758 \ud328\uc2a4\ud2b8\ud53c\ub4dc\ub97c \uc0ac\uc6a9\ud55c cTrader \uac70\ub798 \ub2e8\ub9d0\uae30\uc758 \ub808\uc774\ud150\uc2dc \uc7ac\uc815\uac70\ub798\ub97c \uc704\ud55c \ub808\uc774\ud150\uc2dc \uc7ac\uc815\uac70\ub798 cBot.{:}\" \/>\n<meta property=\"og:url\" content=\"https:\/\/bjftradinggroup.com\/product\/forex-cfds-arbitrage-software-for-ctrader\/\" \/>\n<meta property=\"og:site_name\" content=\"Forex &amp; Cryptocurrencies Arbitrage Software | BJF Trading Group Inc.\" \/>\n<meta property=\"article:modified_time\" content=\"2025-11-11T22:27:50+00:00\" \/>\n<meta property=\"og:image\" content=\"https:\/\/bjftradinggroup.com\/wp-content\/uploads\/2019\/08\/ctrader-arbitrage-software_box.png\" \/>\n\t<meta property=\"og:image:width\" content=\"500\" \/>\n\t<meta property=\"og:image:height\" content=\"500\" \/>\n\t<meta property=\"og:image:type\" content=\"image\/png\" \/>\n<meta name=\"twitter:card\" content=\"summary_large_image\" \/>\n<meta name=\"twitter:label1\" content=\"Est. reading time\" \/>\n\t<meta name=\"twitter:data1\" content=\"1 minute\" \/>\n<script type=\"application\/ld+json\" class=\"yoast-schema-graph\">{\"@context\":\"https:\\\/\\\/schema.org\",\"@graph\":[{\"@type\":\"WebPage\",\"@id\":\"https:\\\/\\\/bjftradinggroup.com\\\/product\\\/forex-cfds-arbitrage-software-for-ctrader\\\/\",\"url\":\"https:\\\/\\\/bjftradinggroup.com\\\/product\\\/forex-cfds-arbitrage-software-for-ctrader\\\/\",\"name\":\"{:en} Forex Arbitrage Software for cTrader{:de}Forex Arbitrage Software f\u00fcr cTrader{:ja}cTrader\u7528FX\u30a2\u30fc\u30d3\u30c8\u30e9\u30fc\u30b8\u30bd\u30d5\u30c8\u30a6\u30a7\u30a2{:ar}\u0628\u0631\u0646\u0627\u0645\u062c \u062a\u062d\u0643\u064a\u0645 \u0641\u0648\u0631\u0643\u0633 \u0644\u0640 cTrader{:ko}cTrader\uc6a9 Forex \uc7ac\uc815\uac70\ub798 \uc18c\ud504\ud2b8\uc6e8\uc5b4{:}\",\"isPartOf\":{\"@id\":\"https:\\\/\\\/bjftradinggroup.com\\\/#website\"},\"primaryImageOfPage\":{\"@id\":\"https:\\\/\\\/bjftradinggroup.com\\\/product\\\/forex-cfds-arbitrage-software-for-ctrader\\\/#primaryimage\"},\"image\":{\"@id\":\"https:\\\/\\\/bjftradinggroup.com\\\/product\\\/forex-cfds-arbitrage-software-for-ctrader\\\/#primaryimage\"},\"thumbnailUrl\":\"https:\\\/\\\/bjftradinggroup.com\\\/wp-content\\\/uploads\\\/2019\\\/08\\\/ctrader-arbitrage-software_box.png\",\"datePublished\":\"2019-08-19T16:36:04+00:00\",\"dateModified\":\"2025-11-11T22:27:50+00:00\",\"description\":\"{:en} Latency Arbitrage cBot for cTrader trading terminal Latency Arbitrage trading with fast feed for Forex, CFDs, Indices, Metals.{:de}Latency Arbitrage cBot f\u00fcr cTrader Handelsterminal Latenz Arbitrage Trading mit schnellem Feed f\u00fcr Forex, CFDs, Indizes, Metalle.{:ja}FX\u3001CFDs\u3001\u30a4\u30f3\u30c7\u30c3\u30af\u30b9\u3001\u30e1\u30bf\u30eb\u7528\u9ad8\u901f\u30d5\u30a3\u30fc\u30c9 \u4ed8\u304dcTrader \u53d6\u5f15\u30bf\u30fc\u30df\u30ca\u30eb \u30ec\u30a4\u30c6\u30f3\u30b7\u30fc\u30a2\u30fc\u30d3\u30c8\u30e9\u30fc\u30b8\u53d6\u5f15\u7528\u30ec\u30a4\u30c6\u30f3\u30b7\u30fc\u30a2\u30fc\u30d3\u30c8\u30e9\u30fc\u30b8 cBot {:ar}Latency Arbitrage cBot \u0644\u0645\u062d\u0637\u0629 \u062a\u062f\u0627\u0648\u0644 cTrader \u062a\u062f\u0627\u0648\u0644 \u0627\u0644\u0627\u062e\u062a\u0628\u0627\u0621 \u0645\u0639 \u062a\u063a\u0630\u064a\u0629 \u0633\u0631\u064a\u0639\u0629 \u0644\u0644\u0641\u0648\u0631\u0643\u0633\u060c \u0627\u0644\u0639\u0642\u0648\u062f \u0645\u0642\u0627\u0628\u0644 \u0627\u0644\u0641\u0631\u0648\u0642\u0627\u062a\u060c \u0627\u0644\u0645\u0624\u0634\u0631\u0627\u062a \u060c \u0627\u0644\u0645\u0639\u0627\u062f\u0646.{:ko}Forex, CFD, Index, Metals\uc758 \ud328\uc2a4\ud2b8\ud53c\ub4dc\ub97c \uc0ac\uc6a9\ud55c cTrader \uac70\ub798 \ub2e8\ub9d0\uae30\uc758 \ub808\uc774\ud150\uc2dc \uc7ac\uc815\uac70\ub798\ub97c \uc704\ud55c \ub808\uc774\ud150\uc2dc \uc7ac\uc815\uac70\ub798 cBot.{:}\",\"breadcrumb\":{\"@id\":\"https:\\\/\\\/bjftradinggroup.com\\\/product\\\/forex-cfds-arbitrage-software-for-ctrader\\\/#breadcrumb\"},\"inLanguage\":\"vi-VN\",\"potentialAction\":[{\"@type\":\"ReadAction\",\"target\":[\"https:\\\/\\\/bjftradinggroup.com\\\/product\\\/forex-cfds-arbitrage-software-for-ctrader\\\/\"]}]},{\"@type\":\"ImageObject\",\"inLanguage\":\"vi-VN\",\"@id\":\"https:\\\/\\\/bjftradinggroup.com\\\/product\\\/forex-cfds-arbitrage-software-for-ctrader\\\/#primaryimage\",\"url\":\"https:\\\/\\\/bjftradinggroup.com\\\/wp-content\\\/uploads\\\/2019\\\/08\\\/ctrader-arbitrage-software_box.png\",\"contentUrl\":\"https:\\\/\\\/bjftradinggroup.com\\\/wp-content\\\/uploads\\\/2019\\\/08\\\/ctrader-arbitrage-software_box.png\",\"width\":500,\"height\":500,\"caption\":\"cTrader Arbitrage Software Box\"},{\"@type\":\"BreadcrumbList\",\"@id\":\"https:\\\/\\\/bjftradinggroup.com\\\/product\\\/forex-cfds-arbitrage-software-for-ctrader\\\/#breadcrumb\",\"itemListElement\":[{\"@type\":\"ListItem\",\"position\":1,\"name\":\"Home\",\"item\":\"https:\\\/\\\/bjftradinggroup.com\\\/\"},{\"@type\":\"ListItem\",\"position\":2,\"name\":\"Shop\",\"item\":\"https:\\\/\\\/bjftradinggroup.com\\\/ko\\\/shop\\\/\"},{\"@type\":\"ListItem\",\"position\":3,\"name\":\"Forex &#038; CFDs Arbitrage Software for traders on cTrader Platform\"}]},{\"@type\":\"WebSite\",\"@id\":\"https:\\\/\\\/bjftradinggroup.com\\\/#website\",\"url\":\"https:\\\/\\\/bjftradinggroup.com\\\/\",\"name\":\"Forex &amp; Cryptocurrencies Arbitrage Software | BJF Trading Group Inc.\",\"description\":\"FX Software pioneer since 2000\",\"potentialAction\":[{\"@type\":\"SearchAction\",\"target\":{\"@type\":\"EntryPoint\",\"urlTemplate\":\"https:\\\/\\\/bjftradinggroup.com\\\/?s={search_term_string}\"},\"query-input\":{\"@type\":\"PropertyValueSpecification\",\"valueRequired\":true,\"valueName\":\"search_term_string\"}}],\"inLanguage\":\"vi-VN\"}]}<\/script>\n<!-- \/ Yoast SEO plugin. -->","yoast_head_json":{"title":"{:en} Forex Arbitrage Software for cTrader{:de}Forex Arbitrage Software f\u00fcr cTrader{:ja}cTrader\u7528FX\u30a2\u30fc\u30d3\u30c8\u30e9\u30fc\u30b8\u30bd\u30d5\u30c8\u30a6\u30a7\u30a2{:ar}\u0628\u0631\u0646\u0627\u0645\u062c \u062a\u062d\u0643\u064a\u0645 \u0641\u0648\u0631\u0643\u0633 \u0644\u0640 cTrader{:ko}cTrader\uc6a9 Forex \uc7ac\uc815\uac70\ub798 \uc18c\ud504\ud2b8\uc6e8\uc5b4{:}","description":"{:en} Latency Arbitrage cBot for cTrader trading terminal Latency Arbitrage trading with fast feed for Forex, CFDs, Indices, Metals.{:de}Latency Arbitrage cBot f\u00fcr cTrader Handelsterminal Latenz Arbitrage Trading mit schnellem Feed f\u00fcr Forex, CFDs, Indizes, Metalle.{:ja}FX\u3001CFDs\u3001\u30a4\u30f3\u30c7\u30c3\u30af\u30b9\u3001\u30e1\u30bf\u30eb\u7528\u9ad8\u901f\u30d5\u30a3\u30fc\u30c9 \u4ed8\u304dcTrader \u53d6\u5f15\u30bf\u30fc\u30df\u30ca\u30eb \u30ec\u30a4\u30c6\u30f3\u30b7\u30fc\u30a2\u30fc\u30d3\u30c8\u30e9\u30fc\u30b8\u53d6\u5f15\u7528\u30ec\u30a4\u30c6\u30f3\u30b7\u30fc\u30a2\u30fc\u30d3\u30c8\u30e9\u30fc\u30b8 cBot {:ar}Latency Arbitrage cBot \u0644\u0645\u062d\u0637\u0629 \u062a\u062f\u0627\u0648\u0644 cTrader \u062a\u062f\u0627\u0648\u0644 \u0627\u0644\u0627\u062e\u062a\u0628\u0627\u0621 \u0645\u0639 \u062a\u063a\u0630\u064a\u0629 \u0633\u0631\u064a\u0639\u0629 \u0644\u0644\u0641\u0648\u0631\u0643\u0633\u060c \u0627\u0644\u0639\u0642\u0648\u062f \u0645\u0642\u0627\u0628\u0644 \u0627\u0644\u0641\u0631\u0648\u0642\u0627\u062a\u060c \u0627\u0644\u0645\u0624\u0634\u0631\u0627\u062a \u060c \u0627\u0644\u0645\u0639\u0627\u062f\u0646.{:ko}Forex, CFD, Index, Metals\uc758 \ud328\uc2a4\ud2b8\ud53c\ub4dc\ub97c \uc0ac\uc6a9\ud55c cTrader \uac70\ub798 \ub2e8\ub9d0\uae30\uc758 \ub808\uc774\ud150\uc2dc \uc7ac\uc815\uac70\ub798\ub97c \uc704\ud55c \ub808\uc774\ud150\uc2dc \uc7ac\uc815\uac70\ub798 cBot.{:}","robots":{"index":"index","follow":"follow","max-snippet":"max-snippet:-1","max-image-preview":"max-image-preview:large","max-video-preview":"max-video-preview:-1"},"canonical":"https:\/\/bjftradinggroup.com\/product\/forex-cfds-arbitrage-software-for-ctrader\/","og_locale":"vi_VN","og_type":"article","og_title":"{:en} Forex Arbitrage Software for cTrader{:de}Forex Arbitrage Software f\u00fcr cTrader{:ja}cTrader\u7528FX\u30a2\u30fc\u30d3\u30c8\u30e9\u30fc\u30b8\u30bd\u30d5\u30c8\u30a6\u30a7\u30a2{:ar}\u0628\u0631\u0646\u0627\u0645\u062c \u062a\u062d\u0643\u064a\u0645 \u0641\u0648\u0631\u0643\u0633 \u0644\u0640 cTrader{:ko}cTrader\uc6a9 Forex \uc7ac\uc815\uac70\ub798 \uc18c\ud504\ud2b8\uc6e8\uc5b4{:}","og_description":"{:en} Latency Arbitrage cBot for cTrader trading terminal Latency Arbitrage trading with fast feed for Forex, CFDs, Indices, Metals.{:de}Latency Arbitrage cBot f\u00fcr cTrader Handelsterminal Latenz Arbitrage Trading mit schnellem Feed f\u00fcr Forex, CFDs, Indizes, Metalle.{:ja}FX\u3001CFDs\u3001\u30a4\u30f3\u30c7\u30c3\u30af\u30b9\u3001\u30e1\u30bf\u30eb\u7528\u9ad8\u901f\u30d5\u30a3\u30fc\u30c9 \u4ed8\u304dcTrader \u53d6\u5f15\u30bf\u30fc\u30df\u30ca\u30eb \u30ec\u30a4\u30c6\u30f3\u30b7\u30fc\u30a2\u30fc\u30d3\u30c8\u30e9\u30fc\u30b8\u53d6\u5f15\u7528\u30ec\u30a4\u30c6\u30f3\u30b7\u30fc\u30a2\u30fc\u30d3\u30c8\u30e9\u30fc\u30b8 cBot {:ar}Latency Arbitrage cBot \u0644\u0645\u062d\u0637\u0629 \u062a\u062f\u0627\u0648\u0644 cTrader \u062a\u062f\u0627\u0648\u0644 \u0627\u0644\u0627\u062e\u062a\u0628\u0627\u0621 \u0645\u0639 \u062a\u063a\u0630\u064a\u0629 \u0633\u0631\u064a\u0639\u0629 \u0644\u0644\u0641\u0648\u0631\u0643\u0633\u060c \u0627\u0644\u0639\u0642\u0648\u062f \u0645\u0642\u0627\u0628\u0644 \u0627\u0644\u0641\u0631\u0648\u0642\u0627\u062a\u060c \u0627\u0644\u0645\u0624\u0634\u0631\u0627\u062a \u060c \u0627\u0644\u0645\u0639\u0627\u062f\u0646.{:ko}Forex, CFD, Index, Metals\uc758 \ud328\uc2a4\ud2b8\ud53c\ub4dc\ub97c \uc0ac\uc6a9\ud55c cTrader \uac70\ub798 \ub2e8\ub9d0\uae30\uc758 \ub808\uc774\ud150\uc2dc \uc7ac\uc815\uac70\ub798\ub97c \uc704\ud55c \ub808\uc774\ud150\uc2dc \uc7ac\uc815\uac70\ub798 cBot.{:}","og_url":"https:\/\/bjftradinggroup.com\/product\/forex-cfds-arbitrage-software-for-ctrader\/","og_site_name":"Forex &amp; Cryptocurrencies Arbitrage Software | BJF Trading Group Inc.","article_modified_time":"2025-11-11T22:27:50+00:00","og_image":[{"width":500,"height":500,"url":"https:\/\/bjftradinggroup.com\/wp-content\/uploads\/2019\/08\/ctrader-arbitrage-software_box.png","type":"image\/png"}],"twitter_card":"summary_large_image","twitter_misc":{"Est. reading time":"1 minute"},"schema":{"@context":"https:\/\/schema.org","@graph":[{"@type":"WebPage","@id":"https:\/\/bjftradinggroup.com\/product\/forex-cfds-arbitrage-software-for-ctrader\/","url":"https:\/\/bjftradinggroup.com\/product\/forex-cfds-arbitrage-software-for-ctrader\/","name":"{:en} Forex Arbitrage Software for cTrader{:de}Forex Arbitrage Software f\u00fcr cTrader{:ja}cTrader\u7528FX\u30a2\u30fc\u30d3\u30c8\u30e9\u30fc\u30b8\u30bd\u30d5\u30c8\u30a6\u30a7\u30a2{:ar}\u0628\u0631\u0646\u0627\u0645\u062c \u062a\u062d\u0643\u064a\u0645 \u0641\u0648\u0631\u0643\u0633 \u0644\u0640 cTrader{:ko}cTrader\uc6a9 Forex \uc7ac\uc815\uac70\ub798 \uc18c\ud504\ud2b8\uc6e8\uc5b4{:}","isPartOf":{"@id":"https:\/\/bjftradinggroup.com\/#website"},"primaryImageOfPage":{"@id":"https:\/\/bjftradinggroup.com\/product\/forex-cfds-arbitrage-software-for-ctrader\/#primaryimage"},"image":{"@id":"https:\/\/bjftradinggroup.com\/product\/forex-cfds-arbitrage-software-for-ctrader\/#primaryimage"},"thumbnailUrl":"https:\/\/bjftradinggroup.com\/wp-content\/uploads\/2019\/08\/ctrader-arbitrage-software_box.png","datePublished":"2019-08-19T16:36:04+00:00","dateModified":"2025-11-11T22:27:50+00:00","description":"{:en} Latency Arbitrage cBot for cTrader trading terminal Latency Arbitrage trading with fast feed for Forex, CFDs, Indices, Metals.{:de}Latency Arbitrage cBot f\u00fcr cTrader Handelsterminal Latenz Arbitrage Trading mit schnellem Feed f\u00fcr Forex, CFDs, Indizes, Metalle.{:ja}FX\u3001CFDs\u3001\u30a4\u30f3\u30c7\u30c3\u30af\u30b9\u3001\u30e1\u30bf\u30eb\u7528\u9ad8\u901f\u30d5\u30a3\u30fc\u30c9 \u4ed8\u304dcTrader \u53d6\u5f15\u30bf\u30fc\u30df\u30ca\u30eb \u30ec\u30a4\u30c6\u30f3\u30b7\u30fc\u30a2\u30fc\u30d3\u30c8\u30e9\u30fc\u30b8\u53d6\u5f15\u7528\u30ec\u30a4\u30c6\u30f3\u30b7\u30fc\u30a2\u30fc\u30d3\u30c8\u30e9\u30fc\u30b8 cBot {:ar}Latency Arbitrage cBot \u0644\u0645\u062d\u0637\u0629 \u062a\u062f\u0627\u0648\u0644 cTrader \u062a\u062f\u0627\u0648\u0644 \u0627\u0644\u0627\u062e\u062a\u0628\u0627\u0621 \u0645\u0639 \u062a\u063a\u0630\u064a\u0629 \u0633\u0631\u064a\u0639\u0629 \u0644\u0644\u0641\u0648\u0631\u0643\u0633\u060c \u0627\u0644\u0639\u0642\u0648\u062f \u0645\u0642\u0627\u0628\u0644 \u0627\u0644\u0641\u0631\u0648\u0642\u0627\u062a\u060c \u0627\u0644\u0645\u0624\u0634\u0631\u0627\u062a \u060c \u0627\u0644\u0645\u0639\u0627\u062f\u0646.{:ko}Forex, CFD, Index, Metals\uc758 \ud328\uc2a4\ud2b8\ud53c\ub4dc\ub97c \uc0ac\uc6a9\ud55c cTrader \uac70\ub798 \ub2e8\ub9d0\uae30\uc758 \ub808\uc774\ud150\uc2dc \uc7ac\uc815\uac70\ub798\ub97c \uc704\ud55c \ub808\uc774\ud150\uc2dc \uc7ac\uc815\uac70\ub798 cBot.{:}","breadcrumb":{"@id":"https:\/\/bjftradinggroup.com\/product\/forex-cfds-arbitrage-software-for-ctrader\/#breadcrumb"},"inLanguage":"vi-VN","potentialAction":[{"@type":"ReadAction","target":["https:\/\/bjftradinggroup.com\/product\/forex-cfds-arbitrage-software-for-ctrader\/"]}]},{"@type":"ImageObject","inLanguage":"vi-VN","@id":"https:\/\/bjftradinggroup.com\/product\/forex-cfds-arbitrage-software-for-ctrader\/#primaryimage","url":"https:\/\/bjftradinggroup.com\/wp-content\/uploads\/2019\/08\/ctrader-arbitrage-software_box.png","contentUrl":"https:\/\/bjftradinggroup.com\/wp-content\/uploads\/2019\/08\/ctrader-arbitrage-software_box.png","width":500,"height":500,"caption":"cTrader Arbitrage Software Box"},{"@type":"BreadcrumbList","@id":"https:\/\/bjftradinggroup.com\/product\/forex-cfds-arbitrage-software-for-ctrader\/#breadcrumb","itemListElement":[{"@type":"ListItem","position":1,"name":"Home","item":"https:\/\/bjftradinggroup.com\/"},{"@type":"ListItem","position":2,"name":"Shop","item":"https:\/\/bjftradinggroup.com\/ko\/shop\/"},{"@type":"ListItem","position":3,"name":"Forex &#038; CFDs Arbitrage Software for traders on cTrader Platform"}]},{"@type":"WebSite","@id":"https:\/\/bjftradinggroup.com\/#website","url":"https:\/\/bjftradinggroup.com\/","name":"Forex &amp; Cryptocurrencies Arbitrage Software | BJF Trading Group Inc.","description":"FX Software pioneer since 2000","potentialAction":[{"@type":"SearchAction","target":{"@type":"EntryPoint","urlTemplate":"https:\/\/bjftradinggroup.com\/?s={search_term_string}"},"query-input":{"@type":"PropertyValueSpecification","valueRequired":true,"valueName":"search_term_string"}}],"inLanguage":"vi-VN"}]}},"_links":{"self":[{"href":"https:\/\/bjftradinggroup.com\/vi\/wp-json\/wp\/v2\/product\/1756","targetHints":{"allow":["GET"]}}],"collection":[{"href":"https:\/\/bjftradinggroup.com\/vi\/wp-json\/wp\/v2\/product"}],"about":[{"href":"https:\/\/bjftradinggroup.com\/vi\/wp-json\/wp\/v2\/types\/product"}],"replies":[{"embeddable":true,"href":"https:\/\/bjftradinggroup.com\/vi\/wp-json\/wp\/v2\/comments?post=1756"}],"wp:featuredmedia":[{"embeddable":true,"href":"https:\/\/bjftradinggroup.com\/vi\/wp-json\/wp\/v2\/media\/1757"}],"wp:attachment":[{"href":"https:\/\/bjftradinggroup.com\/vi\/wp-json\/wp\/v2\/media?parent=1756"}],"wp:term":[{"taxonomy":"product_brand","embeddable":true,"href":"https:\/\/bjftradinggroup.com\/vi\/wp-json\/wp\/v2\/product_brand?post=1756"},{"taxonomy":"product_cat","embeddable":true,"href":"https:\/\/bjftradinggroup.com\/vi\/wp-json\/wp\/v2\/product_cat?post=1756"},{"taxonomy":"product_tag","embeddable":true,"href":"https:\/\/bjftradinggroup.com\/vi\/wp-json\/wp\/v2\/product_tag?post=1756"}],"curies":[{"name":"wp","href":"https:\/\/api.w.org\/{rel}","templated":true}]}}