{"id":8272,"date":"2024-12-16T14:40:01","date_gmt":"2024-12-16T14:40:01","guid":{"rendered":"https:\/\/bjftradinggroup.com\/?page_id=8272"},"modified":"2026-04-08T08:38:02","modified_gmt":"2026-04-08T08:38:02","slug":"celebrate-the-holidays-with-big-savings-festive-bonuses","status":"publish","type":"page","link":"https:\/\/bjftradinggroup.com\/vi\/celebrate-the-holidays-with-big-savings-festive-bonuses\/","title":{"rendered":"Celebrate the Holidays with Big Savings &#038; Festive Bonuses!"},"content":{"rendered":"<p><\/p>\n<section class=\"holiday-offer-hero\" style=\"text-align: center; margin-bottom: 40px;\"><img decoding=\"async\" style=\"max-width: 100%; border-radius: 12px;\" src=\"https:\/\/bjftradinggroup.com\/wp-content\/uploads\/2025\/12\/powerfull-trading-tools.png\" alt=\"C\u00f4ng c\u1ee5 giao d\u1ecbch m\u00f9a l\u1ec5 h\u1ed9i\" \/><\/section>\n<h2 style=\"text-align: center;\"><strong>HOLIDAY SPECIAL 2025\u20132026<br \/>\n\u01afu \u0111\u00e3i Gi\u00e1ng Sinh &amp; N\u0103m M\u1edbi cho t\u1ea5t c\u1ea3 s\u1ea3n ph\u1ea9m giao d\u1ecbch<\/strong><\/h2>\n<p style=\"text-align: center; font-size: 18px;\">Ch\u00e0o \u0111\u00f3n m\u00f9a l\u1ec5 h\u1ed9i v\u1edbi nh\u1eefng n\u00e2ng c\u1ea5p m\u1ea1nh m\u1ebd cho b\u1ed9 c\u00f4ng c\u1ee5 giao d\u1ecbch c\u1ee7a b\u1ea1n.<br \/>\nT\u1eadn h\u01b0\u1edfng gi\u1ea3m gi\u00e1 trong th\u1eddi gian gi\u1edbi h\u1ea1n, c\u00e1c kho\u1ea3n th\u01b0\u1edfng \u0111\u1ed9c quy\u1ec1n v\u00e0 g\u00f3i h\u1ed7 tr\u1ee3 m\u1edf r\u1ed9ng.<\/p>\n<h2 style=\"color: #c1272d; text-align: center;\"><strong>\ud83c\udf81 GI\u1ea2M GI\u00c1 50% + Th\u01b0\u1edfng l\u1ec5 h\u1ed9i \u0111\u1ed9c quy\u1ec1n<\/strong><\/h2>\n<article class=\"card pro\">\n<header>\n<h3><strong>\ud83c\udf84<\/strong> N\u1ec1n t\u1ea3ng Arbitrage SharpTrader <strong>Pro<\/strong><\/h3>\n<div class=\"tag\">50% OFF<\/div>\n<\/header>\n<p class=\"lead\">N\u1ec1n t\u1ea3ng arbitrage chuy\u00ean nghi\u1ec7p, \u0111\u01b0\u1ee3c thi\u1ebft k\u1ebf \u0111\u1ec3 \u0111\u1ea1t \u0111\u1ed9 ch\u00ednh x\u00e1c cao, t\u1ed1c \u0111\u1ed9 v\u01b0\u1ee3t tr\u1ed9i<br \/>\nv\u00e0 kh\u1ea3 n\u0103ng m\u1edf r\u1ed9ng tr\u00ean Forex, CFD, N\u0103ng l\u01b0\u1ee3ng, Kim lo\u1ea1i cao c\u1ea5p, H\u1ee3p \u0111\u1ed3ng t\u01b0\u01a1ng lai v\u00e0 Crypto.<\/p>\n<ul class=\"perks\">\n<li><strong>2 gi\u1ea5y ph\u00e9p Pro<\/strong> \u2014 v\u1eadn h\u00e0nh tr\u00ean 2 VPS v\u1edbi s\u1ed1 l\u01b0\u1ee3ng t\u00e0i kho\u1ea3n kh\u00f4ng gi\u1edbi h\u1ea1n<\/li>\n<li><strong>Hybrid Masking Strategy<\/strong> <em>(<del>$495<\/del>)<\/em> \u2014 \u0111\u01b0\u1ee3c t\u1eb7ng mi\u1ec5n ph\u00ed.<br \/>\n<a href=\"https:\/\/bjftradinggroup.com\/product\/hybrid-masking-strategy-advanced-arbitrage-protection-for-sharptrader\/\" target=\"_blank\" rel=\"noopener\">T\u00ecm hi\u1ec3u th\u00eam<\/a><\/li>\n<li><strong>15% t\u00edn d\u1ee5ng c\u1eeda h\u00e0ng<\/strong> cho c\u00e1c l\u1ea7n mua trong t\u01b0\u01a1ng lai<\/li>\n<li><strong>T\u1ed1i \u01b0u h\u00f3a AI<\/strong> \u2014 mi\u1ec5n ph\u00ed 1 th\u00e1ng.<br \/>\n<a href=\"https:\/\/bjftradinggroup.com\/product\/ai-arbitrage-optimizer\/\" target=\"_blank\" rel=\"noopener\">T\u00ecm hi\u1ec3u th\u00eam<\/a><\/li>\n<li><strong>UltraFXVPS<\/strong> \u2014 <span data-teams=\"true\">25% off coupon for HFT VPS Special<\/span><\/li>\n<li>Broker \u0111\u01b0\u1ee3c khuy\u1ebfn ngh\u1ecb + file set mi\u1ec5n ph\u00ed cho broker v\u00e0 prop firm<\/li>\n<li><strong>Fast feed mi\u1ec5n ph\u00ed<\/strong> t\u1ea1i c\u00e1c trung t\u00e2m London, New York v\u00e0 Tokyo<\/li>\n<li><strong>H\u1ed7 tr\u1ee3 tr\u1ecdn \u0111\u1eddi<\/strong> \u2014 h\u1ed7 tr\u1ee3 c\u00e0i \u0111\u1eb7t v\u00e0 c\u1ea5u h\u00ecnh VPS<\/li>\n<\/ul>\n<footer><a class=\"btn primary\" href=\"https:\/\/bjftradinggroup.com\/product\/sharptrader-forex-crypto-arbitrage\/\" target=\"_blank\" rel=\"noopener\"><br \/>\nNh\u1eadn SharpTrader Pro<br \/>\n<\/a><\/footer>\n<\/article>\n<p><!-- Offer: SharpTrader Lite --><\/p>\n<article class=\"card lite\">\n<header>\n<h3><strong>\ud83c\udf84<\/strong> N\u1ec1n t\u1ea3ng Arbitrage SharpTrader <strong>Lite<\/strong><\/h3>\n<div class=\"tag\">50% OFF<\/div>\n<\/header>\n<p class=\"lead\">Gi\u1ea3i ph\u00e1p arbitrage tinh g\u1ecdn v\u1edbi \u0111\u1ed9 \u1ed5n \u0111\u1ecbnh c\u1ea5p \u0111\u1ed9 chuy\u00ean nghi\u1ec7p \u2014<br \/>\nl\u00fd t\u01b0\u1edfng \u0111\u1ec3 m\u1edf r\u1ed9ng th\u00eam VPS v\u00e0 t\u00e0i kho\u1ea3n.<\/p>\n<ul class=\"perks\">\n<li><strong>2 gi\u1ea5y ph\u00e9p Lite<\/strong> \u2014 s\u1eed d\u1ee5ng tr\u00ean 2 VPS v\u1edbi s\u1ed1 l\u01b0\u1ee3ng t\u00e0i kho\u1ea3n kh\u00f4ng gi\u1edbi h\u1ea1n<\/li>\n<li><strong>10% t\u00edn d\u1ee5ng c\u1eeda h\u00e0ng<\/strong> cho c\u00e1c l\u1ea7n mua trong t\u01b0\u01a1ng lai<\/li>\n<li><strong>UltraFXVPS<\/strong> \u2014<span data-teams=\"true\">25% off coupon for HFT VPS Special<\/span><\/li>\n<li>Broker \u0111\u01b0\u1ee3c khuy\u1ebfn ngh\u1ecb + file set cho broker v\u00e0 prop firm<\/li>\n<li><strong>Fast feed mi\u1ec5n ph\u00ed<\/strong> t\u1ea1i London, New York v\u00e0 Tokyo<\/li>\n<li><strong>H\u1ed7 tr\u1ee3 tr\u1ecdn \u0111\u1eddi<\/strong> \u2014 h\u1ed7 tr\u1ee3 c\u00e0i \u0111\u1eb7t v\u00e0 c\u1ea5u h\u00ecnh VPS<\/li>\n<\/ul>\n<footer><a class=\"btn primary\" href=\"https:\/\/bjftradinggroup.com\/product\/sharptrader-lite\/\" target=\"_blank\" rel=\"noopener\"><br \/>\nNh\u1eadn SharpTrader Lite<br \/>\n<\/a><\/footer>\n<\/article>\n<p><!-- Offer: NewsAutoTraderPro --><\/p>\n<article class=\"card news\">\n<header>\n<h3><strong>\ud83c\udf84<\/strong> NewsAutoTraderPro \u2014 Giao d\u1ecbch tin t\u1ee9c kinh t\u1ebf<\/h3>\n<div class=\"tag\">50% OFF<\/div>\n<\/header>\n<p class=\"lead\">Th\u1ef1c thi si\u00eau nhanh, d\u1ef1a tr\u00ean quy t\u1eafc \u0111\u1ec3 giao d\u1ecbch c\u00e1c s\u1ef1 ki\u1ec7n kinh t\u1ebf<br \/>\nc\u00f3 t\u00e1c \u0111\u1ed9ng l\u1edbn m\u1ed9t c\u00e1ch t\u1ef1 tin v\u00e0 nh\u1ea5t qu\u00e1n.<\/p>\n<ul class=\"perks\">\n<li><strong>2 gi\u1ea5y ph\u00e9p NewsAutoTraderPro<\/strong> \u2014 v\u1eadn h\u00e0nh tr\u00ean 2 VPS v\u1edbi s\u1ed1 l\u01b0\u1ee3ng t\u00e0i kho\u1ea3n kh\u00f4ng gi\u1edbi h\u1ea1n<\/li>\n<li><strong>10% t\u00edn d\u1ee5ng c\u1eeda h\u00e0ng<\/strong> cho c\u00e1c l\u1ea7n mua trong t\u01b0\u01a1ng lai<\/li>\n<li><strong>UltraFXVPS<\/strong> \u2014<span data-teams=\"true\">25% off coupon for HFT VPS Special<\/span><\/li>\n<li>Broker \u0111\u01b0\u1ee3c khuy\u1ebfn ngh\u1ecb + file set mi\u1ec5n ph\u00ed<\/li>\n<li><strong>Feed tin t\u1ee9c mi\u1ec5n ph\u00ed<\/strong><\/li>\n<li><strong>H\u1ed7 tr\u1ee3 tr\u1ecdn \u0111\u1eddi<\/strong> \u2014 h\u1ed7 tr\u1ee3 c\u00e0i \u0111\u1eb7t v\u00e0 c\u1ea5u h\u00ecnh VPS<\/li>\n<\/ul>\n<footer><a class=\"btn primary\" href=\"https:\/\/bjftradinggroup.com\/product\/newsautotraderpro\/\" target=\"_blank\" rel=\"noopener\"><br \/>\nNh\u1eadn NewsAutoTraderPro<br \/>\n<\/a><\/footer>\n<\/article>\n<div class=\"countdown-box\">\n<div><\/div>\n<div class=\"countdown-title\" style=\"text-align: center;\">\ud83c\udf84 <strong>\u01afu \u0111\u00e3i l\u1ec5 h\u1ed9i k\u1ebft th\u00fac sau:<\/strong><\/div>\n<\/div>\n<p style=\"text-align: center;\"><\/p>\n<p><\/p>","protected":false},"excerpt":{"rendered":"<p>HOLIDAY SPECIAL 2025\u20132026 \u01afu \u0111\u00e3i Gi\u00e1ng Sinh &amp; N\u0103m M\u1edbi cho t\u1ea5t c\u1ea3 s\u1ea3n ph\u1ea9m giao d\u1ecbch Ch\u00e0o \u0111\u00f3n m\u00f9a l\u1ec5 h\u1ed9i v\u1edbi nh\u1eefng n\u00e2ng c\u1ea5p m\u1ea1nh m\u1ebd cho b\u1ed9 c\u00f4ng c\u1ee5 giao d\u1ecbch c\u1ee7a b\u1ea1n. T\u1eadn h\u01b0\u1edfng gi\u1ea3m gi\u00e1 trong th\u1eddi gian gi\u1edbi h\u1ea1n, c\u00e1c kho\u1ea3n th\u01b0\u1edfng \u0111\u1ed9c quy\u1ec1n v\u00e0 g\u00f3i h\u1ed7 tr\u1ee3 m\u1edf r\u1ed9ng. \ud83c\udf81 GI\u1ea2M GI\u00c1 50% + Th\u01b0\u1edfng l\u1ec5 h\u1ed9i \u0111\u1ed9c quy\u1ec1n \ud83c\udf84 N\u1ec1n t\u1ea3ng Arbitrage SharpTrader Pro 50% OFF N\u1ec1n&hellip;<\/p>\n","protected":false},"author":1,"featured_media":0,"parent":0,"menu_order":0,"comment_status":"closed","ping_status":"closed","template":"friday-page.php","meta":{"_acf_changed":false,"footnotes":""},"class_list":["post-8272","page","type-page","status-publish","hentry"],"acf":[],"yoast_head":"<!-- This site is optimized with the Yoast SEO plugin v27.5 - https:\/\/yoast.com\/product\/yoast-seo-wordpress\/ -->\n<title><\/title>\n<meta name=\"robots\" content=\"index, follow, max-snippet:-1, max-image-preview:large, max-video-preview:-1\" \/>\n<link rel=\"canonical\" href=\"https:\/\/bjftradinggroup.com\/celebrate-the-holidays-with-big-savings-festive-bonuses\/\" \/>\n<meta property=\"og:locale\" content=\"vi_VN\" \/>\n<meta property=\"og:type\" content=\"article\" \/>\n<meta property=\"og:title\" content=\"[:en]Celebrate the Holidays with Big Savings &amp; Festive Bonuses![:] - Forex &amp; Cryptocurrencies Arbitrage Software | BJF Trading Group Inc.\" \/>\n<meta property=\"og:description\" content=\"HOLIDAY SPECIAL 2025\u20132026 \u01afu \u0111\u00e3i Gi\u00e1ng Sinh &amp; N\u0103m M\u1edbi cho t\u1ea5t c\u1ea3 s\u1ea3n ph\u1ea9m giao d\u1ecbch Ch\u00e0o \u0111\u00f3n m\u00f9a l\u1ec5 h\u1ed9i v\u1edbi nh\u1eefng n\u00e2ng c\u1ea5p m\u1ea1nh m\u1ebd cho b\u1ed9 c\u00f4ng c\u1ee5 giao d\u1ecbch c\u1ee7a b\u1ea1n. T\u1eadn h\u01b0\u1edfng gi\u1ea3m gi\u00e1 trong th\u1eddi gian gi\u1edbi h\u1ea1n, c\u00e1c kho\u1ea3n th\u01b0\u1edfng \u0111\u1ed9c quy\u1ec1n v\u00e0 g\u00f3i h\u1ed7 tr\u1ee3 m\u1edf r\u1ed9ng. \ud83c\udf81 GI\u1ea2M GI\u00c1 50% + Th\u01b0\u1edfng l\u1ec5 h\u1ed9i \u0111\u1ed9c quy\u1ec1n \ud83c\udf84 N\u1ec1n t\u1ea3ng Arbitrage SharpTrader Pro 50% OFF N\u1ec1n&hellip;\" \/>\n<meta property=\"og:url\" content=\"https:\/\/bjftradinggroup.com\/celebrate-the-holidays-with-big-savings-festive-bonuses\/\" \/>\n<meta property=\"og:site_name\" content=\"Forex &amp; Cryptocurrencies Arbitrage Software | BJF Trading Group Inc.\" \/>\n<meta property=\"article:modified_time\" content=\"2026-04-08T08:38:02+00:00\" \/>\n<meta property=\"og:image\" content=\"https:\/\/bjftradinggroup.com\/wp-content\/uploads\/2025\/12\/powerfull-trading-tools.png\" \/>\n<meta name=\"twitter:card\" content=\"summary_large_image\" \/>\n<meta name=\"twitter:label1\" content=\"Est. reading time\" \/>\n\t<meta name=\"twitter:data1\" content=\"14 minutes\" \/>\n<script type=\"application\/ld+json\" class=\"yoast-schema-graph\">{\"@context\":\"https:\\\/\\\/schema.org\",\"@graph\":[{\"@type\":\"WebPage\",\"@id\":\"https:\\\/\\\/bjftradinggroup.com\\\/celebrate-the-holidays-with-big-savings-festive-bonuses\\\/\",\"url\":\"https:\\\/\\\/bjftradinggroup.com\\\/celebrate-the-holidays-with-big-savings-festive-bonuses\\\/\",\"name\":\"Celebrate the Holidays with Big Savings & Festive Bonuses!\",\"isPartOf\":{\"@id\":\"https:\\\/\\\/bjftradinggroup.com\\\/#website\"},\"primaryImageOfPage\":{\"@id\":\"https:\\\/\\\/bjftradinggroup.com\\\/celebrate-the-holidays-with-big-savings-festive-bonuses\\\/#primaryimage\"},\"image\":{\"@id\":\"https:\\\/\\\/bjftradinggroup.com\\\/celebrate-the-holidays-with-big-savings-festive-bonuses\\\/#primaryimage\"},\"thumbnailUrl\":\"https:\\\/\\\/bjftradinggroup.com\\\/wp-content\\\/uploads\\\/2025\\\/12\\\/powerfull-trading-tools.png\",\"datePublished\":\"2024-12-16T14:40:01+00:00\",\"dateModified\":\"2026-04-08T08:38:02+00:00\",\"breadcrumb\":{\"@id\":\"https:\\\/\\\/bjftradinggroup.com\\\/celebrate-the-holidays-with-big-savings-festive-bonuses\\\/#breadcrumb\"},\"inLanguage\":\"vi-VN\",\"potentialAction\":[{\"@type\":\"ReadAction\",\"target\":[\"https:\\\/\\\/bjftradinggroup.com\\\/celebrate-the-holidays-with-big-savings-festive-bonuses\\\/\"]}]},{\"@type\":\"ImageObject\",\"inLanguage\":\"vi-VN\",\"@id\":\"https:\\\/\\\/bjftradinggroup.com\\\/celebrate-the-holidays-with-big-savings-festive-bonuses\\\/#primaryimage\",\"url\":\"https:\\\/\\\/bjftradinggroup.com\\\/wp-content\\\/uploads\\\/2025\\\/12\\\/powerfull-trading-tools.png\",\"contentUrl\":\"https:\\\/\\\/bjftradinggroup.com\\\/wp-content\\\/uploads\\\/2025\\\/12\\\/powerfull-trading-tools.png\"},{\"@type\":\"BreadcrumbList\",\"@id\":\"https:\\\/\\\/bjftradinggroup.com\\\/celebrate-the-holidays-with-big-savings-festive-bonuses\\\/#breadcrumb\",\"itemListElement\":[{\"@type\":\"ListItem\",\"position\":1,\"name\":\"Home\",\"item\":\"https:\\\/\\\/bjftradinggroup.com\\\/\"},{\"@type\":\"ListItem\",\"position\":2,\"name\":\"Celebrate the Holidays with Big Savings &#038; Festive Bonuses!\"}]},{\"@type\":\"WebSite\",\"@id\":\"https:\\\/\\\/bjftradinggroup.com\\\/#website\",\"url\":\"https:\\\/\\\/bjftradinggroup.com\\\/\",\"name\":\"Forex &amp; Cryptocurrencies Arbitrage Software | BJF Trading Group Inc.\",\"description\":\"FX Software pioneer since 2000\",\"potentialAction\":[{\"@type\":\"SearchAction\",\"target\":{\"@type\":\"EntryPoint\",\"urlTemplate\":\"https:\\\/\\\/bjftradinggroup.com\\\/?s={search_term_string}\"},\"query-input\":{\"@type\":\"PropertyValueSpecification\",\"valueRequired\":true,\"valueName\":\"search_term_string\"}}],\"inLanguage\":\"vi-VN\"},{\"@type\":\"Organization\",\"@id\":\"https:\\\/\\\/bjftradinggroup.com\\\/#organization\",\"name\":\"BJF Trading Group Inc.\",\"legalName\":\"BJF Trading Group Inc.\",\"url\":\"https:\\\/\\\/bjftradinggroup.com\\\/\",\"logo\":{\"@type\":\"ImageObject\",\"url\":\"https:\\\/\\\/bjftradinggroup.com\\\/wp-content\\\/uploads\\\/logo.png\",\"width\":512,\"height\":512},\"foundingDate\":\"2000\",\"founder\":{\"@id\":\"https:\\\/\\\/bjftradinggroup.com\\\/about-boris-fesenko\\\/#person\"},\"address\":{\"@type\":\"PostalAddress\",\"addressRegion\":\"Ontario\",\"addressCountry\":\"CA\"},\"contactPoint\":[{\"@type\":\"ContactPoint\",\"contactType\":\"customer support\",\"email\":\"support@bjftradinggroup.com\",\"availableLanguage\":[\"English\",\"German\",\"Japanese\",\"Korean\",\"Spanish\",\"Portuguese\",\"Arabic\",\"Indonesian\",\"Vietnamese\"]}],\"sameAs\":[\"https:\\\/\\\/www.facebook.com\\\/bjftradinggroup\",\"https:\\\/\\\/twitter.com\\\/BjfGroup\",\"https:\\\/\\\/www.youtube.com\\\/@bjftradinggroup\",\"https:\\\/\\\/t.me\\\/bjftradinggroup\",\"https:\\\/\\\/instagram.com\\\/bjftradinggroup\",\"https:\\\/\\\/www.linkedin.com\\\/company\\\/bjf-trading-group\\\/\"],\"knowsAbout\":[\"Forex arbitrage\",\"Cryptocurrency arbitrage\",\"Latency arbitrage\",\"News trading\",\"FIX API trading\",\"High-frequency trading\",\"Lock arbitrage\",\"Hedge arbitrage\",\"Pair trading\",\"Algorithmic trading software\"]}]}<\/script>\n<!-- \/ Yoast SEO plugin. -->","yoast_head_json":{"title":"[:en]Celebrate the Holidays with Big Savings & Festive Bonuses![:] - Forex &amp; Cryptocurrencies Arbitrage Software | BJF Trading Group Inc.","robots":{"index":"index","follow":"follow","max-snippet":"max-snippet:-1","max-image-preview":"max-image-preview:large","max-video-preview":"max-video-preview:-1"},"canonical":"https:\/\/bjftradinggroup.com\/celebrate-the-holidays-with-big-savings-festive-bonuses\/","og_locale":"vi_VN","og_type":"article","og_title":"[:en]Celebrate the Holidays with Big Savings & Festive Bonuses![:] - Forex &amp; Cryptocurrencies Arbitrage Software | BJF Trading Group Inc.","og_description":"HOLIDAY SPECIAL 2025\u20132026 \u01afu \u0111\u00e3i Gi\u00e1ng Sinh &amp; N\u0103m M\u1edbi cho t\u1ea5t c\u1ea3 s\u1ea3n ph\u1ea9m giao d\u1ecbch Ch\u00e0o \u0111\u00f3n m\u00f9a l\u1ec5 h\u1ed9i v\u1edbi nh\u1eefng n\u00e2ng c\u1ea5p m\u1ea1nh m\u1ebd cho b\u1ed9 c\u00f4ng c\u1ee5 giao d\u1ecbch c\u1ee7a b\u1ea1n. T\u1eadn h\u01b0\u1edfng gi\u1ea3m gi\u00e1 trong th\u1eddi gian gi\u1edbi h\u1ea1n, c\u00e1c kho\u1ea3n th\u01b0\u1edfng \u0111\u1ed9c quy\u1ec1n v\u00e0 g\u00f3i h\u1ed7 tr\u1ee3 m\u1edf r\u1ed9ng. \ud83c\udf81 GI\u1ea2M GI\u00c1 50% + Th\u01b0\u1edfng l\u1ec5 h\u1ed9i \u0111\u1ed9c quy\u1ec1n \ud83c\udf84 N\u1ec1n t\u1ea3ng Arbitrage SharpTrader Pro 50% OFF N\u1ec1n&hellip;","og_url":"https:\/\/bjftradinggroup.com\/celebrate-the-holidays-with-big-savings-festive-bonuses\/","og_site_name":"Forex &amp; Cryptocurrencies Arbitrage Software | BJF Trading Group Inc.","article_modified_time":"2026-04-08T08:38:02+00:00","og_image":[{"url":"https:\/\/bjftradinggroup.com\/wp-content\/uploads\/2025\/12\/powerfull-trading-tools.png","type":"","width":"","height":""}],"twitter_card":"summary_large_image","twitter_misc":{"Est. reading time":"14 minutes"},"schema":{"@context":"https:\/\/schema.org","@graph":[{"@type":"WebPage","@id":"https:\/\/bjftradinggroup.com\/celebrate-the-holidays-with-big-savings-festive-bonuses\/","url":"https:\/\/bjftradinggroup.com\/celebrate-the-holidays-with-big-savings-festive-bonuses\/","name":"Celebrate the Holidays with Big Savings & Festive Bonuses!","isPartOf":{"@id":"https:\/\/bjftradinggroup.com\/#website"},"primaryImageOfPage":{"@id":"https:\/\/bjftradinggroup.com\/celebrate-the-holidays-with-big-savings-festive-bonuses\/#primaryimage"},"image":{"@id":"https:\/\/bjftradinggroup.com\/celebrate-the-holidays-with-big-savings-festive-bonuses\/#primaryimage"},"thumbnailUrl":"https:\/\/bjftradinggroup.com\/wp-content\/uploads\/2025\/12\/powerfull-trading-tools.png","datePublished":"2024-12-16T14:40:01+00:00","dateModified":"2026-04-08T08:38:02+00:00","breadcrumb":{"@id":"https:\/\/bjftradinggroup.com\/celebrate-the-holidays-with-big-savings-festive-bonuses\/#breadcrumb"},"inLanguage":"vi-VN","potentialAction":[{"@type":"ReadAction","target":["https:\/\/bjftradinggroup.com\/celebrate-the-holidays-with-big-savings-festive-bonuses\/"]}]},{"@type":"ImageObject","inLanguage":"vi-VN","@id":"https:\/\/bjftradinggroup.com\/celebrate-the-holidays-with-big-savings-festive-bonuses\/#primaryimage","url":"https:\/\/bjftradinggroup.com\/wp-content\/uploads\/2025\/12\/powerfull-trading-tools.png","contentUrl":"https:\/\/bjftradinggroup.com\/wp-content\/uploads\/2025\/12\/powerfull-trading-tools.png"},{"@type":"BreadcrumbList","@id":"https:\/\/bjftradinggroup.com\/celebrate-the-holidays-with-big-savings-festive-bonuses\/#breadcrumb","itemListElement":[{"@type":"ListItem","position":1,"name":"Home","item":"https:\/\/bjftradinggroup.com\/"},{"@type":"ListItem","position":2,"name":"Celebrate the Holidays with Big Savings &#038; Festive Bonuses!"}]},{"@type":"WebSite","@id":"https:\/\/bjftradinggroup.com\/#website","url":"https:\/\/bjftradinggroup.com\/","name":"Forex &amp; Cryptocurrencies Arbitrage Software | BJF Trading Group Inc.","description":"FX Software pioneer since 2000","potentialAction":[{"@type":"SearchAction","target":{"@type":"EntryPoint","urlTemplate":"https:\/\/bjftradinggroup.com\/?s={search_term_string}"},"query-input":{"@type":"PropertyValueSpecification","valueRequired":true,"valueName":"search_term_string"}}],"inLanguage":"vi-VN"},{"@type":"Organization","@id":"https:\/\/bjftradinggroup.com\/#organization","name":"BJF Trading Group Inc.","legalName":"BJF Trading Group Inc.","url":"https:\/\/bjftradinggroup.com\/","logo":{"@type":"ImageObject","url":"https:\/\/bjftradinggroup.com\/wp-content\/uploads\/logo.png","width":512,"height":512},"foundingDate":"2000","founder":{"@id":"https:\/\/bjftradinggroup.com\/about-boris-fesenko\/#person"},"address":{"@type":"PostalAddress","addressRegion":"Ontario","addressCountry":"CA"},"contactPoint":[{"@type":"ContactPoint","contactType":"customer support","email":"support@bjftradinggroup.com","availableLanguage":["English","German","Japanese","Korean","Spanish","Portuguese","Arabic","Indonesian","Vietnamese"]}],"sameAs":["https:\/\/www.facebook.com\/bjftradinggroup","https:\/\/twitter.com\/BjfGroup","https:\/\/www.youtube.com\/@bjftradinggroup","https:\/\/t.me\/bjftradinggroup","https:\/\/instagram.com\/bjftradinggroup","https:\/\/www.linkedin.com\/company\/bjf-trading-group\/"],"knowsAbout":["Forex arbitrage","Cryptocurrency arbitrage","Latency arbitrage","News trading","FIX API trading","High-frequency trading","Lock arbitrage","Hedge arbitrage","Pair trading","Algorithmic trading software"]}]}},"_links":{"self":[{"href":"https:\/\/bjftradinggroup.com\/vi\/wp-json\/wp\/v2\/pages\/8272","targetHints":{"allow":["GET"]}}],"collection":[{"href":"https:\/\/bjftradinggroup.com\/vi\/wp-json\/wp\/v2\/pages"}],"about":[{"href":"https:\/\/bjftradinggroup.com\/vi\/wp-json\/wp\/v2\/types\/page"}],"author":[{"embeddable":true,"href":"https:\/\/bjftradinggroup.com\/vi\/wp-json\/wp\/v2\/users\/1"}],"replies":[{"embeddable":true,"href":"https:\/\/bjftradinggroup.com\/vi\/wp-json\/wp\/v2\/comments?post=8272"}],"version-history":[{"count":28,"href":"https:\/\/bjftradinggroup.com\/vi\/wp-json\/wp\/v2\/pages\/8272\/revisions"}],"predecessor-version":[{"id":10247,"href":"https:\/\/bjftradinggroup.com\/vi\/wp-json\/wp\/v2\/pages\/8272\/revisions\/10247"}],"wp:attachment":[{"href":"https:\/\/bjftradinggroup.com\/vi\/wp-json\/wp\/v2\/media?parent=8272"}],"curies":[{"name":"wp","href":"https:\/\/api.w.org\/{rel}","templated":true}]}}