{"id":314,"date":"2014-11-21T07:26:36","date_gmt":"2014-11-21T07:26:36","guid":{"rendered":"http:\/\/themes.laborator.co\/aurum\/tech\/?page_id=314"},"modified":"2026-04-24T17:57:41","modified_gmt":"2026-04-24T17:57:41","slug":"contacts","status":"publish","type":"page","link":"https:\/\/bjftradinggroup.com\/vi\/contacts\/","title":{"rendered":"Li\u00ean h\u1ec7 v\u1edbi ch\u00fang t\u00f4i"},"content":{"rendered":"<p><\/p>\n<p>[vc_row][vc_column][vc_custom_heading text=&#8221;Li\u00ean h\u1ec7 v\u1edbi T\u1eadp \u0111o\u00e0n Th\u01b0\u01a1ng m\u1ea1i BJF&#8221; font_container=&#8221;tag:h1|text_align:center&#8221; google_fonts=&#8221;font_family:Roboto%20Condensed%3A300%2C300italic%2Cregular%2Citalic%2C700%2C700italic|font_style:400%20regular%3A400%3Anormal&#8221;][\/vc_column][\/vc_row][vc_row][vc_column width=&#8221;2\/3&#8243;][laborator_heading title=&#8221;+Li\u00ean h\u1ec7&#8221; sub_title=&#8221;H\u00e3y vi\u1ebft th\u01b0 cho ch\u00fang t\u00f4i&#8221; icon=&#8221;mail&#8221;]\n<div class=\"wpcf7 no-js\" id=\"wpcf7-f585-o8\" lang=\"en-US\" dir=\"ltr\" data-wpcf7-id=\"585\">\n<div class=\"screen-reader-response\"><p role=\"status\" aria-live=\"polite\" aria-atomic=\"true\"><\/p> <ul><\/ul><\/div>\n<form action=\"\/vi\/wp-json\/wp\/v2\/pages\/314#wpcf7-f585-o8\" method=\"post\" class=\"wpcf7-form init\" aria-label=\"Contact form\" novalidate=\"novalidate\" data-status=\"init\">\n<fieldset class=\"hidden-fields-container\"><input type=\"hidden\" name=\"_wpcf7\" value=\"585\" \/><input type=\"hidden\" name=\"_wpcf7_version\" value=\"6.1.5\" \/><input type=\"hidden\" name=\"_wpcf7_locale\" value=\"en_US\" \/><input type=\"hidden\" name=\"_wpcf7_unit_tag\" value=\"wpcf7-f585-o8\" \/><input type=\"hidden\" name=\"_wpcf7_container_post\" value=\"0\" \/><input type=\"hidden\" name=\"_wpcf7_posted_data_hash\" value=\"\" \/><input type=\"hidden\" name=\"_wpcf7_recaptcha_response\" value=\"\" \/>\n<\/fieldset>\n<div class=\"form-group\">\n\t<p><span class=\"wpcf7-form-control-wrap\" data-name=\"your-name\"><input size=\"40\" maxlength=\"400\" class=\"wpcf7-form-control wpcf7-text wpcf7-validates-as-required form-control required\" aria-required=\"true\" aria-invalid=\"false\" placeholder=\"Your Name *\" value=\"\" type=\"text\" name=\"your-name\" \/><\/span>\n\t<\/p>\n<\/div>\n<div class=\"form-group\">\n\t<p><span class=\"wpcf7-form-control-wrap\" data-name=\"your-email\"><input size=\"40\" maxlength=\"400\" class=\"wpcf7-form-control wpcf7-text wpcf7-validates-as-required form-control required\" aria-required=\"true\" aria-invalid=\"false\" placeholder=\"E-mail *\" value=\"\" type=\"text\" name=\"your-email\" \/><\/span>\n\t<\/p>\n<\/div>\n<div class=\"form-group\">\n\t<p><span class=\"wpcf7-form-control-wrap\" data-name=\"your-message\"><textarea cols=\"40\" rows=\"4\" maxlength=\"2000\" class=\"wpcf7-form-control wpcf7-textarea wpcf7-validates-as-required form-control required\" aria-required=\"true\" aria-invalid=\"false\" placeholder=\"Your Message *\" name=\"your-message\"><\/textarea><\/span>\n\t<\/p>\n<\/div>\n\n<p><input class=\"wpcf7-form-control wpcf7-submit has-spinner btn btn-primary send-message pull-right\" type=\"submit\" value=\"Send Message\" \/>\n<\/p><div class=\"wpcf7-response-output\" aria-hidden=\"true\"><\/div>\n<\/form>\n<\/div>\n[\/vc_column][vc_column width=&#8221;1\/3&#8243;][laborator_heading title=&#8221;\u0110\u1ecba ch\u1ec9 c\u1ee7a ch\u00fang t\u00f4i&#8221; sub_title=&#8221;Ch\u00fang t\u00f4i t\u1ecda l\u1ea1c \u1edf \u0111\u00e2u?&#8221; icon=&#8221;location-1&#8243;][vc_column_text]3397 Mistwell cres., Oakville, ON, L6L0A2, Canada<\/p>\n<p><a href=\"tel:19055995507\">+1.905.599.5507<\/a><br \/>\n<a href=\"mailto:support@bjftradinggroup.com\">support@bjftradinggroup.com<\/a>[\/vc_column_text][\/vc_column][\/vc_row]<\/p>\n<p><script type=\"application\/ld+json\">\n{\n  \"@context\": \"https:\/\/schema.org\",\n  \"@type\": \"Organization\",\n  \"name\": \"BJF Trading Group\",\n  \"url\": \"https:\/\/bjftradinggroup.com\/\",\n  \"email\": \"support@bjftradinggroup.com\",\n  \"telephone\": \"+1-905-599-5507\",\n  \"address\": {\n    \"@type\": \"PostalAddress\",\n    \"streetAddress\": \"3397 Mistwell Cres.\",\n    \"addressLocality\": \"Oakville\",\n    \"addressRegion\": \"ON\",\n    \"postalCode\": \"L6L0A2\",\n    \"addressCountry\": \"CA\"\n  },\n  \"contactPoint\": [{\n    \"@type\": \"ContactPoint\",\n    \"contactType\": \"customer support\",\n    \"email\": \"support@bjftradinggroup.com\",\n    \"telephone\": \"+1-905-599-5507\",\n    \"availableLanguage\": [\n      \"en\",\n      \"de\",\n      \"ja\",\n      \"ar\",\n      \"ko\",\n      \"pt\",\n      \"id\",\n      \"vi\",\n      \"zh\"\n    ]\n  }],\n  \"inLanguage\": \"en\",\n  \"availableLanguage\": [\n    \"en\",\n    \"de\",\n    \"ja\",\n    \"ar\",\n    \"ko\",\n    \"pt\",\n    \"id\",\n    \"vi\",\n    \"zh\"\n  ]\n}\n{\n  \"@context\": \"https:\/\/schema.org\",\n  \"@type\": \"LocalBusiness\",\n  \"name\": \"BJF Trading Group\",\n  \"url\": \"https:\/\/bjftradinggroup.com\/\",\n  \"telephone\": \"+1-905-599-5507\",\n  \"email\": \"support@bjftradinggroup.com\",\n  \"address\": {\n    \"@type\": \"PostalAddress\",\n    \"streetAddress\": \"3397 Mistwell Cres.\",\n    \"addressLocality\": \"Oakville\",\n    \"addressRegion\": \"ON\",\n    \"postalCode\": \"L6L0A2\",\n    \"addressCountry\": \"CA\"\n  }\n}\n<\/script><\/p>","protected":false},"excerpt":{"rendered":"<p>[vc_row][vc_column][vc_custom_heading text=&#8221;Li\u00ean h\u1ec7 v\u1edbi T\u1eadp \u0111o\u00e0n Th\u01b0\u01a1ng m\u1ea1i BJF&#8221; font_container=&#8221;tag:h1|text_align:center&#8221; google_fonts=&#8221;font_family:Roboto%20Condensed%3A300%2C300italic%2Cregular%2Citalic%2C700%2C700italic|font_style:400%20regular%3A400%3Anormal&#8221;][\/vc_column][\/vc_row][vc_row][vc_column width=&#8221;2\/3&#8243;][laborator_heading title=&#8221;+Li\u00ean h\u1ec7&#8221; sub_title=&#8221;H\u00e3y vi\u1ebft th\u01b0 cho ch\u00fang t\u00f4i&#8221; icon=&#8221;mail&#8221;][\/vc_column][vc_column width=&#8221;1\/3&#8243;][laborator_heading title=&#8221;\u0110\u1ecba ch\u1ec9 c\u1ee7a ch\u00fang t\u00f4i&#8221; sub_title=&#8221;Ch\u00fang t\u00f4i t\u1ecda l\u1ea1c \u1edf \u0111\u00e2u?&#8221; icon=&#8221;location-1&#8243;][vc_column_text]3397 Mistwell cres., Oakville, ON, L6L0A2, Canada +1.905.599.5507 support@bjftradinggroup.com[\/vc_column_text][\/vc_column][\/vc_row]<\/p>\n","protected":false},"author":1,"featured_media":0,"parent":0,"menu_order":0,"comment_status":"open","ping_status":"open","template":"page-ai-custom.php","meta":{"_acf_changed":false,"footnotes":""},"class_list":["post-314","page","type-page","status-publish","hentry"],"acf":[],"yoast_head":"<!-- This site is optimized with the Yoast SEO plugin v27.4 - https:\/\/yoast.com\/product\/yoast-seo-wordpress\/ -->\n<title>Contact BJF Trading Group \u2014 Support &amp; Sales<\/title>\n<meta name=\"description\" content=\"Contact BJF Trading Group Inc. (Oakville, ON, Canada) \u2014 technical support, pre-sales questions, and partnership inquiries for SharpTrader, NewsAutoTraderPro, and VIP Crypto Arbitrage. Email, phone, and contact form.\" \/>\n<meta name=\"robots\" content=\"index, follow, max-snippet:-1, max-image-preview:large, max-video-preview:-1\" \/>\n<link rel=\"canonical\" href=\"https:\/\/bjftradinggroup.com\/contacts\/\" \/>\n<meta property=\"og:locale\" content=\"vi_VN\" \/>\n<meta property=\"og:type\" content=\"article\" \/>\n<meta property=\"og:title\" content=\"Contact BJF Trading Group \u2014 Support &amp; Sales\" \/>\n<meta property=\"og:description\" content=\"Contact BJF Trading Group Inc. (Oakville, ON, Canada) \u2014 technical support, pre-sales questions, and partnership inquiries for SharpTrader, NewsAutoTraderPro, and VIP Crypto Arbitrage. Email, phone, and contact form.\" \/>\n<meta property=\"og:url\" content=\"https:\/\/bjftradinggroup.com\/contacts\/\" \/>\n<meta property=\"og:site_name\" content=\"Forex &amp; Cryptocurrencies Arbitrage Software | BJF Trading Group Inc.\" \/>\n<meta property=\"article:modified_time\" content=\"2026-04-24T17:57:41+00:00\" \/>\n<meta name=\"twitter:card\" content=\"summary_large_image\" \/>\n<meta name=\"twitter:label1\" content=\"Est. reading time\" \/>\n\t<meta name=\"twitter:data1\" content=\"5 minutes\" \/>\n<script type=\"application\/ld+json\" class=\"yoast-schema-graph\">{\"@context\":\"https:\\\/\\\/schema.org\",\"@graph\":[{\"@type\":\"WebPage\",\"@id\":\"https:\\\/\\\/bjftradinggroup.com\\\/contacts\\\/\",\"url\":\"https:\\\/\\\/bjftradinggroup.com\\\/contacts\\\/\",\"name\":\"Contact BJF Trading Group \u2014 Support & Sales\",\"isPartOf\":{\"@id\":\"https:\\\/\\\/bjftradinggroup.com\\\/#website\"},\"datePublished\":\"2014-11-21T07:26:36+00:00\",\"dateModified\":\"2026-04-24T17:57:41+00:00\",\"description\":\"Contact BJF Trading Group Inc. (Oakville, ON, Canada) \u2014 technical support, pre-sales questions, and partnership inquiries for SharpTrader, NewsAutoTraderPro, and VIP Crypto Arbitrage. Email, phone, and contact form.\",\"breadcrumb\":{\"@id\":\"https:\\\/\\\/bjftradinggroup.com\\\/contacts\\\/#breadcrumb\"},\"inLanguage\":\"vi-VN\",\"potentialAction\":[{\"@type\":\"ReadAction\",\"target\":[\"https:\\\/\\\/bjftradinggroup.com\\\/contacts\\\/\"]}]},{\"@type\":\"BreadcrumbList\",\"@id\":\"https:\\\/\\\/bjftradinggroup.com\\\/contacts\\\/#breadcrumb\",\"itemListElement\":[{\"@type\":\"ListItem\",\"position\":1,\"name\":\"Home\",\"item\":\"https:\\\/\\\/bjftradinggroup.com\\\/\"},{\"@type\":\"ListItem\",\"position\":2,\"name\":\"Get in Touch with BJF Trading Group\"}]},{\"@type\":\"WebSite\",\"@id\":\"https:\\\/\\\/bjftradinggroup.com\\\/#website\",\"url\":\"https:\\\/\\\/bjftradinggroup.com\\\/\",\"name\":\"Forex &amp; Cryptocurrencies Arbitrage Software | BJF Trading Group Inc.\",\"description\":\"FX Software pioneer since 2000\",\"potentialAction\":[{\"@type\":\"SearchAction\",\"target\":{\"@type\":\"EntryPoint\",\"urlTemplate\":\"https:\\\/\\\/bjftradinggroup.com\\\/?s={search_term_string}\"},\"query-input\":{\"@type\":\"PropertyValueSpecification\",\"valueRequired\":true,\"valueName\":\"search_term_string\"}}],\"inLanguage\":\"vi-VN\"},{\"@type\":\"Organization\",\"@id\":\"https:\\\/\\\/bjftradinggroup.com\\\/#organization\",\"name\":\"BJF Trading Group Inc.\",\"legalName\":\"BJF Trading Group Inc.\",\"url\":\"https:\\\/\\\/bjftradinggroup.com\\\/\",\"logo\":{\"@type\":\"ImageObject\",\"url\":\"https:\\\/\\\/bjftradinggroup.com\\\/wp-content\\\/uploads\\\/logo.png\",\"width\":512,\"height\":512},\"foundingDate\":\"2000\",\"founder\":{\"@id\":\"https:\\\/\\\/bjftradinggroup.com\\\/about-boris-fesenko\\\/#person\"},\"address\":{\"@type\":\"PostalAddress\",\"addressRegion\":\"Ontario\",\"addressCountry\":\"CA\"},\"contactPoint\":[{\"@type\":\"ContactPoint\",\"contactType\":\"customer support\",\"email\":\"support@bjftradinggroup.com\",\"availableLanguage\":[\"English\",\"German\",\"Japanese\",\"Korean\",\"Spanish\",\"Portuguese\",\"Arabic\",\"Indonesian\",\"Vietnamese\"]}],\"sameAs\":[\"https:\\\/\\\/www.facebook.com\\\/bjftradinggroup\",\"https:\\\/\\\/twitter.com\\\/BjfGroup\",\"https:\\\/\\\/www.youtube.com\\\/@bjftradinggroup\",\"https:\\\/\\\/t.me\\\/bjftradinggroup\",\"https:\\\/\\\/instagram.com\\\/bjftradinggroup\",\"https:\\\/\\\/www.linkedin.com\\\/company\\\/bjf-trading-group\\\/\"],\"knowsAbout\":[\"Forex arbitrage\",\"Cryptocurrency arbitrage\",\"Latency arbitrage\",\"News trading\",\"FIX API trading\",\"High-frequency trading\",\"Lock arbitrage\",\"Hedge arbitrage\",\"Pair trading\",\"Algorithmic trading software\"]}]}<\/script>\n<!-- \/ Yoast SEO plugin. -->","yoast_head_json":{"title":"Contact BJF Trading Group \u2014 Support & Sales","description":"Contact BJF Trading Group Inc. (Oakville, ON, Canada) \u2014 technical support, pre-sales questions, and partnership inquiries for SharpTrader, NewsAutoTraderPro, and VIP Crypto Arbitrage. Email, phone, and contact form.","robots":{"index":"index","follow":"follow","max-snippet":"max-snippet:-1","max-image-preview":"max-image-preview:large","max-video-preview":"max-video-preview:-1"},"canonical":"https:\/\/bjftradinggroup.com\/contacts\/","og_locale":"vi_VN","og_type":"article","og_title":"Contact BJF Trading Group \u2014 Support & Sales","og_description":"Contact BJF Trading Group Inc. (Oakville, ON, Canada) \u2014 technical support, pre-sales questions, and partnership inquiries for SharpTrader, NewsAutoTraderPro, and VIP Crypto Arbitrage. Email, phone, and contact form.","og_url":"https:\/\/bjftradinggroup.com\/contacts\/","og_site_name":"Forex &amp; Cryptocurrencies Arbitrage Software | BJF Trading Group Inc.","article_modified_time":"2026-04-24T17:57:41+00:00","twitter_card":"summary_large_image","twitter_misc":{"Est. reading time":"5 minutes"},"schema":{"@context":"https:\/\/schema.org","@graph":[{"@type":"WebPage","@id":"https:\/\/bjftradinggroup.com\/contacts\/","url":"https:\/\/bjftradinggroup.com\/contacts\/","name":"Contact BJF Trading Group \u2014 Support & Sales","isPartOf":{"@id":"https:\/\/bjftradinggroup.com\/#website"},"datePublished":"2014-11-21T07:26:36+00:00","dateModified":"2026-04-24T17:57:41+00:00","description":"Contact BJF Trading Group Inc. (Oakville, ON, Canada) \u2014 technical support, pre-sales questions, and partnership inquiries for SharpTrader, NewsAutoTraderPro, and VIP Crypto Arbitrage. Email, phone, and contact form.","breadcrumb":{"@id":"https:\/\/bjftradinggroup.com\/contacts\/#breadcrumb"},"inLanguage":"vi-VN","potentialAction":[{"@type":"ReadAction","target":["https:\/\/bjftradinggroup.com\/contacts\/"]}]},{"@type":"BreadcrumbList","@id":"https:\/\/bjftradinggroup.com\/contacts\/#breadcrumb","itemListElement":[{"@type":"ListItem","position":1,"name":"Home","item":"https:\/\/bjftradinggroup.com\/"},{"@type":"ListItem","position":2,"name":"Get in Touch with BJF Trading Group"}]},{"@type":"WebSite","@id":"https:\/\/bjftradinggroup.com\/#website","url":"https:\/\/bjftradinggroup.com\/","name":"Forex &amp; Cryptocurrencies Arbitrage Software | BJF Trading Group Inc.","description":"FX Software pioneer since 2000","potentialAction":[{"@type":"SearchAction","target":{"@type":"EntryPoint","urlTemplate":"https:\/\/bjftradinggroup.com\/?s={search_term_string}"},"query-input":{"@type":"PropertyValueSpecification","valueRequired":true,"valueName":"search_term_string"}}],"inLanguage":"vi-VN"},{"@type":"Organization","@id":"https:\/\/bjftradinggroup.com\/#organization","name":"BJF Trading Group Inc.","legalName":"BJF Trading Group Inc.","url":"https:\/\/bjftradinggroup.com\/","logo":{"@type":"ImageObject","url":"https:\/\/bjftradinggroup.com\/wp-content\/uploads\/logo.png","width":512,"height":512},"foundingDate":"2000","founder":{"@id":"https:\/\/bjftradinggroup.com\/about-boris-fesenko\/#person"},"address":{"@type":"PostalAddress","addressRegion":"Ontario","addressCountry":"CA"},"contactPoint":[{"@type":"ContactPoint","contactType":"customer support","email":"support@bjftradinggroup.com","availableLanguage":["English","German","Japanese","Korean","Spanish","Portuguese","Arabic","Indonesian","Vietnamese"]}],"sameAs":["https:\/\/www.facebook.com\/bjftradinggroup","https:\/\/twitter.com\/BjfGroup","https:\/\/www.youtube.com\/@bjftradinggroup","https:\/\/t.me\/bjftradinggroup","https:\/\/instagram.com\/bjftradinggroup","https:\/\/www.linkedin.com\/company\/bjf-trading-group\/"],"knowsAbout":["Forex arbitrage","Cryptocurrency arbitrage","Latency arbitrage","News trading","FIX API trading","High-frequency trading","Lock arbitrage","Hedge arbitrage","Pair trading","Algorithmic trading software"]}]}},"_links":{"self":[{"href":"https:\/\/bjftradinggroup.com\/vi\/wp-json\/wp\/v2\/pages\/314","targetHints":{"allow":["GET"]}}],"collection":[{"href":"https:\/\/bjftradinggroup.com\/vi\/wp-json\/wp\/v2\/pages"}],"about":[{"href":"https:\/\/bjftradinggroup.com\/vi\/wp-json\/wp\/v2\/types\/page"}],"author":[{"embeddable":true,"href":"https:\/\/bjftradinggroup.com\/vi\/wp-json\/wp\/v2\/users\/1"}],"replies":[{"embeddable":true,"href":"https:\/\/bjftradinggroup.com\/vi\/wp-json\/wp\/v2\/comments?post=314"}],"version-history":[{"count":28,"href":"https:\/\/bjftradinggroup.com\/vi\/wp-json\/wp\/v2\/pages\/314\/revisions"}],"predecessor-version":[{"id":12801,"href":"https:\/\/bjftradinggroup.com\/vi\/wp-json\/wp\/v2\/pages\/314\/revisions\/12801"}],"wp:attachment":[{"href":"https:\/\/bjftradinggroup.com\/vi\/wp-json\/wp\/v2\/media?parent=314"}],"curies":[{"name":"wp","href":"https:\/\/api.w.org\/{rel}","templated":true}]}}