{"id":10541,"date":"2026-03-13T15:01:45","date_gmt":"2026-03-13T15:01:45","guid":{"rendered":"https:\/\/bjftradinggroup.com\/?page_id=10541"},"modified":"2026-03-23T14:23:48","modified_gmt":"2026-03-23T14:23:48","slug":"offer","status":"publish","type":"page","link":"https:\/\/bjftradinggroup.com\/vi\/offer\/","title":{"rendered":"Offer After Webinar Arbitrage in 2026"},"content":{"rendered":"<p><\/p>\n<h2 style=\"text-align: center;\"><strong>\u01afU \u0110\u00c3I \u0110\u1eb6C BI\u1ec6T T\u1eea WEBINAR \u2013 Quy\u1ec1n truy c\u1eadp \u0111\u1ed9c quy\u1ec1n d\u00e0nh cho ng\u01b0\u1eddi tham gia webinar<\/strong><\/h2>\n<p style=\"text-align: center; font-size: 18px;\">\nC\u1ea3m \u01a1n b\u1ea1n \u0111\u00e3 tham gia webinar. \u0110\u1ec3 gi\u00fap b\u1ea1n b\u1eaft \u0111\u1ea7u x\u00e2y d\u1ef1ng h\u1ea1 t\u1ea7ng giao d\u1ecbch arbitrage c\u1ee7a ri\u00eang m\u00ecnh, ch\u00fang t\u00f4i \u0111\u00e3 chu\u1ea9n b\u1ecb m\u1ed9t \u01b0u \u0111\u00e3i \u0111\u1eb7c bi\u1ec7t trong th\u1eddi gian gi\u1edbi h\u1ea1n, ch\u1ec9 d\u00e0nh cho nh\u1eefng ng\u01b0\u1eddi tham gia webinar. H\u00e3y t\u1eadn h\u01b0\u1edfng c\u00e1c m\u1ee9c gi\u1ea3m gi\u00e1 \u0111\u1ed9c quy\u1ec1n, ph\u1ea7n th\u01b0\u1edfng \u0111\u1eb7c bi\u1ec7t v\u00e0 c\u00e1c g\u00f3i h\u1ed7 tr\u1ee3 m\u1edf r\u1ed9ng.\n<\/p>\n<h2 style=\"color: #c1272d; text-align: center;\"><strong>\ud83c\udf81 GI\u1ea2M GI\u00c1 50% + Ph\u1ea7n th\u01b0\u1edfng \u0111\u1ed9c quy\u1ec1n t\u1eeb webinar<\/strong><\/h2>\n<article class=\"card pro\">\n<header>\n<h3><strong>\ud83d\ude80<\/strong>N\u1ec1n t\u1ea3ng Arbitrage <strong>SharpTrader Pro<\/strong><\/h3>\n<div class=\"tag\">GI\u1ea2M 50%<\/div>\n<\/header>\n<p class=\"lead\">\nM\u1ed9t terminal arbitrage chuy\u00ean nghi\u1ec7p \u0111\u01b0\u1ee3c thi\u1ebft k\u1ebf \u0111\u1ec3 mang l\u1ea1i \u0111\u1ed9 ch\u00ednh x\u00e1c, t\u1ed1c \u0111\u1ed9 v\u00e0 kh\u1ea3 n\u0103ng m\u1edf r\u1ed9ng tr\u00ean c\u00e1c th\u1ecb tr\u01b0\u1eddng Forex, CFD, N\u0103ng l\u01b0\u1ee3ng, Kim lo\u1ea1i qu\u00fd, H\u1ee3p \u0111\u1ed3ng t\u01b0\u01a1ng lai v\u00e0 Ti\u1ec1n \u0111i\u1ec7n t\u1eed.\n<\/p>\n<ul class=\"perks\">\n<li><strong>2 gi\u1ea5y ph\u00e9p SharpTrader Pro<\/strong> \u2014 ch\u1ea1y tr\u00ean hai VPS v\u1edbi s\u1ed1 l\u01b0\u1ee3ng t\u00e0i kho\u1ea3n kh\u00f4ng gi\u1edbi h\u1ea1n<\/li>\n<li><strong>Hybrid Masking Strategy<\/strong> <em>(<del>$495<\/del>)<\/em> \u2014 \u0111\u01b0\u1ee3c bao g\u1ed3m mi\u1ec5n ph\u00ed.<br \/>\n<a href=\"https:\/\/bjftradinggroup.com\/product\/hybrid-masking-strategy-advanced-arbitrage-protection-for-sharptrader\/\" target=\"_blank\" rel=\"noopener\">T\u00ecm hi\u1ec3u th\u00eam<\/a><\/li>\n<li><strong>15% t\u00edn d\u1ee5ng c\u1eeda h\u00e0ng<\/strong> cho c\u00e1c l\u1ea7n mua trong t\u01b0\u01a1ng lai<\/li>\n<li><strong>AI Optimization<\/strong> \u2014 mi\u1ec5n ph\u00ed trong 1 th\u00e1ng.<br \/>\n<a href=\"https:\/\/bjftradinggroup.com\/product\/ai-arbitrage-optimizer\/\" target=\"_blank\" rel=\"noopener\">T\u00ecm hi\u1ec3u th\u00eam<\/a><\/li>\n<li><strong>UltraFXVPS<\/strong> \u2014 <span data-teams=\"true\">phi\u1ebfu gi\u1ea3m gi\u00e1 25% cho g\u00f3i HFT VPS Special<\/span><\/li>\n<li>C\u00e1c broker \u0111\u01b0\u1ee3c \u0111\u1ec1 xu\u1ea5t + file c\u00e0i \u0111\u1eb7t mi\u1ec5n ph\u00ed cho broker v\u00e0 prop firm<\/li>\n<li><strong>Fast feed mi\u1ec5n ph\u00ed<\/strong> t\u1ea1i c\u00e1c trung t\u00e2m London, New York v\u00e0 Tokyo<\/li>\n<li><strong>H\u1ed7 tr\u1ee3 tr\u1ecdn \u0111\u1eddi<\/strong> \u2014 h\u1ed7 tr\u1ee3 c\u00e0i \u0111\u1eb7t v\u00e0 thi\u1ebft l\u1eadp VPS<\/li>\n<\/ul>\n<h3 style=\"text-align: center;\">\n<a href=\"https:\/\/bjftradinggroup.com\/product\/sharptrader-forex-crypto-arbitrage\/\">Nh\u1ea5p \u0111\u1ec3 m\u1edf trang ch\u1ee7 SharpTrader Pro<\/a>, ch\u1ecdn c\u00e1c chi\u1ebfn l\u01b0\u1ee3c, th\u00eam v\u00e0o Gi\u1ecf h\u00e0ng v\u00e0 s\u1eed d\u1ee5ng m\u00e3 gi\u1ea3m gi\u00e1: <strong>webinar2026arbitrage<\/strong><br \/>\n<\/h3>\n<\/article>\n<article class=\"card pro\">\n<img loading=\"lazy\" decoding=\"async\" class=\"alignnone size-large wp-image-10550\" src=\"https:\/\/bjftradinggroup.com\/wp-content\/uploads\/2026\/03\/couponcode-1024x192.png\" alt=\"\" width=\"1024\" height=\"192\" srcset=\"https:\/\/bjftradinggroup.com\/wp-content\/uploads\/2026\/03\/couponcode-1024x192.png 1024w, https:\/\/bjftradinggroup.com\/wp-content\/uploads\/2026\/03\/couponcode-300x56.png 300w, https:\/\/bjftradinggroup.com\/wp-content\/uploads\/2026\/03\/couponcode-768x144.png 768w, https:\/\/bjftradinggroup.com\/wp-content\/uploads\/2026\/03\/couponcode-680x128.png 680w, https:\/\/bjftradinggroup.com\/wp-content\/uploads\/2026\/03\/couponcode.png 1226w\" sizes=\"auto, (max-width: 1024px) 100vw, 1024px\" \/><\/p>\n<hr \/>\n<\/article>\n<p><!-- Offer: SharpTrader Lite --><\/p>\n<article class=\"card lite\">\n<header>\n<h3><strong>\ud83d\ude80<\/strong>N\u1ec1n t\u1ea3ng Arbitrage <strong>SharpTrader Lite<\/strong><\/h3>\n<div class=\"tag\">GI\u1ea2M 50%<\/div>\n<\/header>\n<p class=\"lead\">\nGi\u1ea3i ph\u00e1p arbitrage \u0111\u01a1n gi\u1ea3n v\u1edbi \u0111\u1ed9 \u1ed5n \u0111\u1ecbnh c\u1ea5p chuy\u00ean nghi\u1ec7p \u2014 ho\u00e0n h\u1ea3o \u0111\u1ec3 m\u1edf r\u1ed9ng sang c\u00e1c VPS v\u00e0 t\u00e0i kho\u1ea3n b\u1ed5 sung.\n<\/p>\n<ul class=\"perks\">\n<li><strong>Gi\u1ea5y ph\u00e9p SharpTrader Lite<\/strong> \u2014 s\u1eed d\u1ee5ng tr\u00ean hai VPS v\u1edbi s\u1ed1 l\u01b0\u1ee3ng t\u00e0i kho\u1ea3n kh\u00f4ng gi\u1edbi h\u1ea1n<\/li>\n<li><strong>10% t\u00edn d\u1ee5ng c\u1eeda h\u00e0ng<\/strong> cho c\u00e1c l\u1ea7n mua trong t\u01b0\u01a1ng lai<\/li>\n<li><strong>UltraFXVPS<\/strong> \u2014 <span data-teams=\"true\">phi\u1ebfu gi\u1ea3m gi\u00e1 25% cho g\u00f3i HFT VPS Special<\/span><\/li>\n<li>C\u00e1c broker \u0111\u01b0\u1ee3c \u0111\u1ec1 xu\u1ea5t + file c\u00e0i \u0111\u1eb7t cho broker v\u00e0 prop firm<\/li>\n<li><strong>Fast feed mi\u1ec5n ph\u00ed<\/strong> t\u1ea1i c\u00e1c trung t\u00e2m London, New York v\u00e0 Tokyo<\/li>\n<li><strong>H\u1ed7 tr\u1ee3 tr\u1ecdn \u0111\u1eddi<\/strong> \u2014 h\u1ed7 tr\u1ee3 c\u00e0i \u0111\u1eb7t v\u00e0 thi\u1ebft l\u1eadp VPS<\/li>\n<\/ul>\n<h3 style=\"text-align: center;\">\n<a href=\"https:\/\/bjftradinggroup.com\/product\/sharptrader-lite\/\">Nh\u1ea5p \u0111\u1ec3 m\u1edf trang ch\u1ee7 SharpTrader Lite<\/a>, ch\u1ecdn c\u00e1c chi\u1ebfn l\u01b0\u1ee3c, th\u00eam v\u00e0o Gi\u1ecf h\u00e0ng v\u00e0 s\u1eed d\u1ee5ng m\u00e3 gi\u1ea3m gi\u00e1: <strong>webinar2026arbitrage<\/strong><br \/>\n<\/h3>\n<\/article>\n<div class=\"countdown-box\">\n<div class=\"countdown-title\" style=\"text-align: center;\">\u23f3 \u01afu \u0111\u00e3i webinar n\u00e0y ch\u1ec9 c\u00f3 hi\u1ec7u l\u1ef1c trong th\u1eddi gian gi\u1edbi h\u1ea1n<\/div>\n<\/div>\n<p><\/p>","protected":false},"excerpt":{"rendered":"<p>\u01afU \u0110\u00c3I \u0110\u1eb6C BI\u1ec6T T\u1eea WEBINAR \u2013 Quy\u1ec1n truy c\u1eadp \u0111\u1ed9c quy\u1ec1n d\u00e0nh cho ng\u01b0\u1eddi tham gia webinar C\u1ea3m \u01a1n b\u1ea1n \u0111\u00e3 tham gia webinar. \u0110\u1ec3 gi\u00fap b\u1ea1n b\u1eaft \u0111\u1ea7u x\u00e2y d\u1ef1ng h\u1ea1 t\u1ea7ng giao d\u1ecbch arbitrage c\u1ee7a ri\u00eang m\u00ecnh, ch\u00fang t\u00f4i \u0111\u00e3 chu\u1ea9n b\u1ecb m\u1ed9t \u01b0u \u0111\u00e3i \u0111\u1eb7c bi\u1ec7t trong th\u1eddi gian gi\u1edbi h\u1ea1n, ch\u1ec9 d\u00e0nh cho nh\u1eefng ng\u01b0\u1eddi tham gia webinar. H\u00e3y t\u1eadn h\u01b0\u1edfng c\u00e1c m\u1ee9c gi\u1ea3m gi\u00e1 \u0111\u1ed9c quy\u1ec1n, ph\u1ea7n th\u01b0\u1edfng \u0111\u1eb7c&hellip;<\/p>\n","protected":false},"author":1,"featured_media":0,"parent":0,"menu_order":0,"comment_status":"closed","ping_status":"closed","template":"","meta":{"_acf_changed":false,"footnotes":""},"class_list":["post-10541","page","type-page","status-publish","hentry"],"acf":[],"yoast_head":"<!-- This site is optimized with the Yoast SEO plugin v27.4 - https:\/\/yoast.com\/product\/yoast-seo-wordpress\/ -->\n<title><\/title>\n<meta name=\"robots\" content=\"index, follow, max-snippet:-1, max-image-preview:large, max-video-preview:-1\" \/>\n<link rel=\"canonical\" href=\"https:\/\/bjftradinggroup.com\/offer\/\" \/>\n<meta property=\"og:locale\" content=\"vi_VN\" \/>\n<meta property=\"og:type\" content=\"article\" \/>\n<meta property=\"og:title\" content=\"[:en]Offer After Webinar Arbitrage in 2026[:] - Forex &amp; Cryptocurrencies Arbitrage Software | BJF Trading Group Inc.\" \/>\n<meta property=\"og:description\" content=\"\u01afU \u0110\u00c3I \u0110\u1eb6C BI\u1ec6T T\u1eea WEBINAR \u2013 Quy\u1ec1n truy c\u1eadp \u0111\u1ed9c quy\u1ec1n d\u00e0nh cho ng\u01b0\u1eddi tham gia webinar C\u1ea3m \u01a1n b\u1ea1n \u0111\u00e3 tham gia webinar. \u0110\u1ec3 gi\u00fap b\u1ea1n b\u1eaft \u0111\u1ea7u x\u00e2y d\u1ef1ng h\u1ea1 t\u1ea7ng giao d\u1ecbch arbitrage c\u1ee7a ri\u00eang m\u00ecnh, ch\u00fang t\u00f4i \u0111\u00e3 chu\u1ea9n b\u1ecb m\u1ed9t \u01b0u \u0111\u00e3i \u0111\u1eb7c bi\u1ec7t trong th\u1eddi gian gi\u1edbi h\u1ea1n, ch\u1ec9 d\u00e0nh cho nh\u1eefng ng\u01b0\u1eddi tham gia webinar. H\u00e3y t\u1eadn h\u01b0\u1edfng c\u00e1c m\u1ee9c gi\u1ea3m gi\u00e1 \u0111\u1ed9c quy\u1ec1n, ph\u1ea7n th\u01b0\u1edfng \u0111\u1eb7c&hellip;\" \/>\n<meta property=\"og:url\" content=\"https:\/\/bjftradinggroup.com\/offer\/\" \/>\n<meta property=\"og:site_name\" content=\"Forex &amp; Cryptocurrencies Arbitrage Software | BJF Trading Group Inc.\" \/>\n<meta property=\"article:modified_time\" content=\"2026-03-23T14:23:48+00:00\" \/>\n<meta property=\"og:image\" content=\"https:\/\/bjftradinggroup.com\/wp-content\/uploads\/2026\/03\/couponcode.png\" \/>\n\t<meta property=\"og:image:width\" content=\"1226\" \/>\n\t<meta property=\"og:image:height\" content=\"230\" \/>\n\t<meta property=\"og:image:type\" content=\"image\/png\" \/>\n<meta name=\"twitter:card\" content=\"summary_large_image\" \/>\n<meta name=\"twitter:label1\" content=\"Est. reading time\" \/>\n\t<meta name=\"twitter:data1\" content=\"1 minute\" \/>\n<script type=\"application\/ld+json\" class=\"yoast-schema-graph\">{\"@context\":\"https:\\\/\\\/schema.org\",\"@graph\":[{\"@type\":\"WebPage\",\"@id\":\"https:\\\/\\\/bjftradinggroup.com\\\/offer\\\/\",\"url\":\"https:\\\/\\\/bjftradinggroup.com\\\/offer\\\/\",\"name\":\"[:en]Offer After Webinar Arbitrage in 2026[:] - Forex &amp; Cryptocurrencies Arbitrage Software | BJF Trading Group Inc.\",\"isPartOf\":{\"@id\":\"https:\\\/\\\/bjftradinggroup.com\\\/#website\"},\"primaryImageOfPage\":{\"@id\":\"https:\\\/\\\/bjftradinggroup.com\\\/offer\\\/#primaryimage\"},\"image\":{\"@id\":\"https:\\\/\\\/bjftradinggroup.com\\\/offer\\\/#primaryimage\"},\"thumbnailUrl\":\"https:\\\/\\\/bjftradinggroup.com\\\/wp-content\\\/uploads\\\/2026\\\/03\\\/couponcode-1024x192.png\",\"datePublished\":\"2026-03-13T15:01:45+00:00\",\"dateModified\":\"2026-03-23T14:23:48+00:00\",\"breadcrumb\":{\"@id\":\"https:\\\/\\\/bjftradinggroup.com\\\/offer\\\/#breadcrumb\"},\"inLanguage\":\"vi-VN\",\"potentialAction\":[{\"@type\":\"ReadAction\",\"target\":[\"https:\\\/\\\/bjftradinggroup.com\\\/offer\\\/\"]}]},{\"@type\":\"ImageObject\",\"inLanguage\":\"vi-VN\",\"@id\":\"https:\\\/\\\/bjftradinggroup.com\\\/offer\\\/#primaryimage\",\"url\":\"https:\\\/\\\/bjftradinggroup.com\\\/wp-content\\\/uploads\\\/2026\\\/03\\\/couponcode-1024x192.png\",\"contentUrl\":\"https:\\\/\\\/bjftradinggroup.com\\\/wp-content\\\/uploads\\\/2026\\\/03\\\/couponcode-1024x192.png\"},{\"@type\":\"BreadcrumbList\",\"@id\":\"https:\\\/\\\/bjftradinggroup.com\\\/offer\\\/#breadcrumb\",\"itemListElement\":[{\"@type\":\"ListItem\",\"position\":1,\"name\":\"Home\",\"item\":\"https:\\\/\\\/bjftradinggroup.com\\\/\"},{\"@type\":\"ListItem\",\"position\":2,\"name\":\"Offer After Webinar Arbitrage in 2026\"}]},{\"@type\":\"WebSite\",\"@id\":\"https:\\\/\\\/bjftradinggroup.com\\\/#website\",\"url\":\"https:\\\/\\\/bjftradinggroup.com\\\/\",\"name\":\"Forex &amp; Cryptocurrencies Arbitrage Software | BJF Trading Group Inc.\",\"description\":\"FX Software pioneer since 2000\",\"potentialAction\":[{\"@type\":\"SearchAction\",\"target\":{\"@type\":\"EntryPoint\",\"urlTemplate\":\"https:\\\/\\\/bjftradinggroup.com\\\/?s={search_term_string}\"},\"query-input\":{\"@type\":\"PropertyValueSpecification\",\"valueRequired\":true,\"valueName\":\"search_term_string\"}}],\"inLanguage\":\"vi-VN\"}]}<\/script>\n<!-- \/ Yoast SEO plugin. -->","yoast_head_json":{"title":"[:en]Offer After Webinar Arbitrage in 2026[:] - Forex &amp; Cryptocurrencies Arbitrage Software | BJF Trading Group Inc.","robots":{"index":"index","follow":"follow","max-snippet":"max-snippet:-1","max-image-preview":"max-image-preview:large","max-video-preview":"max-video-preview:-1"},"canonical":"https:\/\/bjftradinggroup.com\/offer\/","og_locale":"vi_VN","og_type":"article","og_title":"[:en]Offer After Webinar Arbitrage in 2026[:] - Forex &amp; Cryptocurrencies Arbitrage Software | BJF Trading Group Inc.","og_description":"\u01afU \u0110\u00c3I \u0110\u1eb6C BI\u1ec6T T\u1eea WEBINAR \u2013 Quy\u1ec1n truy c\u1eadp \u0111\u1ed9c quy\u1ec1n d\u00e0nh cho ng\u01b0\u1eddi tham gia webinar C\u1ea3m \u01a1n b\u1ea1n \u0111\u00e3 tham gia webinar. \u0110\u1ec3 gi\u00fap b\u1ea1n b\u1eaft \u0111\u1ea7u x\u00e2y d\u1ef1ng h\u1ea1 t\u1ea7ng giao d\u1ecbch arbitrage c\u1ee7a ri\u00eang m\u00ecnh, ch\u00fang t\u00f4i \u0111\u00e3 chu\u1ea9n b\u1ecb m\u1ed9t \u01b0u \u0111\u00e3i \u0111\u1eb7c bi\u1ec7t trong th\u1eddi gian gi\u1edbi h\u1ea1n, ch\u1ec9 d\u00e0nh cho nh\u1eefng ng\u01b0\u1eddi tham gia webinar. H\u00e3y t\u1eadn h\u01b0\u1edfng c\u00e1c m\u1ee9c gi\u1ea3m gi\u00e1 \u0111\u1ed9c quy\u1ec1n, ph\u1ea7n th\u01b0\u1edfng \u0111\u1eb7c&hellip;","og_url":"https:\/\/bjftradinggroup.com\/offer\/","og_site_name":"Forex &amp; Cryptocurrencies Arbitrage Software | BJF Trading Group Inc.","article_modified_time":"2026-03-23T14:23:48+00:00","og_image":[{"width":1226,"height":230,"url":"https:\/\/bjftradinggroup.com\/wp-content\/uploads\/2026\/03\/couponcode.png","type":"image\/png"}],"twitter_card":"summary_large_image","twitter_misc":{"Est. reading time":"1 minute"},"schema":{"@context":"https:\/\/schema.org","@graph":[{"@type":"WebPage","@id":"https:\/\/bjftradinggroup.com\/offer\/","url":"https:\/\/bjftradinggroup.com\/offer\/","name":"[:en]Offer After Webinar Arbitrage in 2026[:] - Forex &amp; Cryptocurrencies Arbitrage Software | BJF Trading Group Inc.","isPartOf":{"@id":"https:\/\/bjftradinggroup.com\/#website"},"primaryImageOfPage":{"@id":"https:\/\/bjftradinggroup.com\/offer\/#primaryimage"},"image":{"@id":"https:\/\/bjftradinggroup.com\/offer\/#primaryimage"},"thumbnailUrl":"https:\/\/bjftradinggroup.com\/wp-content\/uploads\/2026\/03\/couponcode-1024x192.png","datePublished":"2026-03-13T15:01:45+00:00","dateModified":"2026-03-23T14:23:48+00:00","breadcrumb":{"@id":"https:\/\/bjftradinggroup.com\/offer\/#breadcrumb"},"inLanguage":"vi-VN","potentialAction":[{"@type":"ReadAction","target":["https:\/\/bjftradinggroup.com\/offer\/"]}]},{"@type":"ImageObject","inLanguage":"vi-VN","@id":"https:\/\/bjftradinggroup.com\/offer\/#primaryimage","url":"https:\/\/bjftradinggroup.com\/wp-content\/uploads\/2026\/03\/couponcode-1024x192.png","contentUrl":"https:\/\/bjftradinggroup.com\/wp-content\/uploads\/2026\/03\/couponcode-1024x192.png"},{"@type":"BreadcrumbList","@id":"https:\/\/bjftradinggroup.com\/offer\/#breadcrumb","itemListElement":[{"@type":"ListItem","position":1,"name":"Home","item":"https:\/\/bjftradinggroup.com\/"},{"@type":"ListItem","position":2,"name":"Offer After Webinar Arbitrage in 2026"}]},{"@type":"WebSite","@id":"https:\/\/bjftradinggroup.com\/#website","url":"https:\/\/bjftradinggroup.com\/","name":"Forex &amp; Cryptocurrencies Arbitrage Software | BJF Trading Group Inc.","description":"FX Software pioneer since 2000","potentialAction":[{"@type":"SearchAction","target":{"@type":"EntryPoint","urlTemplate":"https:\/\/bjftradinggroup.com\/?s={search_term_string}"},"query-input":{"@type":"PropertyValueSpecification","valueRequired":true,"valueName":"search_term_string"}}],"inLanguage":"vi-VN"}]}},"_links":{"self":[{"href":"https:\/\/bjftradinggroup.com\/vi\/wp-json\/wp\/v2\/pages\/10541","targetHints":{"allow":["GET"]}}],"collection":[{"href":"https:\/\/bjftradinggroup.com\/vi\/wp-json\/wp\/v2\/pages"}],"about":[{"href":"https:\/\/bjftradinggroup.com\/vi\/wp-json\/wp\/v2\/types\/page"}],"author":[{"embeddable":true,"href":"https:\/\/bjftradinggroup.com\/vi\/wp-json\/wp\/v2\/users\/1"}],"replies":[{"embeddable":true,"href":"https:\/\/bjftradinggroup.com\/vi\/wp-json\/wp\/v2\/comments?post=10541"}],"version-history":[{"count":12,"href":"https:\/\/bjftradinggroup.com\/vi\/wp-json\/wp\/v2\/pages\/10541\/revisions"}],"predecessor-version":[{"id":10575,"href":"https:\/\/bjftradinggroup.com\/vi\/wp-json\/wp\/v2\/pages\/10541\/revisions\/10575"}],"wp:attachment":[{"href":"https:\/\/bjftradinggroup.com\/vi\/wp-json\/wp\/v2\/media?parent=10541"}],"curies":[{"name":"wp","href":"https:\/\/api.w.org\/{rel}","templated":true}]}}