{"id":7729,"date":"2023-12-15T20:18:47","date_gmt":"2023-12-15T20:18:47","guid":{"rendered":"https:\/\/bjftradinggroup.com\/?post_type=product&#038;p=7729"},"modified":"2025-11-11T22:20:59","modified_gmt":"2025-11-11T22:20:59","slug":"ai-arbitrage-optimizer","status":"publish","type":"product","link":"https:\/\/bjftradinggroup.com\/pt\/product\/ai-arbitrage-optimizer\/","title":{"rendered":"Otimizador de Estrat\u00e9gias de Arbitragem com IA para SharpTrader"},"content":{"rendered":"<p>Apresentamos um complemento inovador para o <a href=\"https:\/\/bjftradinggroup.com\/product\/sharptrader-forex-crypto-arbitrage\/\" target=\"_blank\" rel=\"noopener\">SharpTrader<\/a> \u2013 o Otimizador de Estrat\u00e9gias de Arbitragem com IA Avan\u00e7ada.<br \/>\nEsta ferramenta de ponta foi desenvolvida para aprimorar sua experi\u00eancia de negocia\u00e7\u00e3o, coletando e analisando as configura\u00e7\u00f5es e os resultados de suas estrat\u00e9gias de arbitragem.<br \/>\nUtilizando tecnologia avan\u00e7ada de Intelig\u00eancia Artificial, ela otimiza essas configura\u00e7\u00f5es para ajud\u00e1-lo a alcan\u00e7ar os melhores resultados poss\u00edveis nas suas opera\u00e7\u00f5es.<\/p>\n<p><img loading=\"lazy\" decoding=\"async\" class=\"alignnone size-full wp-image-7734\" src=\"https:\/\/bjftradinggroup.com\/wp-content\/uploads\/2023\/12\/AI-Optimization-SharpTrader-.png\" alt=\"Otimiza\u00e7\u00e3o com IA SharpTrader\" width=\"922\" height=\"294\" srcset=\"https:\/\/bjftradinggroup.com\/wp-content\/uploads\/2023\/12\/AI-Optimization-SharpTrader-.png 922w, https:\/\/bjftradinggroup.com\/wp-content\/uploads\/2023\/12\/AI-Optimization-SharpTrader--300x96.png 300w, https:\/\/bjftradinggroup.com\/wp-content\/uploads\/2023\/12\/AI-Optimization-SharpTrader--768x245.png 768w, https:\/\/bjftradinggroup.com\/wp-content\/uploads\/2023\/12\/AI-Optimization-SharpTrader--680x217.png 680w\" sizes=\"auto, (max-width: 922px) 100vw, 922px\" \/><\/p>\n<p><strong>Principais Recursos:<\/strong><\/p>\n<ol>\n<li><strong>An\u00e1lise e Otimiza\u00e7\u00e3o Baseadas em IA:<\/strong> O complemento analisa seus dados de negocia\u00e7\u00e3o de forma inteligente, utilizando algoritmos de IA para otimizar as configura\u00e7\u00f5es e melhorar o desempenho.<\/li>\n<li><strong>Otimiza\u00e7\u00e3o Individual e Coletiva com IA:<\/strong> Os traders t\u00eam a flexibilidade de otimizar os par\u00e2metros individualmente ou participar de um esfor\u00e7o coletivo, aumentando o potencial para estrat\u00e9gias mais refinadas.<\/li>\n<li><strong>Grupos Espec\u00edficos por Corretora e Servidor:<\/strong> Ao operar de forma coletiva, a IA categoriza os dados em grupos com base em corretoras e servidores espec\u00edficos, reconhecendo que cada corretora pode ter servidores com diferentes plugins e configura\u00e7\u00f5es. Isso permite uma otimiza\u00e7\u00e3o personalizada e espec\u00edfica para cada corretora e servidor.<\/li>\n<li><strong>Otimiza\u00e7\u00e3o de Dados Guiada pela Comunidade:<\/strong> Em modo coletivo, a otimiza\u00e7\u00e3o \u00e9 impulsionada pelos dados fornecidos por todos os participantes do grupo. A IA refina esses dados compartilhados para gerar configura\u00e7\u00f5es otimizadas distribu\u00eddas a cada membro, garantindo que todos se beneficiem da intelig\u00eancia coletiva.<\/li>\n<li><strong>Otimiza\u00e7\u00e3o \u00danica por Corretora:<\/strong> Para traders que utilizam corretoras desconhecidas pelos demais membros, o complemento ainda realiza a otimiza\u00e7\u00e3o, embora baseada apenas nos dados do pr\u00f3prio trader. Isso garante que todos possam se beneficiar de configura\u00e7\u00f5es otimizadas, independentemente da popularidade da corretora.<\/li>\n<li><strong>Privacidade e Anonimato:<\/strong> O complemento assegura total anonimato, garantindo que as estrat\u00e9gias e dados individuais permane\u00e7am confidenciais, enquanto todos aproveitam os benef\u00edcios da intelig\u00eancia coletiva da comunidade.<\/li>\n<\/ol>\n<p><img loading=\"lazy\" decoding=\"async\" class=\"alignnone size-large wp-image-7736\" src=\"https:\/\/bjftradinggroup.com\/wp-content\/uploads\/2023\/12\/collective-optimization-with-ai-optimizer-1024x413.png\" alt=\"otimiza\u00e7\u00e3o coletiva com otimizador de IA\" width=\"1024\" height=\"413\" srcset=\"https:\/\/bjftradinggroup.com\/wp-content\/uploads\/2023\/12\/collective-optimization-with-ai-optimizer-1024x413.png 1024w, https:\/\/bjftradinggroup.com\/wp-content\/uploads\/2023\/12\/collective-optimization-with-ai-optimizer-300x121.png 300w, https:\/\/bjftradinggroup.com\/wp-content\/uploads\/2023\/12\/collective-optimization-with-ai-optimizer-768x310.png 768w, https:\/\/bjftradinggroup.com\/wp-content\/uploads\/2023\/12\/collective-optimization-with-ai-optimizer-1536x619.png 1536w, https:\/\/bjftradinggroup.com\/wp-content\/uploads\/2023\/12\/collective-optimization-with-ai-optimizer-680x274.png 680w, https:\/\/bjftradinggroup.com\/wp-content\/uploads\/2023\/12\/collective-optimization-with-ai-optimizer.png 1593w\" sizes=\"auto, (max-width: 1024px) 100vw, 1024px\" \/><\/p>\n<p>Os usu\u00e1rios do otimizador de IA para par\u00e2metros de estrat\u00e9gias de arbitragem podem avaliar os resultados da otimiza\u00e7\u00e3o por meio de vota\u00e7\u00e3o, selecionando coletivamente os melhores resultados.<\/p>\n<p><img loading=\"lazy\" decoding=\"async\" class=\"alignnone size-full wp-image-7752\" src=\"https:\/\/bjftradinggroup.com\/wp-content\/uploads\/2023\/12\/sharptrader-optimized-parameters.png\" alt=\"Curtir ou n\u00e3o par\u00e2metros otimizados para estrat\u00e9gias de arbitragem\" width=\"256\" height=\"566\" srcset=\"https:\/\/bjftradinggroup.com\/wp-content\/uploads\/2023\/12\/sharptrader-optimized-parameters.png 256w, https:\/\/bjftradinggroup.com\/wp-content\/uploads\/2023\/12\/sharptrader-optimized-parameters-136x300.png 136w\" sizes=\"auto, (max-width: 256px) 100vw, 256px\" \/><\/p>\n<p>Este complemento para o SharpTrader \u00e9 muito mais do que uma ferramenta: \u00e9 uma solu\u00e7\u00e3o impulsionada pela comunidade que se adapta a diversos ambientes de negocia\u00e7\u00e3o, capacitando os traders a tomar decis\u00f5es mais inteligentes e baseadas em dados em suas opera\u00e7\u00f5es de arbitragem.<br \/>\nO Otimizador de Estrat\u00e9gias de Arbitragem com IA Avan\u00e7ada para SharpTrader \u00e9 baseado na tecnologia da <a href=\"https:\/\/openai.com\/\" target=\"_blank\" rel=\"noopener\">OpenAI<\/a>.<\/p>","protected":false},"excerpt":{"rendered":"<p>Esta ferramenta de \u00faltima gera\u00e7\u00e3o foi cuidadosamente desenvolvida para transformar a sua jornada de trading. Ela funciona recolhendo e analisando as configura\u00e7\u00f5es e os resultados das suas estrat\u00e9gias de arbitragem integradas no <a href=\"https:\/\/bjftradinggroup.com\/product\/sharptrader-forex-crypto-arbitrage\/\" target=\"_blank\" rel=\"noopener\">SharpTrader<\/a>. Utilizando algoritmos avan\u00e7ados de intelig\u00eancia artificial, ajusta essas configura\u00e7\u00f5es e orienta-o em dire\u00e7\u00e3o aos resultados de trading ideais.<\/p>\n","protected":false},"featured_media":7732,"comment_status":"open","ping_status":"closed","template":"","meta":{"_acf_changed":false},"product_brand":[],"product_cat":[67,272],"product_tag":[282],"class_list":{"0":"post-7729","1":"product","2":"type-product","3":"status-publish","4":"has-post-thumbnail","6":"product_cat-forex-cfd-arbitrage-software","7":"product_cat-popular","8":"product_tag-ai-arbitrage","10":"first","11":"instock","12":"virtual","13":"purchasable","14":"product-type-subscription"},"exclude_global_add_ons":false,"addons":[{"name":"Select Tweak Package","type":"multiple_choice","position":0,"required":true,"title_format":"label","default":"","description_enable":true,"description":"Tweak = 1 optimization for 1 trading instrument for one strategy and one broker.\r\n-TweakBasic: For the entry-level package offering 10 tweaks per month, suitable for newcomers or casual traders.\r\n-TweakPlus: This mid-tier package provides 25 tweaks per month, ideal for more experienced traders seeking greater flexibility.\r\n-TweakUltra: The premium package offering a robust 65 tweaks per month, perfect for advanced traders demanding the highest level of strategy customization.","placeholder_enable":false,"placeholder":"","display":"select","restrictions_type":"any_text","adjust_price":false,"price":"","price_type":"flat_fee","restrictions":false,"min":"0","max":"0","options":[{"label":"TweakBasic (10 tweaks)","price":"","price_type":"flat_fee","image":0,"visibility":true},{"label":"TweakPlus (25 tweaks)","price":"39.95","price_type":"flat_fee","image":0,"visibility":true},{"label":"TweakUltra (65 tweaks)","price":"79.95","price_type":"flat_fee","image":0,"visibility":true}],"id":1762197143}],"acf":[],"yoast_head":"<!-- This site is optimized with the Yoast SEO plugin v27.3 - https:\/\/yoast.com\/product\/yoast-seo-wordpress\/ -->\n<title>Otimizador de Estrat\u00e9gias de Arbitragem com IA para SharpTrader - Forex &amp; Cryptocurrencies Arbitrage Software | BJF Trading Group Inc.<\/title>\n<meta name=\"robots\" content=\"index, follow, max-snippet:-1, max-image-preview:large, max-video-preview:-1\" \/>\n<link rel=\"canonical\" href=\"https:\/\/bjftradinggroup.com\/product\/ai-arbitrage-optimizer\/\" \/>\n<meta property=\"og:locale\" content=\"pt_PT\" \/>\n<meta property=\"og:type\" content=\"article\" \/>\n<meta property=\"og:title\" content=\"[:en]AI-Enhanced Arbitrage Strategy Optimizer for SharpTrader[:de] AI-Verbesserter Arbitrage-Strategie-Optimierer f\u00fcr SharpTrader[:ja]\u30b7\u30e3\u30fc\u30d7\u30c8\u30ec\u30fc\u30c0\u30fc\u7528AI\u5f37\u5316\u30a2\u30fc\u30d3\u30c8\u30e9\u30fc\u30b8\u6226\u7565\u30aa\u30d7\u30c6\u30a3\u30de\u30a4\u30b6\u30fc[:ar]\u0645\u064f\u062d\u0633\u0651\u0646 \u0627\u0633\u062a\u0631\u0627\u062a\u064a\u062c\u064a\u0629 \u0627\u0644\u062a\u062d\u0643\u064a\u0645 \u0627\u0644\u0645\u0639\u0632\u0632 \u0628\u0627\u0644\u0630\u0643\u0627\u0621 \u0627\u0644\u0627\u0635\u0637\u0646\u0627\u0639\u064a \u0644\u0640 SharpTrader.[:ko]SharpTrader\ub97c \uc704\ud55c AI \uac15\ud654 \ucc28\uc775\uac70\ub798 \uc804\ub7b5 \ucd5c\uc801\ud654\uae30.[:es]Optimizador de Estrategias de Arbitraje Mejorado con IA para SharpTrader[:pt]Otimizador de Estrat\u00e9gias de Arbitragem com IA para SharpTrader[:id]Pengoptimal Strategi Arbitrase Berbasis AI untuk SharpTrader[:vi]Tr\u00ecnh t\u1ed1i \u01b0u h\u00f3a chi\u1ebfn l\u01b0\u1ee3c ch\u00eanh l\u1ec7ch gi\u00e1 t\u00edch h\u1ee3p AI cho SharpTrader[:] - Forex &amp; Cryptocurrencies Arbitrage Software | BJF Trading Group Inc.\" \/>\n<meta property=\"og:description\" content=\"[:en]This state-of-the-art tool is expertly crafted to transform your trading journey. It functions by gathering and scrutinizing the configurations and outcomes of your SharpTrader built-in arbitrage trading strategies. Leveraging sophisticated AI algorithms, it fine-tunes these configurations, guiding you towards optimal trading results.[:es]Esta herramienta de \u00faltima generaci\u00f3n est\u00e1 dise\u00f1ada con maestr\u00eda para transformar tu experiencia de trading. Funciona recopilando y analizando las configuraciones y los resultados de tus estrategias de arbitraje integradas en SharpTrader. Aprovechando algoritmos avanzados de inteligencia artificial, optimiza estas configuraciones y te gu\u00eda hacia resultados de trading \u00f3ptimos.[:pt]Esta ferramenta de \u00faltima gera\u00e7\u00e3o foi cuidadosamente desenvolvida para transformar a sua jornada de trading. Ela funciona recolhendo e analisando as configura\u00e7\u00f5es e os resultados das suas estrat\u00e9gias de arbitragem integradas no SharpTrader. Utilizando algoritmos avan\u00e7ados de intelig\u00eancia artificial, ajusta essas configura\u00e7\u00f5es e orienta-o em dire\u00e7\u00e3o aos resultados de trading ideais.[:id]Alat canggih ini dirancang secara profesional untuk mengubah perjalanan trading Anda. Alat ini bekerja dengan mengumpulkan dan menganalisis konfigurasi serta hasil dari strategi arbitrase bawaan Anda di SharpTrader. Dengan memanfaatkan algoritme AI yang canggih, alat ini menyempurnakan konfigurasi tersebut dan membimbing Anda menuju hasil trading yang optimal.[:vi]C\u00f4ng c\u1ee5 ti\u00ean ti\u1ebfn n\u00e0y \u0111\u01b0\u1ee3c ch\u1ebf t\u1ea1o m\u1ed9t c\u00e1ch tinh x\u1ea3o \u0111\u1ec3 n\u00e2ng t\u1ea7m h\u00e0nh tr\u00ecnh giao d\u1ecbch c\u1ee7a b\u1ea1n. N\u00f3 ho\u1ea1t \u0111\u1ed9ng b\u1eb1ng c\u00e1ch thu th\u1eadp v\u00e0 ph\u00e2n t\u00edch c\u00e1c c\u1ea5u h\u00ecnh c\u00f9ng k\u1ebft qu\u1ea3 c\u1ee7a c\u00e1c chi\u1ebfn l\u01b0\u1ee3c arbitrage t\u00edch h\u1ee3p trong SharpTrader. B\u1eb1ng c\u00e1ch t\u1eadn d\u1ee5ng c\u00e1c thu\u1eadt to\u00e1n tr\u00ed tu\u1ec7 nh\u00e2n t\u1ea1o ti\u00ean ti\u1ebfn, c\u00f4ng c\u1ee5 n\u00e0y tinh ch\u1ec9nh c\u00e1c c\u1ea5u h\u00ecnh \u0111\u00f3 v\u00e0 h\u01b0\u1edbng b\u1ea1n t\u1edbi nh\u1eefng k\u1ebft qu\u1ea3 giao d\u1ecbch t\u1ed1i \u01b0u.[:]\" \/>\n<meta property=\"og:url\" content=\"https:\/\/bjftradinggroup.com\/product\/ai-arbitrage-optimizer\/\" \/>\n<meta property=\"og:site_name\" content=\"Forex &amp; Cryptocurrencies Arbitrage Software | BJF Trading Group Inc.\" \/>\n<meta property=\"article:modified_time\" content=\"2025-11-11T22:20:59+00:00\" \/>\n<meta property=\"og:image\" content=\"https:\/\/bjftradinggroup.com\/wp-content\/uploads\/2023\/12\/AI-Optimization-box.png\" \/>\n\t<meta property=\"og:image:width\" content=\"1023\" \/>\n\t<meta property=\"og:image:height\" content=\"1024\" \/>\n\t<meta property=\"og:image:type\" content=\"image\/png\" \/>\n<meta name=\"twitter:card\" content=\"summary_large_image\" \/>\n<meta name=\"twitter:label1\" content=\"Tempo estimado de leitura\" \/>\n\t<meta name=\"twitter:data1\" content=\"4 minutos\" \/>\n<script type=\"application\/ld+json\" class=\"yoast-schema-graph\">{\"@context\":\"https:\\\/\\\/schema.org\",\"@graph\":[{\"@type\":\"WebPage\",\"@id\":\"https:\\\/\\\/bjftradinggroup.com\\\/product\\\/ai-arbitrage-optimizer\\\/\",\"url\":\"https:\\\/\\\/bjftradinggroup.com\\\/product\\\/ai-arbitrage-optimizer\\\/\",\"name\":\"[:en]AI-Enhanced Arbitrage Strategy Optimizer for SharpTrader[:de] AI-Verbesserter Arbitrage-Strategie-Optimierer f\u00fcr SharpTrader[:ja]\u30b7\u30e3\u30fc\u30d7\u30c8\u30ec\u30fc\u30c0\u30fc\u7528AI\u5f37\u5316\u30a2\u30fc\u30d3\u30c8\u30e9\u30fc\u30b8\u6226\u7565\u30aa\u30d7\u30c6\u30a3\u30de\u30a4\u30b6\u30fc[:ar]\u0645\u064f\u062d\u0633\u0651\u0646 \u0627\u0633\u062a\u0631\u0627\u062a\u064a\u062c\u064a\u0629 \u0627\u0644\u062a\u062d\u0643\u064a\u0645 \u0627\u0644\u0645\u0639\u0632\u0632 \u0628\u0627\u0644\u0630\u0643\u0627\u0621 \u0627\u0644\u0627\u0635\u0637\u0646\u0627\u0639\u064a \u0644\u0640 SharpTrader.[:ko]SharpTrader\ub97c \uc704\ud55c AI \uac15\ud654 \ucc28\uc775\uac70\ub798 \uc804\ub7b5 \ucd5c\uc801\ud654\uae30.[:es]Optimizador de Estrategias de Arbitraje Mejorado con IA para SharpTrader[:pt]Otimizador de Estrat\u00e9gias de Arbitragem com IA para SharpTrader[:id]Pengoptimal Strategi Arbitrase Berbasis AI untuk SharpTrader[:vi]Tr\u00ecnh t\u1ed1i \u01b0u h\u00f3a chi\u1ebfn l\u01b0\u1ee3c ch\u00eanh l\u1ec7ch gi\u00e1 t\u00edch h\u1ee3p AI cho SharpTrader[:] - Forex &amp; Cryptocurrencies Arbitrage Software | BJF Trading Group Inc.\",\"isPartOf\":{\"@id\":\"https:\\\/\\\/bjftradinggroup.com\\\/#website\"},\"primaryImageOfPage\":{\"@id\":\"https:\\\/\\\/bjftradinggroup.com\\\/product\\\/ai-arbitrage-optimizer\\\/#primaryimage\"},\"image\":{\"@id\":\"https:\\\/\\\/bjftradinggroup.com\\\/product\\\/ai-arbitrage-optimizer\\\/#primaryimage\"},\"thumbnailUrl\":\"https:\\\/\\\/bjftradinggroup.com\\\/wp-content\\\/uploads\\\/2023\\\/12\\\/AI-Optimization-box.png\",\"datePublished\":\"2023-12-15T20:18:47+00:00\",\"dateModified\":\"2025-11-11T22:20:59+00:00\",\"breadcrumb\":{\"@id\":\"https:\\\/\\\/bjftradinggroup.com\\\/product\\\/ai-arbitrage-optimizer\\\/#breadcrumb\"},\"inLanguage\":\"pt-PT\",\"potentialAction\":[{\"@type\":\"ReadAction\",\"target\":[\"https:\\\/\\\/bjftradinggroup.com\\\/product\\\/ai-arbitrage-optimizer\\\/\"]}]},{\"@type\":\"ImageObject\",\"inLanguage\":\"pt-PT\",\"@id\":\"https:\\\/\\\/bjftradinggroup.com\\\/product\\\/ai-arbitrage-optimizer\\\/#primaryimage\",\"url\":\"https:\\\/\\\/bjftradinggroup.com\\\/wp-content\\\/uploads\\\/2023\\\/12\\\/AI-Optimization-box.png\",\"contentUrl\":\"https:\\\/\\\/bjftradinggroup.com\\\/wp-content\\\/uploads\\\/2023\\\/12\\\/AI-Optimization-box.png\",\"width\":1023,\"height\":1024,\"caption\":\"AI Optimization add-on for SHARPTRADER\"},{\"@type\":\"BreadcrumbList\",\"@id\":\"https:\\\/\\\/bjftradinggroup.com\\\/product\\\/ai-arbitrage-optimizer\\\/#breadcrumb\",\"itemListElement\":[{\"@type\":\"ListItem\",\"position\":1,\"name\":\"Home\",\"item\":\"https:\\\/\\\/bjftradinggroup.com\\\/\"},{\"@type\":\"ListItem\",\"position\":2,\"name\":\"Shop\",\"item\":\"https:\\\/\\\/bjftradinggroup.com\\\/ko\\\/shop\\\/\"},{\"@type\":\"ListItem\",\"position\":3,\"name\":\"AI-Enhanced Arbitrage Strategy Optimizer for SharpTrader\"}]},{\"@type\":\"WebSite\",\"@id\":\"https:\\\/\\\/bjftradinggroup.com\\\/#website\",\"url\":\"https:\\\/\\\/bjftradinggroup.com\\\/\",\"name\":\"Forex &amp; Cryptocurrencies Arbitrage Software | BJF Trading Group Inc.\",\"description\":\"FX Software pioneer since 2000\",\"potentialAction\":[{\"@type\":\"SearchAction\",\"target\":{\"@type\":\"EntryPoint\",\"urlTemplate\":\"https:\\\/\\\/bjftradinggroup.com\\\/?s={search_term_string}\"},\"query-input\":{\"@type\":\"PropertyValueSpecification\",\"valueRequired\":true,\"valueName\":\"search_term_string\"}}],\"inLanguage\":\"pt-PT\"}]}<\/script>\n<!-- \/ Yoast SEO plugin. -->","yoast_head_json":{"title":"[:en]AI-Enhanced Arbitrage Strategy Optimizer for SharpTrader[:de] AI-Verbesserter Arbitrage-Strategie-Optimierer f\u00fcr SharpTrader[:ja]\u30b7\u30e3\u30fc\u30d7\u30c8\u30ec\u30fc\u30c0\u30fc\u7528AI\u5f37\u5316\u30a2\u30fc\u30d3\u30c8\u30e9\u30fc\u30b8\u6226\u7565\u30aa\u30d7\u30c6\u30a3\u30de\u30a4\u30b6\u30fc[:ar]\u0645\u064f\u062d\u0633\u0651\u0646 \u0627\u0633\u062a\u0631\u0627\u062a\u064a\u062c\u064a\u0629 \u0627\u0644\u062a\u062d\u0643\u064a\u0645 \u0627\u0644\u0645\u0639\u0632\u0632 \u0628\u0627\u0644\u0630\u0643\u0627\u0621 \u0627\u0644\u0627\u0635\u0637\u0646\u0627\u0639\u064a \u0644\u0640 SharpTrader.[:ko]SharpTrader\ub97c \uc704\ud55c AI \uac15\ud654 \ucc28\uc775\uac70\ub798 \uc804\ub7b5 \ucd5c\uc801\ud654\uae30.[:es]Optimizador de Estrategias de Arbitraje Mejorado con IA para SharpTrader[:pt]Otimizador de Estrat\u00e9gias de Arbitragem com IA para SharpTrader[:id]Pengoptimal Strategi Arbitrase Berbasis AI untuk SharpTrader[:vi]Tr\u00ecnh t\u1ed1i \u01b0u h\u00f3a chi\u1ebfn l\u01b0\u1ee3c ch\u00eanh l\u1ec7ch gi\u00e1 t\u00edch h\u1ee3p AI cho SharpTrader[:] - Forex &amp; Cryptocurrencies Arbitrage Software | BJF Trading Group Inc.","robots":{"index":"index","follow":"follow","max-snippet":"max-snippet:-1","max-image-preview":"max-image-preview:large","max-video-preview":"max-video-preview:-1"},"canonical":"https:\/\/bjftradinggroup.com\/product\/ai-arbitrage-optimizer\/","og_locale":"pt_PT","og_type":"article","og_title":"[:en]AI-Enhanced Arbitrage Strategy Optimizer for SharpTrader[:de] AI-Verbesserter Arbitrage-Strategie-Optimierer f\u00fcr SharpTrader[:ja]\u30b7\u30e3\u30fc\u30d7\u30c8\u30ec\u30fc\u30c0\u30fc\u7528AI\u5f37\u5316\u30a2\u30fc\u30d3\u30c8\u30e9\u30fc\u30b8\u6226\u7565\u30aa\u30d7\u30c6\u30a3\u30de\u30a4\u30b6\u30fc[:ar]\u0645\u064f\u062d\u0633\u0651\u0646 \u0627\u0633\u062a\u0631\u0627\u062a\u064a\u062c\u064a\u0629 \u0627\u0644\u062a\u062d\u0643\u064a\u0645 \u0627\u0644\u0645\u0639\u0632\u0632 \u0628\u0627\u0644\u0630\u0643\u0627\u0621 \u0627\u0644\u0627\u0635\u0637\u0646\u0627\u0639\u064a \u0644\u0640 SharpTrader.[:ko]SharpTrader\ub97c \uc704\ud55c AI \uac15\ud654 \ucc28\uc775\uac70\ub798 \uc804\ub7b5 \ucd5c\uc801\ud654\uae30.[:es]Optimizador de Estrategias de Arbitraje Mejorado con IA para SharpTrader[:pt]Otimizador de Estrat\u00e9gias de Arbitragem com IA para SharpTrader[:id]Pengoptimal Strategi Arbitrase Berbasis AI untuk SharpTrader[:vi]Tr\u00ecnh t\u1ed1i \u01b0u h\u00f3a chi\u1ebfn l\u01b0\u1ee3c ch\u00eanh l\u1ec7ch gi\u00e1 t\u00edch h\u1ee3p AI cho SharpTrader[:] - Forex &amp; Cryptocurrencies Arbitrage Software | BJF Trading Group Inc.","og_description":"[:en]This state-of-the-art tool is expertly crafted to transform your trading journey. It functions by gathering and scrutinizing the configurations and outcomes of your SharpTrader built-in arbitrage trading strategies. Leveraging sophisticated AI algorithms, it fine-tunes these configurations, guiding you towards optimal trading results.[:es]Esta herramienta de \u00faltima generaci\u00f3n est\u00e1 dise\u00f1ada con maestr\u00eda para transformar tu experiencia de trading. Funciona recopilando y analizando las configuraciones y los resultados de tus estrategias de arbitraje integradas en SharpTrader. Aprovechando algoritmos avanzados de inteligencia artificial, optimiza estas configuraciones y te gu\u00eda hacia resultados de trading \u00f3ptimos.[:pt]Esta ferramenta de \u00faltima gera\u00e7\u00e3o foi cuidadosamente desenvolvida para transformar a sua jornada de trading. Ela funciona recolhendo e analisando as configura\u00e7\u00f5es e os resultados das suas estrat\u00e9gias de arbitragem integradas no SharpTrader. Utilizando algoritmos avan\u00e7ados de intelig\u00eancia artificial, ajusta essas configura\u00e7\u00f5es e orienta-o em dire\u00e7\u00e3o aos resultados de trading ideais.[:id]Alat canggih ini dirancang secara profesional untuk mengubah perjalanan trading Anda. Alat ini bekerja dengan mengumpulkan dan menganalisis konfigurasi serta hasil dari strategi arbitrase bawaan Anda di SharpTrader. Dengan memanfaatkan algoritme AI yang canggih, alat ini menyempurnakan konfigurasi tersebut dan membimbing Anda menuju hasil trading yang optimal.[:vi]C\u00f4ng c\u1ee5 ti\u00ean ti\u1ebfn n\u00e0y \u0111\u01b0\u1ee3c ch\u1ebf t\u1ea1o m\u1ed9t c\u00e1ch tinh x\u1ea3o \u0111\u1ec3 n\u00e2ng t\u1ea7m h\u00e0nh tr\u00ecnh giao d\u1ecbch c\u1ee7a b\u1ea1n. N\u00f3 ho\u1ea1t \u0111\u1ed9ng b\u1eb1ng c\u00e1ch thu th\u1eadp v\u00e0 ph\u00e2n t\u00edch c\u00e1c c\u1ea5u h\u00ecnh c\u00f9ng k\u1ebft qu\u1ea3 c\u1ee7a c\u00e1c chi\u1ebfn l\u01b0\u1ee3c arbitrage t\u00edch h\u1ee3p trong SharpTrader. B\u1eb1ng c\u00e1ch t\u1eadn d\u1ee5ng c\u00e1c thu\u1eadt to\u00e1n tr\u00ed tu\u1ec7 nh\u00e2n t\u1ea1o ti\u00ean ti\u1ebfn, c\u00f4ng c\u1ee5 n\u00e0y tinh ch\u1ec9nh c\u00e1c c\u1ea5u h\u00ecnh \u0111\u00f3 v\u00e0 h\u01b0\u1edbng b\u1ea1n t\u1edbi nh\u1eefng k\u1ebft qu\u1ea3 giao d\u1ecbch t\u1ed1i \u01b0u.[:]","og_url":"https:\/\/bjftradinggroup.com\/product\/ai-arbitrage-optimizer\/","og_site_name":"Forex &amp; Cryptocurrencies Arbitrage Software | BJF Trading Group Inc.","article_modified_time":"2025-11-11T22:20:59+00:00","og_image":[{"width":1023,"height":1024,"url":"https:\/\/bjftradinggroup.com\/wp-content\/uploads\/2023\/12\/AI-Optimization-box.png","type":"image\/png"}],"twitter_card":"summary_large_image","twitter_misc":{"Tempo estimado de leitura":"4 minutos"},"schema":{"@context":"https:\/\/schema.org","@graph":[{"@type":"WebPage","@id":"https:\/\/bjftradinggroup.com\/product\/ai-arbitrage-optimizer\/","url":"https:\/\/bjftradinggroup.com\/product\/ai-arbitrage-optimizer\/","name":"[:en]AI-Enhanced Arbitrage Strategy Optimizer for SharpTrader[:de] AI-Verbesserter Arbitrage-Strategie-Optimierer f\u00fcr SharpTrader[:ja]\u30b7\u30e3\u30fc\u30d7\u30c8\u30ec\u30fc\u30c0\u30fc\u7528AI\u5f37\u5316\u30a2\u30fc\u30d3\u30c8\u30e9\u30fc\u30b8\u6226\u7565\u30aa\u30d7\u30c6\u30a3\u30de\u30a4\u30b6\u30fc[:ar]\u0645\u064f\u062d\u0633\u0651\u0646 \u0627\u0633\u062a\u0631\u0627\u062a\u064a\u062c\u064a\u0629 \u0627\u0644\u062a\u062d\u0643\u064a\u0645 \u0627\u0644\u0645\u0639\u0632\u0632 \u0628\u0627\u0644\u0630\u0643\u0627\u0621 \u0627\u0644\u0627\u0635\u0637\u0646\u0627\u0639\u064a \u0644\u0640 SharpTrader.[:ko]SharpTrader\ub97c \uc704\ud55c AI \uac15\ud654 \ucc28\uc775\uac70\ub798 \uc804\ub7b5 \ucd5c\uc801\ud654\uae30.[:es]Optimizador de Estrategias de Arbitraje Mejorado con IA para SharpTrader[:pt]Otimizador de Estrat\u00e9gias de Arbitragem com IA para SharpTrader[:id]Pengoptimal Strategi Arbitrase Berbasis AI untuk SharpTrader[:vi]Tr\u00ecnh t\u1ed1i \u01b0u h\u00f3a chi\u1ebfn l\u01b0\u1ee3c ch\u00eanh l\u1ec7ch gi\u00e1 t\u00edch h\u1ee3p AI cho SharpTrader[:] - Forex &amp; Cryptocurrencies Arbitrage Software | BJF Trading Group Inc.","isPartOf":{"@id":"https:\/\/bjftradinggroup.com\/#website"},"primaryImageOfPage":{"@id":"https:\/\/bjftradinggroup.com\/product\/ai-arbitrage-optimizer\/#primaryimage"},"image":{"@id":"https:\/\/bjftradinggroup.com\/product\/ai-arbitrage-optimizer\/#primaryimage"},"thumbnailUrl":"https:\/\/bjftradinggroup.com\/wp-content\/uploads\/2023\/12\/AI-Optimization-box.png","datePublished":"2023-12-15T20:18:47+00:00","dateModified":"2025-11-11T22:20:59+00:00","breadcrumb":{"@id":"https:\/\/bjftradinggroup.com\/product\/ai-arbitrage-optimizer\/#breadcrumb"},"inLanguage":"pt-PT","potentialAction":[{"@type":"ReadAction","target":["https:\/\/bjftradinggroup.com\/product\/ai-arbitrage-optimizer\/"]}]},{"@type":"ImageObject","inLanguage":"pt-PT","@id":"https:\/\/bjftradinggroup.com\/product\/ai-arbitrage-optimizer\/#primaryimage","url":"https:\/\/bjftradinggroup.com\/wp-content\/uploads\/2023\/12\/AI-Optimization-box.png","contentUrl":"https:\/\/bjftradinggroup.com\/wp-content\/uploads\/2023\/12\/AI-Optimization-box.png","width":1023,"height":1024,"caption":"AI Optimization add-on for SHARPTRADER"},{"@type":"BreadcrumbList","@id":"https:\/\/bjftradinggroup.com\/product\/ai-arbitrage-optimizer\/#breadcrumb","itemListElement":[{"@type":"ListItem","position":1,"name":"Home","item":"https:\/\/bjftradinggroup.com\/"},{"@type":"ListItem","position":2,"name":"Shop","item":"https:\/\/bjftradinggroup.com\/ko\/shop\/"},{"@type":"ListItem","position":3,"name":"AI-Enhanced Arbitrage Strategy Optimizer for SharpTrader"}]},{"@type":"WebSite","@id":"https:\/\/bjftradinggroup.com\/#website","url":"https:\/\/bjftradinggroup.com\/","name":"Forex &amp; Cryptocurrencies Arbitrage Software | BJF Trading Group Inc.","description":"FX Software pioneer since 2000","potentialAction":[{"@type":"SearchAction","target":{"@type":"EntryPoint","urlTemplate":"https:\/\/bjftradinggroup.com\/?s={search_term_string}"},"query-input":{"@type":"PropertyValueSpecification","valueRequired":true,"valueName":"search_term_string"}}],"inLanguage":"pt-PT"}]}},"_links":{"self":[{"href":"https:\/\/bjftradinggroup.com\/pt\/wp-json\/wp\/v2\/product\/7729","targetHints":{"allow":["GET"]}}],"collection":[{"href":"https:\/\/bjftradinggroup.com\/pt\/wp-json\/wp\/v2\/product"}],"about":[{"href":"https:\/\/bjftradinggroup.com\/pt\/wp-json\/wp\/v2\/types\/product"}],"replies":[{"embeddable":true,"href":"https:\/\/bjftradinggroup.com\/pt\/wp-json\/wp\/v2\/comments?post=7729"}],"wp:featuredmedia":[{"embeddable":true,"href":"https:\/\/bjftradinggroup.com\/pt\/wp-json\/wp\/v2\/media\/7732"}],"wp:attachment":[{"href":"https:\/\/bjftradinggroup.com\/pt\/wp-json\/wp\/v2\/media?parent=7729"}],"wp:term":[{"taxonomy":"product_brand","embeddable":true,"href":"https:\/\/bjftradinggroup.com\/pt\/wp-json\/wp\/v2\/product_brand?post=7729"},{"taxonomy":"product_cat","embeddable":true,"href":"https:\/\/bjftradinggroup.com\/pt\/wp-json\/wp\/v2\/product_cat?post=7729"},{"taxonomy":"product_tag","embeddable":true,"href":"https:\/\/bjftradinggroup.com\/pt\/wp-json\/wp\/v2\/product_tag?post=7729"}],"curies":[{"name":"wp","href":"https:\/\/api.w.org\/{rel}","templated":true}]}}