{"id":7367,"date":"2022-05-23T12:32:59","date_gmt":"2022-05-23T12:32:59","guid":{"rendered":"https:\/\/bjftradinggroup.com\/?post_type=product&#038;p=7367"},"modified":"2025-11-11T22:25:23","modified_gmt":"2025-11-11T22:25:23","slug":"jbridge","status":"publish","type":"product","link":"https:\/\/bjftradinggroup.com\/pt\/product\/jbridge\/","title":{"rendered":"Ponte para a plataforma JForex"},"content":{"rendered":"<p>O programa implementa a ideia principal: usar qualquer API de plataforma de negocia\u00e7\u00e3o para traduzir as informa\u00e7\u00f5es de mercado e de negocia\u00e7\u00e3o da plataforma em mensagens do protocolo FIX, que podem ser utilizadas pelos m\u00f3dulos FIX dos programas BJF. Assim, um programa BJF pode usar uma conta de plataforma como se fosse uma conta FIX nativa.<\/p>\n<p>O Dukascopy Bank oferece uma API para contas JForex:<br \/>\n<a href=\"https:\/\/www.dukascopy.com\/wiki\/en\/development\/get-started-api\/development-environment\/use-in-eclipse\">https:\/\/www.dukascopy.com\/wiki\/en\/development\/get-started-api\/development-environment\/use-in-eclipse<br \/>\n<\/a>.<\/p>\n<p>A Bridge to the JForex Platform foi projetada para funcionar com contas JForex tanto como contas principais quanto como subcontas.<\/p>\n<p>A conta principal (master) recebe os sinais da plataforma JForex e envia comandos FIX que reproduzem as opera\u00e7\u00f5es JForex no programa BJF.<\/p>\n<p>A subconta (sub-account) recebe mensagens FIX do programa BJF e envia mensagens JForex que reproduzem as opera\u00e7\u00f5es do programa BJF na plataforma JForex.<\/p>\n<p>O programa Bridge to JForex \u00e9 um arquivo Java 8 (.jar). No programa BJF, o Bridge to JForex deve ser adicionado \u00e0 lista de contas principais e\/ou subcontas como uma conta BJF_FIX.<br \/>\nO Bridge to JForex inicia automaticamente junto com o programa BJF. Ele possui uma interface simples: posi\u00e7\u00f5es e ordens da conta de origem aparecem na tabela superior, enquanto as posi\u00e7\u00f5es e ordens da conta de destino aparecem na tabela inferior. Posi\u00e7\u00f5es e ordens s\u00e3o exibidas em abas separadas.<\/p>\n<p>Exemplo:<\/p>\n<p>Conta principal com posi\u00e7\u00f5es abertas:<\/p>\n<p><img loading=\"lazy\" decoding=\"async\" class=\"alignnone wp-image-7368\" src=\"https:\/\/bjftradinggroup.com\/wp-content\/uploads\/2022\/05\/bridge-to-jforex-master-positions.png\" alt=\"bridge to jforex platform master positions\" width=\"776\" height=\"440\" srcset=\"https:\/\/bjftradinggroup.com\/wp-content\/uploads\/2022\/05\/bridge-to-jforex-master-positions.png 697w, https:\/\/bjftradinggroup.com\/wp-content\/uploads\/2022\/05\/bridge-to-jforex-master-positions-300x170.png 300w, https:\/\/bjftradinggroup.com\/wp-content\/uploads\/2022\/05\/bridge-to-jforex-master-positions-680x385.png 680w\" sizes=\"auto, (max-width: 776px) 100vw, 776px\" \/><\/p>\n<p>Conta principal com ordens STOP e LIMIT:<\/p>\n<p><img loading=\"lazy\" decoding=\"async\" class=\"alignnone wp-image-7369\" src=\"https:\/\/bjftradinggroup.com\/wp-content\/uploads\/2022\/05\/bridge-to-jforex-master-limit-positions.png\" alt=\"bridge to jforex limit and stop orders\" width=\"776\" height=\"440\" srcset=\"https:\/\/bjftradinggroup.com\/wp-content\/uploads\/2022\/05\/bridge-to-jforex-master-limit-positions.png 679w, https:\/\/bjftradinggroup.com\/wp-content\/uploads\/2022\/05\/bridge-to-jforex-master-limit-positions-300x170.png 300w\" sizes=\"auto, (max-width: 776px) 100vw, 776px\" \/><\/p>\n<p>Subconta com posi\u00e7\u00f5es abertas:<\/p>\n<p><img loading=\"lazy\" decoding=\"async\" class=\"alignnone wp-image-7370\" src=\"https:\/\/bjftradinggroup.com\/wp-content\/uploads\/2022\/05\/bridge-to-jforex-sub-account-positions.png\" alt=\"bridge-to-jforex sub-account positions\" width=\"773\" height=\"438\" srcset=\"https:\/\/bjftradinggroup.com\/wp-content\/uploads\/2022\/05\/bridge-to-jforex-sub-account-positions.png 681w, https:\/\/bjftradinggroup.com\/wp-content\/uploads\/2022\/05\/bridge-to-jforex-sub-account-positions-300x170.png 300w\" sizes=\"auto, (max-width: 773px) 100vw, 773px\" \/><\/p>\n<p>Subconta com ordens STOP e LIMIT:<\/p>\n<p><img loading=\"lazy\" decoding=\"async\" class=\"alignnone wp-image-7371\" src=\"https:\/\/bjftradinggroup.com\/wp-content\/uploads\/2022\/05\/bridge-to-jforex-sub-acount-pending-orders.png\" alt=\"bridge to jforex sub-account pending orders\" width=\"771\" height=\"437\" srcset=\"https:\/\/bjftradinggroup.com\/wp-content\/uploads\/2022\/05\/bridge-to-jforex-sub-acount-pending-orders.png 670w, https:\/\/bjftradinggroup.com\/wp-content\/uploads\/2022\/05\/bridge-to-jforex-sub-acount-pending-orders-300x170.png 300w\" sizes=\"auto, (max-width: 771px) 100vw, 771px\" \/><\/p>\n<p>Inicialmente, a janela exibe o \u00edcone \u201cPonte levantada\u201d<br \/>\n<img loading=\"lazy\" decoding=\"async\" class=\"alignnone size-full wp-image-7372\" src=\"https:\/\/bjftradinggroup.com\/wp-content\/uploads\/2022\/05\/raised-icon.png\" alt=\"raised icon\" width=\"24\" height=\"24\" \/>.<br \/>\nAp\u00f3s a conclus\u00e3o do processo de conex\u00e3o com o servidor Dukascopy e o in\u00edcio da estrat\u00e9gia JForex, o \u00edcone muda para \u201cPonte abaixada\u201d<br \/>\n<img loading=\"lazy\" decoding=\"async\" class=\"alignnone size-full wp-image-7373\" src=\"https:\/\/bjftradinggroup.com\/wp-content\/uploads\/2022\/05\/flattened-bridje.png\" alt=\"flattened icon bridge\" width=\"90\" height=\"26\" \/>.<br \/>\nAssim que a mudan\u00e7a ocorre, o Bridge to JForex est\u00e1 pronto para operar.<\/p>\n<p>As mensagens da plataforma JForex, do Bridge e do programa BJF s\u00e3o exibidas na janela de comando do Windows (cmd):<br \/>\n<img loading=\"lazy\" decoding=\"async\" class=\"alignnone wp-image-7374\" src=\"https:\/\/bjftradinggroup.com\/wp-content\/uploads\/2022\/05\/cmd-bridge-messages.png\" alt=\"bridge to jforex cmd messages\" width=\"770\" height=\"528\" srcset=\"https:\/\/bjftradinggroup.com\/wp-content\/uploads\/2022\/05\/cmd-bridge-messages.png 668w, https:\/\/bjftradinggroup.com\/wp-content\/uploads\/2022\/05\/cmd-bridge-messages-300x206.png 300w\" sizes=\"auto, (max-width: 770px) 100vw, 770px\" \/><\/p>\n<p>A aba de configura\u00e7\u00f5es permite definir os par\u00e2metros da conta JForex e as configura\u00e7\u00f5es da conex\u00e3o FIX:<br \/>\n<img loading=\"lazy\" decoding=\"async\" class=\"alignnone wp-image-7375\" src=\"https:\/\/bjftradinggroup.com\/wp-content\/uploads\/2022\/05\/bridge-to-jforex-settings.png\" alt=\"bridge to jforex platform settings\" width=\"768\" height=\"435\" srcset=\"https:\/\/bjftradinggroup.com\/wp-content\/uploads\/2022\/05\/bridge-to-jforex-settings.png 678w, https:\/\/bjftradinggroup.com\/wp-content\/uploads\/2022\/05\/bridge-to-jforex-settings-300x170.png 300w\" sizes=\"auto, (max-width: 768px) 100vw, 768px\" \/><\/p>\n<p>As configura\u00e7\u00f5es do canal FIX devem seguir algumas regras:<\/p>\n<ol>\n<li><strong>\u2018IP, URL\u2019<\/strong> \u2013 localhost ou 127.0.0.1. Isso significa que o Bridge to JForex e o programa BJF funcionam no mesmo computador.<\/li>\n<li><strong>\u2018Port quotes\u2019<\/strong> \u2013 valor \u00edmpar, preferencialmente acima de 30000.<\/li>\n<li><strong>\u2018Port trades\u2019<\/strong> \u2013 valor par, preferencialmente acima de 30000.<\/li>\n<\/ol>\n<p>Na pr\u00e1tica, os valores das portas v\u00eam das configura\u00e7\u00f5es do programa BJF.<\/p>\n<ol>\n<li><strong>\u2018Username\u2019, \u2018Password\u2019, \u2018Sender\u2019, \u2018Target\u2019<\/strong> \u2013 par\u00e2metros necess\u00e1rios da conta FIX, podendo ser textos arbitr\u00e1rios. No entanto, se v\u00e1rias contas JForex forem usadas, diferentes valores de Sender e Target ser\u00e3o necess\u00e1rios para cada conta.<\/li>\n<\/ol>\n<p>Configura\u00e7\u00f5es JForex:<\/p>\n<ol>\n<li><strong>\u2018URL for jnlp file\u2019<\/strong> \u2013 <a href=\"https:\/\/www.dukascopy.com\/client\/demo\/jclient\/jforex.jnlp\">https:\/\/www.dukascopy.com\/client\/demo\/jclient\/jforex.jnlp<\/a> para contas Demo, <a href=\"https:\/\/platform.dukascopy.com\/live_3\/jforex_3.jnlp\">https:\/\/platform.dukascopy.com\/live_3\/jforex_3.jnlp<\/a> para contas Live.<\/li>\n<li><strong>\u2018Username\u2019, \u2018Password\u2019<\/strong> \u2013 par\u00e2metros da conta JForex.<\/li>\n<li><strong>\u2018Pin\u2019<\/strong> \u2013 texto arbitr\u00e1rio, apenas para contas Live. A inser\u00e7\u00e3o do PIN \u00e9 uma opera\u00e7\u00e3o manual inevit\u00e1vel para a conex\u00e3o com uma conta Live. O Bridge to JForex apenas detecta se o campo PIN est\u00e1 vazio ou n\u00e3o, e ent\u00e3o exibe a janela de entrada de PIN do Dukascopy para contas Live, ou a ignora para contas Demo.<\/li>\n<li><strong>\u2018Non-currency instruments\u2019<\/strong> \u2013 pode ser usado para ajustes finos de multiplicadores de tamanho de lote; na maioria dos casos, permanece vazio.<\/li>\n<li><strong>\u2018Lot multiplier for currencies\u2019<\/strong> \u2013 usado para recalcular o tamanho das negocia\u00e7\u00f5es do lote MT4-MT5 (geralmente 100000) para o tamanho de lote JForex (geralmente 1000000).<\/li>\n<li><strong>\u2018Lot multiplier for indexes and CFD\u2019<\/strong> \u2013 usado para recalcular o tamanho das negocia\u00e7\u00f5es para \u00edndices e CFDs.<\/li>\n<\/ol>\n<p><\/p>","protected":false},"excerpt":{"rendered":"<p>A <strong data-start=\"518\" data-end=\"553\">Bridge para a plataforma JForex<\/strong> foi desenvolvida para funcionar com contas JForex, tanto como contas principais quanto como subcontas. A conta principal recebe os sinais da plataforma de trading JForex e envia comandos <strong data-start=\"741\" data-end=\"748\">FIX<\/strong> que reproduzem as opera\u00e7\u00f5es do JForex no programa <strong data-start=\"799\" data-end=\"806\">BJF<\/strong>. A subconta recebe as mensagens <strong data-start=\"839\" data-end=\"846\">FIX<\/strong> do programa BJF e envia mensagens JForex que reproduzem as opera\u00e7\u00f5es do programa BJF na plataforma de trading JForex.<\/p>\n","protected":false},"featured_media":7376,"comment_status":"open","ping_status":"closed","template":"","meta":{"_acf_changed":false},"product_brand":[],"product_cat":[66,51,272],"product_tag":[],"class_list":{"0":"post-7367","1":"product","2":"type-product","3":"status-publish","4":"has-post-thumbnail","6":"product_cat-arbitrage-software","7":"product_cat-fix-api-software","8":"product_cat-popular","10":"first","11":"instock","12":"taxable","13":"shipping-taxable","14":"purchasable","15":"product-type-simple"},"exclude_global_add_ons":[],"addons":[],"acf":[],"yoast_head":"<!-- This site is optimized with the Yoast SEO plugin v27.3 - https:\/\/yoast.com\/product\/yoast-seo-wordpress\/ -->\n<title>Ponte para a plataforma JForex - Forex &amp; Cryptocurrencies Arbitrage Software | BJF Trading Group Inc.<\/title>\n<meta name=\"description\" content=\"Bridge to the JForex platform was designed to work with JForex accounts both as master accounts and as sub-accounts.\" \/>\n<meta name=\"robots\" content=\"index, follow, max-snippet:-1, max-image-preview:large, max-video-preview:-1\" \/>\n<link rel=\"canonical\" href=\"https:\/\/bjftradinggroup.com\/product\/jbridge\/\" \/>\n<meta property=\"og:locale\" content=\"pt_PT\" \/>\n<meta property=\"og:type\" content=\"article\" \/>\n<meta property=\"og:title\" content=\"[:en]Bridge to the JForex Platform[:de]Br\u00fccke zur JForex-Plattform[:ja]Bridge to the JForex\u30d7\u30e9\u30c3\u30c8\u30d5\u30a9\u30fc\u30e0[:ar]\u062c\u0633\u0631 \u0625\u0644\u0649 \u0645\u0646\u0635\u0629 JForex[:ko]JForex \ud50c\ub7ab\ud3fc\uc73c\ub85c\uc758 \ub2e4\ub9ac[:es]Puente hacia la plataforma JForex[:pt]Ponte para a plataforma JForex[:id]Jembatan ke platform JForex[:vi]C\u1ea7u n\u1ed1i \u0111\u1ebfn n\u1ec1n t\u1ea3ng JForex[:] - Forex &amp; Cryptocurrencies Arbitrage Software | BJF Trading Group Inc.\" \/>\n<meta property=\"og:description\" content=\"Bridge to the JForex platform was designed to work with JForex accounts both as master accounts and as sub-accounts.\" \/>\n<meta property=\"og:url\" content=\"https:\/\/bjftradinggroup.com\/product\/jbridge\/\" \/>\n<meta property=\"og:site_name\" content=\"Forex &amp; Cryptocurrencies Arbitrage Software | BJF Trading Group Inc.\" \/>\n<meta property=\"article:modified_time\" content=\"2025-11-11T22:25:23+00:00\" \/>\n<meta property=\"og:image\" content=\"https:\/\/bjftradinggroup.com\/wp-content\/uploads\/2022\/05\/JBridge-Box_a100.png\" \/>\n\t<meta property=\"og:image:width\" content=\"500\" \/>\n\t<meta property=\"og:image:height\" content=\"500\" \/>\n\t<meta property=\"og:image:type\" content=\"image\/png\" \/>\n<meta name=\"twitter:card\" content=\"summary_large_image\" \/>\n<meta name=\"twitter:label1\" content=\"Tempo estimado de leitura\" \/>\n\t<meta name=\"twitter:data1\" content=\"5 minutos\" \/>\n<script type=\"application\/ld+json\" class=\"yoast-schema-graph\">{\"@context\":\"https:\\\/\\\/schema.org\",\"@graph\":[{\"@type\":\"WebPage\",\"@id\":\"https:\\\/\\\/bjftradinggroup.com\\\/product\\\/jbridge\\\/\",\"url\":\"https:\\\/\\\/bjftradinggroup.com\\\/product\\\/jbridge\\\/\",\"name\":\"[:en]Bridge to the JForex Platform[:de]Br\u00fccke zur JForex-Plattform[:ja]Bridge to the JForex\u30d7\u30e9\u30c3\u30c8\u30d5\u30a9\u30fc\u30e0[:ar]\u062c\u0633\u0631 \u0625\u0644\u0649 \u0645\u0646\u0635\u0629 JForex[:ko]JForex \ud50c\ub7ab\ud3fc\uc73c\ub85c\uc758 \ub2e4\ub9ac[:es]Puente hacia la plataforma JForex[:pt]Ponte para a plataforma JForex[:id]Jembatan ke platform JForex[:vi]C\u1ea7u n\u1ed1i \u0111\u1ebfn n\u1ec1n t\u1ea3ng JForex[:] - Forex &amp; Cryptocurrencies Arbitrage Software | BJF Trading Group Inc.\",\"isPartOf\":{\"@id\":\"https:\\\/\\\/bjftradinggroup.com\\\/#website\"},\"primaryImageOfPage\":{\"@id\":\"https:\\\/\\\/bjftradinggroup.com\\\/product\\\/jbridge\\\/#primaryimage\"},\"image\":{\"@id\":\"https:\\\/\\\/bjftradinggroup.com\\\/product\\\/jbridge\\\/#primaryimage\"},\"thumbnailUrl\":\"https:\\\/\\\/bjftradinggroup.com\\\/wp-content\\\/uploads\\\/2022\\\/05\\\/JBridge-Box_a100.png\",\"datePublished\":\"2022-05-23T12:32:59+00:00\",\"dateModified\":\"2025-11-11T22:25:23+00:00\",\"description\":\"Bridge to the JForex platform was designed to work with JForex accounts both as master accounts and as sub-accounts.\",\"breadcrumb\":{\"@id\":\"https:\\\/\\\/bjftradinggroup.com\\\/product\\\/jbridge\\\/#breadcrumb\"},\"inLanguage\":\"pt-PT\",\"potentialAction\":[{\"@type\":\"ReadAction\",\"target\":[\"https:\\\/\\\/bjftradinggroup.com\\\/product\\\/jbridge\\\/\"]}]},{\"@type\":\"ImageObject\",\"inLanguage\":\"pt-PT\",\"@id\":\"https:\\\/\\\/bjftradinggroup.com\\\/product\\\/jbridge\\\/#primaryimage\",\"url\":\"https:\\\/\\\/bjftradinggroup.com\\\/wp-content\\\/uploads\\\/2022\\\/05\\\/JBridge-Box_a100.png\",\"contentUrl\":\"https:\\\/\\\/bjftradinggroup.com\\\/wp-content\\\/uploads\\\/2022\\\/05\\\/JBridge-Box_a100.png\",\"width\":500,\"height\":500,\"caption\":\"Bridge to jForex platform\"},{\"@type\":\"BreadcrumbList\",\"@id\":\"https:\\\/\\\/bjftradinggroup.com\\\/product\\\/jbridge\\\/#breadcrumb\",\"itemListElement\":[{\"@type\":\"ListItem\",\"position\":1,\"name\":\"Home\",\"item\":\"https:\\\/\\\/bjftradinggroup.com\\\/\"},{\"@type\":\"ListItem\",\"position\":2,\"name\":\"Shop\",\"item\":\"https:\\\/\\\/bjftradinggroup.com\\\/ko\\\/shop\\\/\"},{\"@type\":\"ListItem\",\"position\":3,\"name\":\"Bridge to the JForex Platform\"}]},{\"@type\":\"WebSite\",\"@id\":\"https:\\\/\\\/bjftradinggroup.com\\\/#website\",\"url\":\"https:\\\/\\\/bjftradinggroup.com\\\/\",\"name\":\"Forex &amp; Cryptocurrencies Arbitrage Software | BJF Trading Group Inc.\",\"description\":\"FX Software pioneer since 2000\",\"potentialAction\":[{\"@type\":\"SearchAction\",\"target\":{\"@type\":\"EntryPoint\",\"urlTemplate\":\"https:\\\/\\\/bjftradinggroup.com\\\/?s={search_term_string}\"},\"query-input\":{\"@type\":\"PropertyValueSpecification\",\"valueRequired\":true,\"valueName\":\"search_term_string\"}}],\"inLanguage\":\"pt-PT\"}]}<\/script>\n<!-- \/ Yoast SEO plugin. -->","yoast_head_json":{"title":"[:en]Bridge to the JForex Platform[:de]Br\u00fccke zur JForex-Plattform[:ja]Bridge to the JForex\u30d7\u30e9\u30c3\u30c8\u30d5\u30a9\u30fc\u30e0[:ar]\u062c\u0633\u0631 \u0625\u0644\u0649 \u0645\u0646\u0635\u0629 JForex[:ko]JForex \ud50c\ub7ab\ud3fc\uc73c\ub85c\uc758 \ub2e4\ub9ac[:es]Puente hacia la plataforma JForex[:pt]Ponte para a plataforma JForex[:id]Jembatan ke platform JForex[:vi]C\u1ea7u n\u1ed1i \u0111\u1ebfn n\u1ec1n t\u1ea3ng JForex[:] - Forex &amp; Cryptocurrencies Arbitrage Software | BJF Trading Group Inc.","description":"Bridge to the JForex platform was designed to work with JForex accounts both as master accounts and as sub-accounts.","robots":{"index":"index","follow":"follow","max-snippet":"max-snippet:-1","max-image-preview":"max-image-preview:large","max-video-preview":"max-video-preview:-1"},"canonical":"https:\/\/bjftradinggroup.com\/product\/jbridge\/","og_locale":"pt_PT","og_type":"article","og_title":"[:en]Bridge to the JForex Platform[:de]Br\u00fccke zur JForex-Plattform[:ja]Bridge to the JForex\u30d7\u30e9\u30c3\u30c8\u30d5\u30a9\u30fc\u30e0[:ar]\u062c\u0633\u0631 \u0625\u0644\u0649 \u0645\u0646\u0635\u0629 JForex[:ko]JForex \ud50c\ub7ab\ud3fc\uc73c\ub85c\uc758 \ub2e4\ub9ac[:es]Puente hacia la plataforma JForex[:pt]Ponte para a plataforma JForex[:id]Jembatan ke platform JForex[:vi]C\u1ea7u n\u1ed1i \u0111\u1ebfn n\u1ec1n t\u1ea3ng JForex[:] - Forex &amp; Cryptocurrencies Arbitrage Software | BJF Trading Group Inc.","og_description":"Bridge to the JForex platform was designed to work with JForex accounts both as master accounts and as sub-accounts.","og_url":"https:\/\/bjftradinggroup.com\/product\/jbridge\/","og_site_name":"Forex &amp; Cryptocurrencies Arbitrage Software | BJF Trading Group Inc.","article_modified_time":"2025-11-11T22:25:23+00:00","og_image":[{"width":500,"height":500,"url":"https:\/\/bjftradinggroup.com\/wp-content\/uploads\/2022\/05\/JBridge-Box_a100.png","type":"image\/png"}],"twitter_card":"summary_large_image","twitter_misc":{"Tempo estimado de leitura":"5 minutos"},"schema":{"@context":"https:\/\/schema.org","@graph":[{"@type":"WebPage","@id":"https:\/\/bjftradinggroup.com\/product\/jbridge\/","url":"https:\/\/bjftradinggroup.com\/product\/jbridge\/","name":"[:en]Bridge to the JForex Platform[:de]Br\u00fccke zur JForex-Plattform[:ja]Bridge to the JForex\u30d7\u30e9\u30c3\u30c8\u30d5\u30a9\u30fc\u30e0[:ar]\u062c\u0633\u0631 \u0625\u0644\u0649 \u0645\u0646\u0635\u0629 JForex[:ko]JForex \ud50c\ub7ab\ud3fc\uc73c\ub85c\uc758 \ub2e4\ub9ac[:es]Puente hacia la plataforma JForex[:pt]Ponte para a plataforma JForex[:id]Jembatan ke platform JForex[:vi]C\u1ea7u n\u1ed1i \u0111\u1ebfn n\u1ec1n t\u1ea3ng JForex[:] - Forex &amp; Cryptocurrencies Arbitrage Software | BJF Trading Group Inc.","isPartOf":{"@id":"https:\/\/bjftradinggroup.com\/#website"},"primaryImageOfPage":{"@id":"https:\/\/bjftradinggroup.com\/product\/jbridge\/#primaryimage"},"image":{"@id":"https:\/\/bjftradinggroup.com\/product\/jbridge\/#primaryimage"},"thumbnailUrl":"https:\/\/bjftradinggroup.com\/wp-content\/uploads\/2022\/05\/JBridge-Box_a100.png","datePublished":"2022-05-23T12:32:59+00:00","dateModified":"2025-11-11T22:25:23+00:00","description":"Bridge to the JForex platform was designed to work with JForex accounts both as master accounts and as sub-accounts.","breadcrumb":{"@id":"https:\/\/bjftradinggroup.com\/product\/jbridge\/#breadcrumb"},"inLanguage":"pt-PT","potentialAction":[{"@type":"ReadAction","target":["https:\/\/bjftradinggroup.com\/product\/jbridge\/"]}]},{"@type":"ImageObject","inLanguage":"pt-PT","@id":"https:\/\/bjftradinggroup.com\/product\/jbridge\/#primaryimage","url":"https:\/\/bjftradinggroup.com\/wp-content\/uploads\/2022\/05\/JBridge-Box_a100.png","contentUrl":"https:\/\/bjftradinggroup.com\/wp-content\/uploads\/2022\/05\/JBridge-Box_a100.png","width":500,"height":500,"caption":"Bridge to jForex platform"},{"@type":"BreadcrumbList","@id":"https:\/\/bjftradinggroup.com\/product\/jbridge\/#breadcrumb","itemListElement":[{"@type":"ListItem","position":1,"name":"Home","item":"https:\/\/bjftradinggroup.com\/"},{"@type":"ListItem","position":2,"name":"Shop","item":"https:\/\/bjftradinggroup.com\/ko\/shop\/"},{"@type":"ListItem","position":3,"name":"Bridge to the JForex Platform"}]},{"@type":"WebSite","@id":"https:\/\/bjftradinggroup.com\/#website","url":"https:\/\/bjftradinggroup.com\/","name":"Forex &amp; Cryptocurrencies Arbitrage Software | BJF Trading Group Inc.","description":"FX Software pioneer since 2000","potentialAction":[{"@type":"SearchAction","target":{"@type":"EntryPoint","urlTemplate":"https:\/\/bjftradinggroup.com\/?s={search_term_string}"},"query-input":{"@type":"PropertyValueSpecification","valueRequired":true,"valueName":"search_term_string"}}],"inLanguage":"pt-PT"}]}},"_links":{"self":[{"href":"https:\/\/bjftradinggroup.com\/pt\/wp-json\/wp\/v2\/product\/7367","targetHints":{"allow":["GET"]}}],"collection":[{"href":"https:\/\/bjftradinggroup.com\/pt\/wp-json\/wp\/v2\/product"}],"about":[{"href":"https:\/\/bjftradinggroup.com\/pt\/wp-json\/wp\/v2\/types\/product"}],"replies":[{"embeddable":true,"href":"https:\/\/bjftradinggroup.com\/pt\/wp-json\/wp\/v2\/comments?post=7367"}],"wp:featuredmedia":[{"embeddable":true,"href":"https:\/\/bjftradinggroup.com\/pt\/wp-json\/wp\/v2\/media\/7376"}],"wp:attachment":[{"href":"https:\/\/bjftradinggroup.com\/pt\/wp-json\/wp\/v2\/media?parent=7367"}],"wp:term":[{"taxonomy":"product_brand","embeddable":true,"href":"https:\/\/bjftradinggroup.com\/pt\/wp-json\/wp\/v2\/product_brand?post=7367"},{"taxonomy":"product_cat","embeddable":true,"href":"https:\/\/bjftradinggroup.com\/pt\/wp-json\/wp\/v2\/product_cat?post=7367"},{"taxonomy":"product_tag","embeddable":true,"href":"https:\/\/bjftradinggroup.com\/pt\/wp-json\/wp\/v2\/product_tag?post=7367"}],"curies":[{"name":"wp","href":"https:\/\/api.w.org\/{rel}","templated":true}]}}