{"id":8272,"date":"2024-12-16T14:40:01","date_gmt":"2024-12-16T14:40:01","guid":{"rendered":"https:\/\/bjftradinggroup.com\/?page_id=8272"},"modified":"2026-04-08T08:38:02","modified_gmt":"2026-04-08T08:38:02","slug":"celebrate-the-holidays-with-big-savings-festive-bonuses","status":"publish","type":"page","link":"https:\/\/bjftradinggroup.com\/pt\/celebrate-the-holidays-with-big-savings-festive-bonuses\/","title":{"rendered":"Celebrate the Holidays with Big Savings &#038; Festive Bonuses!"},"content":{"rendered":"<p><\/p>\n<section class=\"holiday-offer-hero\" style=\"text-align: center; margin-bottom: 40px;\"><img decoding=\"async\" style=\"max-width: 100%; border-radius: 12px;\" src=\"https:\/\/bjftradinggroup.com\/wp-content\/uploads\/2025\/12\/powerfull-trading-tools.png\" alt=\"Ferramentas de trading para as festas\" \/><\/section>\n<h2 style=\"text-align: center;\"><strong>HOLIDAY SPECIAL 2025\u20132026<br \/>\nOfertas de Natal e Ano Novo em todos os produtos de trading<\/strong><\/h2>\n<p style=\"text-align: center; font-size: 18px;\">Celebre a temporada de festas com upgrades poderosos para o seu kit de trading.<br \/>\nAproveite descontos por tempo limitado, b\u00f4nus exclusivos e pacotes de suporte ampliados.<\/p>\n<h2 style=\"color: #c1272d; text-align: center;\"><strong>\ud83c\udf81 50% DE DESCONTO + B\u00f4nus exclusivos de fim de ano<\/strong><\/h2>\n<article class=\"card pro\">\n<header>\n<h3><strong>\ud83c\udf84<\/strong> Plataforma de Arbitragem SharpTrader <strong>Pro<\/strong><\/h3>\n<div class=\"tag\">50% OFF<\/div>\n<\/header>\n<p class=\"lead\">Um terminal de arbitragem de n\u00edvel profissional, projetado para oferecer precis\u00e3o, velocidade e escalabilidade<br \/>\nem Forex, CFDs, Energia, Metais Premium, Futuros e Criptomoedas.<\/p>\n<ul class=\"perks\">\n<li><strong>2 licen\u00e7as Pro<\/strong> \u2014 opera\u00e7\u00e3o em dois VPS com contas ilimitadas<\/li>\n<li><strong>Hybrid Masking Strategy<\/strong> <em>(<del>$495<\/del>)<\/em> \u2014 inclu\u00edda gratuitamente.<br \/>\n<a href=\"https:\/\/bjftradinggroup.com\/product\/hybrid-masking-strategy-advanced-arbitrage-protection-for-sharptrader\/\" target=\"_blank\" rel=\"noopener\">Saiba mais<\/a><\/li>\n<li><strong>15% de cr\u00e9dito na loja<\/strong> para compras futuras<\/li>\n<li><strong>Otimiza\u00e7\u00e3o com IA<\/strong> \u2014 um m\u00eas gratuito.<br \/>\n<a href=\"https:\/\/bjftradinggroup.com\/product\/ai-arbitrage-optimizer\/\" target=\"_blank\" rel=\"noopener\">Saiba mais<\/a><\/li>\n<li><strong>UltraFXVPS<\/strong> \u2014<span data-teams=\"true\">25% off coupon for HFT VPS Special<\/span><\/li>\n<li>Corretoras recomendadas + arquivos de configura\u00e7\u00e3o gratuitos para corretoras e prop firms<\/li>\n<li><strong>Feed r\u00e1pido gratuito<\/strong> nos hubs de Londres, Nova York e T\u00f3quio<\/li>\n<li><strong>Suporte vital\u00edcio<\/strong> \u2014 assist\u00eancia na instala\u00e7\u00e3o e configura\u00e7\u00e3o do VPS<\/li>\n<\/ul>\n<footer><a class=\"btn primary\" href=\"https:\/\/bjftradinggroup.com\/product\/sharptrader-forex-crypto-arbitrage\/\" target=\"_blank\" rel=\"noopener\"><br \/>\nObter SharpTrader Pro<br \/>\n<\/a><\/footer>\n<\/article>\n<p><!-- Offer: SharpTrader Lite --><\/p>\n<article class=\"card lite\">\n<header>\n<h3><strong>\ud83c\udf84<\/strong> Plataforma de Arbitragem SharpTrader <strong>Lite<\/strong><\/h3>\n<div class=\"tag\">50% OFF<\/div>\n<\/header>\n<p class=\"lead\">Uma solu\u00e7\u00e3o de arbitragem simplificada com estabilidade de n\u00edvel profissional \u2014<br \/>\nperfeita para expandir para VPS e contas adicionais.<\/p>\n<ul class=\"perks\">\n<li><strong>2 licen\u00e7as Lite<\/strong> \u2014 uso em dois VPS com contas ilimitadas<\/li>\n<li><strong>10% de cr\u00e9dito na loja<\/strong> para compras futuras<\/li>\n<li><strong>UltraFXVPS<\/strong> \u2014 <span data-teams=\"true\">25% off coupon for HFT VPS Special<\/span><\/li>\n<li>Corretoras recomendadas + arquivos de configura\u00e7\u00e3o para corretoras e prop firms<\/li>\n<li><strong>Feed r\u00e1pido gratuito<\/strong> em Londres, Nova York e T\u00f3quio<\/li>\n<li><strong>Suporte vital\u00edcio<\/strong> \u2014 assist\u00eancia na instala\u00e7\u00e3o e configura\u00e7\u00e3o do VPS<\/li>\n<\/ul>\n<footer><a class=\"btn primary\" href=\"https:\/\/bjftradinggroup.com\/product\/sharptrader-lite\/\" target=\"_blank\" rel=\"noopener\"><br \/>\nObter SharpTrader Lite<br \/>\n<\/a><\/footer>\n<\/article>\n<p><!-- Offer: NewsAutoTraderPro --><\/p>\n<article class=\"card news\">\n<header>\n<h3><strong>\ud83c\udf84<\/strong> NewsAutoTraderPro \u2014 Trading de eventos de not\u00edcias econ\u00f4micas<\/h3>\n<div class=\"tag\">50% OFF<\/div>\n<\/header>\n<p class=\"lead\">Execu\u00e7\u00e3o ultrarr\u00e1pida e baseada em regras para operar divulga\u00e7\u00f5es econ\u00f4micas<br \/>\nde alto impacto com confian\u00e7a e consist\u00eancia.<\/p>\n<ul class=\"perks\">\n<li><strong>2 licen\u00e7as NewsAutoTraderPro<\/strong> \u2014 opera\u00e7\u00e3o em dois VPS com contas ilimitadas<\/li>\n<li><strong>10% de cr\u00e9dito na loja<\/strong> para compras futuras<\/li>\n<li><strong>UltraFXVPS<\/strong> \u2014 <span data-teams=\"true\">25% off coupon for HFT VPS Special<\/span><\/li>\n<li>Corretoras recomendadas + arquivos de configura\u00e7\u00e3o gratuitos<\/li>\n<li><strong>Feed de not\u00edcias gratuito<\/strong><\/li>\n<li><strong>Suporte vital\u00edcio<\/strong> \u2014 assist\u00eancia na instala\u00e7\u00e3o e configura\u00e7\u00e3o do VPS<\/li>\n<\/ul>\n<footer><a class=\"btn primary\" href=\"https:\/\/bjftradinggroup.com\/product\/newsautotraderpro\/\" target=\"_blank\" rel=\"noopener\"><br \/>\nObter NewsAutoTraderPro<br \/>\n<\/a><\/footer>\n<\/article>\n<div class=\"countdown-box\">\n<div><\/div>\n<div class=\"countdown-title\" style=\"text-align: center;\">\ud83c\udf84 <strong>A oferta de fim de ano termina em:<\/strong><\/div>\n<\/div>\n<p style=\"text-align: center;\"><\/p>\n<p><\/p>","protected":false},"excerpt":{"rendered":"<p>HOLIDAY SPECIAL 2025\u20132026 Ofertas de Natal e Ano Novo em todos os produtos de trading Celebre a temporada de festas com upgrades poderosos para o seu kit de trading. Aproveite descontos por tempo limitado, b\u00f4nus exclusivos e pacotes de suporte ampliados. \ud83c\udf81 50% DE DESCONTO + B\u00f4nus exclusivos de fim de ano \ud83c\udf84 Plataforma de Arbitragem SharpTrader Pro 50% OFF Um terminal de arbitragem de n\u00edvel profissional, projetado para oferecer precis\u00e3o, velocidade e escalabilidade em&hellip;<\/p>\n","protected":false},"author":1,"featured_media":0,"parent":0,"menu_order":0,"comment_status":"closed","ping_status":"closed","template":"friday-page.php","meta":{"_acf_changed":false,"footnotes":""},"class_list":["post-8272","page","type-page","status-publish","hentry"],"acf":[],"yoast_head":"<!-- This site is optimized with the Yoast SEO plugin v27.5 - https:\/\/yoast.com\/product\/yoast-seo-wordpress\/ -->\n<title><\/title>\n<meta name=\"robots\" content=\"index, follow, max-snippet:-1, max-image-preview:large, max-video-preview:-1\" \/>\n<link rel=\"canonical\" href=\"https:\/\/bjftradinggroup.com\/celebrate-the-holidays-with-big-savings-festive-bonuses\/\" \/>\n<meta property=\"og:locale\" content=\"pt_PT\" \/>\n<meta property=\"og:type\" content=\"article\" \/>\n<meta property=\"og:title\" content=\"[:en]Celebrate the Holidays with Big Savings &amp; Festive Bonuses![:] - Forex &amp; Cryptocurrencies Arbitrage Software | BJF Trading Group Inc.\" \/>\n<meta property=\"og:description\" content=\"HOLIDAY SPECIAL 2025\u20132026 Ofertas de Natal e Ano Novo em todos os produtos de trading Celebre a temporada de festas com upgrades poderosos para o seu kit de trading. Aproveite descontos por tempo limitado, b\u00f4nus exclusivos e pacotes de suporte ampliados. \ud83c\udf81 50% DE DESCONTO + B\u00f4nus exclusivos de fim de ano \ud83c\udf84 Plataforma de Arbitragem SharpTrader Pro 50% OFF Um terminal de arbitragem de n\u00edvel profissional, projetado para oferecer precis\u00e3o, velocidade e escalabilidade em&hellip;\" \/>\n<meta property=\"og:url\" content=\"https:\/\/bjftradinggroup.com\/celebrate-the-holidays-with-big-savings-festive-bonuses\/\" \/>\n<meta property=\"og:site_name\" content=\"Forex &amp; Cryptocurrencies Arbitrage Software | BJF Trading Group Inc.\" \/>\n<meta property=\"article:modified_time\" content=\"2026-04-08T08:38:02+00:00\" \/>\n<meta property=\"og:image\" content=\"https:\/\/bjftradinggroup.com\/wp-content\/uploads\/2025\/12\/powerfull-trading-tools.png\" \/>\n<meta name=\"twitter:card\" content=\"summary_large_image\" \/>\n<meta name=\"twitter:label1\" content=\"Tempo estimado de leitura\" \/>\n\t<meta name=\"twitter:data1\" content=\"14 minutos\" \/>\n<script type=\"application\/ld+json\" class=\"yoast-schema-graph\">{\"@context\":\"https:\\\/\\\/schema.org\",\"@graph\":[{\"@type\":\"WebPage\",\"@id\":\"https:\\\/\\\/bjftradinggroup.com\\\/celebrate-the-holidays-with-big-savings-festive-bonuses\\\/\",\"url\":\"https:\\\/\\\/bjftradinggroup.com\\\/celebrate-the-holidays-with-big-savings-festive-bonuses\\\/\",\"name\":\"Celebrate the Holidays with Big Savings & Festive Bonuses!\",\"isPartOf\":{\"@id\":\"https:\\\/\\\/bjftradinggroup.com\\\/#website\"},\"primaryImageOfPage\":{\"@id\":\"https:\\\/\\\/bjftradinggroup.com\\\/celebrate-the-holidays-with-big-savings-festive-bonuses\\\/#primaryimage\"},\"image\":{\"@id\":\"https:\\\/\\\/bjftradinggroup.com\\\/celebrate-the-holidays-with-big-savings-festive-bonuses\\\/#primaryimage\"},\"thumbnailUrl\":\"https:\\\/\\\/bjftradinggroup.com\\\/wp-content\\\/uploads\\\/2025\\\/12\\\/powerfull-trading-tools.png\",\"datePublished\":\"2024-12-16T14:40:01+00:00\",\"dateModified\":\"2026-04-08T08:38:02+00:00\",\"breadcrumb\":{\"@id\":\"https:\\\/\\\/bjftradinggroup.com\\\/celebrate-the-holidays-with-big-savings-festive-bonuses\\\/#breadcrumb\"},\"inLanguage\":\"pt-PT\",\"potentialAction\":[{\"@type\":\"ReadAction\",\"target\":[\"https:\\\/\\\/bjftradinggroup.com\\\/celebrate-the-holidays-with-big-savings-festive-bonuses\\\/\"]}]},{\"@type\":\"ImageObject\",\"inLanguage\":\"pt-PT\",\"@id\":\"https:\\\/\\\/bjftradinggroup.com\\\/celebrate-the-holidays-with-big-savings-festive-bonuses\\\/#primaryimage\",\"url\":\"https:\\\/\\\/bjftradinggroup.com\\\/wp-content\\\/uploads\\\/2025\\\/12\\\/powerfull-trading-tools.png\",\"contentUrl\":\"https:\\\/\\\/bjftradinggroup.com\\\/wp-content\\\/uploads\\\/2025\\\/12\\\/powerfull-trading-tools.png\"},{\"@type\":\"BreadcrumbList\",\"@id\":\"https:\\\/\\\/bjftradinggroup.com\\\/celebrate-the-holidays-with-big-savings-festive-bonuses\\\/#breadcrumb\",\"itemListElement\":[{\"@type\":\"ListItem\",\"position\":1,\"name\":\"Home\",\"item\":\"https:\\\/\\\/bjftradinggroup.com\\\/\"},{\"@type\":\"ListItem\",\"position\":2,\"name\":\"Celebrate the Holidays with Big Savings &#038; Festive Bonuses!\"}]},{\"@type\":\"WebSite\",\"@id\":\"https:\\\/\\\/bjftradinggroup.com\\\/#website\",\"url\":\"https:\\\/\\\/bjftradinggroup.com\\\/\",\"name\":\"Forex &amp; Cryptocurrencies Arbitrage Software | BJF Trading Group Inc.\",\"description\":\"FX Software pioneer since 2000\",\"potentialAction\":[{\"@type\":\"SearchAction\",\"target\":{\"@type\":\"EntryPoint\",\"urlTemplate\":\"https:\\\/\\\/bjftradinggroup.com\\\/?s={search_term_string}\"},\"query-input\":{\"@type\":\"PropertyValueSpecification\",\"valueRequired\":true,\"valueName\":\"search_term_string\"}}],\"inLanguage\":\"pt-PT\"},{\"@type\":\"Organization\",\"@id\":\"https:\\\/\\\/bjftradinggroup.com\\\/#organization\",\"name\":\"BJF Trading Group Inc.\",\"legalName\":\"BJF Trading Group Inc.\",\"url\":\"https:\\\/\\\/bjftradinggroup.com\\\/\",\"logo\":{\"@type\":\"ImageObject\",\"url\":\"https:\\\/\\\/bjftradinggroup.com\\\/wp-content\\\/uploads\\\/logo.png\",\"width\":512,\"height\":512},\"foundingDate\":\"2000\",\"founder\":{\"@id\":\"https:\\\/\\\/bjftradinggroup.com\\\/about-boris-fesenko\\\/#person\"},\"address\":{\"@type\":\"PostalAddress\",\"addressRegion\":\"Ontario\",\"addressCountry\":\"CA\"},\"contactPoint\":[{\"@type\":\"ContactPoint\",\"contactType\":\"customer support\",\"email\":\"support@bjftradinggroup.com\",\"availableLanguage\":[\"English\",\"German\",\"Japanese\",\"Korean\",\"Spanish\",\"Portuguese\",\"Arabic\",\"Indonesian\",\"Vietnamese\"]}],\"sameAs\":[\"https:\\\/\\\/www.facebook.com\\\/bjftradinggroup\",\"https:\\\/\\\/twitter.com\\\/BjfGroup\",\"https:\\\/\\\/www.youtube.com\\\/@bjftradinggroup\",\"https:\\\/\\\/t.me\\\/bjftradinggroup\",\"https:\\\/\\\/instagram.com\\\/bjftradinggroup\",\"https:\\\/\\\/www.linkedin.com\\\/company\\\/bjf-trading-group\\\/\"],\"knowsAbout\":[\"Forex arbitrage\",\"Cryptocurrency arbitrage\",\"Latency arbitrage\",\"News trading\",\"FIX API trading\",\"High-frequency trading\",\"Lock arbitrage\",\"Hedge arbitrage\",\"Pair trading\",\"Algorithmic trading software\"]}]}<\/script>\n<!-- \/ Yoast SEO plugin. -->","yoast_head_json":{"title":"[:en]Celebrate the Holidays with Big Savings & Festive Bonuses![:] - Forex &amp; Cryptocurrencies Arbitrage Software | BJF Trading Group Inc.","robots":{"index":"index","follow":"follow","max-snippet":"max-snippet:-1","max-image-preview":"max-image-preview:large","max-video-preview":"max-video-preview:-1"},"canonical":"https:\/\/bjftradinggroup.com\/celebrate-the-holidays-with-big-savings-festive-bonuses\/","og_locale":"pt_PT","og_type":"article","og_title":"[:en]Celebrate the Holidays with Big Savings & Festive Bonuses![:] - Forex &amp; Cryptocurrencies Arbitrage Software | BJF Trading Group Inc.","og_description":"HOLIDAY SPECIAL 2025\u20132026 Ofertas de Natal e Ano Novo em todos os produtos de trading Celebre a temporada de festas com upgrades poderosos para o seu kit de trading. Aproveite descontos por tempo limitado, b\u00f4nus exclusivos e pacotes de suporte ampliados. \ud83c\udf81 50% DE DESCONTO + B\u00f4nus exclusivos de fim de ano \ud83c\udf84 Plataforma de Arbitragem SharpTrader Pro 50% OFF Um terminal de arbitragem de n\u00edvel profissional, projetado para oferecer precis\u00e3o, velocidade e escalabilidade em&hellip;","og_url":"https:\/\/bjftradinggroup.com\/celebrate-the-holidays-with-big-savings-festive-bonuses\/","og_site_name":"Forex &amp; Cryptocurrencies Arbitrage Software | BJF Trading Group Inc.","article_modified_time":"2026-04-08T08:38:02+00:00","og_image":[{"url":"https:\/\/bjftradinggroup.com\/wp-content\/uploads\/2025\/12\/powerfull-trading-tools.png","type":"","width":"","height":""}],"twitter_card":"summary_large_image","twitter_misc":{"Tempo estimado de leitura":"14 minutos"},"schema":{"@context":"https:\/\/schema.org","@graph":[{"@type":"WebPage","@id":"https:\/\/bjftradinggroup.com\/celebrate-the-holidays-with-big-savings-festive-bonuses\/","url":"https:\/\/bjftradinggroup.com\/celebrate-the-holidays-with-big-savings-festive-bonuses\/","name":"Celebrate the Holidays with Big Savings & Festive Bonuses!","isPartOf":{"@id":"https:\/\/bjftradinggroup.com\/#website"},"primaryImageOfPage":{"@id":"https:\/\/bjftradinggroup.com\/celebrate-the-holidays-with-big-savings-festive-bonuses\/#primaryimage"},"image":{"@id":"https:\/\/bjftradinggroup.com\/celebrate-the-holidays-with-big-savings-festive-bonuses\/#primaryimage"},"thumbnailUrl":"https:\/\/bjftradinggroup.com\/wp-content\/uploads\/2025\/12\/powerfull-trading-tools.png","datePublished":"2024-12-16T14:40:01+00:00","dateModified":"2026-04-08T08:38:02+00:00","breadcrumb":{"@id":"https:\/\/bjftradinggroup.com\/celebrate-the-holidays-with-big-savings-festive-bonuses\/#breadcrumb"},"inLanguage":"pt-PT","potentialAction":[{"@type":"ReadAction","target":["https:\/\/bjftradinggroup.com\/celebrate-the-holidays-with-big-savings-festive-bonuses\/"]}]},{"@type":"ImageObject","inLanguage":"pt-PT","@id":"https:\/\/bjftradinggroup.com\/celebrate-the-holidays-with-big-savings-festive-bonuses\/#primaryimage","url":"https:\/\/bjftradinggroup.com\/wp-content\/uploads\/2025\/12\/powerfull-trading-tools.png","contentUrl":"https:\/\/bjftradinggroup.com\/wp-content\/uploads\/2025\/12\/powerfull-trading-tools.png"},{"@type":"BreadcrumbList","@id":"https:\/\/bjftradinggroup.com\/celebrate-the-holidays-with-big-savings-festive-bonuses\/#breadcrumb","itemListElement":[{"@type":"ListItem","position":1,"name":"Home","item":"https:\/\/bjftradinggroup.com\/"},{"@type":"ListItem","position":2,"name":"Celebrate the Holidays with Big Savings &#038; Festive Bonuses!"}]},{"@type":"WebSite","@id":"https:\/\/bjftradinggroup.com\/#website","url":"https:\/\/bjftradinggroup.com\/","name":"Forex &amp; Cryptocurrencies Arbitrage Software | BJF Trading Group Inc.","description":"FX Software pioneer since 2000","potentialAction":[{"@type":"SearchAction","target":{"@type":"EntryPoint","urlTemplate":"https:\/\/bjftradinggroup.com\/?s={search_term_string}"},"query-input":{"@type":"PropertyValueSpecification","valueRequired":true,"valueName":"search_term_string"}}],"inLanguage":"pt-PT"},{"@type":"Organization","@id":"https:\/\/bjftradinggroup.com\/#organization","name":"BJF Trading Group Inc.","legalName":"BJF Trading Group Inc.","url":"https:\/\/bjftradinggroup.com\/","logo":{"@type":"ImageObject","url":"https:\/\/bjftradinggroup.com\/wp-content\/uploads\/logo.png","width":512,"height":512},"foundingDate":"2000","founder":{"@id":"https:\/\/bjftradinggroup.com\/about-boris-fesenko\/#person"},"address":{"@type":"PostalAddress","addressRegion":"Ontario","addressCountry":"CA"},"contactPoint":[{"@type":"ContactPoint","contactType":"customer support","email":"support@bjftradinggroup.com","availableLanguage":["English","German","Japanese","Korean","Spanish","Portuguese","Arabic","Indonesian","Vietnamese"]}],"sameAs":["https:\/\/www.facebook.com\/bjftradinggroup","https:\/\/twitter.com\/BjfGroup","https:\/\/www.youtube.com\/@bjftradinggroup","https:\/\/t.me\/bjftradinggroup","https:\/\/instagram.com\/bjftradinggroup","https:\/\/www.linkedin.com\/company\/bjf-trading-group\/"],"knowsAbout":["Forex arbitrage","Cryptocurrency arbitrage","Latency arbitrage","News trading","FIX API trading","High-frequency trading","Lock arbitrage","Hedge arbitrage","Pair trading","Algorithmic trading software"]}]}},"_links":{"self":[{"href":"https:\/\/bjftradinggroup.com\/pt\/wp-json\/wp\/v2\/pages\/8272","targetHints":{"allow":["GET"]}}],"collection":[{"href":"https:\/\/bjftradinggroup.com\/pt\/wp-json\/wp\/v2\/pages"}],"about":[{"href":"https:\/\/bjftradinggroup.com\/pt\/wp-json\/wp\/v2\/types\/page"}],"author":[{"embeddable":true,"href":"https:\/\/bjftradinggroup.com\/pt\/wp-json\/wp\/v2\/users\/1"}],"replies":[{"embeddable":true,"href":"https:\/\/bjftradinggroup.com\/pt\/wp-json\/wp\/v2\/comments?post=8272"}],"version-history":[{"count":28,"href":"https:\/\/bjftradinggroup.com\/pt\/wp-json\/wp\/v2\/pages\/8272\/revisions"}],"predecessor-version":[{"id":10247,"href":"https:\/\/bjftradinggroup.com\/pt\/wp-json\/wp\/v2\/pages\/8272\/revisions\/10247"}],"wp:attachment":[{"href":"https:\/\/bjftradinggroup.com\/pt\/wp-json\/wp\/v2\/media?parent=8272"}],"curies":[{"name":"wp","href":"https:\/\/api.w.org\/{rel}","templated":true}]}}