{"id":10541,"date":"2026-03-13T15:01:45","date_gmt":"2026-03-13T15:01:45","guid":{"rendered":"https:\/\/bjftradinggroup.com\/?page_id=10541"},"modified":"2026-03-23T14:23:48","modified_gmt":"2026-03-23T14:23:48","slug":"offer","status":"publish","type":"page","link":"https:\/\/bjftradinggroup.com\/pt\/offer\/","title":{"rendered":"Offer After Webinar Arbitrage in 2026"},"content":{"rendered":"<p><\/p>\n<h2 style=\"text-align: center;\"><strong>OFERTA ESPECIAL DO WEBINAR \u2013 Acesso exclusivo para participantes do webinar<\/strong><\/h2>\n<p style=\"text-align: center; font-size: 18px;\">\nObrigado por participar do webinar. Para ajud\u00e1-lo a come\u00e7ar a construir sua pr\u00f3pria infraestrutura de arbitragem, preparamos uma oferta especial por tempo limitado dispon\u00edvel apenas para os participantes do webinar. Aproveite descontos exclusivos, b\u00f4nus especiais e pacotes de suporte ampliados.\n<\/p>\n<h2 style=\"color: #c1272d; text-align: center;\"><strong>\ud83c\udf81 50% DE DESCONTO + B\u00f4nus exclusivos do webinar<\/strong><\/h2>\n<article class=\"card pro\">\n<header>\n<h3><strong>\ud83d\ude80<\/strong>Plataforma de Arbitragem <strong>SharpTrader Pro<\/strong><\/h3>\n<div class=\"tag\">50% OFF<\/div>\n<\/header>\n<p class=\"lead\">\nUm terminal profissional de arbitragem desenvolvido para oferecer precis\u00e3o, velocidade e escalabilidade em Forex, CFDs, Energia, Metais preciosos, Futuros e Criptomoedas.\n<\/p>\n<ul class=\"perks\">\n<li><strong>2 licen\u00e7as SharpTrader Pro<\/strong> \u2014 execute em dois VPS com contas ilimitadas<\/li>\n<li><strong>Hybrid Masking Strategy<\/strong> <em>(<del>$495<\/del>)<\/em> \u2014 inclu\u00edda gratuitamente.<br \/>\n<a href=\"https:\/\/bjftradinggroup.com\/product\/hybrid-masking-strategy-advanced-arbitrage-protection-for-sharptrader\/\" target=\"_blank\" rel=\"noopener\">Saiba mais<\/a><\/li>\n<li><strong>15% de cr\u00e9dito na loja<\/strong> para compras futuras<\/li>\n<li><strong>AI Optimization<\/strong> \u2014 um m\u00eas gratuito.<br \/>\n<a href=\"https:\/\/bjftradinggroup.com\/product\/ai-arbitrage-optimizer\/\" target=\"_blank\" rel=\"noopener\">Saiba mais<\/a><\/li>\n<li><strong>UltraFXVPS<\/strong> \u2014 <span data-teams=\"true\">cupom de 25% de desconto para HFT VPS Special<\/span><\/li>\n<li>Corretoras recomendadas + arquivos de configura\u00e7\u00e3o gratuitos para corretoras e prop firms<\/li>\n<li><strong>Fast feed gratuito<\/strong> nos hubs de Londres, Nova York e T\u00f3quio<\/li>\n<li><strong>Suporte vital\u00edcio<\/strong> \u2014 assist\u00eancia para instala\u00e7\u00e3o e configura\u00e7\u00e3o de VPS<\/li>\n<\/ul>\n<h3 style=\"text-align: center;\">\n<a href=\"https:\/\/bjftradinggroup.com\/product\/sharptrader-forex-crypto-arbitrage\/\">Clique para abrir a p\u00e1gina inicial do SharpTrader Pro<\/a>, selecione as estrat\u00e9gias, adicione ao carrinho e utilize o c\u00f3digo de cupom: <strong>webinar2026arbitrage<\/strong><br \/>\n<\/h3>\n<\/article>\n<article class=\"card pro\">\n<img loading=\"lazy\" decoding=\"async\" class=\"alignnone size-large wp-image-10550\" src=\"https:\/\/bjftradinggroup.com\/wp-content\/uploads\/2026\/03\/couponcode-1024x192.png\" alt=\"\" width=\"1024\" height=\"192\" srcset=\"https:\/\/bjftradinggroup.com\/wp-content\/uploads\/2026\/03\/couponcode-1024x192.png 1024w, https:\/\/bjftradinggroup.com\/wp-content\/uploads\/2026\/03\/couponcode-300x56.png 300w, https:\/\/bjftradinggroup.com\/wp-content\/uploads\/2026\/03\/couponcode-768x144.png 768w, https:\/\/bjftradinggroup.com\/wp-content\/uploads\/2026\/03\/couponcode-680x128.png 680w, https:\/\/bjftradinggroup.com\/wp-content\/uploads\/2026\/03\/couponcode.png 1226w\" sizes=\"auto, (max-width: 1024px) 100vw, 1024px\" \/><\/p>\n<hr \/>\n<\/article>\n<p><!-- Offer: SharpTrader Lite --><\/p>\n<article class=\"card lite\">\n<header>\n<h3><strong>\ud83d\ude80<\/strong>Plataforma de Arbitragem <strong>SharpTrader Lite<\/strong><\/h3>\n<div class=\"tag\">50% OFF<\/div>\n<\/header>\n<p class=\"lead\">\nUma solu\u00e7\u00e3o de arbitragem simplificada com estabilidade de n\u00edvel profissional \u2014 perfeita para expandir para VPS adicionais e mais contas.\n<\/p>\n<ul class=\"perks\">\n<li><strong>Licen\u00e7as SharpTrader Lite<\/strong> \u2014 use em dois VPS com contas ilimitadas<\/li>\n<li><strong>10% de cr\u00e9dito na loja<\/strong> para compras futuras<\/li>\n<li><strong>UltraFXVPS<\/strong> \u2014 <span data-teams=\"true\">cupom de 25% de desconto para HFT VPS Special<\/span><\/li>\n<li>Corretoras recomendadas + arquivos de configura\u00e7\u00e3o para corretoras e prop firms<\/li>\n<li><strong>Fast feed gratuito<\/strong> nos hubs de Londres, Nova York e T\u00f3quio<\/li>\n<li><strong>Suporte vital\u00edcio<\/strong> \u2014 assist\u00eancia para instala\u00e7\u00e3o e configura\u00e7\u00e3o de VPS<\/li>\n<\/ul>\n<h3 style=\"text-align: center;\">\n<a href=\"https:\/\/bjftradinggroup.com\/product\/sharptrader-lite\/\">Clique para abrir a p\u00e1gina inicial do SharpTrader Lite<\/a>, selecione as estrat\u00e9gias, adicione ao carrinho e utilize o c\u00f3digo de cupom: <strong>webinar2026arbitrage<\/strong><br \/>\n<\/h3>\n<\/article>\n<div class=\"countdown-box\">\n<div class=\"countdown-title\" style=\"text-align: center;\">\u23f3 Esta oferta do webinar est\u00e1 dispon\u00edvel apenas por tempo limitado<\/div>\n<\/div>\n<p><\/p>","protected":false},"excerpt":{"rendered":"<p>OFERTA ESPECIAL DO WEBINAR \u2013 Acesso exclusivo para participantes do webinar Obrigado por participar do webinar. Para ajud\u00e1-lo a come\u00e7ar a construir sua pr\u00f3pria infraestrutura de arbitragem, preparamos uma oferta especial por tempo limitado dispon\u00edvel apenas para os participantes do webinar. Aproveite descontos exclusivos, b\u00f4nus especiais e pacotes de suporte ampliados. \ud83c\udf81 50% DE DESCONTO + B\u00f4nus exclusivos do webinar \ud83d\ude80Plataforma de Arbitragem SharpTrader Pro 50% OFF Um terminal profissional de arbitragem desenvolvido para oferecer&hellip;<\/p>\n","protected":false},"author":1,"featured_media":0,"parent":0,"menu_order":0,"comment_status":"closed","ping_status":"closed","template":"","meta":{"_acf_changed":false,"footnotes":""},"class_list":["post-10541","page","type-page","status-publish","hentry"],"acf":[],"yoast_head":"<!-- This site is optimized with the Yoast SEO plugin v27.3 - https:\/\/yoast.com\/product\/yoast-seo-wordpress\/ -->\n<title><\/title>\n<meta name=\"robots\" content=\"index, follow, max-snippet:-1, max-image-preview:large, max-video-preview:-1\" \/>\n<link rel=\"canonical\" href=\"https:\/\/bjftradinggroup.com\/offer\/\" \/>\n<meta property=\"og:locale\" content=\"pt_PT\" \/>\n<meta property=\"og:type\" content=\"article\" \/>\n<meta property=\"og:title\" content=\"[:en]Offer After Webinar Arbitrage in 2026[:] - Forex &amp; Cryptocurrencies Arbitrage Software | BJF Trading Group Inc.\" \/>\n<meta property=\"og:description\" content=\"OFERTA ESPECIAL DO WEBINAR \u2013 Acesso exclusivo para participantes do webinar Obrigado por participar do webinar. Para ajud\u00e1-lo a come\u00e7ar a construir sua pr\u00f3pria infraestrutura de arbitragem, preparamos uma oferta especial por tempo limitado dispon\u00edvel apenas para os participantes do webinar. Aproveite descontos exclusivos, b\u00f4nus especiais e pacotes de suporte ampliados. \ud83c\udf81 50% DE DESCONTO + B\u00f4nus exclusivos do webinar \ud83d\ude80Plataforma de Arbitragem SharpTrader Pro 50% OFF Um terminal profissional de arbitragem desenvolvido para oferecer&hellip;\" \/>\n<meta property=\"og:url\" content=\"https:\/\/bjftradinggroup.com\/offer\/\" \/>\n<meta property=\"og:site_name\" content=\"Forex &amp; Cryptocurrencies Arbitrage Software | BJF Trading Group Inc.\" \/>\n<meta property=\"article:modified_time\" content=\"2026-03-23T14:23:48+00:00\" \/>\n<meta property=\"og:image\" content=\"https:\/\/bjftradinggroup.com\/wp-content\/uploads\/2026\/03\/couponcode.png\" \/>\n\t<meta property=\"og:image:width\" content=\"1226\" \/>\n\t<meta property=\"og:image:height\" content=\"230\" \/>\n\t<meta property=\"og:image:type\" content=\"image\/png\" \/>\n<meta name=\"twitter:card\" content=\"summary_large_image\" \/>\n<meta name=\"twitter:label1\" content=\"Tempo estimado de leitura\" \/>\n\t<meta name=\"twitter:data1\" content=\"1 minuto\" \/>\n<script type=\"application\/ld+json\" class=\"yoast-schema-graph\">{\"@context\":\"https:\\\/\\\/schema.org\",\"@graph\":[{\"@type\":\"WebPage\",\"@id\":\"https:\\\/\\\/bjftradinggroup.com\\\/offer\\\/\",\"url\":\"https:\\\/\\\/bjftradinggroup.com\\\/offer\\\/\",\"name\":\"[:en]Offer After Webinar Arbitrage in 2026[:] - Forex &amp; Cryptocurrencies Arbitrage Software | BJF Trading Group Inc.\",\"isPartOf\":{\"@id\":\"https:\\\/\\\/bjftradinggroup.com\\\/#website\"},\"primaryImageOfPage\":{\"@id\":\"https:\\\/\\\/bjftradinggroup.com\\\/offer\\\/#primaryimage\"},\"image\":{\"@id\":\"https:\\\/\\\/bjftradinggroup.com\\\/offer\\\/#primaryimage\"},\"thumbnailUrl\":\"https:\\\/\\\/bjftradinggroup.com\\\/wp-content\\\/uploads\\\/2026\\\/03\\\/couponcode-1024x192.png\",\"datePublished\":\"2026-03-13T15:01:45+00:00\",\"dateModified\":\"2026-03-23T14:23:48+00:00\",\"breadcrumb\":{\"@id\":\"https:\\\/\\\/bjftradinggroup.com\\\/offer\\\/#breadcrumb\"},\"inLanguage\":\"pt-PT\",\"potentialAction\":[{\"@type\":\"ReadAction\",\"target\":[\"https:\\\/\\\/bjftradinggroup.com\\\/offer\\\/\"]}]},{\"@type\":\"ImageObject\",\"inLanguage\":\"pt-PT\",\"@id\":\"https:\\\/\\\/bjftradinggroup.com\\\/offer\\\/#primaryimage\",\"url\":\"https:\\\/\\\/bjftradinggroup.com\\\/wp-content\\\/uploads\\\/2026\\\/03\\\/couponcode-1024x192.png\",\"contentUrl\":\"https:\\\/\\\/bjftradinggroup.com\\\/wp-content\\\/uploads\\\/2026\\\/03\\\/couponcode-1024x192.png\"},{\"@type\":\"BreadcrumbList\",\"@id\":\"https:\\\/\\\/bjftradinggroup.com\\\/offer\\\/#breadcrumb\",\"itemListElement\":[{\"@type\":\"ListItem\",\"position\":1,\"name\":\"Home\",\"item\":\"https:\\\/\\\/bjftradinggroup.com\\\/\"},{\"@type\":\"ListItem\",\"position\":2,\"name\":\"Offer After Webinar Arbitrage in 2026\"}]},{\"@type\":\"WebSite\",\"@id\":\"https:\\\/\\\/bjftradinggroup.com\\\/#website\",\"url\":\"https:\\\/\\\/bjftradinggroup.com\\\/\",\"name\":\"Forex &amp; Cryptocurrencies Arbitrage Software | BJF Trading Group Inc.\",\"description\":\"FX Software pioneer since 2000\",\"potentialAction\":[{\"@type\":\"SearchAction\",\"target\":{\"@type\":\"EntryPoint\",\"urlTemplate\":\"https:\\\/\\\/bjftradinggroup.com\\\/?s={search_term_string}\"},\"query-input\":{\"@type\":\"PropertyValueSpecification\",\"valueRequired\":true,\"valueName\":\"search_term_string\"}}],\"inLanguage\":\"pt-PT\"}]}<\/script>\n<!-- \/ Yoast SEO plugin. -->","yoast_head_json":{"title":"[:en]Offer After Webinar Arbitrage in 2026[:] - Forex &amp; Cryptocurrencies Arbitrage Software | BJF Trading Group Inc.","robots":{"index":"index","follow":"follow","max-snippet":"max-snippet:-1","max-image-preview":"max-image-preview:large","max-video-preview":"max-video-preview:-1"},"canonical":"https:\/\/bjftradinggroup.com\/offer\/","og_locale":"pt_PT","og_type":"article","og_title":"[:en]Offer After Webinar Arbitrage in 2026[:] - Forex &amp; Cryptocurrencies Arbitrage Software | BJF Trading Group Inc.","og_description":"OFERTA ESPECIAL DO WEBINAR \u2013 Acesso exclusivo para participantes do webinar Obrigado por participar do webinar. Para ajud\u00e1-lo a come\u00e7ar a construir sua pr\u00f3pria infraestrutura de arbitragem, preparamos uma oferta especial por tempo limitado dispon\u00edvel apenas para os participantes do webinar. Aproveite descontos exclusivos, b\u00f4nus especiais e pacotes de suporte ampliados. \ud83c\udf81 50% DE DESCONTO + B\u00f4nus exclusivos do webinar \ud83d\ude80Plataforma de Arbitragem SharpTrader Pro 50% OFF Um terminal profissional de arbitragem desenvolvido para oferecer&hellip;","og_url":"https:\/\/bjftradinggroup.com\/offer\/","og_site_name":"Forex &amp; Cryptocurrencies Arbitrage Software | BJF Trading Group Inc.","article_modified_time":"2026-03-23T14:23:48+00:00","og_image":[{"width":1226,"height":230,"url":"https:\/\/bjftradinggroup.com\/wp-content\/uploads\/2026\/03\/couponcode.png","type":"image\/png"}],"twitter_card":"summary_large_image","twitter_misc":{"Tempo estimado de leitura":"1 minuto"},"schema":{"@context":"https:\/\/schema.org","@graph":[{"@type":"WebPage","@id":"https:\/\/bjftradinggroup.com\/offer\/","url":"https:\/\/bjftradinggroup.com\/offer\/","name":"[:en]Offer After Webinar Arbitrage in 2026[:] - Forex &amp; Cryptocurrencies Arbitrage Software | BJF Trading Group Inc.","isPartOf":{"@id":"https:\/\/bjftradinggroup.com\/#website"},"primaryImageOfPage":{"@id":"https:\/\/bjftradinggroup.com\/offer\/#primaryimage"},"image":{"@id":"https:\/\/bjftradinggroup.com\/offer\/#primaryimage"},"thumbnailUrl":"https:\/\/bjftradinggroup.com\/wp-content\/uploads\/2026\/03\/couponcode-1024x192.png","datePublished":"2026-03-13T15:01:45+00:00","dateModified":"2026-03-23T14:23:48+00:00","breadcrumb":{"@id":"https:\/\/bjftradinggroup.com\/offer\/#breadcrumb"},"inLanguage":"pt-PT","potentialAction":[{"@type":"ReadAction","target":["https:\/\/bjftradinggroup.com\/offer\/"]}]},{"@type":"ImageObject","inLanguage":"pt-PT","@id":"https:\/\/bjftradinggroup.com\/offer\/#primaryimage","url":"https:\/\/bjftradinggroup.com\/wp-content\/uploads\/2026\/03\/couponcode-1024x192.png","contentUrl":"https:\/\/bjftradinggroup.com\/wp-content\/uploads\/2026\/03\/couponcode-1024x192.png"},{"@type":"BreadcrumbList","@id":"https:\/\/bjftradinggroup.com\/offer\/#breadcrumb","itemListElement":[{"@type":"ListItem","position":1,"name":"Home","item":"https:\/\/bjftradinggroup.com\/"},{"@type":"ListItem","position":2,"name":"Offer After Webinar Arbitrage in 2026"}]},{"@type":"WebSite","@id":"https:\/\/bjftradinggroup.com\/#website","url":"https:\/\/bjftradinggroup.com\/","name":"Forex &amp; Cryptocurrencies Arbitrage Software | BJF Trading Group Inc.","description":"FX Software pioneer since 2000","potentialAction":[{"@type":"SearchAction","target":{"@type":"EntryPoint","urlTemplate":"https:\/\/bjftradinggroup.com\/?s={search_term_string}"},"query-input":{"@type":"PropertyValueSpecification","valueRequired":true,"valueName":"search_term_string"}}],"inLanguage":"pt-PT"}]}},"_links":{"self":[{"href":"https:\/\/bjftradinggroup.com\/pt\/wp-json\/wp\/v2\/pages\/10541","targetHints":{"allow":["GET"]}}],"collection":[{"href":"https:\/\/bjftradinggroup.com\/pt\/wp-json\/wp\/v2\/pages"}],"about":[{"href":"https:\/\/bjftradinggroup.com\/pt\/wp-json\/wp\/v2\/types\/page"}],"author":[{"embeddable":true,"href":"https:\/\/bjftradinggroup.com\/pt\/wp-json\/wp\/v2\/users\/1"}],"replies":[{"embeddable":true,"href":"https:\/\/bjftradinggroup.com\/pt\/wp-json\/wp\/v2\/comments?post=10541"}],"version-history":[{"count":12,"href":"https:\/\/bjftradinggroup.com\/pt\/wp-json\/wp\/v2\/pages\/10541\/revisions"}],"predecessor-version":[{"id":10575,"href":"https:\/\/bjftradinggroup.com\/pt\/wp-json\/wp\/v2\/pages\/10541\/revisions\/10575"}],"wp:attachment":[{"href":"https:\/\/bjftradinggroup.com\/pt\/wp-json\/wp\/v2\/media?parent=10541"}],"curies":[{"name":"wp","href":"https:\/\/api.w.org\/{rel}","templated":true}]}}