{"id":7556,"date":"2023-10-09T17:44:22","date_gmt":"2023-10-09T17:44:22","guid":{"rendered":"https:\/\/bjftradinggroup.com\/?post_type=product&#038;p=7556"},"modified":"2025-11-11T22:22:08","modified_gmt":"2025-11-11T22:22:08","slug":"ip-changer","status":"publish","type":"product","link":"https:\/\/bjftradinggroup.com\/es\/product\/ip-changer\/","title":{"rendered":"Cambiador de IPs"},"content":{"rendered":"<p><\/p>\n<h2>IPs Changer &#8211; Gesti\u00f3n de IPs Sin Esfuerzo para Traders<\/h2>\n<p> Maximiza tu potencial de trading con el revolucionario software **IPs Changer**, meticulosamente dise\u00f1ado para el trader experimentado que opera con m\u00faltiples cuentas. <\/p>\n<h3>\u00bfPor qu\u00e9 usar IPs Changer?<\/h3>\n<ul>\n<li><strong>Gesti\u00f3n Multicuenta:<\/strong> Perfecto para traders que poseen dos o m\u00e1s cuentas con el mismo br\u00f3ker pero registradas con nombres diferentes. Evita complicaciones innecesarias y gestiona tus cuentas de forma fluida y sencilla.<\/li>\n<li><strong>Privacidad y Anonimato Mejorados:<\/strong> Protege tu actividad de trading cambiando regularmente tu direcci\u00f3n IP, garantizando una experiencia de trading privada y discreta.<\/li>\n<li><strong>\u00d3ptimo para el Trading de Arbitraje:<\/strong> Cuando se utiliza junto con un software de arbitraje (u otro tipo de software), **IPs Changer** mejora significativamente la eficiencia operativa. Por ejemplo, si el **software de Latency Arbitrage** est\u00e1 funcionando en el VPS #1 con la IP1, el **IPs Changer** puede operar en el mismo VPS #1 con la IP2 (necesitar\u00e1s solicitar una direcci\u00f3n IP adicional a tu proveedor de VPS) o en el VPS #2 con la IP2. En consecuencia, todas las cuentas de cobertura (*hedge accounts*) se canalizar\u00e1n a trav\u00e9s de **IPs Changer**, garantizando conexiones r\u00e1pidas y seguras.<\/li>\n<\/ul>\n<h3>Mejora Tu Infraestructura de Trading<\/h3>\n<p> Con la complejidad del trading moderno, mantener la privacidad y una ventaja competitiva se vuelve fundamental. **IPs Changer** te asegura operar con confianza, sabiendo que tus cuentas est\u00e1n seguras, organizadas y siempre al alcance de tu mano.<\/p>\n<p>\u00a1Eleva tu estrategia de trading integrando IPs Changer en tu conjunto de herramientas!<\/p>","protected":false},"excerpt":{"rendered":"<p><strong data-start=\"20\" data-end=\"36\">IPs Changer:<\/strong> Mejora tu trading con nuestra herramienta de gesti\u00f3n de IP. Ideal para traders con m\u00faltiples cuentas, garantiza la privacidad y optimiza el arbitraje cambiando tu IP de forma fluida. \u00a1Opera con inteligencia, no con esfuerzo!<\/p>\n","protected":false},"featured_media":7558,"comment_status":"open","ping_status":"closed","template":"","meta":{"_acf_changed":false},"product_brand":[],"product_cat":[66,272],"product_tag":[268,266,267],"class_list":{"0":"post-7556","1":"product","2":"type-product","3":"status-publish","4":"has-post-thumbnail","6":"product_cat-arbitrage-software","7":"product_cat-popular","8":"product_tag-hide-ip","9":"product_tag-ip-changer","10":"product_tag-ip-mixer","12":"first","13":"instock","14":"taxable","15":"shipping-taxable","16":"purchasable","17":"product-type-simple"},"exclude_global_add_ons":false,"addons":[{"name":"Version & Add-ons","type":"checkbox","position":0,"required":false,"title_format":"label","default":"","description_enable":true,"description":"The lite version allows you to use IPs Changer for four accounts only. ","placeholder_enable":false,"placeholder":"","display":"select","restrictions_type":"any_text","adjust_price":false,"price":"","price_type":"flat_fee","restrictions":false,"min":"0","max":"0","options":[{"label":"Pro version for unlimited accounts","price":"199","price_type":"flat_fee","image":0,"visibility":true},{"label":"Proxy add-on","price":"50","price_type":"flat_fee","image":0,"visibility":true}],"id":1762183685}],"acf":[],"yoast_head":"<!-- This site is optimized with the Yoast SEO plugin v27.3 - https:\/\/yoast.com\/product\/yoast-seo-wordpress\/ -->\n<title>Cambiador de IPs - Forex &amp; Cryptocurrencies Arbitrage Software | BJF Trading Group Inc.<\/title>\n<meta name=\"robots\" content=\"index, follow, max-snippet:-1, max-image-preview:large, max-video-preview:-1\" \/>\n<link rel=\"canonical\" href=\"https:\/\/bjftradinggroup.com\/product\/ip-changer\/\" \/>\n<meta property=\"og:locale\" content=\"es_ES\" \/>\n<meta property=\"og:type\" content=\"article\" \/>\n<meta property=\"og:title\" content=\"[:en]IPs Changer[:de]IPs Changer[:ja]IPs Changer[:ar]IPs Changer[:ko]IPs Changer[:es]Cambiador de IPs[:pt]Alterador de IPs[:id]Pengubah IP[:vi]Tr\u00ecnh thay \u0111\u1ed5i \u0111\u1ecba ch\u1ec9 IP[:] - Forex &amp; Cryptocurrencies Arbitrage Software | BJF Trading Group Inc.\" \/>\n<meta property=\"og:description\" content=\"[:en]IPs Changer: Elevate your trading with our IP management tool. Ideal for traders with multiple accounts, ensuring privacy and optimizing arbitrage trading by seamlessly changing your IP. Trade smarter, not harder![:de]IPs Changer: Optimieren Sie Ihr Trading mit unserem IP-Verwaltungstool. Ideal f\u00fcr H\u00e4ndler mit mehreren Konten, um Datenschutz zu gew\u00e4hrleisten und Arbitrage-Handel durch nahtloses \u00c4ndern Ihrer IP zu optimieren. Handeln Sie kl\u00fcger, nicht h\u00e4rter![:ja]IPs Changer: \u79c1\u305f\u3061\u306eIP\u7ba1\u7406\u30c4\u30fc\u30eb\u3067\u30c8\u30ec\u30fc\u30c7\u30a3\u30f3\u30b0\u3092\u5411\u4e0a\u3055\u305b\u307e\u3057\u3087\u3046\u3002\u8907\u6570\u306e\u30a2\u30ab\u30a6\u30f3\u30c8\u3092\u6301\u3064\u30c8\u30ec\u30fc\u30c0\u30fc\u306b\u6700\u9069\u3067\u3001IP\u3092\u30b7\u30fc\u30e0\u30ec\u30b9\u306b\u5909\u66f4\u3059\u308b\u3053\u3068\u3067\u30d7\u30e9\u30a4\u30d0\u30b7\u30fc\u3092\u78ba\u4fdd\u3057\u3001\u30a2\u30fc\u30d3\u30c8\u30e9\u30fc\u30b8\u53d6\u5f15\u3092\u6700\u9069\u5316\u3057\u307e\u3059\u3002\u3082\u3063\u3068\u8ce2\u304f\u3001\u3082\u3063\u3068\u9811\u5f35\u3089\u305a\u306b\u53d6\u5f15\u3057\u307e\u3057\u3087\u3046\uff01[:ar]IPs Changer: \u0642\u0645 \u0628\u062a\u062d\u0633\u064a\u0646 \u062a\u062f\u0627\u0648\u0644\u0643 \u0645\u0639 \u0623\u062f\u0627\u0629 \u0625\u062f\u0627\u0631\u0629 \u0627\u0644\u0640 IP \u0627\u0644\u062e\u0627\u0635\u0629 \u0628\u0646\u0627. \u0645\u062b\u0627\u0644\u064a \u0644\u0644\u0645\u062a\u062f\u0627\u0648\u0644\u064a\u0646 \u0627\u0644\u0630\u064a\u0646 \u0644\u062f\u064a\u0647\u0645 \u062d\u0633\u0627\u0628\u0627\u062a \u0645\u062a\u0639\u062f\u062f\u0629\u060c \u062d\u064a\u062b \u064a\u0636\u0645\u0646 \u0627\u0644\u062e\u0635\u0648\u0635\u064a\u0629 \u0648\u064a\u062d\u0633\u0646 \u0645\u0646 \u062a\u062f\u0627\u0648\u0644 \u0627\u0644\u062a\u062d\u0648\u0637 \u0628\u062a\u063a\u064a\u064a\u0631 IP \u0627\u0644\u062e\u0627\u0635 \u0628\u0643 \u0628\u0633\u0644\u0627\u0633\u0629. \u0642\u0645 \u0628\u0627\u0644\u062a\u062f\u0627\u0648\u0644 \u0628\u0634\u0643\u0644 \u0623\u0630\u0643\u0649\u060c \u0644\u0627 \u0623\u0635\u0639\u0628![:ko]IPs Changer: \uc6b0\ub9ac\uc758 IP \uad00\ub9ac \ub3c4\uad6c\ub85c \uac70\ub798\ub97c \ud5a5\uc0c1\uc2dc\ud0a4\uc2ed\uc2dc\uc624. \uc5ec\ub7ec \uacc4\uc815\uc744 \uac00\uc9c4 \ud2b8\ub808\uc774\ub354\uc5d0\uac8c \uc774\uc0c1\uc801\uc774\uba70, IP\ub97c \uc6d0\ud65c\ud558\uac8c \ubcc0\uacbd\ud558\uc5ec \uac1c\uc778 \uc815\ubcf4 \ubcf4\ud638\ub97c \ubcf4\uc7a5\ud558\uace0 \uc544\ube44\ud2b8\ub77c\uc8fc \uac70\ub798\ub97c \ucd5c\uc801\ud654\ud569\ub2c8\ub2e4. \ub354 \uc5f4\uc2ec\ud788 \uac70\ub798\ud558\uae30\ubcf4\ub2e4\ub294 \ub354 \ub611\ub611\ud558\uac8c \uac70\ub798\ud558\uc138\uc694![:es]IPs Changer: Mejora tu trading con nuestra herramienta de gesti\u00f3n de IP. Ideal para traders con m\u00faltiples cuentas, garantiza la privacidad y optimiza el arbitraje cambiando tu IP de forma fluida. \u00a1Opera con inteligencia, no con esfuerzo![:pt]IPs Changer: Eleve o seu trading com a nossa ferramenta de gest\u00e3o de IP. Ideal para traders com m\u00faltiplas contas, garante privacidade e otimiza a arbitragem ao alterar o seu IP de forma simples e autom\u00e1tica. Negocie com intelig\u00eancia, n\u00e3o com esfor\u00e7o![:id]IPs Changer: Tingkatkan trading Anda dengan alat manajemen IP kami. Sempurna untuk trader dengan banyak akun, menjaga privasi dan mengoptimalkan arbitrase dengan mengganti IP Anda secara mulus. Berdaganglah dengan cerdas, bukan dengan keras![:vi]IPs Changer: N\u00e2ng t\u1ea7m giao d\u1ecbch c\u1ee7a b\u1ea1n v\u1edbi c\u00f4ng c\u1ee5 qu\u1ea3n l\u00fd IP c\u1ee7a ch\u00fang t\u00f4i. Ho\u00e0n h\u1ea3o cho c\u00e1c nh\u00e0 giao d\u1ecbch c\u00f3 nhi\u1ec1u t\u00e0i kho\u1ea3n, \u0111\u1ea3m b\u1ea3o quy\u1ec1n ri\u00eang t\u01b0 v\u00e0 t\u1ed1i \u01b0u h\u00f3a giao d\u1ecbch arbitrage b\u1eb1ng c\u00e1ch thay \u0111\u1ed5i IP m\u1ed9t c\u00e1ch li\u1ec1n m\u1ea1ch. Giao d\u1ecbch th\u00f4ng minh h\u01a1n, kh\u00f4ng v\u1ea5t v\u1ea3 h\u01a1n![:]\" \/>\n<meta property=\"og:url\" content=\"https:\/\/bjftradinggroup.com\/product\/ip-changer\/\" \/>\n<meta property=\"og:site_name\" content=\"Forex &amp; Cryptocurrencies Arbitrage Software | BJF Trading Group Inc.\" \/>\n<meta property=\"article:modified_time\" content=\"2025-11-11T22:22:08+00:00\" \/>\n<meta property=\"og:image\" content=\"https:\/\/bjftradinggroup.com\/wp-content\/uploads\/2023\/10\/box-ips-changer.png\" \/>\n\t<meta property=\"og:image:width\" content=\"500\" \/>\n\t<meta property=\"og:image:height\" content=\"500\" \/>\n\t<meta property=\"og:image:type\" content=\"image\/png\" \/>\n<meta name=\"twitter:card\" content=\"summary_large_image\" \/>\n<meta name=\"twitter:label1\" content=\"Tiempo de lectura\" \/>\n\t<meta name=\"twitter:data1\" content=\"8 minutos\" \/>\n<script type=\"application\/ld+json\" class=\"yoast-schema-graph\">{\"@context\":\"https:\\\/\\\/schema.org\",\"@graph\":[{\"@type\":\"WebPage\",\"@id\":\"https:\\\/\\\/bjftradinggroup.com\\\/product\\\/ip-changer\\\/\",\"url\":\"https:\\\/\\\/bjftradinggroup.com\\\/product\\\/ip-changer\\\/\",\"name\":\"[:en]IPs Changer[:de]IPs Changer[:ja]IPs Changer[:ar]IPs Changer[:ko]IPs Changer[:es]Cambiador de IPs[:pt]Alterador de IPs[:id]Pengubah IP[:vi]Tr\u00ecnh thay \u0111\u1ed5i \u0111\u1ecba ch\u1ec9 IP[:] - Forex &amp; Cryptocurrencies Arbitrage Software | BJF Trading Group Inc.\",\"isPartOf\":{\"@id\":\"https:\\\/\\\/bjftradinggroup.com\\\/#website\"},\"primaryImageOfPage\":{\"@id\":\"https:\\\/\\\/bjftradinggroup.com\\\/product\\\/ip-changer\\\/#primaryimage\"},\"image\":{\"@id\":\"https:\\\/\\\/bjftradinggroup.com\\\/product\\\/ip-changer\\\/#primaryimage\"},\"thumbnailUrl\":\"https:\\\/\\\/bjftradinggroup.com\\\/wp-content\\\/uploads\\\/2023\\\/10\\\/box-ips-changer.png\",\"datePublished\":\"2023-10-09T17:44:22+00:00\",\"dateModified\":\"2025-11-11T22:22:08+00:00\",\"breadcrumb\":{\"@id\":\"https:\\\/\\\/bjftradinggroup.com\\\/product\\\/ip-changer\\\/#breadcrumb\"},\"inLanguage\":\"es\",\"potentialAction\":[{\"@type\":\"ReadAction\",\"target\":[\"https:\\\/\\\/bjftradinggroup.com\\\/product\\\/ip-changer\\\/\"]}]},{\"@type\":\"ImageObject\",\"inLanguage\":\"es\",\"@id\":\"https:\\\/\\\/bjftradinggroup.com\\\/product\\\/ip-changer\\\/#primaryimage\",\"url\":\"https:\\\/\\\/bjftradinggroup.com\\\/wp-content\\\/uploads\\\/2023\\\/10\\\/box-ips-changer.png\",\"contentUrl\":\"https:\\\/\\\/bjftradinggroup.com\\\/wp-content\\\/uploads\\\/2023\\\/10\\\/box-ips-changer.png\",\"width\":500,\"height\":500,\"caption\":\"IPs changer box\"},{\"@type\":\"BreadcrumbList\",\"@id\":\"https:\\\/\\\/bjftradinggroup.com\\\/product\\\/ip-changer\\\/#breadcrumb\",\"itemListElement\":[{\"@type\":\"ListItem\",\"position\":1,\"name\":\"Home\",\"item\":\"https:\\\/\\\/bjftradinggroup.com\\\/\"},{\"@type\":\"ListItem\",\"position\":2,\"name\":\"Shop\",\"item\":\"https:\\\/\\\/bjftradinggroup.com\\\/ko\\\/shop\\\/\"},{\"@type\":\"ListItem\",\"position\":3,\"name\":\"IPs Changer\"}]},{\"@type\":\"WebSite\",\"@id\":\"https:\\\/\\\/bjftradinggroup.com\\\/#website\",\"url\":\"https:\\\/\\\/bjftradinggroup.com\\\/\",\"name\":\"Forex &amp; Cryptocurrencies Arbitrage Software | BJF Trading Group Inc.\",\"description\":\"FX Software pioneer since 2000\",\"potentialAction\":[{\"@type\":\"SearchAction\",\"target\":{\"@type\":\"EntryPoint\",\"urlTemplate\":\"https:\\\/\\\/bjftradinggroup.com\\\/?s={search_term_string}\"},\"query-input\":{\"@type\":\"PropertyValueSpecification\",\"valueRequired\":true,\"valueName\":\"search_term_string\"}}],\"inLanguage\":\"es\"}]}<\/script>\n<!-- \/ Yoast SEO plugin. -->","yoast_head_json":{"title":"[:en]IPs Changer[:de]IPs Changer[:ja]IPs Changer[:ar]IPs Changer[:ko]IPs Changer[:es]Cambiador de IPs[:pt]Alterador de IPs[:id]Pengubah IP[:vi]Tr\u00ecnh thay \u0111\u1ed5i \u0111\u1ecba ch\u1ec9 IP[:] - Forex &amp; Cryptocurrencies Arbitrage Software | BJF Trading Group Inc.","robots":{"index":"index","follow":"follow","max-snippet":"max-snippet:-1","max-image-preview":"max-image-preview:large","max-video-preview":"max-video-preview:-1"},"canonical":"https:\/\/bjftradinggroup.com\/product\/ip-changer\/","og_locale":"es_ES","og_type":"article","og_title":"[:en]IPs Changer[:de]IPs Changer[:ja]IPs Changer[:ar]IPs Changer[:ko]IPs Changer[:es]Cambiador de IPs[:pt]Alterador de IPs[:id]Pengubah IP[:vi]Tr\u00ecnh thay \u0111\u1ed5i \u0111\u1ecba ch\u1ec9 IP[:] - Forex &amp; Cryptocurrencies Arbitrage Software | BJF Trading Group Inc.","og_description":"[:en]IPs Changer: Elevate your trading with our IP management tool. Ideal for traders with multiple accounts, ensuring privacy and optimizing arbitrage trading by seamlessly changing your IP. Trade smarter, not harder![:de]IPs Changer: Optimieren Sie Ihr Trading mit unserem IP-Verwaltungstool. Ideal f\u00fcr H\u00e4ndler mit mehreren Konten, um Datenschutz zu gew\u00e4hrleisten und Arbitrage-Handel durch nahtloses \u00c4ndern Ihrer IP zu optimieren. Handeln Sie kl\u00fcger, nicht h\u00e4rter![:ja]IPs Changer: \u79c1\u305f\u3061\u306eIP\u7ba1\u7406\u30c4\u30fc\u30eb\u3067\u30c8\u30ec\u30fc\u30c7\u30a3\u30f3\u30b0\u3092\u5411\u4e0a\u3055\u305b\u307e\u3057\u3087\u3046\u3002\u8907\u6570\u306e\u30a2\u30ab\u30a6\u30f3\u30c8\u3092\u6301\u3064\u30c8\u30ec\u30fc\u30c0\u30fc\u306b\u6700\u9069\u3067\u3001IP\u3092\u30b7\u30fc\u30e0\u30ec\u30b9\u306b\u5909\u66f4\u3059\u308b\u3053\u3068\u3067\u30d7\u30e9\u30a4\u30d0\u30b7\u30fc\u3092\u78ba\u4fdd\u3057\u3001\u30a2\u30fc\u30d3\u30c8\u30e9\u30fc\u30b8\u53d6\u5f15\u3092\u6700\u9069\u5316\u3057\u307e\u3059\u3002\u3082\u3063\u3068\u8ce2\u304f\u3001\u3082\u3063\u3068\u9811\u5f35\u3089\u305a\u306b\u53d6\u5f15\u3057\u307e\u3057\u3087\u3046\uff01[:ar]IPs Changer: \u0642\u0645 \u0628\u062a\u062d\u0633\u064a\u0646 \u062a\u062f\u0627\u0648\u0644\u0643 \u0645\u0639 \u0623\u062f\u0627\u0629 \u0625\u062f\u0627\u0631\u0629 \u0627\u0644\u0640 IP \u0627\u0644\u062e\u0627\u0635\u0629 \u0628\u0646\u0627. \u0645\u062b\u0627\u0644\u064a \u0644\u0644\u0645\u062a\u062f\u0627\u0648\u0644\u064a\u0646 \u0627\u0644\u0630\u064a\u0646 \u0644\u062f\u064a\u0647\u0645 \u062d\u0633\u0627\u0628\u0627\u062a \u0645\u062a\u0639\u062f\u062f\u0629\u060c \u062d\u064a\u062b \u064a\u0636\u0645\u0646 \u0627\u0644\u062e\u0635\u0648\u0635\u064a\u0629 \u0648\u064a\u062d\u0633\u0646 \u0645\u0646 \u062a\u062f\u0627\u0648\u0644 \u0627\u0644\u062a\u062d\u0648\u0637 \u0628\u062a\u063a\u064a\u064a\u0631 IP \u0627\u0644\u062e\u0627\u0635 \u0628\u0643 \u0628\u0633\u0644\u0627\u0633\u0629. \u0642\u0645 \u0628\u0627\u0644\u062a\u062f\u0627\u0648\u0644 \u0628\u0634\u0643\u0644 \u0623\u0630\u0643\u0649\u060c \u0644\u0627 \u0623\u0635\u0639\u0628![:ko]IPs Changer: \uc6b0\ub9ac\uc758 IP \uad00\ub9ac \ub3c4\uad6c\ub85c \uac70\ub798\ub97c \ud5a5\uc0c1\uc2dc\ud0a4\uc2ed\uc2dc\uc624. \uc5ec\ub7ec \uacc4\uc815\uc744 \uac00\uc9c4 \ud2b8\ub808\uc774\ub354\uc5d0\uac8c \uc774\uc0c1\uc801\uc774\uba70, IP\ub97c \uc6d0\ud65c\ud558\uac8c \ubcc0\uacbd\ud558\uc5ec \uac1c\uc778 \uc815\ubcf4 \ubcf4\ud638\ub97c \ubcf4\uc7a5\ud558\uace0 \uc544\ube44\ud2b8\ub77c\uc8fc \uac70\ub798\ub97c \ucd5c\uc801\ud654\ud569\ub2c8\ub2e4. \ub354 \uc5f4\uc2ec\ud788 \uac70\ub798\ud558\uae30\ubcf4\ub2e4\ub294 \ub354 \ub611\ub611\ud558\uac8c \uac70\ub798\ud558\uc138\uc694![:es]IPs Changer: Mejora tu trading con nuestra herramienta de gesti\u00f3n de IP. Ideal para traders con m\u00faltiples cuentas, garantiza la privacidad y optimiza el arbitraje cambiando tu IP de forma fluida. \u00a1Opera con inteligencia, no con esfuerzo![:pt]IPs Changer: Eleve o seu trading com a nossa ferramenta de gest\u00e3o de IP. Ideal para traders com m\u00faltiplas contas, garante privacidade e otimiza a arbitragem ao alterar o seu IP de forma simples e autom\u00e1tica. Negocie com intelig\u00eancia, n\u00e3o com esfor\u00e7o![:id]IPs Changer: Tingkatkan trading Anda dengan alat manajemen IP kami. Sempurna untuk trader dengan banyak akun, menjaga privasi dan mengoptimalkan arbitrase dengan mengganti IP Anda secara mulus. Berdaganglah dengan cerdas, bukan dengan keras![:vi]IPs Changer: N\u00e2ng t\u1ea7m giao d\u1ecbch c\u1ee7a b\u1ea1n v\u1edbi c\u00f4ng c\u1ee5 qu\u1ea3n l\u00fd IP c\u1ee7a ch\u00fang t\u00f4i. Ho\u00e0n h\u1ea3o cho c\u00e1c nh\u00e0 giao d\u1ecbch c\u00f3 nhi\u1ec1u t\u00e0i kho\u1ea3n, \u0111\u1ea3m b\u1ea3o quy\u1ec1n ri\u00eang t\u01b0 v\u00e0 t\u1ed1i \u01b0u h\u00f3a giao d\u1ecbch arbitrage b\u1eb1ng c\u00e1ch thay \u0111\u1ed5i IP m\u1ed9t c\u00e1ch li\u1ec1n m\u1ea1ch. Giao d\u1ecbch th\u00f4ng minh h\u01a1n, kh\u00f4ng v\u1ea5t v\u1ea3 h\u01a1n![:]","og_url":"https:\/\/bjftradinggroup.com\/product\/ip-changer\/","og_site_name":"Forex &amp; Cryptocurrencies Arbitrage Software | BJF Trading Group Inc.","article_modified_time":"2025-11-11T22:22:08+00:00","og_image":[{"width":500,"height":500,"url":"https:\/\/bjftradinggroup.com\/wp-content\/uploads\/2023\/10\/box-ips-changer.png","type":"image\/png"}],"twitter_card":"summary_large_image","twitter_misc":{"Tiempo de lectura":"8 minutos"},"schema":{"@context":"https:\/\/schema.org","@graph":[{"@type":"WebPage","@id":"https:\/\/bjftradinggroup.com\/product\/ip-changer\/","url":"https:\/\/bjftradinggroup.com\/product\/ip-changer\/","name":"[:en]IPs Changer[:de]IPs Changer[:ja]IPs Changer[:ar]IPs Changer[:ko]IPs Changer[:es]Cambiador de IPs[:pt]Alterador de IPs[:id]Pengubah IP[:vi]Tr\u00ecnh thay \u0111\u1ed5i \u0111\u1ecba ch\u1ec9 IP[:] - Forex &amp; Cryptocurrencies Arbitrage Software | BJF Trading Group Inc.","isPartOf":{"@id":"https:\/\/bjftradinggroup.com\/#website"},"primaryImageOfPage":{"@id":"https:\/\/bjftradinggroup.com\/product\/ip-changer\/#primaryimage"},"image":{"@id":"https:\/\/bjftradinggroup.com\/product\/ip-changer\/#primaryimage"},"thumbnailUrl":"https:\/\/bjftradinggroup.com\/wp-content\/uploads\/2023\/10\/box-ips-changer.png","datePublished":"2023-10-09T17:44:22+00:00","dateModified":"2025-11-11T22:22:08+00:00","breadcrumb":{"@id":"https:\/\/bjftradinggroup.com\/product\/ip-changer\/#breadcrumb"},"inLanguage":"es","potentialAction":[{"@type":"ReadAction","target":["https:\/\/bjftradinggroup.com\/product\/ip-changer\/"]}]},{"@type":"ImageObject","inLanguage":"es","@id":"https:\/\/bjftradinggroup.com\/product\/ip-changer\/#primaryimage","url":"https:\/\/bjftradinggroup.com\/wp-content\/uploads\/2023\/10\/box-ips-changer.png","contentUrl":"https:\/\/bjftradinggroup.com\/wp-content\/uploads\/2023\/10\/box-ips-changer.png","width":500,"height":500,"caption":"IPs changer box"},{"@type":"BreadcrumbList","@id":"https:\/\/bjftradinggroup.com\/product\/ip-changer\/#breadcrumb","itemListElement":[{"@type":"ListItem","position":1,"name":"Home","item":"https:\/\/bjftradinggroup.com\/"},{"@type":"ListItem","position":2,"name":"Shop","item":"https:\/\/bjftradinggroup.com\/ko\/shop\/"},{"@type":"ListItem","position":3,"name":"IPs Changer"}]},{"@type":"WebSite","@id":"https:\/\/bjftradinggroup.com\/#website","url":"https:\/\/bjftradinggroup.com\/","name":"Forex &amp; Cryptocurrencies Arbitrage Software | BJF Trading Group Inc.","description":"FX Software pioneer since 2000","potentialAction":[{"@type":"SearchAction","target":{"@type":"EntryPoint","urlTemplate":"https:\/\/bjftradinggroup.com\/?s={search_term_string}"},"query-input":{"@type":"PropertyValueSpecification","valueRequired":true,"valueName":"search_term_string"}}],"inLanguage":"es"}]}},"_links":{"self":[{"href":"https:\/\/bjftradinggroup.com\/es\/wp-json\/wp\/v2\/product\/7556","targetHints":{"allow":["GET"]}}],"collection":[{"href":"https:\/\/bjftradinggroup.com\/es\/wp-json\/wp\/v2\/product"}],"about":[{"href":"https:\/\/bjftradinggroup.com\/es\/wp-json\/wp\/v2\/types\/product"}],"replies":[{"embeddable":true,"href":"https:\/\/bjftradinggroup.com\/es\/wp-json\/wp\/v2\/comments?post=7556"}],"wp:featuredmedia":[{"embeddable":true,"href":"https:\/\/bjftradinggroup.com\/es\/wp-json\/wp\/v2\/media\/7558"}],"wp:attachment":[{"href":"https:\/\/bjftradinggroup.com\/es\/wp-json\/wp\/v2\/media?parent=7556"}],"wp:term":[{"taxonomy":"product_brand","embeddable":true,"href":"https:\/\/bjftradinggroup.com\/es\/wp-json\/wp\/v2\/product_brand?post=7556"},{"taxonomy":"product_cat","embeddable":true,"href":"https:\/\/bjftradinggroup.com\/es\/wp-json\/wp\/v2\/product_cat?post=7556"},{"taxonomy":"product_tag","embeddable":true,"href":"https:\/\/bjftradinggroup.com\/es\/wp-json\/wp\/v2\/product_tag?post=7556"}],"curies":[{"name":"wp","href":"https:\/\/api.w.org\/{rel}","templated":true}]}}