{"id":7367,"date":"2022-05-23T12:32:59","date_gmt":"2022-05-23T12:32:59","guid":{"rendered":"https:\/\/bjftradinggroup.com\/?post_type=product&#038;p=7367"},"modified":"2025-11-11T22:25:23","modified_gmt":"2025-11-11T22:25:23","slug":"jbridge","status":"publish","type":"product","link":"https:\/\/bjftradinggroup.com\/es\/product\/jbridge\/","title":{"rendered":"Puente hacia la plataforma JForex"},"content":{"rendered":"<p>El programa implementa la idea principal: usar cualquier API de plataforma de trading para traducir la informaci\u00f3n de mercado y de operaciones de dicha plataforma en mensajes del protocolo FIX, los cuales pueden ser utilizados por los m\u00f3dulos FIX de los programas BJF. De esta manera, un programa BJF puede usar una cuenta de la plataforma como si fuera una cuenta FIX nativa.<\/p>\n<p>El Dukascopy Bank ofrece una API para cuentas JForex:<br \/>\n<a href=\"https:\/\/www.dukascopy.com\/wiki\/en\/development\/get-started-api\/development-environment\/use-in-eclipse\">https:\/\/www.dukascopy.com\/wiki\/en\/development\/get-started-api\/development-environment\/use-in-eclipse<br \/>\n<\/a>.<\/p>\n<p>El Bridge to the JForex Platform fue dise\u00f1ado para trabajar con cuentas JForex tanto como cuentas maestras como cuentas subordinadas.<\/p>\n<p>La cuenta maestra recibe las se\u00f1ales de la plataforma JForex y env\u00eda comandos FIX que reproducen las operaciones de JForex en el programa BJF.<\/p>\n<p>La cuenta subordinada recibe los mensajes FIX del programa BJF y env\u00eda mensajes JForex que reproducen las operaciones del programa BJF dentro de la plataforma JForex.<\/p>\n<p>El programa Bridge to JForex es un archivo Java 8 (.jar). En el programa BJF, el Bridge to JForex debe a\u00f1adirse a la lista de cuentas maestras o subordinadas como una cuenta BJF_FIX.<br \/>\nEl Bridge to JForex se inicia autom\u00e1ticamente junto con el programa BJF. Tiene una interfaz sencilla: las posiciones y \u00f3rdenes de la cuenta de origen aparecen en la tabla superior, mientras que las posiciones y \u00f3rdenes de la cuenta de destino aparecen en la tabla inferior. Las posiciones y \u00f3rdenes se muestran en pesta\u00f1as separadas.<\/p>\n<p>Ejemplos:<\/p>\n<p>Cuenta maestra con posiciones abiertas:<\/p>\n<p><img loading=\"lazy\" decoding=\"async\" class=\"alignnone wp-image-7368 \" src=\"https:\/\/bjftradinggroup.com\/wp-content\/uploads\/2022\/05\/bridge-to-jforex-master-positions.png\" alt=\"bridge to jforex platform master positions\" width=\"776\" height=\"440\" srcset=\"https:\/\/bjftradinggroup.com\/wp-content\/uploads\/2022\/05\/bridge-to-jforex-master-positions.png 697w, https:\/\/bjftradinggroup.com\/wp-content\/uploads\/2022\/05\/bridge-to-jforex-master-positions-300x170.png 300w, https:\/\/bjftradinggroup.com\/wp-content\/uploads\/2022\/05\/bridge-to-jforex-master-positions-680x385.png 680w\" sizes=\"auto, (max-width: 776px) 100vw, 776px\" \/><\/p>\n<p>Cuenta maestra con \u00f3rdenes STOP y LIMIT:<\/p>\n<p><img loading=\"lazy\" decoding=\"async\" class=\"alignnone wp-image-7369\" src=\"https:\/\/bjftradinggroup.com\/wp-content\/uploads\/2022\/05\/bridge-to-jforex-master-limit-positions.png\" alt=\"bridge to jforex limit and stop orders\" width=\"776\" height=\"440\" srcset=\"https:\/\/bjftradinggroup.com\/wp-content\/uploads\/2022\/05\/bridge-to-jforex-master-limit-positions.png 679w, https:\/\/bjftradinggroup.com\/wp-content\/uploads\/2022\/05\/bridge-to-jforex-master-limit-positions-300x170.png 300w\" sizes=\"auto, (max-width: 776px) 100vw, 776px\" \/><\/p>\n<p>Cuenta subordinada con posiciones abiertas:<\/p>\n<p><img loading=\"lazy\" decoding=\"async\" class=\"alignnone wp-image-7370\" src=\"https:\/\/bjftradinggroup.com\/wp-content\/uploads\/2022\/05\/bridge-to-jforex-sub-account-positions.png\" alt=\"bridge-to-jforex sub-account positions\" width=\"773\" height=\"438\" srcset=\"https:\/\/bjftradinggroup.com\/wp-content\/uploads\/2022\/05\/bridge-to-jforex-sub-account-positions.png 681w, https:\/\/bjftradinggroup.com\/wp-content\/uploads\/2022\/05\/bridge-to-jforex-sub-account-positions-300x170.png 300w\" sizes=\"auto, (max-width: 773px) 100vw, 773px\" \/><\/p>\n<p>Cuenta subordinada con \u00f3rdenes STOP y LIMIT:<\/p>\n<p><img loading=\"lazy\" decoding=\"async\" class=\"alignnone wp-image-7371\" src=\"https:\/\/bjftradinggroup.com\/wp-content\/uploads\/2022\/05\/bridge-to-jforex-sub-acount-pending-orders.png\" alt=\"bridge to jforex sub-account pending orders\" width=\"771\" height=\"437\" srcset=\"https:\/\/bjftradinggroup.com\/wp-content\/uploads\/2022\/05\/bridge-to-jforex-sub-acount-pending-orders.png 670w, https:\/\/bjftradinggroup.com\/wp-content\/uploads\/2022\/05\/bridge-to-jforex-sub-acount-pending-orders-300x170.png 300w\" sizes=\"auto, (max-width: 771px) 100vw, 771px\" \/><\/p>\n<p>Inicialmente, la ventana muestra el \u00edcono de \u201cPuente levantado\u201d<br \/>\n<img loading=\"lazy\" decoding=\"async\" class=\"alignnone size-full wp-image-7372\" src=\"https:\/\/bjftradinggroup.com\/wp-content\/uploads\/2022\/05\/raised-icon.png\" alt=\"raised icon\" width=\"24\" height=\"24\" \/>.<br \/>\nDespu\u00e9s de realizar la conexi\u00f3n con el servidor Dukascopy y arrancar la estrategia JForex, el \u00edcono cambia a \u201cPuente bajado\u201d<br \/>\n<img loading=\"lazy\" decoding=\"async\" class=\"alignnone size-full wp-image-7373\" src=\"https:\/\/bjftradinggroup.com\/wp-content\/uploads\/2022\/05\/flattened-bridje.png\" alt=\"flattened icon bridge\" width=\"90\" height=\"26\" \/>.<br \/>\nEn ese momento, el Bridge to JForex est\u00e1 listo para operar.<\/p>\n<p>Los mensajes de la plataforma JForex, del Bridge y del programa BJF se muestran en la ventana de comandos de Windows (cmd):<br \/>\n<img loading=\"lazy\" decoding=\"async\" class=\"alignnone wp-image-7374\" src=\"https:\/\/bjftradinggroup.com\/wp-content\/uploads\/2022\/05\/cmd-bridge-messages.png\" alt=\"bridge to jforex cmd messages\" width=\"770\" height=\"528\" srcset=\"https:\/\/bjftradinggroup.com\/wp-content\/uploads\/2022\/05\/cmd-bridge-messages.png 668w, https:\/\/bjftradinggroup.com\/wp-content\/uploads\/2022\/05\/cmd-bridge-messages-300x206.png 300w\" sizes=\"auto, (max-width: 770px) 100vw, 770px\" \/><\/p>\n<p>La pesta\u00f1a de configuraci\u00f3n permite establecer los par\u00e1metros de la cuenta JForex y la conexi\u00f3n FIX:<br \/>\n<img loading=\"lazy\" decoding=\"async\" class=\"alignnone wp-image-7375\" src=\"https:\/\/bjftradinggroup.com\/wp-content\/uploads\/2022\/05\/bridge-to-jforex-settings.png\" alt=\"bridge to jforex platform settings\" width=\"768\" height=\"435\" srcset=\"https:\/\/bjftradinggroup.com\/wp-content\/uploads\/2022\/05\/bridge-to-jforex-settings.png 678w, https:\/\/bjftradinggroup.com\/wp-content\/uploads\/2022\/05\/bridge-to-jforex-settings-300x170.png 300w\" sizes=\"auto, (max-width: 768px) 100vw, 768px\" \/><\/p>\n<p>Las configuraciones del canal FIX deben seguir estas reglas:<\/p>\n<ol>\n<li><strong>\u2018IP, URL\u2019<\/strong> \u2013 localhost o 127.0.0.1. Significa que el Bridge to JForex y el programa BJF funcionan en el mismo ordenador.<\/li>\n<li><strong>\u2018Port quotes\u2019<\/strong> \u2013 valor impar, preferiblemente superior a 30000.<\/li>\n<li><strong>\u2018Port trades\u2019<\/strong> \u2013 valor par, preferiblemente superior a 30000.<\/li>\n<\/ol>\n<p>De hecho, los valores de los puertos provienen de la configuraci\u00f3n del programa BJF.<\/p>\n<ol>\n<li><strong>\u2018Username\u2019, \u2018Password\u2019, \u2018Sender\u2019, \u2018Target\u2019<\/strong> \u2013 par\u00e1metros necesarios de la cuenta FIX, pueden ser textos arbitrarios. Sin embargo, si se utilizan varias cuentas JForex, se requieren diferentes Sender y Target para cada una.<\/li>\n<\/ol>\n<p>Configuraciones JForex:<\/p>\n<ol>\n<li><strong>\u2018URL for jnlp file\u2019<\/strong> \u2013 <a href=\"https:\/\/www.dukascopy.com\/client\/demo\/jclient\/jforex.jnlp\">https:\/\/www.dukascopy.com\/client\/demo\/jclient\/jforex.jnlp<\/a> para cuentas Demo, <a href=\"https:\/\/platform.dukascopy.com\/live_3\/jforex_3.jnlp\">https:\/\/platform.dukascopy.com\/live_3\/jforex_3.jnlp<\/a> para cuentas Live.<\/li>\n<li><strong>\u2018Username\u2019, \u2018Password\u2019<\/strong> \u2013 par\u00e1metros de la cuenta JForex.<\/li>\n<li><strong>\u2018Pin\u2019<\/strong> \u2013 texto arbitrario, solo para cuentas Live. El ingreso del PIN es una operaci\u00f3n manual inevitable para conectarse a una cuenta Live. El Bridge to JForex detecta si el campo PIN est\u00e1 vac\u00edo o no, y en consecuencia muestra la ventana de ingreso de PIN de Dukascopy o la omite en caso de cuentas Demo.<\/li>\n<li><strong>\u2018Non-currency instruments\u2019<\/strong> \u2013 puede usarse para ajustar multiplicadores de tama\u00f1o de lote; en la mayor\u00eda de los casos se deja vac\u00edo.<\/li>\n<li><strong>\u2018Lot multiplier for currencies\u2019<\/strong> \u2013 se usa para recalcular el tama\u00f1o de operaci\u00f3n desde el lote MT4-MT5 (generalmente 100000) al tama\u00f1o de lote JForex (generalmente 1000000).<\/li>\n<li><strong>\u2018Lot multiplier for indexes and CFD\u2019<\/strong> \u2013 se usa para recalcular el tama\u00f1o de operaci\u00f3n en \u00edndices y CFD.<\/li>\n<\/ol>\n<p><\/p>","protected":false},"excerpt":{"rendered":"<p>El <strong data-start=\"23\" data-end=\"59\">Bridge para la plataforma JForex<\/strong> fue dise\u00f1ado para trabajar con cuentas JForex tanto como cuentas maestras como subcuentas. La cuenta maestra recibe las se\u00f1ales de la plataforma de trading JForex y env\u00eda comandos <strong data-start=\"240\" data-end=\"247\">FIX<\/strong> que reproducen las operaciones de JForex en el programa <strong data-start=\"304\" data-end=\"311\">BJF<\/strong>. La subcuenta recibe los mensajes <strong data-start=\"346\" data-end=\"353\">FIX<\/strong> del programa BJF y env\u00eda mensajes JForex que reproducen las operaciones del programa BJF dentro de la plataforma de trading JForex.<\/p>\n","protected":false},"featured_media":7376,"comment_status":"open","ping_status":"closed","template":"","meta":{"_acf_changed":false},"product_brand":[],"product_cat":[66,51,272],"product_tag":[],"class_list":{"0":"post-7367","1":"product","2":"type-product","3":"status-publish","4":"has-post-thumbnail","6":"product_cat-arbitrage-software","7":"product_cat-fix-api-software","8":"product_cat-popular","10":"first","11":"instock","12":"taxable","13":"shipping-taxable","14":"purchasable","15":"product-type-simple"},"exclude_global_add_ons":[],"addons":[],"acf":[],"yoast_head":"<!-- This site is optimized with the Yoast SEO plugin v27.3 - https:\/\/yoast.com\/product\/yoast-seo-wordpress\/ -->\n<title>Puente hacia la plataforma JForex - Forex &amp; Cryptocurrencies Arbitrage Software | BJF Trading Group Inc.<\/title>\n<meta name=\"description\" content=\"Bridge to the JForex platform was designed to work with JForex accounts both as master accounts and as sub-accounts.\" \/>\n<meta name=\"robots\" content=\"index, follow, max-snippet:-1, max-image-preview:large, max-video-preview:-1\" \/>\n<link rel=\"canonical\" href=\"https:\/\/bjftradinggroup.com\/product\/jbridge\/\" \/>\n<meta property=\"og:locale\" content=\"es_ES\" \/>\n<meta property=\"og:type\" content=\"article\" \/>\n<meta property=\"og:title\" content=\"[:en]Bridge to the JForex Platform[:de]Br\u00fccke zur JForex-Plattform[:ja]Bridge to the JForex\u30d7\u30e9\u30c3\u30c8\u30d5\u30a9\u30fc\u30e0[:ar]\u062c\u0633\u0631 \u0625\u0644\u0649 \u0645\u0646\u0635\u0629 JForex[:ko]JForex \ud50c\ub7ab\ud3fc\uc73c\ub85c\uc758 \ub2e4\ub9ac[:es]Puente hacia la plataforma JForex[:pt]Ponte para a plataforma JForex[:id]Jembatan ke platform JForex[:vi]C\u1ea7u n\u1ed1i \u0111\u1ebfn n\u1ec1n t\u1ea3ng JForex[:] - Forex &amp; Cryptocurrencies Arbitrage Software | BJF Trading Group Inc.\" \/>\n<meta property=\"og:description\" content=\"Bridge to the JForex platform was designed to work with JForex accounts both as master accounts and as sub-accounts.\" \/>\n<meta property=\"og:url\" content=\"https:\/\/bjftradinggroup.com\/product\/jbridge\/\" \/>\n<meta property=\"og:site_name\" content=\"Forex &amp; Cryptocurrencies Arbitrage Software | BJF Trading Group Inc.\" \/>\n<meta property=\"article:modified_time\" content=\"2025-11-11T22:25:23+00:00\" \/>\n<meta property=\"og:image\" content=\"https:\/\/bjftradinggroup.com\/wp-content\/uploads\/2022\/05\/JBridge-Box_a100.png\" \/>\n\t<meta property=\"og:image:width\" content=\"500\" \/>\n\t<meta property=\"og:image:height\" content=\"500\" \/>\n\t<meta property=\"og:image:type\" content=\"image\/png\" \/>\n<meta name=\"twitter:card\" content=\"summary_large_image\" \/>\n<meta name=\"twitter:label1\" content=\"Tiempo de lectura\" \/>\n\t<meta name=\"twitter:data1\" content=\"5 minutos\" \/>\n<script type=\"application\/ld+json\" class=\"yoast-schema-graph\">{\"@context\":\"https:\\\/\\\/schema.org\",\"@graph\":[{\"@type\":\"WebPage\",\"@id\":\"https:\\\/\\\/bjftradinggroup.com\\\/product\\\/jbridge\\\/\",\"url\":\"https:\\\/\\\/bjftradinggroup.com\\\/product\\\/jbridge\\\/\",\"name\":\"[:en]Bridge to the JForex Platform[:de]Br\u00fccke zur JForex-Plattform[:ja]Bridge to the JForex\u30d7\u30e9\u30c3\u30c8\u30d5\u30a9\u30fc\u30e0[:ar]\u062c\u0633\u0631 \u0625\u0644\u0649 \u0645\u0646\u0635\u0629 JForex[:ko]JForex \ud50c\ub7ab\ud3fc\uc73c\ub85c\uc758 \ub2e4\ub9ac[:es]Puente hacia la plataforma JForex[:pt]Ponte para a plataforma JForex[:id]Jembatan ke platform JForex[:vi]C\u1ea7u n\u1ed1i \u0111\u1ebfn n\u1ec1n t\u1ea3ng JForex[:] - Forex &amp; Cryptocurrencies Arbitrage Software | BJF Trading Group Inc.\",\"isPartOf\":{\"@id\":\"https:\\\/\\\/bjftradinggroup.com\\\/#website\"},\"primaryImageOfPage\":{\"@id\":\"https:\\\/\\\/bjftradinggroup.com\\\/product\\\/jbridge\\\/#primaryimage\"},\"image\":{\"@id\":\"https:\\\/\\\/bjftradinggroup.com\\\/product\\\/jbridge\\\/#primaryimage\"},\"thumbnailUrl\":\"https:\\\/\\\/bjftradinggroup.com\\\/wp-content\\\/uploads\\\/2022\\\/05\\\/JBridge-Box_a100.png\",\"datePublished\":\"2022-05-23T12:32:59+00:00\",\"dateModified\":\"2025-11-11T22:25:23+00:00\",\"description\":\"Bridge to the JForex platform was designed to work with JForex accounts both as master accounts and as sub-accounts.\",\"breadcrumb\":{\"@id\":\"https:\\\/\\\/bjftradinggroup.com\\\/product\\\/jbridge\\\/#breadcrumb\"},\"inLanguage\":\"es\",\"potentialAction\":[{\"@type\":\"ReadAction\",\"target\":[\"https:\\\/\\\/bjftradinggroup.com\\\/product\\\/jbridge\\\/\"]}]},{\"@type\":\"ImageObject\",\"inLanguage\":\"es\",\"@id\":\"https:\\\/\\\/bjftradinggroup.com\\\/product\\\/jbridge\\\/#primaryimage\",\"url\":\"https:\\\/\\\/bjftradinggroup.com\\\/wp-content\\\/uploads\\\/2022\\\/05\\\/JBridge-Box_a100.png\",\"contentUrl\":\"https:\\\/\\\/bjftradinggroup.com\\\/wp-content\\\/uploads\\\/2022\\\/05\\\/JBridge-Box_a100.png\",\"width\":500,\"height\":500,\"caption\":\"Bridge to jForex platform\"},{\"@type\":\"BreadcrumbList\",\"@id\":\"https:\\\/\\\/bjftradinggroup.com\\\/product\\\/jbridge\\\/#breadcrumb\",\"itemListElement\":[{\"@type\":\"ListItem\",\"position\":1,\"name\":\"Home\",\"item\":\"https:\\\/\\\/bjftradinggroup.com\\\/\"},{\"@type\":\"ListItem\",\"position\":2,\"name\":\"Shop\",\"item\":\"https:\\\/\\\/bjftradinggroup.com\\\/ko\\\/shop\\\/\"},{\"@type\":\"ListItem\",\"position\":3,\"name\":\"Bridge to the JForex Platform\"}]},{\"@type\":\"WebSite\",\"@id\":\"https:\\\/\\\/bjftradinggroup.com\\\/#website\",\"url\":\"https:\\\/\\\/bjftradinggroup.com\\\/\",\"name\":\"Forex &amp; Cryptocurrencies Arbitrage Software | BJF Trading Group Inc.\",\"description\":\"FX Software pioneer since 2000\",\"potentialAction\":[{\"@type\":\"SearchAction\",\"target\":{\"@type\":\"EntryPoint\",\"urlTemplate\":\"https:\\\/\\\/bjftradinggroup.com\\\/?s={search_term_string}\"},\"query-input\":{\"@type\":\"PropertyValueSpecification\",\"valueRequired\":true,\"valueName\":\"search_term_string\"}}],\"inLanguage\":\"es\"}]}<\/script>\n<!-- \/ Yoast SEO plugin. -->","yoast_head_json":{"title":"[:en]Bridge to the JForex Platform[:de]Br\u00fccke zur JForex-Plattform[:ja]Bridge to the JForex\u30d7\u30e9\u30c3\u30c8\u30d5\u30a9\u30fc\u30e0[:ar]\u062c\u0633\u0631 \u0625\u0644\u0649 \u0645\u0646\u0635\u0629 JForex[:ko]JForex \ud50c\ub7ab\ud3fc\uc73c\ub85c\uc758 \ub2e4\ub9ac[:es]Puente hacia la plataforma JForex[:pt]Ponte para a plataforma JForex[:id]Jembatan ke platform JForex[:vi]C\u1ea7u n\u1ed1i \u0111\u1ebfn n\u1ec1n t\u1ea3ng JForex[:] - Forex &amp; Cryptocurrencies Arbitrage Software | BJF Trading Group Inc.","description":"Bridge to the JForex platform was designed to work with JForex accounts both as master accounts and as sub-accounts.","robots":{"index":"index","follow":"follow","max-snippet":"max-snippet:-1","max-image-preview":"max-image-preview:large","max-video-preview":"max-video-preview:-1"},"canonical":"https:\/\/bjftradinggroup.com\/product\/jbridge\/","og_locale":"es_ES","og_type":"article","og_title":"[:en]Bridge to the JForex Platform[:de]Br\u00fccke zur JForex-Plattform[:ja]Bridge to the JForex\u30d7\u30e9\u30c3\u30c8\u30d5\u30a9\u30fc\u30e0[:ar]\u062c\u0633\u0631 \u0625\u0644\u0649 \u0645\u0646\u0635\u0629 JForex[:ko]JForex \ud50c\ub7ab\ud3fc\uc73c\ub85c\uc758 \ub2e4\ub9ac[:es]Puente hacia la plataforma JForex[:pt]Ponte para a plataforma JForex[:id]Jembatan ke platform JForex[:vi]C\u1ea7u n\u1ed1i \u0111\u1ebfn n\u1ec1n t\u1ea3ng JForex[:] - Forex &amp; Cryptocurrencies Arbitrage Software | BJF Trading Group Inc.","og_description":"Bridge to the JForex platform was designed to work with JForex accounts both as master accounts and as sub-accounts.","og_url":"https:\/\/bjftradinggroup.com\/product\/jbridge\/","og_site_name":"Forex &amp; Cryptocurrencies Arbitrage Software | BJF Trading Group Inc.","article_modified_time":"2025-11-11T22:25:23+00:00","og_image":[{"width":500,"height":500,"url":"https:\/\/bjftradinggroup.com\/wp-content\/uploads\/2022\/05\/JBridge-Box_a100.png","type":"image\/png"}],"twitter_card":"summary_large_image","twitter_misc":{"Tiempo de lectura":"5 minutos"},"schema":{"@context":"https:\/\/schema.org","@graph":[{"@type":"WebPage","@id":"https:\/\/bjftradinggroup.com\/product\/jbridge\/","url":"https:\/\/bjftradinggroup.com\/product\/jbridge\/","name":"[:en]Bridge to the JForex Platform[:de]Br\u00fccke zur JForex-Plattform[:ja]Bridge to the JForex\u30d7\u30e9\u30c3\u30c8\u30d5\u30a9\u30fc\u30e0[:ar]\u062c\u0633\u0631 \u0625\u0644\u0649 \u0645\u0646\u0635\u0629 JForex[:ko]JForex \ud50c\ub7ab\ud3fc\uc73c\ub85c\uc758 \ub2e4\ub9ac[:es]Puente hacia la plataforma JForex[:pt]Ponte para a plataforma JForex[:id]Jembatan ke platform JForex[:vi]C\u1ea7u n\u1ed1i \u0111\u1ebfn n\u1ec1n t\u1ea3ng JForex[:] - Forex &amp; Cryptocurrencies Arbitrage Software | BJF Trading Group Inc.","isPartOf":{"@id":"https:\/\/bjftradinggroup.com\/#website"},"primaryImageOfPage":{"@id":"https:\/\/bjftradinggroup.com\/product\/jbridge\/#primaryimage"},"image":{"@id":"https:\/\/bjftradinggroup.com\/product\/jbridge\/#primaryimage"},"thumbnailUrl":"https:\/\/bjftradinggroup.com\/wp-content\/uploads\/2022\/05\/JBridge-Box_a100.png","datePublished":"2022-05-23T12:32:59+00:00","dateModified":"2025-11-11T22:25:23+00:00","description":"Bridge to the JForex platform was designed to work with JForex accounts both as master accounts and as sub-accounts.","breadcrumb":{"@id":"https:\/\/bjftradinggroup.com\/product\/jbridge\/#breadcrumb"},"inLanguage":"es","potentialAction":[{"@type":"ReadAction","target":["https:\/\/bjftradinggroup.com\/product\/jbridge\/"]}]},{"@type":"ImageObject","inLanguage":"es","@id":"https:\/\/bjftradinggroup.com\/product\/jbridge\/#primaryimage","url":"https:\/\/bjftradinggroup.com\/wp-content\/uploads\/2022\/05\/JBridge-Box_a100.png","contentUrl":"https:\/\/bjftradinggroup.com\/wp-content\/uploads\/2022\/05\/JBridge-Box_a100.png","width":500,"height":500,"caption":"Bridge to jForex platform"},{"@type":"BreadcrumbList","@id":"https:\/\/bjftradinggroup.com\/product\/jbridge\/#breadcrumb","itemListElement":[{"@type":"ListItem","position":1,"name":"Home","item":"https:\/\/bjftradinggroup.com\/"},{"@type":"ListItem","position":2,"name":"Shop","item":"https:\/\/bjftradinggroup.com\/ko\/shop\/"},{"@type":"ListItem","position":3,"name":"Bridge to the JForex Platform"}]},{"@type":"WebSite","@id":"https:\/\/bjftradinggroup.com\/#website","url":"https:\/\/bjftradinggroup.com\/","name":"Forex &amp; Cryptocurrencies Arbitrage Software | BJF Trading Group Inc.","description":"FX Software pioneer since 2000","potentialAction":[{"@type":"SearchAction","target":{"@type":"EntryPoint","urlTemplate":"https:\/\/bjftradinggroup.com\/?s={search_term_string}"},"query-input":{"@type":"PropertyValueSpecification","valueRequired":true,"valueName":"search_term_string"}}],"inLanguage":"es"}]}},"_links":{"self":[{"href":"https:\/\/bjftradinggroup.com\/es\/wp-json\/wp\/v2\/product\/7367","targetHints":{"allow":["GET"]}}],"collection":[{"href":"https:\/\/bjftradinggroup.com\/es\/wp-json\/wp\/v2\/product"}],"about":[{"href":"https:\/\/bjftradinggroup.com\/es\/wp-json\/wp\/v2\/types\/product"}],"replies":[{"embeddable":true,"href":"https:\/\/bjftradinggroup.com\/es\/wp-json\/wp\/v2\/comments?post=7367"}],"wp:featuredmedia":[{"embeddable":true,"href":"https:\/\/bjftradinggroup.com\/es\/wp-json\/wp\/v2\/media\/7376"}],"wp:attachment":[{"href":"https:\/\/bjftradinggroup.com\/es\/wp-json\/wp\/v2\/media?parent=7367"}],"wp:term":[{"taxonomy":"product_brand","embeddable":true,"href":"https:\/\/bjftradinggroup.com\/es\/wp-json\/wp\/v2\/product_brand?post=7367"},{"taxonomy":"product_cat","embeddable":true,"href":"https:\/\/bjftradinggroup.com\/es\/wp-json\/wp\/v2\/product_cat?post=7367"},{"taxonomy":"product_tag","embeddable":true,"href":"https:\/\/bjftradinggroup.com\/es\/wp-json\/wp\/v2\/product_tag?post=7367"}],"curies":[{"name":"wp","href":"https:\/\/api.w.org\/{rel}","templated":true}]}}