{"id":10541,"date":"2026-03-13T15:01:45","date_gmt":"2026-03-13T15:01:45","guid":{"rendered":"https:\/\/bjftradinggroup.com\/?page_id=10541"},"modified":"2026-03-23T14:23:48","modified_gmt":"2026-03-23T14:23:48","slug":"offer","status":"publish","type":"page","link":"https:\/\/bjftradinggroup.com\/es\/offer\/","title":{"rendered":"Offer After Webinar Arbitrage in 2026"},"content":{"rendered":"<p><\/p>\n<h2 style=\"text-align: center;\"><strong>OFERTA ESPECIAL DEL WEBINAR \u2013 Acceso exclusivo para participantes del webinar<\/strong><\/h2>\n<p><iframe loading=\"lazy\" title=\"offer explanation\" width=\"1170\" height=\"658\" src=\"https:\/\/www.youtube.com\/embed\/zSZOl_dsnQE?feature=oembed&#038;enablejsapi=1&#038;origin=https:\/\/bjftradinggroup.com\" frameborder=\"0\" allow=\"accelerometer; autoplay; clipboard-write; encrypted-media; gyroscope; picture-in-picture; web-share\" referrerpolicy=\"strict-origin-when-cross-origin\" allowfullscreen><\/iframe><\/p>\n<p>&nbsp;<\/p>\n<p style=\"text-align: center; font-size: 18px;\">Gracias por asistir al webinar. Para ayudarle a comenzar a construir su propia infraestructura de arbitraje, hemos preparado una oferta especial por tiempo limitado disponible \u00fanicamente para los participantes del webinar. Disfrute de descuentos exclusivos, bonos adicionales y paquetes de soporte ampliados.<\/p>\n<h2 style=\"color: #c1272d; text-align: center;\"><strong>\ud83c\udf81 50% DE DESCUENTO + Bonos exclusivos del webinar<\/strong><\/h2>\n<article class=\"card pro\">\n<header>\n<h3><strong>\ud83d\ude80<\/strong>Plataforma de Arbitraje <strong>SharpTrader Pro<\/strong><\/h3>\n<div class=\"tag\">50% OFF<\/div>\n<\/header>\n<p class=\"lead\">Un terminal profesional de arbitraje dise\u00f1ado para ofrecer precisi\u00f3n, velocidad y escalabilidad en Forex, CFDs, Energ\u00eda, Metales preciosos, Futuros y Criptomonedas.<\/p>\n<ul class=\"perks\">\n<li><strong>2 licencias de SharpTrader Pro<\/strong> \u2014 ejecuci\u00f3n en dos VPS con cuentas ilimitadas<\/li>\n<li><strong>Hybrid Masking Strategy<\/strong> <em>(<del>$495<\/del>)<\/em> \u2014 incluida gratuitamente.<br \/>\n<a href=\"https:\/\/bjftradinggroup.com\/product\/hybrid-masking-strategy-advanced-arbitrage-protection-for-sharptrader\/\" target=\"_blank\" rel=\"noopener\">M\u00e1s informaci\u00f3n<\/a><\/li>\n<li><strong>15% de cr\u00e9dito en la tienda<\/strong> para futuras compras<\/li>\n<li><strong>AI Optimization<\/strong> \u2014 un mes gratis.<br \/>\n<a href=\"https:\/\/bjftradinggroup.com\/product\/ai-arbitrage-optimizer\/\" target=\"_blank\" rel=\"noopener\">M\u00e1s informaci\u00f3n<\/a><\/li>\n<li><strong>UltraFXVPS<\/strong> \u2014 <span data-teams=\"true\">cup\u00f3n de 25% de descuento para HFT VPS Special<\/span><\/li>\n<li>Brokers recomendados + archivos de configuraci\u00f3n gratuitos para brokers y prop firms<\/li>\n<li><strong>Fast feed gratuito<\/strong> en los hubs de Londres, Nueva York y Tokio<\/li>\n<li><strong>Soporte de por vida<\/strong> \u2014 asistencia para instalaci\u00f3n y configuraci\u00f3n de VPS<\/li>\n<\/ul>\n<h3 style=\"text-align: center;\"><a href=\"https:\/\/bjftradinggroup.com\/product\/sharptrader-forex-crypto-arbitrage\/\">Haga clic para abrir la p\u00e1gina principal de SharpTrader Pro<\/a>, seleccione las estrategias, agr\u00e9guelas al carrito de compras y utilice el c\u00f3digo de cup\u00f3n: <strong>webinar2026arbitrage<\/strong><\/h3>\n<\/article>\n<article class=\"card pro\"><img loading=\"lazy\" decoding=\"async\" class=\"alignnone size-large wp-image-10550\" src=\"https:\/\/bjftradinggroup.com\/wp-content\/uploads\/2026\/03\/couponcode-1024x192.png\" alt=\"\" width=\"1024\" height=\"192\" srcset=\"https:\/\/bjftradinggroup.com\/wp-content\/uploads\/2026\/03\/couponcode-1024x192.png 1024w, https:\/\/bjftradinggroup.com\/wp-content\/uploads\/2026\/03\/couponcode-300x56.png 300w, https:\/\/bjftradinggroup.com\/wp-content\/uploads\/2026\/03\/couponcode-768x144.png 768w, https:\/\/bjftradinggroup.com\/wp-content\/uploads\/2026\/03\/couponcode-680x128.png 680w, https:\/\/bjftradinggroup.com\/wp-content\/uploads\/2026\/03\/couponcode.png 1226w\" sizes=\"auto, (max-width: 1024px) 100vw, 1024px\" \/><\/p>\n<hr \/>\n<\/article>\n<p><!-- Offer: SharpTrader Lite --><\/p>\n<article class=\"card lite\">\n<header>\n<h3><strong>\ud83d\ude80<\/strong>Plataforma de Arbitraje <strong>SharpTrader Lite<\/strong><\/h3>\n<div class=\"tag\">50% OFF<\/div>\n<\/header>\n<p class=\"lead\">Una soluci\u00f3n de arbitraje optimizada con estabilidad de nivel profesional \u2014 perfecta para expandirse a VPS adicionales y m\u00e1s cuentas.<\/p>\n<ul class=\"perks\">\n<li><strong>Licencias SharpTrader Lite<\/strong> \u2014 uso en dos VPS con cuentas ilimitadas<\/li>\n<li><strong>10% de cr\u00e9dito en la tienda<\/strong> para futuras compras<\/li>\n<li><strong>UltraFXVPS<\/strong> \u2014 <span data-teams=\"true\">cup\u00f3n de 25% de descuento para HFT VPS Special<\/span><\/li>\n<li>Brokers recomendados + archivos de configuraci\u00f3n para brokers y prop firms<\/li>\n<li><strong>Fast feed gratuito<\/strong> en los hubs de Londres, Nueva York y Tokio<\/li>\n<li><strong>Soporte de por vida<\/strong> \u2014 asistencia para instalaci\u00f3n y configuraci\u00f3n de VPS<\/li>\n<\/ul>\n<h3 style=\"text-align: center;\"><a href=\"https:\/\/bjftradinggroup.com\/product\/sharptrader-lite\/\">Haga clic para abrir la p\u00e1gina principal de SharpTrader Lite<\/a>, seleccione las estrategias, agr\u00e9guelas al carrito de compras y utilice el c\u00f3digo de cup\u00f3n: <strong>webinar2026arbitrage<\/strong><\/h3>\n<\/article>\n<div class=\"countdown-box\">\n<div class=\"countdown-title\" style=\"text-align: center;\">\u23f3 Esta oferta del webinar est\u00e1 disponible solo por tiempo limitado<\/div>\n<\/div>\n<p><\/p>","protected":false},"excerpt":{"rendered":"<p>OFERTA ESPECIAL DEL WEBINAR \u2013 Acceso exclusivo para participantes del webinar &nbsp; Gracias por asistir al webinar. Para ayudarle a comenzar a construir su propia infraestructura de arbitraje, hemos preparado una oferta especial por tiempo limitado disponible \u00fanicamente para los participantes del webinar. Disfrute de descuentos exclusivos, bonos adicionales y paquetes de soporte ampliados. \ud83c\udf81 50% DE DESCUENTO + Bonos exclusivos del webinar \ud83d\ude80Plataforma de Arbitraje SharpTrader Pro 50% OFF Un terminal profesional de arbitraje&hellip;<\/p>\n","protected":false},"author":1,"featured_media":0,"parent":0,"menu_order":0,"comment_status":"closed","ping_status":"closed","template":"","meta":{"_acf_changed":false,"footnotes":""},"class_list":["post-10541","page","type-page","status-publish","hentry"],"acf":[],"yoast_head":"<!-- This site is optimized with the Yoast SEO plugin v27.3 - https:\/\/yoast.com\/product\/yoast-seo-wordpress\/ -->\n<title><\/title>\n<meta name=\"robots\" content=\"index, follow, max-snippet:-1, max-image-preview:large, max-video-preview:-1\" \/>\n<link rel=\"canonical\" href=\"https:\/\/bjftradinggroup.com\/offer\/\" \/>\n<meta property=\"og:locale\" content=\"es_ES\" \/>\n<meta property=\"og:type\" content=\"article\" \/>\n<meta property=\"og:title\" content=\"[:en]Offer After Webinar Arbitrage in 2026[:] - Forex &amp; Cryptocurrencies Arbitrage Software | BJF Trading Group Inc.\" \/>\n<meta property=\"og:description\" content=\"OFERTA ESPECIAL DEL WEBINAR \u2013 Acceso exclusivo para participantes del webinar &nbsp; Gracias por asistir al webinar. Para ayudarle a comenzar a construir su propia infraestructura de arbitraje, hemos preparado una oferta especial por tiempo limitado disponible \u00fanicamente para los participantes del webinar. Disfrute de descuentos exclusivos, bonos adicionales y paquetes de soporte ampliados. \ud83c\udf81 50% DE DESCUENTO + Bonos exclusivos del webinar \ud83d\ude80Plataforma de Arbitraje SharpTrader Pro 50% OFF Un terminal profesional de arbitraje&hellip;\" \/>\n<meta property=\"og:url\" content=\"https:\/\/bjftradinggroup.com\/offer\/\" \/>\n<meta property=\"og:site_name\" content=\"Forex &amp; Cryptocurrencies Arbitrage Software | BJF Trading Group Inc.\" \/>\n<meta property=\"article:modified_time\" content=\"2026-03-23T14:23:48+00:00\" \/>\n<meta property=\"og:image\" content=\"https:\/\/bjftradinggroup.com\/wp-content\/uploads\/2026\/03\/couponcode.png\" \/>\n\t<meta property=\"og:image:width\" content=\"1226\" \/>\n\t<meta property=\"og:image:height\" content=\"230\" \/>\n\t<meta property=\"og:image:type\" content=\"image\/png\" \/>\n<meta name=\"twitter:card\" content=\"summary_large_image\" \/>\n<meta name=\"twitter:label1\" content=\"Tiempo de lectura\" \/>\n\t<meta name=\"twitter:data1\" content=\"1 minuto\" \/>\n<script type=\"application\/ld+json\" class=\"yoast-schema-graph\">{\"@context\":\"https:\\\/\\\/schema.org\",\"@graph\":[{\"@type\":\"WebPage\",\"@id\":\"https:\\\/\\\/bjftradinggroup.com\\\/offer\\\/\",\"url\":\"https:\\\/\\\/bjftradinggroup.com\\\/offer\\\/\",\"name\":\"[:en]Offer After Webinar Arbitrage in 2026[:] - Forex &amp; Cryptocurrencies Arbitrage Software | BJF Trading Group Inc.\",\"isPartOf\":{\"@id\":\"https:\\\/\\\/bjftradinggroup.com\\\/#website\"},\"primaryImageOfPage\":{\"@id\":\"https:\\\/\\\/bjftradinggroup.com\\\/offer\\\/#primaryimage\"},\"image\":{\"@id\":\"https:\\\/\\\/bjftradinggroup.com\\\/offer\\\/#primaryimage\"},\"thumbnailUrl\":\"https:\\\/\\\/bjftradinggroup.com\\\/wp-content\\\/uploads\\\/2026\\\/03\\\/couponcode-1024x192.png\",\"datePublished\":\"2026-03-13T15:01:45+00:00\",\"dateModified\":\"2026-03-23T14:23:48+00:00\",\"breadcrumb\":{\"@id\":\"https:\\\/\\\/bjftradinggroup.com\\\/offer\\\/#breadcrumb\"},\"inLanguage\":\"es\",\"potentialAction\":[{\"@type\":\"ReadAction\",\"target\":[\"https:\\\/\\\/bjftradinggroup.com\\\/offer\\\/\"]}]},{\"@type\":\"ImageObject\",\"inLanguage\":\"es\",\"@id\":\"https:\\\/\\\/bjftradinggroup.com\\\/offer\\\/#primaryimage\",\"url\":\"https:\\\/\\\/bjftradinggroup.com\\\/wp-content\\\/uploads\\\/2026\\\/03\\\/couponcode-1024x192.png\",\"contentUrl\":\"https:\\\/\\\/bjftradinggroup.com\\\/wp-content\\\/uploads\\\/2026\\\/03\\\/couponcode-1024x192.png\"},{\"@type\":\"BreadcrumbList\",\"@id\":\"https:\\\/\\\/bjftradinggroup.com\\\/offer\\\/#breadcrumb\",\"itemListElement\":[{\"@type\":\"ListItem\",\"position\":1,\"name\":\"Home\",\"item\":\"https:\\\/\\\/bjftradinggroup.com\\\/\"},{\"@type\":\"ListItem\",\"position\":2,\"name\":\"Offer After Webinar Arbitrage in 2026\"}]},{\"@type\":\"WebSite\",\"@id\":\"https:\\\/\\\/bjftradinggroup.com\\\/#website\",\"url\":\"https:\\\/\\\/bjftradinggroup.com\\\/\",\"name\":\"Forex &amp; Cryptocurrencies Arbitrage Software | BJF Trading Group Inc.\",\"description\":\"FX Software pioneer since 2000\",\"potentialAction\":[{\"@type\":\"SearchAction\",\"target\":{\"@type\":\"EntryPoint\",\"urlTemplate\":\"https:\\\/\\\/bjftradinggroup.com\\\/?s={search_term_string}\"},\"query-input\":{\"@type\":\"PropertyValueSpecification\",\"valueRequired\":true,\"valueName\":\"search_term_string\"}}],\"inLanguage\":\"es\"}]}<\/script>\n<!-- \/ Yoast SEO plugin. -->","yoast_head_json":{"title":"[:en]Offer After Webinar Arbitrage in 2026[:] - Forex &amp; Cryptocurrencies Arbitrage Software | BJF Trading Group Inc.","robots":{"index":"index","follow":"follow","max-snippet":"max-snippet:-1","max-image-preview":"max-image-preview:large","max-video-preview":"max-video-preview:-1"},"canonical":"https:\/\/bjftradinggroup.com\/offer\/","og_locale":"es_ES","og_type":"article","og_title":"[:en]Offer After Webinar Arbitrage in 2026[:] - Forex &amp; Cryptocurrencies Arbitrage Software | BJF Trading Group Inc.","og_description":"OFERTA ESPECIAL DEL WEBINAR \u2013 Acceso exclusivo para participantes del webinar &nbsp; Gracias por asistir al webinar. Para ayudarle a comenzar a construir su propia infraestructura de arbitraje, hemos preparado una oferta especial por tiempo limitado disponible \u00fanicamente para los participantes del webinar. Disfrute de descuentos exclusivos, bonos adicionales y paquetes de soporte ampliados. \ud83c\udf81 50% DE DESCUENTO + Bonos exclusivos del webinar \ud83d\ude80Plataforma de Arbitraje SharpTrader Pro 50% OFF Un terminal profesional de arbitraje&hellip;","og_url":"https:\/\/bjftradinggroup.com\/offer\/","og_site_name":"Forex &amp; Cryptocurrencies Arbitrage Software | BJF Trading Group Inc.","article_modified_time":"2026-03-23T14:23:48+00:00","og_image":[{"width":1226,"height":230,"url":"https:\/\/bjftradinggroup.com\/wp-content\/uploads\/2026\/03\/couponcode.png","type":"image\/png"}],"twitter_card":"summary_large_image","twitter_misc":{"Tiempo de lectura":"1 minuto"},"schema":{"@context":"https:\/\/schema.org","@graph":[{"@type":"WebPage","@id":"https:\/\/bjftradinggroup.com\/offer\/","url":"https:\/\/bjftradinggroup.com\/offer\/","name":"[:en]Offer After Webinar Arbitrage in 2026[:] - Forex &amp; Cryptocurrencies Arbitrage Software | BJF Trading Group Inc.","isPartOf":{"@id":"https:\/\/bjftradinggroup.com\/#website"},"primaryImageOfPage":{"@id":"https:\/\/bjftradinggroup.com\/offer\/#primaryimage"},"image":{"@id":"https:\/\/bjftradinggroup.com\/offer\/#primaryimage"},"thumbnailUrl":"https:\/\/bjftradinggroup.com\/wp-content\/uploads\/2026\/03\/couponcode-1024x192.png","datePublished":"2026-03-13T15:01:45+00:00","dateModified":"2026-03-23T14:23:48+00:00","breadcrumb":{"@id":"https:\/\/bjftradinggroup.com\/offer\/#breadcrumb"},"inLanguage":"es","potentialAction":[{"@type":"ReadAction","target":["https:\/\/bjftradinggroup.com\/offer\/"]}]},{"@type":"ImageObject","inLanguage":"es","@id":"https:\/\/bjftradinggroup.com\/offer\/#primaryimage","url":"https:\/\/bjftradinggroup.com\/wp-content\/uploads\/2026\/03\/couponcode-1024x192.png","contentUrl":"https:\/\/bjftradinggroup.com\/wp-content\/uploads\/2026\/03\/couponcode-1024x192.png"},{"@type":"BreadcrumbList","@id":"https:\/\/bjftradinggroup.com\/offer\/#breadcrumb","itemListElement":[{"@type":"ListItem","position":1,"name":"Home","item":"https:\/\/bjftradinggroup.com\/"},{"@type":"ListItem","position":2,"name":"Offer After Webinar Arbitrage in 2026"}]},{"@type":"WebSite","@id":"https:\/\/bjftradinggroup.com\/#website","url":"https:\/\/bjftradinggroup.com\/","name":"Forex &amp; Cryptocurrencies Arbitrage Software | BJF Trading Group Inc.","description":"FX Software pioneer since 2000","potentialAction":[{"@type":"SearchAction","target":{"@type":"EntryPoint","urlTemplate":"https:\/\/bjftradinggroup.com\/?s={search_term_string}"},"query-input":{"@type":"PropertyValueSpecification","valueRequired":true,"valueName":"search_term_string"}}],"inLanguage":"es"}]}},"_links":{"self":[{"href":"https:\/\/bjftradinggroup.com\/es\/wp-json\/wp\/v2\/pages\/10541","targetHints":{"allow":["GET"]}}],"collection":[{"href":"https:\/\/bjftradinggroup.com\/es\/wp-json\/wp\/v2\/pages"}],"about":[{"href":"https:\/\/bjftradinggroup.com\/es\/wp-json\/wp\/v2\/types\/page"}],"author":[{"embeddable":true,"href":"https:\/\/bjftradinggroup.com\/es\/wp-json\/wp\/v2\/users\/1"}],"replies":[{"embeddable":true,"href":"https:\/\/bjftradinggroup.com\/es\/wp-json\/wp\/v2\/comments?post=10541"}],"version-history":[{"count":12,"href":"https:\/\/bjftradinggroup.com\/es\/wp-json\/wp\/v2\/pages\/10541\/revisions"}],"predecessor-version":[{"id":10575,"href":"https:\/\/bjftradinggroup.com\/es\/wp-json\/wp\/v2\/pages\/10541\/revisions\/10575"}],"wp:attachment":[{"href":"https:\/\/bjftradinggroup.com\/es\/wp-json\/wp\/v2\/media?parent=10541"}],"curies":[{"name":"wp","href":"https:\/\/api.w.org\/{rel}","templated":true}]}}