{"id":918,"date":"2019-07-08T18:50:17","date_gmt":"2019-07-08T18:50:17","guid":{"rendered":"https:\/\/bjftradinggroup.com\/?post_type=product&#038;p=918"},"modified":"2026-04-27T14:47:21","modified_gmt":"2026-04-27T14:47:21","slug":"vip-crypto-arbitrage-software","status":"publish","type":"product","link":"https:\/\/bjftradinggroup.com\/de\/product\/vip-crypto-arbitrage-software\/","title":{"rendered":"VIP Crypto Arbitrage Software"},"content":{"rendered":"<p>Da der Kryptow\u00e4hrungsmarkt noch im Entstehen begriffen ist, ist er voll von Ineffizienzen.<\/p>\n<p><img loading=\"lazy\" decoding=\"async\" class=\"alignnone size-large wp-image-919\" src=\"https:\/\/bjftradinggroup.com\/wp-content\/uploads\/2019\/07\/crypto-arbitrage-new-3-1024x541.png\" alt=\"\" width=\"1024\" height=\"541\" srcset=\"https:\/\/bjftradinggroup.com\/wp-content\/uploads\/2019\/07\/crypto-arbitrage-new-3-1024x541.png 1024w, https:\/\/bjftradinggroup.com\/wp-content\/uploads\/2019\/07\/crypto-arbitrage-new-3-300x158.png 300w, https:\/\/bjftradinggroup.com\/wp-content\/uploads\/2019\/07\/crypto-arbitrage-new-3-768x406.png 768w, https:\/\/bjftradinggroup.com\/wp-content\/uploads\/2019\/07\/crypto-arbitrage-new-3-680x359.png 680w, https:\/\/bjftradinggroup.com\/wp-content\/uploads\/2019\/07\/crypto-arbitrage-new-3.png 1598w\" sizes=\"auto, (max-width: 1024px) 100vw, 1024px\" \/><\/p>\n<p>Das ist eine gute Nachricht f\u00fcr Arbitrage Trader, die ineffiziente M\u00e4rkte brauchen, um Geld zu verdienen. Um Ihr Arbitrage-Handelspotential zu maximieren, haben wir eine Spitzensoftware entwickelt, die die Quoten zwischen Kryptow\u00e4hrungswechseln vergleicht.<\/p>\n<p>&nbsp;<\/p>\n<p>&nbsp;<\/p>\n<p>Die Liste an W\u00e4hrungen und Wechseln, die das Programm unterst\u00fctzt, sind jetzt schon umfangreich: <strong>Binance, BinanceUSDTFutures, Bitbank, Bitfinex, Bitmex, Bittrex, Bitstamp, BtcAlpha, Bybit, BybitUSDTPerpetual, CexIO, Coinmetro, CryptoDotCom, Cryptofacilities, Deribit, Exmo, Gdax, GMOCoin, Ftx, HitBTC, Huobi, HuobiSwap, HuobiUSDTSwap, IndependentReserve, Kraken, KucoinFutures, Mexc, Nexo, OkexV5, Poloniex, PoloniexFutures, Sfox, YoBit. XTRD (39 connectors).<\/strong><\/p>\n<p>&nbsp;<\/p>\n<div id=\"bjf-crypto-arbitrage-table\">\n        <table border=\"0\">\n            <thead>\n                <tr>\n                    <th class=\"col-1\">Exchange 1<\/th>\n                    <th class=\"col-2\">Exchange 2<\/th>\n                    <th class=\"col-3\">Symbol<\/th>\n                    <th class=\"col-4\">Side 1<\/th>\n                    <th class=\"col-5\">Side 2<\/th>\n                    <th class=\"col-6\">Lots<\/th>\n                    <th class=\"col-7\">Open Time<\/th>\n                    <th class=\"col-8\">Open Price 1<\/th>\n                    <th class=\"col-9\">Open Price 2<\/th>\n                    <th class=\"col-10\">Close Time<\/th>\n                    <th class=\"col-11\">Profit<\/th>\n                    <th class=\"col-12\">Currency<\/th>\n                <\/tr>\n            <\/thead>\n        <tbody><\/tbody>\n        <\/table>\n        <\/div>\n<p>Warning: Some crypto-exchanges can be switched into emulation mode in case of an unstable crypto market, while trading is emulated at real quotes, taking into account the real commission<\/p>","protected":false},"excerpt":{"rendered":"<p>Da der Kryptow\u00e4hrungsmarkt noch im Entstehen begriffen ist, ist er voll von Ineffizienzen. Das ist eine gute Nachricht f\u00fcr Arbitrage Trader, die ineffiziente M\u00e4rkte brauchen, um Geld zu verdienen. Um Ihr Arbitrage-Handelspotential zu maximieren, haben wir eine Spitzensoftware entwickelt, die die Quoten zwischen Kryptow\u00e4hrungswechseln vergleicht.<\/p>\n","protected":false},"featured_media":920,"comment_status":"open","ping_status":"closed","template":"","meta":{"_acf_changed":false},"product_brand":[],"product_cat":[46,272],"product_tag":[49,47,48,50],"class_list":{"0":"post-918","1":"product","2":"type-product","3":"status-publish","4":"has-post-thumbnail","6":"product_cat-crypto-arbitrage-software","7":"product_cat-popular","8":"product_tag-btc-arbitrage","9":"product_tag-crypto-arbitrage","10":"product_tag-crypto-bot","11":"product_tag-eth-arbitrage","13":"first","14":"instock","15":"virtual","16":"purchasable","17":"product-type-simple"},"exclude_global_add_ons":[],"addons":[],"acf":[],"yoast_head":"<!-- This site is optimized with the Yoast SEO plugin v27.5 - https:\/\/yoast.com\/product\/yoast-seo-wordpress\/ -->\n<title>VIP Crypto Arbitrage Bot \u2014 50+ Exchanges | BJF<\/title>\n<meta name=\"description\" content=\"Cryptocurrency arbitrage bot for Binance, Bybit, Kraken, OKX, KuCoin and 45+ more exchanges. Hedge and one-leg strategies. Spot + futures. From $600.\" \/>\n<meta name=\"robots\" content=\"index, follow, max-snippet:-1, max-image-preview:large, max-video-preview:-1\" \/>\n<link rel=\"canonical\" href=\"https:\/\/bjftradinggroup.com\/product\/vip-crypto-arbitrage-software\/\" \/>\n<meta property=\"og:locale\" content=\"de_DE\" \/>\n<meta property=\"og:type\" content=\"article\" \/>\n<meta property=\"og:title\" content=\"VIP Crypto Arbitrage Bot \u2014 50+ Exchanges | BJF\" \/>\n<meta property=\"og:description\" content=\"Cryptocurrency arbitrage bot for Binance, Bybit, Kraken, OKX, KuCoin and 45+ more exchanges. Hedge and one-leg strategies. Spot + futures. From $600.\" \/>\n<meta property=\"og:url\" content=\"https:\/\/bjftradinggroup.com\/product\/vip-crypto-arbitrage-software\/\" \/>\n<meta property=\"og:site_name\" content=\"BJF Trading Group Inc - Software for Forex Traders\" \/>\n<meta property=\"article:modified_time\" content=\"2026-04-27T14:47:21+00:00\" \/>\n<meta property=\"og:image\" content=\"https:\/\/bjftradinggroup.com\/wp-content\/uploads\/2019\/07\/crypto-arbitrgae-softwarebox_781-3.png\" \/>\n\t<meta property=\"og:image:width\" content=\"500\" \/>\n\t<meta property=\"og:image:height\" content=\"500\" \/>\n\t<meta property=\"og:image:type\" content=\"image\/png\" \/>\n<meta name=\"twitter:card\" content=\"summary_large_image\" \/>\n<meta name=\"twitter:label1\" content=\"Preis\" \/>\n\t<meta name=\"twitter:data1\" content=\"&#036;1,200.00\" \/>\n\t<meta name=\"twitter:label2\" content=\"Verf\u00fcgbarkeit\" \/>\n\t<meta name=\"twitter:data2\" content=\"Auf Lager\" \/>\n<script type=\"application\/ld+json\" class=\"yoast-schema-graph\">{\"@context\":\"https:\\\/\\\/schema.org\",\"@graph\":[{\"@type\":\"WebPage\",\"@id\":\"https:\\\/\\\/bjftradinggroup.com\\\/product\\\/vip-crypto-arbitrage-software\\\/\",\"url\":\"https:\\\/\\\/bjftradinggroup.com\\\/product\\\/vip-crypto-arbitrage-software\\\/\",\"name\":\"VIP Crypto Arbitrage Bot \u2014 50+ Exchanges | BJF\",\"isPartOf\":{\"@id\":\"https:\\\/\\\/bjftradinggroup.com\\\/#website\"},\"primaryImageOfPage\":{\"@id\":\"https:\\\/\\\/bjftradinggroup.com\\\/product\\\/vip-crypto-arbitrage-software\\\/#primaryimage\"},\"image\":{\"@id\":\"https:\\\/\\\/bjftradinggroup.com\\\/product\\\/vip-crypto-arbitrage-software\\\/#primaryimage\"},\"thumbnailUrl\":\"https:\\\/\\\/bjftradinggroup.com\\\/wp-content\\\/uploads\\\/2019\\\/07\\\/crypto-arbitrgae-softwarebox_781-3.png\",\"datePublished\":\"2019-07-08T18:50:17+00:00\",\"dateModified\":\"2026-04-27T14:47:21+00:00\",\"description\":\"Cryptocurrency arbitrage bot for Binance, Bybit, Kraken, OKX, KuCoin and 45+ more exchanges. Hedge and one-leg strategies. Spot + futures. From $600.\",\"breadcrumb\":{\"@id\":\"https:\\\/\\\/bjftradinggroup.com\\\/product\\\/vip-crypto-arbitrage-software\\\/#breadcrumb\"},\"inLanguage\":\"de\",\"potentialAction\":[{\"@type\":\"ReadAction\",\"target\":[\"https:\\\/\\\/bjftradinggroup.com\\\/product\\\/vip-crypto-arbitrage-software\\\/\"]}]},{\"@type\":\"ImageObject\",\"inLanguage\":\"de\",\"@id\":\"https:\\\/\\\/bjftradinggroup.com\\\/product\\\/vip-crypto-arbitrage-software\\\/#primaryimage\",\"url\":\"https:\\\/\\\/bjftradinggroup.com\\\/wp-content\\\/uploads\\\/2019\\\/07\\\/crypto-arbitrgae-softwarebox_781-3.png\",\"contentUrl\":\"https:\\\/\\\/bjftradinggroup.com\\\/wp-content\\\/uploads\\\/2019\\\/07\\\/crypto-arbitrgae-softwarebox_781-3.png\",\"width\":500,\"height\":500,\"caption\":\"CryptoArbitrage Software box\"},{\"@type\":\"BreadcrumbList\",\"@id\":\"https:\\\/\\\/bjftradinggroup.com\\\/product\\\/vip-crypto-arbitrage-software\\\/#breadcrumb\",\"itemListElement\":[{\"@type\":\"ListItem\",\"position\":1,\"name\":\"Home\",\"item\":\"https:\\\/\\\/bjftradinggroup.com\\\/\"},{\"@type\":\"ListItem\",\"position\":2,\"name\":\"Shop\",\"item\":\"https:\\\/\\\/bjftradinggroup.com\\\/ko\\\/shop\\\/\"},{\"@type\":\"ListItem\",\"position\":3,\"name\":\"Automated Crypto Arbitrage Bot for 50+ Exchanges \u2014 Spot, Futures &#038; Hedge\"}]},{\"@type\":\"WebSite\",\"@id\":\"https:\\\/\\\/bjftradinggroup.com\\\/#website\",\"url\":\"https:\\\/\\\/bjftradinggroup.com\\\/\",\"name\":\"BJF Trading Group Inc - Software for Forex Traders\",\"description\":\"FX Software pioneer since 2000\",\"potentialAction\":[{\"@type\":\"SearchAction\",\"target\":{\"@type\":\"EntryPoint\",\"urlTemplate\":\"https:\\\/\\\/bjftradinggroup.com\\\/?s={search_term_string}\"},\"query-input\":{\"@type\":\"PropertyValueSpecification\",\"valueRequired\":true,\"valueName\":\"search_term_string\"}}],\"inLanguage\":\"de\"},{\"@type\":\"Organization\",\"@id\":\"https:\\\/\\\/bjftradinggroup.com\\\/#organization\",\"name\":\"BJF Trading Group Inc.\",\"legalName\":\"BJF Trading Group Inc.\",\"url\":\"https:\\\/\\\/bjftradinggroup.com\\\/\",\"logo\":{\"@type\":\"ImageObject\",\"url\":\"https:\\\/\\\/bjftradinggroup.com\\\/wp-content\\\/uploads\\\/logo.png\",\"width\":512,\"height\":512},\"foundingDate\":\"2000\",\"founder\":{\"@id\":\"https:\\\/\\\/bjftradinggroup.com\\\/about-boris-fesenko\\\/#person\"},\"address\":{\"@type\":\"PostalAddress\",\"addressRegion\":\"Ontario\",\"addressCountry\":\"CA\"},\"contactPoint\":[{\"@type\":\"ContactPoint\",\"contactType\":\"customer support\",\"email\":\"support@bjftradinggroup.com\",\"availableLanguage\":[\"English\",\"German\",\"Japanese\",\"Korean\",\"Spanish\",\"Portuguese\",\"Arabic\",\"Indonesian\",\"Vietnamese\"]}],\"sameAs\":[\"https:\\\/\\\/www.facebook.com\\\/bjftradinggroup\",\"https:\\\/\\\/twitter.com\\\/BjfGroup\",\"https:\\\/\\\/www.youtube.com\\\/@bjftradinggroup\",\"https:\\\/\\\/t.me\\\/bjftradinggroup\",\"https:\\\/\\\/instagram.com\\\/bjftradinggroup\",\"https:\\\/\\\/www.linkedin.com\\\/company\\\/bjf-trading-group\\\/\"],\"knowsAbout\":[\"Forex arbitrage\",\"Cryptocurrency arbitrage\",\"Latency arbitrage\",\"News trading\",\"FIX API trading\",\"High-frequency trading\",\"Lock arbitrage\",\"Hedge arbitrage\",\"Pair trading\",\"Algorithmic trading software\"]}]}<\/script>\n<meta property=\"product:price:amount\" content=\"1200.00\" \/>\n<meta property=\"product:price:currency\" content=\"USD\" \/>\n<meta property=\"og:availability\" content=\"instock\" \/>\n<meta property=\"product:availability\" content=\"instock\" \/>\n<meta property=\"product:retailer_item_id\" content=\"19\" \/>\n<meta property=\"product:condition\" content=\"new\" \/>\n<!-- \/ Yoast SEO plugin. -->","yoast_head_json":{"title":"VIP Crypto Arbitrage Bot \u2014 50+ Exchanges | BJF","description":"Cryptocurrency arbitrage bot for Binance, Bybit, Kraken, OKX, KuCoin and 45+ more exchanges. Hedge and one-leg strategies. Spot + futures. From $600.","robots":{"index":"index","follow":"follow","max-snippet":"max-snippet:-1","max-image-preview":"max-image-preview:large","max-video-preview":"max-video-preview:-1"},"canonical":"https:\/\/bjftradinggroup.com\/product\/vip-crypto-arbitrage-software\/","og_locale":"de_DE","og_type":"article","og_title":"VIP Crypto Arbitrage Bot \u2014 50+ Exchanges | BJF","og_description":"Cryptocurrency arbitrage bot for Binance, Bybit, Kraken, OKX, KuCoin and 45+ more exchanges. Hedge and one-leg strategies. Spot + futures. From $600.","og_url":"https:\/\/bjftradinggroup.com\/product\/vip-crypto-arbitrage-software\/","og_site_name":"BJF Trading Group Inc - Software for Forex Traders","article_modified_time":"2026-04-27T14:47:21+00:00","og_image":[{"width":500,"height":500,"url":"https:\/\/bjftradinggroup.com\/wp-content\/uploads\/2019\/07\/crypto-arbitrgae-softwarebox_781-3.png","type":"image\/png"}],"twitter_card":"summary_large_image","twitter_misc":{"Preis":"&#36;1,200.00","Verf\u00fcgbarkeit":"Auf Lager"},"schema":{"@context":"https:\/\/schema.org","@graph":[{"@type":"WebPage","@id":"https:\/\/bjftradinggroup.com\/product\/vip-crypto-arbitrage-software\/","url":"https:\/\/bjftradinggroup.com\/product\/vip-crypto-arbitrage-software\/","name":"VIP Crypto Arbitrage Bot \u2014 50+ Exchanges | BJF","isPartOf":{"@id":"https:\/\/bjftradinggroup.com\/#website"},"primaryImageOfPage":{"@id":"https:\/\/bjftradinggroup.com\/product\/vip-crypto-arbitrage-software\/#primaryimage"},"image":{"@id":"https:\/\/bjftradinggroup.com\/product\/vip-crypto-arbitrage-software\/#primaryimage"},"thumbnailUrl":"https:\/\/bjftradinggroup.com\/wp-content\/uploads\/2019\/07\/crypto-arbitrgae-softwarebox_781-3.png","datePublished":"2019-07-08T18:50:17+00:00","dateModified":"2026-04-27T14:47:21+00:00","description":"Cryptocurrency arbitrage bot for Binance, Bybit, Kraken, OKX, KuCoin and 45+ more exchanges. Hedge and one-leg strategies. Spot + futures. From $600.","breadcrumb":{"@id":"https:\/\/bjftradinggroup.com\/product\/vip-crypto-arbitrage-software\/#breadcrumb"},"inLanguage":"de","potentialAction":[{"@type":"ReadAction","target":["https:\/\/bjftradinggroup.com\/product\/vip-crypto-arbitrage-software\/"]}]},{"@type":"ImageObject","inLanguage":"de","@id":"https:\/\/bjftradinggroup.com\/product\/vip-crypto-arbitrage-software\/#primaryimage","url":"https:\/\/bjftradinggroup.com\/wp-content\/uploads\/2019\/07\/crypto-arbitrgae-softwarebox_781-3.png","contentUrl":"https:\/\/bjftradinggroup.com\/wp-content\/uploads\/2019\/07\/crypto-arbitrgae-softwarebox_781-3.png","width":500,"height":500,"caption":"CryptoArbitrage Software box"},{"@type":"BreadcrumbList","@id":"https:\/\/bjftradinggroup.com\/product\/vip-crypto-arbitrage-software\/#breadcrumb","itemListElement":[{"@type":"ListItem","position":1,"name":"Home","item":"https:\/\/bjftradinggroup.com\/"},{"@type":"ListItem","position":2,"name":"Shop","item":"https:\/\/bjftradinggroup.com\/ko\/shop\/"},{"@type":"ListItem","position":3,"name":"Automated Crypto Arbitrage Bot for 50+ Exchanges \u2014 Spot, Futures &#038; Hedge"}]},{"@type":"WebSite","@id":"https:\/\/bjftradinggroup.com\/#website","url":"https:\/\/bjftradinggroup.com\/","name":"BJF Trading Group Inc - Software for Forex Traders","description":"FX Software pioneer since 2000","potentialAction":[{"@type":"SearchAction","target":{"@type":"EntryPoint","urlTemplate":"https:\/\/bjftradinggroup.com\/?s={search_term_string}"},"query-input":{"@type":"PropertyValueSpecification","valueRequired":true,"valueName":"search_term_string"}}],"inLanguage":"de"},{"@type":"Organization","@id":"https:\/\/bjftradinggroup.com\/#organization","name":"BJF Trading Group Inc.","legalName":"BJF Trading Group Inc.","url":"https:\/\/bjftradinggroup.com\/","logo":{"@type":"ImageObject","url":"https:\/\/bjftradinggroup.com\/wp-content\/uploads\/logo.png","width":512,"height":512},"foundingDate":"2000","founder":{"@id":"https:\/\/bjftradinggroup.com\/about-boris-fesenko\/#person"},"address":{"@type":"PostalAddress","addressRegion":"Ontario","addressCountry":"CA"},"contactPoint":[{"@type":"ContactPoint","contactType":"customer support","email":"support@bjftradinggroup.com","availableLanguage":["English","German","Japanese","Korean","Spanish","Portuguese","Arabic","Indonesian","Vietnamese"]}],"sameAs":["https:\/\/www.facebook.com\/bjftradinggroup","https:\/\/twitter.com\/BjfGroup","https:\/\/www.youtube.com\/@bjftradinggroup","https:\/\/t.me\/bjftradinggroup","https:\/\/instagram.com\/bjftradinggroup","https:\/\/www.linkedin.com\/company\/bjf-trading-group\/"],"knowsAbout":["Forex arbitrage","Cryptocurrency arbitrage","Latency arbitrage","News trading","FIX API trading","High-frequency trading","Lock arbitrage","Hedge arbitrage","Pair trading","Algorithmic trading software"]}]},"product_price_amount":"1200.00","product_price_currency":"USD","og_availability":"instock","product_availability":"instock","product_retailer_item_id":"19","product_condition":"new"},"_links":{"self":[{"href":"https:\/\/bjftradinggroup.com\/de\/wp-json\/wp\/v2\/product\/918","targetHints":{"allow":["GET"]}}],"collection":[{"href":"https:\/\/bjftradinggroup.com\/de\/wp-json\/wp\/v2\/product"}],"about":[{"href":"https:\/\/bjftradinggroup.com\/de\/wp-json\/wp\/v2\/types\/product"}],"replies":[{"embeddable":true,"href":"https:\/\/bjftradinggroup.com\/de\/wp-json\/wp\/v2\/comments?post=918"}],"wp:featuredmedia":[{"embeddable":true,"href":"https:\/\/bjftradinggroup.com\/de\/wp-json\/wp\/v2\/media\/920"}],"wp:attachment":[{"href":"https:\/\/bjftradinggroup.com\/de\/wp-json\/wp\/v2\/media?parent=918"}],"wp:term":[{"taxonomy":"product_brand","embeddable":true,"href":"https:\/\/bjftradinggroup.com\/de\/wp-json\/wp\/v2\/product_brand?post=918"},{"taxonomy":"product_cat","embeddable":true,"href":"https:\/\/bjftradinggroup.com\/de\/wp-json\/wp\/v2\/product_cat?post=918"},{"taxonomy":"product_tag","embeddable":true,"href":"https:\/\/bjftradinggroup.com\/de\/wp-json\/wp\/v2\/product_tag?post=918"}],"curies":[{"name":"wp","href":"https:\/\/api.w.org\/{rel}","templated":true}]}}