{"id":7367,"date":"2022-05-23T12:32:59","date_gmt":"2022-05-23T12:32:59","guid":{"rendered":"https:\/\/bjftradinggroup.com\/?post_type=product&#038;p=7367"},"modified":"2025-11-11T22:25:23","modified_gmt":"2025-11-11T22:25:23","slug":"jbridge","status":"publish","type":"product","link":"https:\/\/bjftradinggroup.com\/de\/product\/jbridge\/","title":{"rendered":"Br\u00fccke zur JForex-Plattform"},"content":{"rendered":"<p>Das Programm implementiert die Hauptidee: jede beliebige Handelsplattform-API zu verwenden, um die Markt- und Handelsinformationen der Plattform in FIX-Protokollnachrichten zu \u00fcbersetzen, die von den FIX-Modulen der BJF-Programme verwendet werden k\u00f6nnen. Auf diese Weise kann ein BJF-Programm ein Plattformkonto als natives FIX-Konto verwenden.<\/p>\n<p>Dukascopy Bank offeriert API f\u00fcr JForex-Konten: <a href=\"https:\/\/www.dukascopy.com\/wiki\/en\/development\/get-started-api\/development-environment\/use-in-eclipse\">https:\/\/www.dukascopy.com\/wiki\/en\/development\/get-started-api\/development-environment\/use-in-eclipse<\/a>.<\/p>\n<p>Br\u00fccke zur JForex-Plattform wurde entwickelt, um mit JForex-Konten sowohl als Master-Konten als auch als Sub-Konten zu arbeiten. Das Master-Konto erh\u00e4lt die Signale von der JForex-Handelsplattform und sendet FIX-Befehle, die die JForex-Operationen im BJF-Programm wiedergeben. Das Sub-Konto empf\u00e4ngt die FIX-Nachrichten vom BJF-Programm und sendet JForex-Nachrichten, die die Operationen des BJF-Programms in der JForex-Handelsplattform reproduzieren.<\/p>\n<p>Das Programm Br\u00fccke zu JForex ist eine Java 8 jar-Datei. Im BJF-Programm muss die Br\u00fccke zu JForex als BJF_FIX-Konto in die Liste der Master- und\/oder Sub-Konten aufgenommen werden. Br\u00fccke zu JForex wird automatisch zusammen mit dem BJF-Programm gestartet.\u00a0 Br\u00fccke zu JForex hat eine einfache Benutzeroberfl\u00e4che: Positionen und Auftr\u00e4ge des Quellkontos in der oberen Tabelle, Positionen und Auftr\u00e4ge des Zielkontos &#8211; in der unteren Tabelle. Die Positionen und Auftr\u00e4ge werden auf entsprechenden Registerkarten angezeigt. Hier ist ein Master-Konto mit offenen Positionen:<\/p>\n<p><img loading=\"lazy\" decoding=\"async\" class=\"alignnone wp-image-7368 \" src=\"https:\/\/bjftradinggroup.com\/wp-content\/uploads\/2022\/05\/bridge-to-jforex-master-positions.png\" alt=\"bridge to jforex platform master positions\" width=\"776\" height=\"440\" srcset=\"https:\/\/bjftradinggroup.com\/wp-content\/uploads\/2022\/05\/bridge-to-jforex-master-positions.png 697w, https:\/\/bjftradinggroup.com\/wp-content\/uploads\/2022\/05\/bridge-to-jforex-master-positions-300x170.png 300w, https:\/\/bjftradinggroup.com\/wp-content\/uploads\/2022\/05\/bridge-to-jforex-master-positions-680x385.png 680w\" sizes=\"auto, (max-width: 776px) 100vw, 776px\" \/><\/p>\n<p>Hier ist ein Master-Konto mit STOP- und LIMIT-Auftr\u00e4gen:<\/p>\n<p><img loading=\"lazy\" decoding=\"async\" class=\"alignnone wp-image-7369\" src=\"https:\/\/bjftradinggroup.com\/wp-content\/uploads\/2022\/05\/bridge-to-jforex-master-limit-positions.png\" alt=\"bridge to jforex limit and stop orders\" width=\"776\" height=\"440\" srcset=\"https:\/\/bjftradinggroup.com\/wp-content\/uploads\/2022\/05\/bridge-to-jforex-master-limit-positions.png 679w, https:\/\/bjftradinggroup.com\/wp-content\/uploads\/2022\/05\/bridge-to-jforex-master-limit-positions-300x170.png 300w\" sizes=\"auto, (max-width: 776px) 100vw, 776px\" \/><\/p>\n<p>Hier ist ein Sub-Konto mit offenen Positionen:<\/p>\n<p><img loading=\"lazy\" decoding=\"async\" class=\"alignnone wp-image-7370\" src=\"https:\/\/bjftradinggroup.com\/wp-content\/uploads\/2022\/05\/bridge-to-jforex-sub-account-positions.png\" alt=\"bridge-to-jforex sub-account positions\" width=\"773\" height=\"438\" srcset=\"https:\/\/bjftradinggroup.com\/wp-content\/uploads\/2022\/05\/bridge-to-jforex-sub-account-positions.png 681w, https:\/\/bjftradinggroup.com\/wp-content\/uploads\/2022\/05\/bridge-to-jforex-sub-account-positions-300x170.png 300w\" sizes=\"auto, (max-width: 773px) 100vw, 773px\" \/><\/p>\n<p>Hier ist das Sub-Konto mit STOP- und LIMIT-Auftr\u00e4gen:<\/p>\n<p><img loading=\"lazy\" decoding=\"async\" class=\"alignnone wp-image-7371\" src=\"https:\/\/bjftradinggroup.com\/wp-content\/uploads\/2022\/05\/bridge-to-jforex-sub-acount-pending-orders.png\" alt=\"bridge to jforex sub-account pending orders\" width=\"771\" height=\"437\" srcset=\"https:\/\/bjftradinggroup.com\/wp-content\/uploads\/2022\/05\/bridge-to-jforex-sub-acount-pending-orders.png 670w, https:\/\/bjftradinggroup.com\/wp-content\/uploads\/2022\/05\/bridge-to-jforex-sub-acount-pending-orders-300x170.png 300w\" sizes=\"auto, (max-width: 771px) 100vw, 771px\" \/><\/p>\n<p>Zu Beginn hat das Fenster das Symbol &#8222;Erh\u00f6hte Br\u00fccke&#8220; <img loading=\"lazy\" decoding=\"async\" class=\"alignnone size-full wp-image-7372\" src=\"https:\/\/bjftradinggroup.com\/wp-content\/uploads\/2022\/05\/raised-icon.png\" alt=\"raised icon\" width=\"24\" height=\"24\" \/>. . Nachdem die Verbindungsprozedur zum Dukascopy-Server und der Start der JForex-Strategie erfolgt sind, \u00e4ndert sich das Symbol in &#8222;Flache Br\u00fccke&#8220; <img loading=\"lazy\" decoding=\"async\" class=\"alignnone size-full wp-image-7373\" src=\"https:\/\/bjftradinggroup.com\/wp-content\/uploads\/2022\/05\/flattened-bridje.png\" alt=\"flattened icon bridge\" width=\"90\" height=\"26\" \/><\/p>\n<p>Sobald diese \u00c4nderung erfolgt ist, ist die Br\u00fccke zu JForex einsatzbereit.<\/p>\n<p>Die Mitteilungen der JForex-Plattform, der Br\u00fccke von JForex und des BJF-Programms werden im Windows-Cmd-Fenster angezeigt:<\/p>\n<p><img loading=\"lazy\" decoding=\"async\" class=\"alignnone wp-image-7374\" src=\"https:\/\/bjftradinggroup.com\/wp-content\/uploads\/2022\/05\/cmd-bridge-messages.png\" alt=\"bridge to jforex cmd mesages\" width=\"770\" height=\"528\" srcset=\"https:\/\/bjftradinggroup.com\/wp-content\/uploads\/2022\/05\/cmd-bridge-messages.png 668w, https:\/\/bjftradinggroup.com\/wp-content\/uploads\/2022\/05\/cmd-bridge-messages-300x206.png 300w\" sizes=\"auto, (max-width: 770px) 100vw, 770px\" \/><\/p>\n<p>\u00dcber die Registerkarte Einstellungen k\u00f6nnen Sie JForex-Kontoparameter und FIX-Verbindungseinstellungen festlegen.<\/p>\n<p><img loading=\"lazy\" decoding=\"async\" class=\"alignnone wp-image-7375\" src=\"https:\/\/bjftradinggroup.com\/wp-content\/uploads\/2022\/05\/bridge-to-jforex-settings.png\" alt=\"bridge to jforex platform settings\" width=\"768\" height=\"435\" srcset=\"https:\/\/bjftradinggroup.com\/wp-content\/uploads\/2022\/05\/bridge-to-jforex-settings.png 678w, https:\/\/bjftradinggroup.com\/wp-content\/uploads\/2022\/05\/bridge-to-jforex-settings-300x170.png 300w\" sizes=\"auto, (max-width: 768px) 100vw, 768px\" \/><\/p>\n<p>Die FIX-Kanaleinstellungen m\u00fcssen mehreren Regeln folgen:<\/p>\n<ol>\n<li>\u2018IP, URL\u2019 \u2013 localhost oder 127.0.0.1. Das bedeutet, dass die Br\u00fccke zu JForex und das BJF-Programm auf demselben Computer arbeiten.<\/li>\n<li>\u2018Port quotes\u2019 \u2013 ungerader Wert, erw\u00fcnscht \u00fcber 30000.<\/li>\n<li>\u2018Port trades\u2019 &#8211; gerader Wert, erw\u00fcnscht \u00fcber 30000.<\/li>\n<\/ol>\n<p>Tats\u00e4chlich stammen die Werte der Ports hier aus den Einstellungen des BJF-Programms<\/p>\n<ol>\n<li>\u00a0\u2018Username\u2019, \u2018password\u2019, \u2018Sender\u2019, \u2018Target\u2019 \u2013 notwendige FIX-Kontoparameter, willk\u00fcrliche Texte. Werden allerdings mehrere JForex-Konten verwendet, sind f\u00fcr jedes Konto unterschiedliche Sender und Target notwendig.<\/li>\n<\/ol>\n<p>Die JForex-Einstellungen enthalten:<\/p>\n<ol>\n<li>\u2018URL f\u00fcr jnlp-Datei\u2019 &#8211; <a href=\"https:\/\/www.dukascopy.com\/client\/demo\/jclient\/jforex.jnlp\">https:\/\/www.dukascopy.com\/client\/demo\/jclient\/jforex.jnlp<\/a> f\u00fcr Demo-Konto, <a href=\"https:\/\/platform.dukascopy.com\/live_3\/jforex_3.jnlp\">https:\/\/platform.dukascopy.com\/live_3\/jforex_3.jnlp<\/a> f\u00fcr Live-Konto.<\/li>\n<li>\u2018Benutzername, \u2018Passwort\u2019 &#8211; JForex-Kontoparameter.<\/li>\n<li>\u2018Pin\u2019 &#8211; beliebiger Text, nur f\u00fcr Live-Konto. Die Pin-Eingabe ist eine unumg\u00e4ngliche manuelle Operation f\u00fcr eine Live-Konto-Verbindung. Br\u00fccke zu JForex erkennt nur, ob der Pin leer ist oder nicht, und zeigt dann das Dukascopy-Pin-Eingabefenster f\u00fcr das Live-Konto oder verzichtet auf die Pin-Eingabe f\u00fcr Demo.<\/li>\n<li>\u2018Nicht-W\u00e4hrungsinstrumente\u2019 k\u00f6nnte f\u00fcr die Feinabstimmung der Vervielf\u00e4ltigung der Lot-Gr\u00f6\u00dfe verwendet werden, ist aber in den meisten F\u00e4llen leer.<\/li>\n<li>\u00a0\u2018Lotmultiplikator f\u00fcr W\u00e4hrungen\u2019 wird f\u00fcr eine Neuberechnung der Handelsgr\u00f6\u00dfe von MT4-MT5-Lot-Ggr\u00f6\u00dfe (\u00fcblicherweise 100000) zu JForex-Lot-Gr\u00f6\u00dfe (\u00fcblicherweise 1000000) verwendet.<\/li>\n<li>\u2018Lot-Multiplikator f\u00fcr Indizes und CFD\u2019 wird f\u00fcr eine Neuberechnung der Handelsgr\u00f6\u00dfe f\u00fcr Indizes und CFD verwendet.<\/li>\n<\/ol>\n<p><\/p>","protected":false},"excerpt":{"rendered":"<p>Br\u00fccke zur JForex-Plattform wurde entwickelt, um mit JForex-Konten sowohl als Master-Konten als auch als Sub-Konten zu arbeiten. Das Master-Konto erh\u00e4lt die Signale von der JForex-Handelsplattform und sendet FIX-Befehle, die die JForex-Operationen im BJF-Programm wiedergeben. Das Sub-Konto empf\u00e4ngt die FIX-Nachrichten vom BJF-Programm und sendet JForex-Nachrichten, die die Operationen des BJF-Programms in der JForex-Handelsplattform reproduzieren.<\/p>\n","protected":false},"featured_media":7376,"comment_status":"open","ping_status":"closed","template":"","meta":{"_acf_changed":false},"product_brand":[],"product_cat":[66,51,272],"product_tag":[],"class_list":{"0":"post-7367","1":"product","2":"type-product","3":"status-publish","4":"has-post-thumbnail","6":"product_cat-arbitrage-software","7":"product_cat-fix-api-software","8":"product_cat-popular","10":"first","11":"instock","12":"taxable","13":"shipping-taxable","14":"purchasable","15":"product-type-simple"},"exclude_global_add_ons":[],"addons":[],"acf":[],"yoast_head":"<!-- This site is optimized with the Yoast SEO plugin v27.3 - https:\/\/yoast.com\/product\/yoast-seo-wordpress\/ -->\n<title>Br\u00fccke zur JForex-Plattform - BJF Trading Group Inc - Software for Forex Traders<\/title>\n<meta name=\"description\" content=\"Bridge to the JForex platform was designed to work with JForex accounts both as master accounts and as sub-accounts.\" \/>\n<meta name=\"robots\" content=\"index, follow, max-snippet:-1, max-image-preview:large, max-video-preview:-1\" \/>\n<link rel=\"canonical\" href=\"https:\/\/bjftradinggroup.com\/product\/jbridge\/\" \/>\n<meta property=\"og:locale\" content=\"de_DE\" \/>\n<meta property=\"og:type\" content=\"article\" \/>\n<meta property=\"og:title\" content=\"[:en]Bridge to the JForex Platform[:de]Br\u00fccke zur JForex-Plattform[:ja]Bridge to the JForex\u30d7\u30e9\u30c3\u30c8\u30d5\u30a9\u30fc\u30e0[:ar]\u062c\u0633\u0631 \u0625\u0644\u0649 \u0645\u0646\u0635\u0629 JForex[:ko]JForex \ud50c\ub7ab\ud3fc\uc73c\ub85c\uc758 \ub2e4\ub9ac[:es]Puente hacia la plataforma JForex[:pt]Ponte para a plataforma JForex[:id]Jembatan ke platform JForex[:vi]C\u1ea7u n\u1ed1i \u0111\u1ebfn n\u1ec1n t\u1ea3ng JForex[:] - BJF Trading Group Inc - Software for Forex Traders\" \/>\n<meta property=\"og:description\" content=\"Bridge to the JForex platform was designed to work with JForex accounts both as master accounts and as sub-accounts.\" \/>\n<meta property=\"og:url\" content=\"https:\/\/bjftradinggroup.com\/product\/jbridge\/\" \/>\n<meta property=\"og:site_name\" content=\"BJF Trading Group Inc - Software for Forex Traders\" \/>\n<meta property=\"article:modified_time\" content=\"2025-11-11T22:25:23+00:00\" \/>\n<meta property=\"og:image\" content=\"https:\/\/bjftradinggroup.com\/wp-content\/uploads\/2022\/05\/JBridge-Box_a100.png\" \/>\n\t<meta property=\"og:image:width\" content=\"500\" \/>\n\t<meta property=\"og:image:height\" content=\"500\" \/>\n\t<meta property=\"og:image:type\" content=\"image\/png\" \/>\n<meta name=\"twitter:card\" content=\"summary_large_image\" \/>\n<meta name=\"twitter:label1\" content=\"Gesch\u00e4tzte Lesezeit\" \/>\n\t<meta name=\"twitter:data1\" content=\"5\u00a0Minuten\" \/>\n<script type=\"application\/ld+json\" class=\"yoast-schema-graph\">{\"@context\":\"https:\\\/\\\/schema.org\",\"@graph\":[{\"@type\":\"WebPage\",\"@id\":\"https:\\\/\\\/bjftradinggroup.com\\\/product\\\/jbridge\\\/\",\"url\":\"https:\\\/\\\/bjftradinggroup.com\\\/product\\\/jbridge\\\/\",\"name\":\"[:en]Bridge to the JForex Platform[:de]Br\u00fccke zur JForex-Plattform[:ja]Bridge to the JForex\u30d7\u30e9\u30c3\u30c8\u30d5\u30a9\u30fc\u30e0[:ar]\u062c\u0633\u0631 \u0625\u0644\u0649 \u0645\u0646\u0635\u0629 JForex[:ko]JForex \ud50c\ub7ab\ud3fc\uc73c\ub85c\uc758 \ub2e4\ub9ac[:es]Puente hacia la plataforma JForex[:pt]Ponte para a plataforma JForex[:id]Jembatan ke platform JForex[:vi]C\u1ea7u n\u1ed1i \u0111\u1ebfn n\u1ec1n t\u1ea3ng JForex[:] - BJF Trading Group Inc - Software for Forex Traders\",\"isPartOf\":{\"@id\":\"https:\\\/\\\/bjftradinggroup.com\\\/#website\"},\"primaryImageOfPage\":{\"@id\":\"https:\\\/\\\/bjftradinggroup.com\\\/product\\\/jbridge\\\/#primaryimage\"},\"image\":{\"@id\":\"https:\\\/\\\/bjftradinggroup.com\\\/product\\\/jbridge\\\/#primaryimage\"},\"thumbnailUrl\":\"https:\\\/\\\/bjftradinggroup.com\\\/wp-content\\\/uploads\\\/2022\\\/05\\\/JBridge-Box_a100.png\",\"datePublished\":\"2022-05-23T12:32:59+00:00\",\"dateModified\":\"2025-11-11T22:25:23+00:00\",\"description\":\"Bridge to the JForex platform was designed to work with JForex accounts both as master accounts and as sub-accounts.\",\"breadcrumb\":{\"@id\":\"https:\\\/\\\/bjftradinggroup.com\\\/product\\\/jbridge\\\/#breadcrumb\"},\"inLanguage\":\"de\",\"potentialAction\":[{\"@type\":\"ReadAction\",\"target\":[\"https:\\\/\\\/bjftradinggroup.com\\\/product\\\/jbridge\\\/\"]}]},{\"@type\":\"ImageObject\",\"inLanguage\":\"de\",\"@id\":\"https:\\\/\\\/bjftradinggroup.com\\\/product\\\/jbridge\\\/#primaryimage\",\"url\":\"https:\\\/\\\/bjftradinggroup.com\\\/wp-content\\\/uploads\\\/2022\\\/05\\\/JBridge-Box_a100.png\",\"contentUrl\":\"https:\\\/\\\/bjftradinggroup.com\\\/wp-content\\\/uploads\\\/2022\\\/05\\\/JBridge-Box_a100.png\",\"width\":500,\"height\":500,\"caption\":\"Bridge to jForex platform\"},{\"@type\":\"BreadcrumbList\",\"@id\":\"https:\\\/\\\/bjftradinggroup.com\\\/product\\\/jbridge\\\/#breadcrumb\",\"itemListElement\":[{\"@type\":\"ListItem\",\"position\":1,\"name\":\"Home\",\"item\":\"https:\\\/\\\/bjftradinggroup.com\\\/\"},{\"@type\":\"ListItem\",\"position\":2,\"name\":\"Shop\",\"item\":\"https:\\\/\\\/bjftradinggroup.com\\\/ko\\\/shop\\\/\"},{\"@type\":\"ListItem\",\"position\":3,\"name\":\"Bridge to the JForex Platform\"}]},{\"@type\":\"WebSite\",\"@id\":\"https:\\\/\\\/bjftradinggroup.com\\\/#website\",\"url\":\"https:\\\/\\\/bjftradinggroup.com\\\/\",\"name\":\"BJF Trading Group Inc - Software for Forex Traders\",\"description\":\"FX Software pioneer since 2000\",\"potentialAction\":[{\"@type\":\"SearchAction\",\"target\":{\"@type\":\"EntryPoint\",\"urlTemplate\":\"https:\\\/\\\/bjftradinggroup.com\\\/?s={search_term_string}\"},\"query-input\":{\"@type\":\"PropertyValueSpecification\",\"valueRequired\":true,\"valueName\":\"search_term_string\"}}],\"inLanguage\":\"de\"}]}<\/script>\n<!-- \/ Yoast SEO plugin. -->","yoast_head_json":{"title":"[:en]Bridge to the JForex Platform[:de]Br\u00fccke zur JForex-Plattform[:ja]Bridge to the JForex\u30d7\u30e9\u30c3\u30c8\u30d5\u30a9\u30fc\u30e0[:ar]\u062c\u0633\u0631 \u0625\u0644\u0649 \u0645\u0646\u0635\u0629 JForex[:ko]JForex \ud50c\ub7ab\ud3fc\uc73c\ub85c\uc758 \ub2e4\ub9ac[:es]Puente hacia la plataforma JForex[:pt]Ponte para a plataforma JForex[:id]Jembatan ke platform JForex[:vi]C\u1ea7u n\u1ed1i \u0111\u1ebfn n\u1ec1n t\u1ea3ng JForex[:] - BJF Trading Group Inc - Software for Forex Traders","description":"Bridge to the JForex platform was designed to work with JForex accounts both as master accounts and as sub-accounts.","robots":{"index":"index","follow":"follow","max-snippet":"max-snippet:-1","max-image-preview":"max-image-preview:large","max-video-preview":"max-video-preview:-1"},"canonical":"https:\/\/bjftradinggroup.com\/product\/jbridge\/","og_locale":"de_DE","og_type":"article","og_title":"[:en]Bridge to the JForex Platform[:de]Br\u00fccke zur JForex-Plattform[:ja]Bridge to the JForex\u30d7\u30e9\u30c3\u30c8\u30d5\u30a9\u30fc\u30e0[:ar]\u062c\u0633\u0631 \u0625\u0644\u0649 \u0645\u0646\u0635\u0629 JForex[:ko]JForex \ud50c\ub7ab\ud3fc\uc73c\ub85c\uc758 \ub2e4\ub9ac[:es]Puente hacia la plataforma JForex[:pt]Ponte para a plataforma JForex[:id]Jembatan ke platform JForex[:vi]C\u1ea7u n\u1ed1i \u0111\u1ebfn n\u1ec1n t\u1ea3ng JForex[:] - BJF Trading Group Inc - Software for Forex Traders","og_description":"Bridge to the JForex platform was designed to work with JForex accounts both as master accounts and as sub-accounts.","og_url":"https:\/\/bjftradinggroup.com\/product\/jbridge\/","og_site_name":"BJF Trading Group Inc - Software for Forex Traders","article_modified_time":"2025-11-11T22:25:23+00:00","og_image":[{"width":500,"height":500,"url":"https:\/\/bjftradinggroup.com\/wp-content\/uploads\/2022\/05\/JBridge-Box_a100.png","type":"image\/png"}],"twitter_card":"summary_large_image","twitter_misc":{"Gesch\u00e4tzte Lesezeit":"5\u00a0Minuten"},"schema":{"@context":"https:\/\/schema.org","@graph":[{"@type":"WebPage","@id":"https:\/\/bjftradinggroup.com\/product\/jbridge\/","url":"https:\/\/bjftradinggroup.com\/product\/jbridge\/","name":"[:en]Bridge to the JForex Platform[:de]Br\u00fccke zur JForex-Plattform[:ja]Bridge to the JForex\u30d7\u30e9\u30c3\u30c8\u30d5\u30a9\u30fc\u30e0[:ar]\u062c\u0633\u0631 \u0625\u0644\u0649 \u0645\u0646\u0635\u0629 JForex[:ko]JForex \ud50c\ub7ab\ud3fc\uc73c\ub85c\uc758 \ub2e4\ub9ac[:es]Puente hacia la plataforma JForex[:pt]Ponte para a plataforma JForex[:id]Jembatan ke platform JForex[:vi]C\u1ea7u n\u1ed1i \u0111\u1ebfn n\u1ec1n t\u1ea3ng JForex[:] - BJF Trading Group Inc - Software for Forex Traders","isPartOf":{"@id":"https:\/\/bjftradinggroup.com\/#website"},"primaryImageOfPage":{"@id":"https:\/\/bjftradinggroup.com\/product\/jbridge\/#primaryimage"},"image":{"@id":"https:\/\/bjftradinggroup.com\/product\/jbridge\/#primaryimage"},"thumbnailUrl":"https:\/\/bjftradinggroup.com\/wp-content\/uploads\/2022\/05\/JBridge-Box_a100.png","datePublished":"2022-05-23T12:32:59+00:00","dateModified":"2025-11-11T22:25:23+00:00","description":"Bridge to the JForex platform was designed to work with JForex accounts both as master accounts and as sub-accounts.","breadcrumb":{"@id":"https:\/\/bjftradinggroup.com\/product\/jbridge\/#breadcrumb"},"inLanguage":"de","potentialAction":[{"@type":"ReadAction","target":["https:\/\/bjftradinggroup.com\/product\/jbridge\/"]}]},{"@type":"ImageObject","inLanguage":"de","@id":"https:\/\/bjftradinggroup.com\/product\/jbridge\/#primaryimage","url":"https:\/\/bjftradinggroup.com\/wp-content\/uploads\/2022\/05\/JBridge-Box_a100.png","contentUrl":"https:\/\/bjftradinggroup.com\/wp-content\/uploads\/2022\/05\/JBridge-Box_a100.png","width":500,"height":500,"caption":"Bridge to jForex platform"},{"@type":"BreadcrumbList","@id":"https:\/\/bjftradinggroup.com\/product\/jbridge\/#breadcrumb","itemListElement":[{"@type":"ListItem","position":1,"name":"Home","item":"https:\/\/bjftradinggroup.com\/"},{"@type":"ListItem","position":2,"name":"Shop","item":"https:\/\/bjftradinggroup.com\/ko\/shop\/"},{"@type":"ListItem","position":3,"name":"Bridge to the JForex Platform"}]},{"@type":"WebSite","@id":"https:\/\/bjftradinggroup.com\/#website","url":"https:\/\/bjftradinggroup.com\/","name":"BJF Trading Group Inc - Software for Forex Traders","description":"FX Software pioneer since 2000","potentialAction":[{"@type":"SearchAction","target":{"@type":"EntryPoint","urlTemplate":"https:\/\/bjftradinggroup.com\/?s={search_term_string}"},"query-input":{"@type":"PropertyValueSpecification","valueRequired":true,"valueName":"search_term_string"}}],"inLanguage":"de"}]}},"_links":{"self":[{"href":"https:\/\/bjftradinggroup.com\/de\/wp-json\/wp\/v2\/product\/7367","targetHints":{"allow":["GET"]}}],"collection":[{"href":"https:\/\/bjftradinggroup.com\/de\/wp-json\/wp\/v2\/product"}],"about":[{"href":"https:\/\/bjftradinggroup.com\/de\/wp-json\/wp\/v2\/types\/product"}],"replies":[{"embeddable":true,"href":"https:\/\/bjftradinggroup.com\/de\/wp-json\/wp\/v2\/comments?post=7367"}],"wp:featuredmedia":[{"embeddable":true,"href":"https:\/\/bjftradinggroup.com\/de\/wp-json\/wp\/v2\/media\/7376"}],"wp:attachment":[{"href":"https:\/\/bjftradinggroup.com\/de\/wp-json\/wp\/v2\/media?parent=7367"}],"wp:term":[{"taxonomy":"product_brand","embeddable":true,"href":"https:\/\/bjftradinggroup.com\/de\/wp-json\/wp\/v2\/product_brand?post=7367"},{"taxonomy":"product_cat","embeddable":true,"href":"https:\/\/bjftradinggroup.com\/de\/wp-json\/wp\/v2\/product_cat?post=7367"},{"taxonomy":"product_tag","embeddable":true,"href":"https:\/\/bjftradinggroup.com\/de\/wp-json\/wp\/v2\/product_tag?post=7367"}],"curies":[{"name":"wp","href":"https:\/\/api.w.org\/{rel}","templated":true}]}}