{"id":4219,"date":"2019-11-16T15:37:22","date_gmt":"2019-11-16T15:37:22","guid":{"rendered":"https:\/\/bjftradinggroup.com\/?post_type=product&#038;p=4219"},"modified":"2026-04-14T13:17:48","modified_gmt":"2026-04-14T13:17:48","slug":"newsautotraderpro","status":"publish","type":"product","link":"https:\/\/bjftradinggroup.com\/de\/product\/newsautotraderpro\/","title":{"rendered":"NewsAutoTraderPro"},"content":{"rendered":"<p>Eine der interessantesten Handelsstrategien beinhaltet den Handel mit den Nachrichten. Wie der Name schon sagt, bedeutet dies wenig mehr als die Nutzung des Preiseffekts, den verschiedene Wirtschaftsnachrichtenereignisse auf die Marktpreise haben k\u00f6nnen. Es ist jedoch etwas komplizierter, es erfolgreich zu machen. Um dieses Spiel gut zu spielen, m\u00fcssen Sie schnell sein &#8211; wirklich schnell. Schneller als andere H\u00e4ndler, in der Tat. Um schneller als andere H\u00e4ndler zu sein, m\u00fcssen Sie das richtige Handelsprogramm haben.<\/p>\n<p><img loading=\"lazy\" decoding=\"async\" class=\"alignnone size-full wp-image-7340\" src=\"https:\/\/bjftradinggroup.com\/wp-content\/uploads\/2019\/11\/newsautotraderpro-interface-1024x559-1.png\" alt=\"NewsAutoTraderPro\" width=\"1024\" height=\"559\" srcset=\"https:\/\/bjftradinggroup.com\/wp-content\/uploads\/2019\/11\/newsautotraderpro-interface-1024x559-1.png 1024w, https:\/\/bjftradinggroup.com\/wp-content\/uploads\/2019\/11\/newsautotraderpro-interface-1024x559-1-300x164.png 300w, https:\/\/bjftradinggroup.com\/wp-content\/uploads\/2019\/11\/newsautotraderpro-interface-1024x559-1-768x419.png 768w, https:\/\/bjftradinggroup.com\/wp-content\/uploads\/2019\/11\/newsautotraderpro-interface-1024x559-1-680x371.png 680w\" sizes=\"auto, (max-width: 1024px) 100vw, 1024px\" \/><\/p>\n<p>Fig.1 . <strong>NewsAutoTraderPro Interface:<\/strong> 1 \u2013 Sessions grid; 2 \u2013News providers ; 3 \u2013 News indicators filters block ; 4- List of economic indicators; 5- List of news triggers 6 \u2013 Orders panel<strong>.<\/strong><\/p>\n<p>Unsere NewsAtoTraderPro ist genau das Programm f\u00fcr Sie. Es st\u00fctzt sich auf 3 hochentwickelte Algorithmen, die H\u00e4ndler bef\u00e4higen, indem sie mehrere Millisekunden in den Markt eintauchen lassen, bevor wichtige Nachrichten ver\u00f6ffentlicht werden. Dies geschieht, indem dem H\u00e4ndler Zugang zu mehreren Nachrichtenanbietern auf einmal gegeben wird. Wenn es wichtige Neuigkeiten gibt, senden die Anbieter Signale. Das Programm nimmt das Signal auf, das vom schnellsten Anbieter gesendet wird, l\u00e4sst die anderen Signale weg und \u00f6ffnet Auftr\u00e4ge, sodass Sie von jeder Preis\u00e4nderung profitieren k\u00f6nnen, die durch die Nachrichten erzeugt wird.<\/p>\n<h3>NewsAutoTraderPro in Operation<\/h3>\n<p>&nbsp;<\/p>\n<p>Kurz gesagt, das Programm tut zwei Dinge: Es nimmt Nachrichtensignale auf und \u00f6ffnet Auftr\u00e4ge basierend auf ihnen.<\/p>\n<p>Dies ist ein hochinnovatives Werkzeug f\u00fcr jeden wachstumsorientierten H\u00e4ndler, der die Nachrichten handeln m\u00f6chte. Das Programm kann Auftr\u00e4ge in praktisch allen Standard-Handelsumgebungen (jForex , cTrader und FIX API) \u00f6ffnen. Das Programm beschr\u00e4nkt H\u00e4ndler auch nicht auf ein einziges Konto; es ist m\u00f6glich, mit zwei Konten zu arbeiten. Dies ist praktisch, wenn der H\u00e4ndler zwei Konten verwendet, um Positionen abzusichern. Schlie\u00dflich, mit diesem Programm, ist es m\u00f6glich, Slippage Arbeit f\u00fcr den H\u00e4ndler zu machen. Der Kauf unseres Programms gibt Ihnen zwei Lizenzen, mit denen Sie sowohl mit Servern in den USA als auch mit Servern in Gro\u00dfbritannien arbeiten k\u00f6nnen. Dar\u00fcber hinaus, wenn man bedenkt, dass Informationen alles auf dem Forex-Markt sind, werden Sie in der Lage sein, wertdurchl\u00e4ssig zu machen, indem Sie professionelle Empfehlungen und Ratschl\u00e4ge erhalten, die w\u00f6chentlich \u00fcber ein privates Netzwerk verteilt werden.<\/p>\n<h3>Live Account Monitoring<\/h3>\n<p><iframe loading=\"lazy\" src=\"\/\/www.fxblue.com\/fxbluechart.aspx?c=ch_cumulativeprofit&amp;id=newsautotraderpro\" width=\"800\" height=\"400\" frameborder=\"0\"><\/iframe><\/p>","protected":false},"excerpt":{"rendered":"<p>Eine der interessantesten Handelsstrategien beinhaltet den Handel mit den Nachrichten. Wie der Name schon sagt, bedeutet dies wenig mehr als die Nutzung des Preiseffekts, den verschiedene Wirtschaftsnachrichtenereignisse auf die Marktpreise haben k\u00f6nnen. Es ist jedoch etwas komplizierter, es erfolgreich zu machen. Um dieses Spiel gut zu spielen, m\u00fcssen Sie schnell sein &#8211; wirklich schnell. Schneller als andere H\u00e4ndler, in der Tat. Um schneller als andere H\u00e4ndler zu sein, m\u00fcssen Sie das richtige Handelsprogramm haben.<\/p>\n","protected":false},"featured_media":4101,"comment_status":"open","ping_status":"closed","template":"","meta":{"_acf_changed":false},"product_brand":[],"product_cat":[51,274,272],"product_tag":[],"class_list":{"0":"post-4219","1":"product","2":"type-product","3":"status-publish","4":"has-post-thumbnail","6":"product_cat-fix-api-software","7":"product_cat-trading-news-software","8":"product_cat-popular","10":"first","11":"instock","12":"sale","13":"virtual","14":"purchasable","15":"product-type-simple"},"exclude_global_add_ons":[],"addons":[],"acf":[],"yoast_head":"<!-- This site is optimized with the Yoast SEO plugin v27.4 - https:\/\/yoast.com\/product\/yoast-seo-wordpress\/ -->\n<title>NewsAutoTraderPro<\/title>\n<meta name=\"description\" content=\"NewsAutoTraderPro - Forex Software for trading on economic news releases on jForex cTrader platforms and via FIX API protocol.\" \/>\n<meta name=\"robots\" content=\"index, follow, max-snippet:-1, max-image-preview:large, max-video-preview:-1\" \/>\n<link rel=\"canonical\" href=\"https:\/\/bjftradinggroup.com\/product\/newsautotraderpro\/\" \/>\n<meta property=\"og:locale\" content=\"de_DE\" \/>\n<meta property=\"og:type\" content=\"article\" \/>\n<meta property=\"og:title\" content=\"[:en]NewsAutoTraderPro Software for News Trading[:de]NewsAutoTraderPro[:ja]NewsAutoTraderPro[:ar]NewsAutoTraderPro[:ko]NewsAutoTraderPro[:]\" \/>\n<meta property=\"og:description\" content=\"NewsAutoTraderPro - Forex Software for trading on economic news releases on jForex cTrader platforms and via FIX API protocol.\" \/>\n<meta property=\"og:url\" content=\"https:\/\/bjftradinggroup.com\/product\/newsautotraderpro\/\" \/>\n<meta property=\"og:site_name\" content=\"BJF Trading Group Inc - Software for Forex Traders\" \/>\n<meta property=\"article:modified_time\" content=\"2026-04-14T13:17:48+00:00\" \/>\n<meta property=\"og:image\" content=\"https:\/\/bjftradinggroup.com\/wp-content\/uploads\/2019\/11\/news-auto-trader-pro-box.png\" \/>\n\t<meta property=\"og:image:width\" content=\"500\" \/>\n\t<meta property=\"og:image:height\" content=\"500\" \/>\n\t<meta property=\"og:image:type\" content=\"image\/png\" \/>\n<meta name=\"twitter:card\" content=\"summary_large_image\" \/>\n<meta name=\"twitter:label1\" content=\"Gesch\u00e4tzte Lesezeit\" \/>\n\t<meta name=\"twitter:data1\" content=\"3\u00a0Minuten\" \/>\n<script type=\"application\/ld+json\" class=\"yoast-schema-graph\">{\"@context\":\"https:\\\/\\\/schema.org\",\"@graph\":[{\"@type\":\"WebPage\",\"@id\":\"https:\\\/\\\/bjftradinggroup.com\\\/product\\\/newsautotraderpro\\\/\",\"url\":\"https:\\\/\\\/bjftradinggroup.com\\\/product\\\/newsautotraderpro\\\/\",\"name\":\"[:en]NewsAutoTraderPro Software for News Trading[:de]NewsAutoTraderPro[:ja]NewsAutoTraderPro[:ar]NewsAutoTraderPro[:ko]NewsAutoTraderPro[:]\",\"isPartOf\":{\"@id\":\"https:\\\/\\\/bjftradinggroup.com\\\/#website\"},\"primaryImageOfPage\":{\"@id\":\"https:\\\/\\\/bjftradinggroup.com\\\/product\\\/newsautotraderpro\\\/#primaryimage\"},\"image\":{\"@id\":\"https:\\\/\\\/bjftradinggroup.com\\\/product\\\/newsautotraderpro\\\/#primaryimage\"},\"thumbnailUrl\":\"https:\\\/\\\/bjftradinggroup.com\\\/wp-content\\\/uploads\\\/2019\\\/11\\\/news-auto-trader-pro-box.png\",\"datePublished\":\"2019-11-16T15:37:22+00:00\",\"dateModified\":\"2026-04-14T13:17:48+00:00\",\"description\":\"NewsAutoTraderPro - Forex Software for trading on economic news releases on jForex cTrader platforms and via FIX API protocol.\",\"breadcrumb\":{\"@id\":\"https:\\\/\\\/bjftradinggroup.com\\\/product\\\/newsautotraderpro\\\/#breadcrumb\"},\"inLanguage\":\"de\",\"potentialAction\":[{\"@type\":\"ReadAction\",\"target\":[\"https:\\\/\\\/bjftradinggroup.com\\\/product\\\/newsautotraderpro\\\/\"]}]},{\"@type\":\"ImageObject\",\"inLanguage\":\"de\",\"@id\":\"https:\\\/\\\/bjftradinggroup.com\\\/product\\\/newsautotraderpro\\\/#primaryimage\",\"url\":\"https:\\\/\\\/bjftradinggroup.com\\\/wp-content\\\/uploads\\\/2019\\\/11\\\/news-auto-trader-pro-box.png\",\"contentUrl\":\"https:\\\/\\\/bjftradinggroup.com\\\/wp-content\\\/uploads\\\/2019\\\/11\\\/news-auto-trader-pro-box.png\",\"width\":500,\"height\":500,\"caption\":\"NewsAutoTraderPro BOX\"},{\"@type\":\"BreadcrumbList\",\"@id\":\"https:\\\/\\\/bjftradinggroup.com\\\/product\\\/newsautotraderpro\\\/#breadcrumb\",\"itemListElement\":[{\"@type\":\"ListItem\",\"position\":1,\"name\":\"Home\",\"item\":\"https:\\\/\\\/bjftradinggroup.com\\\/\"},{\"@type\":\"ListItem\",\"position\":2,\"name\":\"Shop\",\"item\":\"https:\\\/\\\/bjftradinggroup.com\\\/ko\\\/shop\\\/\"},{\"@type\":\"ListItem\",\"position\":3,\"name\":\"NewsAutoTraderPro Software for News Trading\"}]},{\"@type\":\"WebSite\",\"@id\":\"https:\\\/\\\/bjftradinggroup.com\\\/#website\",\"url\":\"https:\\\/\\\/bjftradinggroup.com\\\/\",\"name\":\"BJF Trading Group Inc - Software for Forex Traders\",\"description\":\"FX Software pioneer since 2000\",\"potentialAction\":[{\"@type\":\"SearchAction\",\"target\":{\"@type\":\"EntryPoint\",\"urlTemplate\":\"https:\\\/\\\/bjftradinggroup.com\\\/?s={search_term_string}\"},\"query-input\":{\"@type\":\"PropertyValueSpecification\",\"valueRequired\":true,\"valueName\":\"search_term_string\"}}],\"inLanguage\":\"de\"}]}<\/script>\n<!-- \/ Yoast SEO plugin. -->","yoast_head_json":{"title":"[:en]NewsAutoTraderPro Software for News Trading[:de]NewsAutoTraderPro[:ja]NewsAutoTraderPro[:ar]NewsAutoTraderPro[:ko]NewsAutoTraderPro[:]","description":"NewsAutoTraderPro - Forex Software for trading on economic news releases on jForex cTrader platforms and via FIX API protocol.","robots":{"index":"index","follow":"follow","max-snippet":"max-snippet:-1","max-image-preview":"max-image-preview:large","max-video-preview":"max-video-preview:-1"},"canonical":"https:\/\/bjftradinggroup.com\/product\/newsautotraderpro\/","og_locale":"de_DE","og_type":"article","og_title":"[:en]NewsAutoTraderPro Software for News Trading[:de]NewsAutoTraderPro[:ja]NewsAutoTraderPro[:ar]NewsAutoTraderPro[:ko]NewsAutoTraderPro[:]","og_description":"NewsAutoTraderPro - Forex Software for trading on economic news releases on jForex cTrader platforms and via FIX API protocol.","og_url":"https:\/\/bjftradinggroup.com\/product\/newsautotraderpro\/","og_site_name":"BJF Trading Group Inc - Software for Forex Traders","article_modified_time":"2026-04-14T13:17:48+00:00","og_image":[{"width":500,"height":500,"url":"https:\/\/bjftradinggroup.com\/wp-content\/uploads\/2019\/11\/news-auto-trader-pro-box.png","type":"image\/png"}],"twitter_card":"summary_large_image","twitter_misc":{"Gesch\u00e4tzte Lesezeit":"3\u00a0Minuten"},"schema":{"@context":"https:\/\/schema.org","@graph":[{"@type":"WebPage","@id":"https:\/\/bjftradinggroup.com\/product\/newsautotraderpro\/","url":"https:\/\/bjftradinggroup.com\/product\/newsautotraderpro\/","name":"[:en]NewsAutoTraderPro Software for News Trading[:de]NewsAutoTraderPro[:ja]NewsAutoTraderPro[:ar]NewsAutoTraderPro[:ko]NewsAutoTraderPro[:]","isPartOf":{"@id":"https:\/\/bjftradinggroup.com\/#website"},"primaryImageOfPage":{"@id":"https:\/\/bjftradinggroup.com\/product\/newsautotraderpro\/#primaryimage"},"image":{"@id":"https:\/\/bjftradinggroup.com\/product\/newsautotraderpro\/#primaryimage"},"thumbnailUrl":"https:\/\/bjftradinggroup.com\/wp-content\/uploads\/2019\/11\/news-auto-trader-pro-box.png","datePublished":"2019-11-16T15:37:22+00:00","dateModified":"2026-04-14T13:17:48+00:00","description":"NewsAutoTraderPro - Forex Software for trading on economic news releases on jForex cTrader platforms and via FIX API protocol.","breadcrumb":{"@id":"https:\/\/bjftradinggroup.com\/product\/newsautotraderpro\/#breadcrumb"},"inLanguage":"de","potentialAction":[{"@type":"ReadAction","target":["https:\/\/bjftradinggroup.com\/product\/newsautotraderpro\/"]}]},{"@type":"ImageObject","inLanguage":"de","@id":"https:\/\/bjftradinggroup.com\/product\/newsautotraderpro\/#primaryimage","url":"https:\/\/bjftradinggroup.com\/wp-content\/uploads\/2019\/11\/news-auto-trader-pro-box.png","contentUrl":"https:\/\/bjftradinggroup.com\/wp-content\/uploads\/2019\/11\/news-auto-trader-pro-box.png","width":500,"height":500,"caption":"NewsAutoTraderPro BOX"},{"@type":"BreadcrumbList","@id":"https:\/\/bjftradinggroup.com\/product\/newsautotraderpro\/#breadcrumb","itemListElement":[{"@type":"ListItem","position":1,"name":"Home","item":"https:\/\/bjftradinggroup.com\/"},{"@type":"ListItem","position":2,"name":"Shop","item":"https:\/\/bjftradinggroup.com\/ko\/shop\/"},{"@type":"ListItem","position":3,"name":"NewsAutoTraderPro Software for News Trading"}]},{"@type":"WebSite","@id":"https:\/\/bjftradinggroup.com\/#website","url":"https:\/\/bjftradinggroup.com\/","name":"BJF Trading Group Inc - Software for Forex Traders","description":"FX Software pioneer since 2000","potentialAction":[{"@type":"SearchAction","target":{"@type":"EntryPoint","urlTemplate":"https:\/\/bjftradinggroup.com\/?s={search_term_string}"},"query-input":{"@type":"PropertyValueSpecification","valueRequired":true,"valueName":"search_term_string"}}],"inLanguage":"de"}]}},"_links":{"self":[{"href":"https:\/\/bjftradinggroup.com\/de\/wp-json\/wp\/v2\/product\/4219","targetHints":{"allow":["GET"]}}],"collection":[{"href":"https:\/\/bjftradinggroup.com\/de\/wp-json\/wp\/v2\/product"}],"about":[{"href":"https:\/\/bjftradinggroup.com\/de\/wp-json\/wp\/v2\/types\/product"}],"replies":[{"embeddable":true,"href":"https:\/\/bjftradinggroup.com\/de\/wp-json\/wp\/v2\/comments?post=4219"}],"wp:featuredmedia":[{"embeddable":true,"href":"https:\/\/bjftradinggroup.com\/de\/wp-json\/wp\/v2\/media\/4101"}],"wp:attachment":[{"href":"https:\/\/bjftradinggroup.com\/de\/wp-json\/wp\/v2\/media?parent=4219"}],"wp:term":[{"taxonomy":"product_brand","embeddable":true,"href":"https:\/\/bjftradinggroup.com\/de\/wp-json\/wp\/v2\/product_brand?post=4219"},{"taxonomy":"product_cat","embeddable":true,"href":"https:\/\/bjftradinggroup.com\/de\/wp-json\/wp\/v2\/product_cat?post=4219"},{"taxonomy":"product_tag","embeddable":true,"href":"https:\/\/bjftradinggroup.com\/de\/wp-json\/wp\/v2\/product_tag?post=4219"}],"curies":[{"name":"wp","href":"https:\/\/api.w.org\/{rel}","templated":true}]}}