{"id":8272,"date":"2024-12-16T14:40:01","date_gmt":"2024-12-16T14:40:01","guid":{"rendered":"https:\/\/bjftradinggroup.com\/?page_id=8272"},"modified":"2026-04-08T08:38:02","modified_gmt":"2026-04-08T08:38:02","slug":"celebrate-the-holidays-with-big-savings-festive-bonuses","status":"publish","type":"page","link":"https:\/\/bjftradinggroup.com\/de\/celebrate-the-holidays-with-big-savings-festive-bonuses\/","title":{"rendered":"Celebrate the Holidays with Big Savings &#038; Festive Bonuses!"},"content":{"rendered":"<p><\/p>\n<section class=\"holiday-offer-hero\" style=\"text-align: center; margin-bottom: 40px;\"><img decoding=\"async\" style=\"max-width: 100%; border-radius: 12px;\" src=\"https:\/\/bjftradinggroup.com\/wp-content\/uploads\/2025\/12\/powerfull-trading-tools.png\" alt=\"Holiday Trading Tools\" \/><\/section>\n<h2 style=\"text-align: center;\"><strong>HOLIDAY SPECIAL 2025\u20132026<br \/>\nWeihnachts- &amp; Neujahrsangebote f\u00fcr alle Trading-Produkte<\/strong><\/h2>\n<p style=\"text-align: center; font-size: 18px;\">Feiern Sie die Feiertage mit leistungsstarken Upgrades f\u00fcr Ihr Trading-Toolkit.<br \/>\nProfitieren Sie von zeitlich begrenzten Rabatten, exklusiven Boni und erweiterten Support-Paketen.<\/p>\n<h2 style=\"color: #c1272d; text-align: center;\"><strong>\ud83c\udf81 50 % RABATT + Exklusive Holiday-Boni<\/strong><\/h2>\n<article class=\"card pro\">\n<header>\n<h3><strong>\ud83c\udf84<\/strong> SharpTrader <strong>Pro<\/strong> Arbitrage-Plattform<\/h3>\n<div class=\"tag\">50 % RABATT<\/div>\n<\/header>\n<p class=\"lead\">Eine professionelle Arbitrage-Plattform, entwickelt f\u00fcr maximale Pr\u00e4zision, Geschwindigkeit<br \/>\nund Skalierbarkeit \u00fcber Forex, CFDs, Energien, Edelmetalle, Futures und Krypto.<\/p>\n<ul class=\"perks\">\n<li><strong>2 Pro-Lizenzen<\/strong> \u2014 Betrieb auf zwei VPS mit unbegrenzter Anzahl an Konten<\/li>\n<li><strong>Hybrid Masking Strategy<\/strong> <em>(<del>$495<\/del>)<\/em> \u2014 kostenlos enthalten.<br \/>\n<a href=\"https:\/\/bjftradinggroup.com\/product\/hybrid-masking-strategy-advanced-arbitrage-protection-for-sharptrader\/\" target=\"_blank\" rel=\"noopener\">Mehr erfahren<\/a><\/li>\n<li><strong>15 % Store-Guthaben<\/strong> f\u00fcr zuk\u00fcnftige K\u00e4ufe<\/li>\n<li><strong>AI-Optimierung<\/strong> \u2014 ein Monat kostenlos.<br \/>\n<a href=\"https:\/\/bjftradinggroup.com\/product\/ai-arbitrage-optimizer\/\" target=\"_blank\" rel=\"noopener\">Mehr erfahren<\/a><\/li>\n<li><strong>UltraFXVPS<\/strong> \u2014 <span data-teams=\"true\">25 % Rabatt-Gutschein f\u00fcr das HFT-VPS-Special<\/span><\/li>\n<li>Empfohlene Broker + kostenlose Set-Dateien f\u00fcr Broker und Prop-Firmen<\/li>\n<li><strong>Kostenloser Fast Feed<\/strong> an den Hubs London, New York und Tokio<\/li>\n<li><strong>Lifetime-Support<\/strong> \u2014 VPS-Installation &amp; Setup-Unterst\u00fctzung<\/li>\n<\/ul>\n<footer><a class=\"btn primary\" href=\"https:\/\/bjftradinggroup.com\/product\/sharptrader-forex-crypto-arbitrage\/\" target=\"_blank\" rel=\"noopener\"><br \/>\nSharpTrader Pro sichern<br \/>\n<\/a><\/footer>\n<\/article>\n<p><!-- Offer: SharpTrader Lite --><\/p>\n<article class=\"card lite\">\n<header>\n<h3><strong>\ud83c\udf84<\/strong> SharpTrader <strong>Lite<\/strong> Arbitrage-Plattform<\/h3>\n<div class=\"tag\">50 % RABATT<\/div>\n<\/header>\n<p class=\"lead\">Eine schlanke Arbitrage-L\u00f6sung mit professioneller Stabilit\u00e4t \u2014<br \/>\nideal zur Erweiterung auf zus\u00e4tzliche VPS und Konten.<\/p>\n<ul class=\"perks\">\n<li><strong>2 Lite-Lizenzen<\/strong> \u2014 Nutzung auf zwei VPS mit unbegrenzter Anzahl an Konten<\/li>\n<li><strong>10 % Store-Guthaben<\/strong> f\u00fcr zuk\u00fcnftige K\u00e4ufe<\/li>\n<li><strong>UltraFXVPS<\/strong> \u2014 <span data-teams=\"true\">25 % Rabatt-Gutschein f\u00fcr das HFT-VPS-Special<\/span><\/li>\n<li>Empfohlene Broker + Set-Dateien f\u00fcr Broker und Prop-Firmen<\/li>\n<li><strong>Kostenloser Fast Feed<\/strong> in London, New York und Tokio<\/li>\n<li><strong>Lifetime-Support<\/strong> \u2014 VPS-Installation &amp; Setup-Unterst\u00fctzung<\/li>\n<\/ul>\n<footer><a class=\"btn primary\" href=\"https:\/\/bjftradinggroup.com\/product\/sharptrader-lite\/\" target=\"_blank\" rel=\"noopener\"><br \/>\nSharpTrader Lite sichern<br \/>\n<\/a><\/footer>\n<\/article>\n<p><!-- Offer: NewsAutoTraderPro --><\/p>\n<article class=\"card news\">\n<header>\n<h3><strong>\ud83c\udf84<\/strong> NewsAutoTraderPro \u2014 Handel mit Wirtschaftsnews<\/h3>\n<div class=\"tag\">50 % RABATT<\/div>\n<\/header>\n<p class=\"lead\">Ultra-schnelle, regelbasierte Ausf\u00fchrung f\u00fcr den Handel von<br \/>\nmarktbewegenden Wirtschaftsereignissen mit Vertrauen und Konsistenz.<\/p>\n<ul class=\"perks\">\n<li><strong>2 NewsAutoTraderPro-Lizenzen<\/strong> \u2014 Betrieb auf zwei VPS mit unbegrenzter Anzahl an Konten<\/li>\n<li><strong>10 % Store-Guthaben<\/strong> f\u00fcr zuk\u00fcnftige K\u00e4ufe<\/li>\n<li><strong>UltraFXVPS<\/strong> \u2014 <span data-teams=\"true\">25 % Rabatt-Gutschein f\u00fcr das HFT-VPS-Special<\/span><\/li>\n<li>Empfohlene Broker + kostenlose Set-Dateien<\/li>\n<li><strong>Kostenloser News-Feed<\/strong><\/li>\n<li><strong>Lifetime-Support<\/strong> \u2014 VPS-Installation &amp; Setup-Unterst\u00fctzung<\/li>\n<\/ul>\n<footer><a class=\"btn primary\" href=\"https:\/\/bjftradinggroup.com\/product\/newsautotraderpro\/\" target=\"_blank\" rel=\"noopener\"><br \/>\nNewsAutoTraderPro sichern<br \/>\n<\/a><\/footer>\n<\/article>\n<div class=\"countdown-box\">\n<div><\/div>\n<div class=\"countdown-title\" style=\"text-align: center;\">\ud83c\udf84 <strong>Holiday-Angebot endet in:<\/strong><\/div>\n<\/div>\n<p style=\"text-align: center;\"><\/p>\n<p><\/p>","protected":false},"excerpt":{"rendered":"<p>HOLIDAY SPECIAL 2025\u20132026 Weihnachts- &amp; Neujahrsangebote f\u00fcr alle Trading-Produkte Feiern Sie die Feiertage mit leistungsstarken Upgrades f\u00fcr Ihr Trading-Toolkit. Profitieren Sie von zeitlich begrenzten Rabatten, exklusiven Boni und erweiterten Support-Paketen. \ud83c\udf81 50 % RABATT + Exklusive Holiday-Boni \ud83c\udf84 SharpTrader Pro Arbitrage-Plattform 50 % RABATT Eine professionelle Arbitrage-Plattform, entwickelt f\u00fcr maximale Pr\u00e4zision, Geschwindigkeit und Skalierbarkeit \u00fcber Forex, CFDs, Energien, Edelmetalle, Futures und Krypto. 2 Pro-Lizenzen \u2014 Betrieb auf zwei VPS mit unbegrenzter Anzahl an Konten Hybrid&hellip;<\/p>\n","protected":false},"author":1,"featured_media":0,"parent":0,"menu_order":0,"comment_status":"closed","ping_status":"closed","template":"friday-page.php","meta":{"_acf_changed":false,"footnotes":""},"class_list":["post-8272","page","type-page","status-publish","hentry"],"acf":[],"yoast_head":"<!-- This site is optimized with the Yoast SEO plugin v27.5 - https:\/\/yoast.com\/product\/yoast-seo-wordpress\/ -->\n<title><\/title>\n<meta name=\"robots\" content=\"index, follow, max-snippet:-1, max-image-preview:large, max-video-preview:-1\" \/>\n<link rel=\"canonical\" href=\"https:\/\/bjftradinggroup.com\/celebrate-the-holidays-with-big-savings-festive-bonuses\/\" \/>\n<meta property=\"og:locale\" content=\"de_DE\" \/>\n<meta property=\"og:type\" content=\"article\" \/>\n<meta property=\"og:title\" content=\"[:en]Celebrate the Holidays with Big Savings &amp; Festive Bonuses![:] - BJF Trading Group Inc - Software for Forex Traders\" \/>\n<meta property=\"og:description\" content=\"HOLIDAY SPECIAL 2025\u20132026 Weihnachts- &amp; Neujahrsangebote f\u00fcr alle Trading-Produkte Feiern Sie die Feiertage mit leistungsstarken Upgrades f\u00fcr Ihr Trading-Toolkit. Profitieren Sie von zeitlich begrenzten Rabatten, exklusiven Boni und erweiterten Support-Paketen. \ud83c\udf81 50 % RABATT + Exklusive Holiday-Boni \ud83c\udf84 SharpTrader Pro Arbitrage-Plattform 50 % RABATT Eine professionelle Arbitrage-Plattform, entwickelt f\u00fcr maximale Pr\u00e4zision, Geschwindigkeit und Skalierbarkeit \u00fcber Forex, CFDs, Energien, Edelmetalle, Futures und Krypto. 2 Pro-Lizenzen \u2014 Betrieb auf zwei VPS mit unbegrenzter Anzahl an Konten Hybrid&hellip;\" \/>\n<meta property=\"og:url\" content=\"https:\/\/bjftradinggroup.com\/celebrate-the-holidays-with-big-savings-festive-bonuses\/\" \/>\n<meta property=\"og:site_name\" content=\"BJF Trading Group Inc - Software for Forex Traders\" \/>\n<meta property=\"article:modified_time\" content=\"2026-04-08T08:38:02+00:00\" \/>\n<meta property=\"og:image\" content=\"https:\/\/bjftradinggroup.com\/wp-content\/uploads\/2025\/12\/powerfull-trading-tools.png\" \/>\n<meta name=\"twitter:card\" content=\"summary_large_image\" \/>\n<meta name=\"twitter:label1\" content=\"Gesch\u00e4tzte Lesezeit\" \/>\n\t<meta name=\"twitter:data1\" content=\"14\u00a0Minuten\" \/>\n<script type=\"application\/ld+json\" class=\"yoast-schema-graph\">{\"@context\":\"https:\\\/\\\/schema.org\",\"@graph\":[{\"@type\":\"WebPage\",\"@id\":\"https:\\\/\\\/bjftradinggroup.com\\\/celebrate-the-holidays-with-big-savings-festive-bonuses\\\/\",\"url\":\"https:\\\/\\\/bjftradinggroup.com\\\/celebrate-the-holidays-with-big-savings-festive-bonuses\\\/\",\"name\":\"Celebrate the Holidays with Big Savings & Festive Bonuses!\",\"isPartOf\":{\"@id\":\"https:\\\/\\\/bjftradinggroup.com\\\/#website\"},\"primaryImageOfPage\":{\"@id\":\"https:\\\/\\\/bjftradinggroup.com\\\/celebrate-the-holidays-with-big-savings-festive-bonuses\\\/#primaryimage\"},\"image\":{\"@id\":\"https:\\\/\\\/bjftradinggroup.com\\\/celebrate-the-holidays-with-big-savings-festive-bonuses\\\/#primaryimage\"},\"thumbnailUrl\":\"https:\\\/\\\/bjftradinggroup.com\\\/wp-content\\\/uploads\\\/2025\\\/12\\\/powerfull-trading-tools.png\",\"datePublished\":\"2024-12-16T14:40:01+00:00\",\"dateModified\":\"2026-04-08T08:38:02+00:00\",\"breadcrumb\":{\"@id\":\"https:\\\/\\\/bjftradinggroup.com\\\/celebrate-the-holidays-with-big-savings-festive-bonuses\\\/#breadcrumb\"},\"inLanguage\":\"de\",\"potentialAction\":[{\"@type\":\"ReadAction\",\"target\":[\"https:\\\/\\\/bjftradinggroup.com\\\/celebrate-the-holidays-with-big-savings-festive-bonuses\\\/\"]}]},{\"@type\":\"ImageObject\",\"inLanguage\":\"de\",\"@id\":\"https:\\\/\\\/bjftradinggroup.com\\\/celebrate-the-holidays-with-big-savings-festive-bonuses\\\/#primaryimage\",\"url\":\"https:\\\/\\\/bjftradinggroup.com\\\/wp-content\\\/uploads\\\/2025\\\/12\\\/powerfull-trading-tools.png\",\"contentUrl\":\"https:\\\/\\\/bjftradinggroup.com\\\/wp-content\\\/uploads\\\/2025\\\/12\\\/powerfull-trading-tools.png\"},{\"@type\":\"BreadcrumbList\",\"@id\":\"https:\\\/\\\/bjftradinggroup.com\\\/celebrate-the-holidays-with-big-savings-festive-bonuses\\\/#breadcrumb\",\"itemListElement\":[{\"@type\":\"ListItem\",\"position\":1,\"name\":\"Home\",\"item\":\"https:\\\/\\\/bjftradinggroup.com\\\/\"},{\"@type\":\"ListItem\",\"position\":2,\"name\":\"Celebrate the Holidays with Big Savings &#038; Festive Bonuses!\"}]},{\"@type\":\"WebSite\",\"@id\":\"https:\\\/\\\/bjftradinggroup.com\\\/#website\",\"url\":\"https:\\\/\\\/bjftradinggroup.com\\\/\",\"name\":\"BJF Trading Group Inc - Software for Forex Traders\",\"description\":\"FX Software pioneer since 2000\",\"potentialAction\":[{\"@type\":\"SearchAction\",\"target\":{\"@type\":\"EntryPoint\",\"urlTemplate\":\"https:\\\/\\\/bjftradinggroup.com\\\/?s={search_term_string}\"},\"query-input\":{\"@type\":\"PropertyValueSpecification\",\"valueRequired\":true,\"valueName\":\"search_term_string\"}}],\"inLanguage\":\"de\"},{\"@type\":\"Organization\",\"@id\":\"https:\\\/\\\/bjftradinggroup.com\\\/#organization\",\"name\":\"BJF Trading Group Inc.\",\"legalName\":\"BJF Trading Group Inc.\",\"url\":\"https:\\\/\\\/bjftradinggroup.com\\\/\",\"logo\":{\"@type\":\"ImageObject\",\"url\":\"https:\\\/\\\/bjftradinggroup.com\\\/wp-content\\\/uploads\\\/logo.png\",\"width\":512,\"height\":512},\"foundingDate\":\"2000\",\"founder\":{\"@id\":\"https:\\\/\\\/bjftradinggroup.com\\\/about-boris-fesenko\\\/#person\"},\"address\":{\"@type\":\"PostalAddress\",\"addressRegion\":\"Ontario\",\"addressCountry\":\"CA\"},\"contactPoint\":[{\"@type\":\"ContactPoint\",\"contactType\":\"customer support\",\"email\":\"support@bjftradinggroup.com\",\"availableLanguage\":[\"English\",\"German\",\"Japanese\",\"Korean\",\"Spanish\",\"Portuguese\",\"Arabic\",\"Indonesian\",\"Vietnamese\"]}],\"sameAs\":[\"https:\\\/\\\/www.facebook.com\\\/bjftradinggroup\",\"https:\\\/\\\/twitter.com\\\/BjfGroup\",\"https:\\\/\\\/www.youtube.com\\\/@bjftradinggroup\",\"https:\\\/\\\/t.me\\\/bjftradinggroup\",\"https:\\\/\\\/instagram.com\\\/bjftradinggroup\",\"https:\\\/\\\/www.linkedin.com\\\/company\\\/bjf-trading-group\\\/\"],\"knowsAbout\":[\"Forex arbitrage\",\"Cryptocurrency arbitrage\",\"Latency arbitrage\",\"News trading\",\"FIX API trading\",\"High-frequency trading\",\"Lock arbitrage\",\"Hedge arbitrage\",\"Pair trading\",\"Algorithmic trading software\"]}]}<\/script>\n<!-- \/ Yoast SEO plugin. -->","yoast_head_json":{"title":"[:en]Celebrate the Holidays with Big Savings & Festive Bonuses![:] - BJF Trading Group Inc - Software for Forex Traders","robots":{"index":"index","follow":"follow","max-snippet":"max-snippet:-1","max-image-preview":"max-image-preview:large","max-video-preview":"max-video-preview:-1"},"canonical":"https:\/\/bjftradinggroup.com\/celebrate-the-holidays-with-big-savings-festive-bonuses\/","og_locale":"de_DE","og_type":"article","og_title":"[:en]Celebrate the Holidays with Big Savings & Festive Bonuses![:] - BJF Trading Group Inc - Software for Forex Traders","og_description":"HOLIDAY SPECIAL 2025\u20132026 Weihnachts- &amp; Neujahrsangebote f\u00fcr alle Trading-Produkte Feiern Sie die Feiertage mit leistungsstarken Upgrades f\u00fcr Ihr Trading-Toolkit. Profitieren Sie von zeitlich begrenzten Rabatten, exklusiven Boni und erweiterten Support-Paketen. \ud83c\udf81 50 % RABATT + Exklusive Holiday-Boni \ud83c\udf84 SharpTrader Pro Arbitrage-Plattform 50 % RABATT Eine professionelle Arbitrage-Plattform, entwickelt f\u00fcr maximale Pr\u00e4zision, Geschwindigkeit und Skalierbarkeit \u00fcber Forex, CFDs, Energien, Edelmetalle, Futures und Krypto. 2 Pro-Lizenzen \u2014 Betrieb auf zwei VPS mit unbegrenzter Anzahl an Konten Hybrid&hellip;","og_url":"https:\/\/bjftradinggroup.com\/celebrate-the-holidays-with-big-savings-festive-bonuses\/","og_site_name":"BJF Trading Group Inc - Software for Forex Traders","article_modified_time":"2026-04-08T08:38:02+00:00","og_image":[{"url":"https:\/\/bjftradinggroup.com\/wp-content\/uploads\/2025\/12\/powerfull-trading-tools.png","type":"","width":"","height":""}],"twitter_card":"summary_large_image","twitter_misc":{"Gesch\u00e4tzte Lesezeit":"14\u00a0Minuten"},"schema":{"@context":"https:\/\/schema.org","@graph":[{"@type":"WebPage","@id":"https:\/\/bjftradinggroup.com\/celebrate-the-holidays-with-big-savings-festive-bonuses\/","url":"https:\/\/bjftradinggroup.com\/celebrate-the-holidays-with-big-savings-festive-bonuses\/","name":"Celebrate the Holidays with Big Savings & Festive Bonuses!","isPartOf":{"@id":"https:\/\/bjftradinggroup.com\/#website"},"primaryImageOfPage":{"@id":"https:\/\/bjftradinggroup.com\/celebrate-the-holidays-with-big-savings-festive-bonuses\/#primaryimage"},"image":{"@id":"https:\/\/bjftradinggroup.com\/celebrate-the-holidays-with-big-savings-festive-bonuses\/#primaryimage"},"thumbnailUrl":"https:\/\/bjftradinggroup.com\/wp-content\/uploads\/2025\/12\/powerfull-trading-tools.png","datePublished":"2024-12-16T14:40:01+00:00","dateModified":"2026-04-08T08:38:02+00:00","breadcrumb":{"@id":"https:\/\/bjftradinggroup.com\/celebrate-the-holidays-with-big-savings-festive-bonuses\/#breadcrumb"},"inLanguage":"de","potentialAction":[{"@type":"ReadAction","target":["https:\/\/bjftradinggroup.com\/celebrate-the-holidays-with-big-savings-festive-bonuses\/"]}]},{"@type":"ImageObject","inLanguage":"de","@id":"https:\/\/bjftradinggroup.com\/celebrate-the-holidays-with-big-savings-festive-bonuses\/#primaryimage","url":"https:\/\/bjftradinggroup.com\/wp-content\/uploads\/2025\/12\/powerfull-trading-tools.png","contentUrl":"https:\/\/bjftradinggroup.com\/wp-content\/uploads\/2025\/12\/powerfull-trading-tools.png"},{"@type":"BreadcrumbList","@id":"https:\/\/bjftradinggroup.com\/celebrate-the-holidays-with-big-savings-festive-bonuses\/#breadcrumb","itemListElement":[{"@type":"ListItem","position":1,"name":"Home","item":"https:\/\/bjftradinggroup.com\/"},{"@type":"ListItem","position":2,"name":"Celebrate the Holidays with Big Savings &#038; Festive Bonuses!"}]},{"@type":"WebSite","@id":"https:\/\/bjftradinggroup.com\/#website","url":"https:\/\/bjftradinggroup.com\/","name":"BJF Trading Group Inc - Software for Forex Traders","description":"FX Software pioneer since 2000","potentialAction":[{"@type":"SearchAction","target":{"@type":"EntryPoint","urlTemplate":"https:\/\/bjftradinggroup.com\/?s={search_term_string}"},"query-input":{"@type":"PropertyValueSpecification","valueRequired":true,"valueName":"search_term_string"}}],"inLanguage":"de"},{"@type":"Organization","@id":"https:\/\/bjftradinggroup.com\/#organization","name":"BJF Trading Group Inc.","legalName":"BJF Trading Group Inc.","url":"https:\/\/bjftradinggroup.com\/","logo":{"@type":"ImageObject","url":"https:\/\/bjftradinggroup.com\/wp-content\/uploads\/logo.png","width":512,"height":512},"foundingDate":"2000","founder":{"@id":"https:\/\/bjftradinggroup.com\/about-boris-fesenko\/#person"},"address":{"@type":"PostalAddress","addressRegion":"Ontario","addressCountry":"CA"},"contactPoint":[{"@type":"ContactPoint","contactType":"customer support","email":"support@bjftradinggroup.com","availableLanguage":["English","German","Japanese","Korean","Spanish","Portuguese","Arabic","Indonesian","Vietnamese"]}],"sameAs":["https:\/\/www.facebook.com\/bjftradinggroup","https:\/\/twitter.com\/BjfGroup","https:\/\/www.youtube.com\/@bjftradinggroup","https:\/\/t.me\/bjftradinggroup","https:\/\/instagram.com\/bjftradinggroup","https:\/\/www.linkedin.com\/company\/bjf-trading-group\/"],"knowsAbout":["Forex arbitrage","Cryptocurrency arbitrage","Latency arbitrage","News trading","FIX API trading","High-frequency trading","Lock arbitrage","Hedge arbitrage","Pair trading","Algorithmic trading software"]}]}},"_links":{"self":[{"href":"https:\/\/bjftradinggroup.com\/de\/wp-json\/wp\/v2\/pages\/8272","targetHints":{"allow":["GET"]}}],"collection":[{"href":"https:\/\/bjftradinggroup.com\/de\/wp-json\/wp\/v2\/pages"}],"about":[{"href":"https:\/\/bjftradinggroup.com\/de\/wp-json\/wp\/v2\/types\/page"}],"author":[{"embeddable":true,"href":"https:\/\/bjftradinggroup.com\/de\/wp-json\/wp\/v2\/users\/1"}],"replies":[{"embeddable":true,"href":"https:\/\/bjftradinggroup.com\/de\/wp-json\/wp\/v2\/comments?post=8272"}],"version-history":[{"count":28,"href":"https:\/\/bjftradinggroup.com\/de\/wp-json\/wp\/v2\/pages\/8272\/revisions"}],"predecessor-version":[{"id":10247,"href":"https:\/\/bjftradinggroup.com\/de\/wp-json\/wp\/v2\/pages\/8272\/revisions\/10247"}],"wp:attachment":[{"href":"https:\/\/bjftradinggroup.com\/de\/wp-json\/wp\/v2\/media?parent=8272"}],"curies":[{"name":"wp","href":"https:\/\/api.w.org\/{rel}","templated":true}]}}