{"id":10556,"date":"2026-03-18T14:53:31","date_gmt":"2026-03-18T14:53:31","guid":{"rendered":"https:\/\/bjftradinggroup.com\/?page_id=10556"},"modified":"2026-03-18T14:58:18","modified_gmt":"2026-03-18T14:58:18","slug":"is-arbitrage-dead-the-truth-about-forex-crypto-arbitrage-in-2026-full-webinar","status":"publish","type":"page","link":"https:\/\/bjftradinggroup.com\/de\/is-arbitrage-dead-the-truth-about-forex-crypto-arbitrage-in-2026-full-webinar\/","title":{"rendered":"Is Arbitrage Dead? The Truth About Forex &#038; Crypto Arbitrage in 2026 (Full Webinar)"},"content":{"rendered":"<p><\/p>\n<h3><strong>English:<\/strong> Is Arbitrage Dead? The Truth About Forex &amp; Crypto Arbitrage in 2026 (Full Webinar)<\/h3>\n<p><iframe loading=\"lazy\" title=\"Is Arbitrage Dead? The Truth About Forex &amp; Crypto Arbitrage in 2026 (Full Webinar)\" width=\"1170\" height=\"658\" src=\"https:\/\/www.youtube.com\/embed\/xdTvyxmYPE4?feature=oembed&#038;enablejsapi=1&#038;origin=https:\/\/bjftradinggroup.com\" frameborder=\"0\" allow=\"accelerometer; autoplay; clipboard-write; encrypted-media; gyroscope; picture-in-picture; web-share\" referrerpolicy=\"strict-origin-when-cross-origin\" allowfullscreen><\/iframe><\/p>\n<h3 data-section-id=\"nrb3k7\" data-start=\"1272\" data-end=\"1292\">\ud83d\ude80 Webinar Offer<\/h3>\n<p data-start=\"1294\" data-end=\"1406\">Participants of this webinar can access a <strong data-start=\"1336\" data-end=\"1366\">special limited-time offer<\/strong> for the SharpTrader arbitrage platform.<\/p>\n<p data-start=\"1408\" data-end=\"1463\">\ud83d\udc49 Learn more here <a class=\"decorated-link\" href=\"https:\/\/bjftradinggroup.com\/offer\/\" target=\"_new\" rel=\"noopener\" data-start=\"1429\" data-end=\"1463\">https:\/\/bjftradinggroup.com\/offer\/<\/a><\/p>\n<p data-start=\"1465\" data-end=\"1481\">Use coupon code:\u00a0<strong data-start=\"1483\" data-end=\"1507\">webinar2026arbitrage<\/strong><\/p>\n<hr \/>\n<h3><strong>Spanish:<\/strong> \u00bfEst\u00e1 Muerto el Arbitraje? La Verdad Sobre el Arbitraje Forex y Cripto en 2026 (Webinar Completo)<\/h3>\n<p><iframe loading=\"lazy\" title=\"\u00bfEst\u00e1 Muerto el Arbitraje? La Verdad Sobre el Arbitraje Forex y Cripto en 2026 (Webinar Completo)\" width=\"1170\" height=\"658\" src=\"https:\/\/www.youtube.com\/embed\/JmYDMI9KBDc?feature=oembed&#038;enablejsapi=1&#038;origin=https:\/\/bjftradinggroup.com\" frameborder=\"0\" allow=\"accelerometer; autoplay; clipboard-write; encrypted-media; gyroscope; picture-in-picture; web-share\" referrerpolicy=\"strict-origin-when-cross-origin\" allowfullscreen><\/iframe><\/p>\n<h3 data-section-id=\"14z0v0d\" data-start=\"1456\" data-end=\"1490\">\ud83d\ude80 Oferta especial del webinar<\/h3>\n<p data-start=\"1492\" data-end=\"1627\">Los participantes del webinar pueden acceder a una <strong data-start=\"1543\" data-end=\"1582\">oferta especial por tiempo limitado<\/strong> para la plataforma de arbitraje SharpTrader.<\/p>\n<p data-start=\"1629\" data-end=\"1689\">\ud83d\udc49 M\u00e1s informaci\u00f3n aqu\u00ed <a href=\"https:\/\/bjftradinggroup.com\/es\/offer\/\">https:\/\/bjftradinggroup.com\/es\/offer\/<\/a><\/p>\n<p data-start=\"1691\" data-end=\"1707\">C\u00f3digo de cup\u00f3n:\u00a0<strong data-start=\"1709\" data-end=\"1733\">webinar2026arbitrage<\/strong><\/p>\n<hr \/>\n<h3><strong>Japanees:<\/strong> \u30a2\u30fc\u30d3\u30c8\u30e9\u30fc\u30b8\u306f\u7d42\u308f\u3063\u305f\u306e\u304b\uff1f2026\u5e74\u306eForex\u30fb\u6697\u53f7\u8cc7\u7523\u30a2\u30fc\u30d3\u30c8\u30e9\u30fc\u30b8\u306e\u771f\u5b9f\uff08\u30d5\u30eb\u30a6\u30a7\u30d3\u30ca\u30fc\uff09<\/h3>\n<p><iframe loading=\"lazy\" title=\"\u30a2\u30fc\u30d3\u30c8\u30e9\u30fc\u30b8\u306f\u7d42\u308f\u3063\u305f\u306e\u304b\uff1f2026\u5e74\u306eForex\u30fb\u6697\u53f7\u8cc7\u7523\u30a2\u30fc\u30d3\u30c8\u30e9\u30fc\u30b8\u306e\u771f\u5b9f\uff08\u30d5\u30eb\u30a6\u30a7\u30d3\u30ca\u30fc\uff09\" width=\"1170\" height=\"658\" src=\"https:\/\/www.youtube.com\/embed\/k7Uk6q7XExw?feature=oembed&#038;enablejsapi=1&#038;origin=https:\/\/bjftradinggroup.com\" frameborder=\"0\" allow=\"accelerometer; autoplay; clipboard-write; encrypted-media; gyroscope; picture-in-picture; web-share\" referrerpolicy=\"strict-origin-when-cross-origin\" allowfullscreen><\/iframe><\/p>\n<h3 data-section-id=\"w120qf\" data-start=\"831\" data-end=\"849\">\ud83d\ude80 \u30a6\u30a7\u30d3\u30ca\u30fc\u9650\u5b9a\u30aa\u30d5\u30a1\u30fc<\/h3>\n<p data-start=\"851\" data-end=\"918\">\u30a6\u30a7\u30d3\u30ca\u30fc\u53c2\u52a0\u8005\u306f\u3001SharpTrader\u30a2\u30fc\u30d3\u30c8\u30e9\u30fc\u30b8\u30d7\u30e9\u30c3\u30c8\u30d5\u30a9\u30fc\u30e0\u306e<br data-start=\"888\" data-end=\"891\" \/><strong data-start=\"891\" data-end=\"908\">\u671f\u9593\u9650\u5b9a\u30b9\u30da\u30b7\u30e3\u30eb\u30aa\u30d5\u30a1\u30fc<\/strong>\u306b\u30a2\u30af\u30bb\u30b9\u3067\u304d\u307e\u3059\u3002<\/p>\n<p data-start=\"920\" data-end=\"966\">\ud83d\udc49 \u8a73\u7d30\u306f\u3053\u3061\u3089 <a href=\"https:\/\/bjftradinggroup.com\/ja\/offer\/\">https:\/\/bjftradinggroup.com\/ja\/offer\/<\/a><\/p>\n<p data-start=\"968\" data-end=\"976\">\u30af\u30fc\u30dd\u30f3\u30b3\u30fc\u30c9\uff1a\u00a0<strong data-start=\"978\" data-end=\"1002\">webinar2026arbitrage<\/strong><\/p>\n<hr \/>\n<h3><strong>Chinees:<\/strong> \u5957\u5229\u5df2\u7ecf\u6b7b\u4e86\u5417\uff1f2026\u5e74\u5916\u6c47\u4e0e\u52a0\u5bc6\u8d27\u5e01\u5957\u5229\u7684\u771f\u76f8\uff08\u5b8c\u6574\u7f51\u7edc\u7814\u8ba8\u4f1a\uff09<\/h3>\n<p><iframe loading=\"lazy\" title=\"\u5957\u5229\u5df2\u7ecf\u6b7b\u4e86\u5417\uff1f2026\u5e74\u5916\u6c47\u4e0e\u52a0\u5bc6\u8d27\u5e01\u5957\u5229\u7684\u771f\u76f8\uff08\u5b8c\u6574\u7f51\u7edc\u7814\u8ba8\u4f1a\uff09\" width=\"1170\" height=\"658\" src=\"https:\/\/www.youtube.com\/embed\/gX_4ZimGhDo?feature=oembed\" frameborder=\"0\" allow=\"accelerometer; autoplay; clipboard-write; encrypted-media; gyroscope; picture-in-picture; web-share\" referrerpolicy=\"strict-origin-when-cross-origin\" allowfullscreen><\/iframe><\/p>\n<p data-start=\"691\" data-end=\"735\">\ud83d\udc49 \u4e86\u89e3\u8be6\u60c5<br data-start=\"698\" data-end=\"701\" \/><a class=\"decorated-link\" href=\"https:\/\/bjftradinggroup.com\/offer\/\" target=\"_new\" rel=\"noopener\" data-start=\"701\" data-end=\"735\">https:\/\/bjftradinggroup.com\/offer\/<\/a><\/p>\n<p data-start=\"737\" data-end=\"741\">\u4f18\u60e0\u7801\uff1a<strong data-start=\"743\" data-end=\"767\">webinar2026arbitrage<\/strong><\/p>\n<p><\/p>","protected":false},"excerpt":{"rendered":"<p>English: Is Arbitrage Dead? The Truth About Forex &amp; Crypto Arbitrage in 2026 (Full Webinar) \ud83d\ude80 Webinar Offer Participants of this webinar can access a special limited-time offer for the SharpTrader arbitrage platform. \ud83d\udc49 Learn more here https:\/\/bjftradinggroup.com\/offer\/ Use coupon code:\u00a0webinar2026arbitrage Spanish: \u00bfEst\u00e1 Muerto el Arbitraje? La Verdad Sobre el Arbitraje Forex y Cripto en 2026 (Webinar Completo) \ud83d\ude80 Oferta especial del webinar Los participantes del webinar pueden acceder a una oferta especial por tiempo&hellip;<\/p>\n","protected":false},"author":1,"featured_media":0,"parent":0,"menu_order":0,"comment_status":"closed","ping_status":"closed","template":"","meta":{"_acf_changed":false,"footnotes":""},"class_list":["post-10556","page","type-page","status-publish","hentry"],"acf":[],"yoast_head":"<!-- This site is optimized with the Yoast SEO plugin v27.4 - https:\/\/yoast.com\/product\/yoast-seo-wordpress\/ -->\n<title><\/title>\n<meta name=\"robots\" content=\"index, follow, max-snippet:-1, max-image-preview:large, max-video-preview:-1\" \/>\n<link rel=\"canonical\" href=\"https:\/\/bjftradinggroup.com\/is-arbitrage-dead-the-truth-about-forex-crypto-arbitrage-in-2026-full-webinar\/\" \/>\n<meta property=\"og:locale\" content=\"de_DE\" \/>\n<meta property=\"og:type\" content=\"article\" \/>\n<meta property=\"og:title\" content=\"[:en]Is Arbitrage Dead? The Truth About Forex &amp; Crypto Arbitrage in 2026 (Full Webinar)[:ja]\u30a2\u30fc\u30d3\u30c8\u30e9\u30fc\u30b8\u306f\u7d42\u308f\u3063\u305f\u306e\u304b\uff1f2026\u5e74\u306eForex\u30fb\u6697\u53f7\u8cc7\u7523\u30a2\u30fc\u30d3\u30c8\u30e9\u30fc\u30b8\u306e\u771f\u5b9f\uff08\u30d5\u30eb\u30a6\u30a7\u30d3\u30ca\u30fc\uff09[:es]\u00bfEst\u00e1 Muerto el Arbitraje? La Verdad Sobre el Arbitraje Forex y Cripto en 2026 (Webinar Completo)[:] - BJF Trading Group Inc - Software for Forex Traders\" \/>\n<meta property=\"og:description\" content=\"English: Is Arbitrage Dead? The Truth About Forex &amp; Crypto Arbitrage in 2026 (Full Webinar) \ud83d\ude80 Webinar Offer Participants of this webinar can access a special limited-time offer for the SharpTrader arbitrage platform. \ud83d\udc49 Learn more here https:\/\/bjftradinggroup.com\/offer\/ Use coupon code:\u00a0webinar2026arbitrage Spanish: \u00bfEst\u00e1 Muerto el Arbitraje? La Verdad Sobre el Arbitraje Forex y Cripto en 2026 (Webinar Completo) \ud83d\ude80 Oferta especial del webinar Los participantes del webinar pueden acceder a una oferta especial por tiempo&hellip;\" \/>\n<meta property=\"og:url\" content=\"https:\/\/bjftradinggroup.com\/is-arbitrage-dead-the-truth-about-forex-crypto-arbitrage-in-2026-full-webinar\/\" \/>\n<meta property=\"og:site_name\" content=\"BJF Trading Group Inc - Software for Forex Traders\" \/>\n<meta property=\"article:modified_time\" content=\"2026-03-18T14:58:18+00:00\" \/>\n<meta name=\"twitter:card\" content=\"summary_large_image\" \/>\n<meta name=\"twitter:label1\" content=\"Gesch\u00e4tzte Lesezeit\" \/>\n\t<meta name=\"twitter:data1\" content=\"1\u00a0Minute\" \/>\n<script type=\"application\/ld+json\" class=\"yoast-schema-graph\">{\"@context\":\"https:\\\/\\\/schema.org\",\"@graph\":[{\"@type\":\"WebPage\",\"@id\":\"https:\\\/\\\/bjftradinggroup.com\\\/is-arbitrage-dead-the-truth-about-forex-crypto-arbitrage-in-2026-full-webinar\\\/\",\"url\":\"https:\\\/\\\/bjftradinggroup.com\\\/is-arbitrage-dead-the-truth-about-forex-crypto-arbitrage-in-2026-full-webinar\\\/\",\"name\":\"[:en]Is Arbitrage Dead? The Truth About Forex & Crypto Arbitrage in 2026 (Full Webinar)[:ja]\u30a2\u30fc\u30d3\u30c8\u30e9\u30fc\u30b8\u306f\u7d42\u308f\u3063\u305f\u306e\u304b\uff1f2026\u5e74\u306eForex\u30fb\u6697\u53f7\u8cc7\u7523\u30a2\u30fc\u30d3\u30c8\u30e9\u30fc\u30b8\u306e\u771f\u5b9f\uff08\u30d5\u30eb\u30a6\u30a7\u30d3\u30ca\u30fc\uff09[:es]\u00bfEst\u00e1 Muerto el Arbitraje? La Verdad Sobre el Arbitraje Forex y Cripto en 2026 (Webinar Completo)[:] - BJF Trading Group Inc - Software for Forex Traders\",\"isPartOf\":{\"@id\":\"https:\\\/\\\/bjftradinggroup.com\\\/#website\"},\"datePublished\":\"2026-03-18T14:53:31+00:00\",\"dateModified\":\"2026-03-18T14:58:18+00:00\",\"breadcrumb\":{\"@id\":\"https:\\\/\\\/bjftradinggroup.com\\\/is-arbitrage-dead-the-truth-about-forex-crypto-arbitrage-in-2026-full-webinar\\\/#breadcrumb\"},\"inLanguage\":\"de\",\"potentialAction\":[{\"@type\":\"ReadAction\",\"target\":[\"https:\\\/\\\/bjftradinggroup.com\\\/is-arbitrage-dead-the-truth-about-forex-crypto-arbitrage-in-2026-full-webinar\\\/\"]}]},{\"@type\":\"BreadcrumbList\",\"@id\":\"https:\\\/\\\/bjftradinggroup.com\\\/is-arbitrage-dead-the-truth-about-forex-crypto-arbitrage-in-2026-full-webinar\\\/#breadcrumb\",\"itemListElement\":[{\"@type\":\"ListItem\",\"position\":1,\"name\":\"Home\",\"item\":\"https:\\\/\\\/bjftradinggroup.com\\\/\"},{\"@type\":\"ListItem\",\"position\":2,\"name\":\"Is Arbitrage Dead? The Truth About Forex &#038; Crypto Arbitrage in 2026 (Full Webinar)\"}]},{\"@type\":\"WebSite\",\"@id\":\"https:\\\/\\\/bjftradinggroup.com\\\/#website\",\"url\":\"https:\\\/\\\/bjftradinggroup.com\\\/\",\"name\":\"BJF Trading Group Inc - Software for Forex Traders\",\"description\":\"FX Software pioneer since 2000\",\"potentialAction\":[{\"@type\":\"SearchAction\",\"target\":{\"@type\":\"EntryPoint\",\"urlTemplate\":\"https:\\\/\\\/bjftradinggroup.com\\\/?s={search_term_string}\"},\"query-input\":{\"@type\":\"PropertyValueSpecification\",\"valueRequired\":true,\"valueName\":\"search_term_string\"}}],\"inLanguage\":\"de\"}]}<\/script>\n<!-- \/ Yoast SEO plugin. -->","yoast_head_json":{"title":"[:en]Is Arbitrage Dead? The Truth About Forex & Crypto Arbitrage in 2026 (Full Webinar)[:ja]\u30a2\u30fc\u30d3\u30c8\u30e9\u30fc\u30b8\u306f\u7d42\u308f\u3063\u305f\u306e\u304b\uff1f2026\u5e74\u306eForex\u30fb\u6697\u53f7\u8cc7\u7523\u30a2\u30fc\u30d3\u30c8\u30e9\u30fc\u30b8\u306e\u771f\u5b9f\uff08\u30d5\u30eb\u30a6\u30a7\u30d3\u30ca\u30fc\uff09[:es]\u00bfEst\u00e1 Muerto el Arbitraje? La Verdad Sobre el Arbitraje Forex y Cripto en 2026 (Webinar Completo)[:] - BJF Trading Group Inc - Software for Forex Traders","robots":{"index":"index","follow":"follow","max-snippet":"max-snippet:-1","max-image-preview":"max-image-preview:large","max-video-preview":"max-video-preview:-1"},"canonical":"https:\/\/bjftradinggroup.com\/is-arbitrage-dead-the-truth-about-forex-crypto-arbitrage-in-2026-full-webinar\/","og_locale":"de_DE","og_type":"article","og_title":"[:en]Is Arbitrage Dead? The Truth About Forex & Crypto Arbitrage in 2026 (Full Webinar)[:ja]\u30a2\u30fc\u30d3\u30c8\u30e9\u30fc\u30b8\u306f\u7d42\u308f\u3063\u305f\u306e\u304b\uff1f2026\u5e74\u306eForex\u30fb\u6697\u53f7\u8cc7\u7523\u30a2\u30fc\u30d3\u30c8\u30e9\u30fc\u30b8\u306e\u771f\u5b9f\uff08\u30d5\u30eb\u30a6\u30a7\u30d3\u30ca\u30fc\uff09[:es]\u00bfEst\u00e1 Muerto el Arbitraje? La Verdad Sobre el Arbitraje Forex y Cripto en 2026 (Webinar Completo)[:] - BJF Trading Group Inc - Software for Forex Traders","og_description":"English: Is Arbitrage Dead? The Truth About Forex &amp; Crypto Arbitrage in 2026 (Full Webinar) \ud83d\ude80 Webinar Offer Participants of this webinar can access a special limited-time offer for the SharpTrader arbitrage platform. \ud83d\udc49 Learn more here https:\/\/bjftradinggroup.com\/offer\/ Use coupon code:\u00a0webinar2026arbitrage Spanish: \u00bfEst\u00e1 Muerto el Arbitraje? La Verdad Sobre el Arbitraje Forex y Cripto en 2026 (Webinar Completo) \ud83d\ude80 Oferta especial del webinar Los participantes del webinar pueden acceder a una oferta especial por tiempo&hellip;","og_url":"https:\/\/bjftradinggroup.com\/is-arbitrage-dead-the-truth-about-forex-crypto-arbitrage-in-2026-full-webinar\/","og_site_name":"BJF Trading Group Inc - Software for Forex Traders","article_modified_time":"2026-03-18T14:58:18+00:00","twitter_card":"summary_large_image","twitter_misc":{"Gesch\u00e4tzte Lesezeit":"1\u00a0Minute"},"schema":{"@context":"https:\/\/schema.org","@graph":[{"@type":"WebPage","@id":"https:\/\/bjftradinggroup.com\/is-arbitrage-dead-the-truth-about-forex-crypto-arbitrage-in-2026-full-webinar\/","url":"https:\/\/bjftradinggroup.com\/is-arbitrage-dead-the-truth-about-forex-crypto-arbitrage-in-2026-full-webinar\/","name":"[:en]Is Arbitrage Dead? The Truth About Forex & Crypto Arbitrage in 2026 (Full Webinar)[:ja]\u30a2\u30fc\u30d3\u30c8\u30e9\u30fc\u30b8\u306f\u7d42\u308f\u3063\u305f\u306e\u304b\uff1f2026\u5e74\u306eForex\u30fb\u6697\u53f7\u8cc7\u7523\u30a2\u30fc\u30d3\u30c8\u30e9\u30fc\u30b8\u306e\u771f\u5b9f\uff08\u30d5\u30eb\u30a6\u30a7\u30d3\u30ca\u30fc\uff09[:es]\u00bfEst\u00e1 Muerto el Arbitraje? La Verdad Sobre el Arbitraje Forex y Cripto en 2026 (Webinar Completo)[:] - BJF Trading Group Inc - Software for Forex Traders","isPartOf":{"@id":"https:\/\/bjftradinggroup.com\/#website"},"datePublished":"2026-03-18T14:53:31+00:00","dateModified":"2026-03-18T14:58:18+00:00","breadcrumb":{"@id":"https:\/\/bjftradinggroup.com\/is-arbitrage-dead-the-truth-about-forex-crypto-arbitrage-in-2026-full-webinar\/#breadcrumb"},"inLanguage":"de","potentialAction":[{"@type":"ReadAction","target":["https:\/\/bjftradinggroup.com\/is-arbitrage-dead-the-truth-about-forex-crypto-arbitrage-in-2026-full-webinar\/"]}]},{"@type":"BreadcrumbList","@id":"https:\/\/bjftradinggroup.com\/is-arbitrage-dead-the-truth-about-forex-crypto-arbitrage-in-2026-full-webinar\/#breadcrumb","itemListElement":[{"@type":"ListItem","position":1,"name":"Home","item":"https:\/\/bjftradinggroup.com\/"},{"@type":"ListItem","position":2,"name":"Is Arbitrage Dead? The Truth About Forex &#038; Crypto Arbitrage in 2026 (Full Webinar)"}]},{"@type":"WebSite","@id":"https:\/\/bjftradinggroup.com\/#website","url":"https:\/\/bjftradinggroup.com\/","name":"BJF Trading Group Inc - Software for Forex Traders","description":"FX Software pioneer since 2000","potentialAction":[{"@type":"SearchAction","target":{"@type":"EntryPoint","urlTemplate":"https:\/\/bjftradinggroup.com\/?s={search_term_string}"},"query-input":{"@type":"PropertyValueSpecification","valueRequired":true,"valueName":"search_term_string"}}],"inLanguage":"de"}]}},"_links":{"self":[{"href":"https:\/\/bjftradinggroup.com\/de\/wp-json\/wp\/v2\/pages\/10556","targetHints":{"allow":["GET"]}}],"collection":[{"href":"https:\/\/bjftradinggroup.com\/de\/wp-json\/wp\/v2\/pages"}],"about":[{"href":"https:\/\/bjftradinggroup.com\/de\/wp-json\/wp\/v2\/types\/page"}],"author":[{"embeddable":true,"href":"https:\/\/bjftradinggroup.com\/de\/wp-json\/wp\/v2\/users\/1"}],"replies":[{"embeddable":true,"href":"https:\/\/bjftradinggroup.com\/de\/wp-json\/wp\/v2\/comments?post=10556"}],"version-history":[{"count":2,"href":"https:\/\/bjftradinggroup.com\/de\/wp-json\/wp\/v2\/pages\/10556\/revisions"}],"predecessor-version":[{"id":10562,"href":"https:\/\/bjftradinggroup.com\/de\/wp-json\/wp\/v2\/pages\/10556\/revisions\/10562"}],"wp:attachment":[{"href":"https:\/\/bjftradinggroup.com\/de\/wp-json\/wp\/v2\/media?parent=10556"}],"curies":[{"name":"wp","href":"https:\/\/api.w.org\/{rel}","templated":true}]}}