{"id":10541,"date":"2026-03-13T15:01:45","date_gmt":"2026-03-13T15:01:45","guid":{"rendered":"https:\/\/bjftradinggroup.com\/?page_id=10541"},"modified":"2026-03-23T14:23:48","modified_gmt":"2026-03-23T14:23:48","slug":"offer","status":"publish","type":"page","link":"https:\/\/bjftradinggroup.com\/de\/offer\/","title":{"rendered":"Offer After Webinar Arbitrage in 2026"},"content":{"rendered":"<p><\/p>\n<h2 style=\"text-align: center;\"><strong>WEBINAR-SONDERANGEBOT \u2013 Exklusiver Zugang f\u00fcr Webinarteilnehmer<\/strong><\/h2>\n<p style=\"text-align: center; font-size: 18px;\">\nVielen Dank f\u00fcr Ihre Teilnahme am Webinar. Um Ihnen beim Aufbau Ihrer eigenen Arbitrage-Infrastruktur zu helfen, haben wir ein spezielles zeitlich begrenztes Angebot vorbereitet, das ausschlie\u00dflich f\u00fcr Webinarteilnehmer verf\u00fcgbar ist. Profitieren Sie von exklusiven Rabatten, Boni und erweiterten Support-Paketen.\n<\/p>\n<h2 style=\"color: #c1272d; text-align: center;\"><strong>\ud83c\udf81 50 % RABATT + Exklusive Webinar-Boni<\/strong><\/h2>\n<article class=\"card pro\">\n<header>\n<h3><strong>\ud83d\ude80<\/strong>SharpTrader <strong>Pro<\/strong> Arbitrage-Plattform<\/h3>\n<div class=\"tag\">50 % RABATT<\/div>\n<\/header>\n<p class=\"lead\">\nEin professionelles Arbitrage-Terminal, entwickelt f\u00fcr Pr\u00e4zision, Geschwindigkeit und Skalierbarkeit \u00fcber Forex, CFDs, Energien, Edelmetalle, Futures und Kryptow\u00e4hrungen hinweg.\n<\/p>\n<ul class=\"perks\">\n<li><strong>SharpTrader Pro \u2013 2 Lizenzen<\/strong> \u2014 Betrieb auf zwei VPS-Servern mit unbegrenzten Konten<\/li>\n<li><strong>Hybrid Masking Strategy<\/strong> <em>(<del>$495<\/del>)<\/em> \u2014 kostenlos enthalten.<br \/>\n<a href=\"https:\/\/bjftradinggroup.com\/product\/hybrid-masking-strategy-advanced-arbitrage-protection-for-sharptrader\/\" target=\"_blank\" rel=\"noopener\">Mehr erfahren<\/a><\/li>\n<li><strong>15 % Store-Guthaben<\/strong> f\u00fcr zuk\u00fcnftige Eink\u00e4ufe<\/li>\n<li><strong>AI Optimization<\/strong> \u2014 ein Monat kostenlos.<br \/>\n<a href=\"https:\/\/bjftradinggroup.com\/product\/ai-arbitrage-optimizer\/\" target=\"_blank\" rel=\"noopener\">Mehr erfahren<\/a><\/li>\n<li><strong>UltraFXVPS<\/strong> \u2014 <span data-teams=\"true\">25 % Rabattcoupon f\u00fcr das HFT VPS Special<\/span><\/li>\n<li>Empfohlene Broker + kostenlose Set-Dateien f\u00fcr Broker und Prop-Firmen<\/li>\n<li><strong>Kostenloser Fast Feed<\/strong> an den Hubs in London, New York und Tokio<\/li>\n<li><strong>Lifetime Support<\/strong> \u2014 Unterst\u00fctzung bei VPS-Installation und Einrichtung<\/li>\n<\/ul>\n<h3 style=\"text-align: center;\">\n<a href=\"https:\/\/bjftradinggroup.com\/product\/sharptrader-forex-crypto-arbitrage\/\">Klicken Sie hier, um die SharpTrader Pro Startseite zu \u00f6ffnen<\/a>, w\u00e4hlen Sie Strategien aus, legen Sie sie in den Warenkorb und verwenden Sie den Gutscheincode: <strong>webinar2026arbitrage<\/strong><br \/>\n<\/h3>\n<\/article>\n<article class=\"card pro\">\n<img loading=\"lazy\" decoding=\"async\" class=\"alignnone size-large wp-image-10550\" src=\"https:\/\/bjftradinggroup.com\/wp-content\/uploads\/2026\/03\/couponcode-1024x192.png\" alt=\"\" width=\"1024\" height=\"192\" srcset=\"https:\/\/bjftradinggroup.com\/wp-content\/uploads\/2026\/03\/couponcode-1024x192.png 1024w, https:\/\/bjftradinggroup.com\/wp-content\/uploads\/2026\/03\/couponcode-300x56.png 300w, https:\/\/bjftradinggroup.com\/wp-content\/uploads\/2026\/03\/couponcode-768x144.png 768w, https:\/\/bjftradinggroup.com\/wp-content\/uploads\/2026\/03\/couponcode-680x128.png 680w, https:\/\/bjftradinggroup.com\/wp-content\/uploads\/2026\/03\/couponcode.png 1226w\" sizes=\"auto, (max-width: 1024px) 100vw, 1024px\" \/><\/p>\n<hr \/>\n<\/article>\n<p><!-- Offer: SharpTrader Lite --><\/p>\n<article class=\"card lite\">\n<header>\n<h3><strong>\ud83d\ude80<\/strong>SharpTrader <strong>Lite<\/strong> Arbitrage-Plattform<\/h3>\n<div class=\"tag\">50 % RABATT<\/div>\n<\/header>\n<p class=\"lead\">\nEine optimierte Arbitrage-L\u00f6sung mit Stabilit\u00e4t auf Pro-Niveau \u2014 ideal zur Erweiterung auf zus\u00e4tzliche VPS-Server und Konten.\n<\/p>\n<ul class=\"perks\">\n<li><strong>SharpTrader Lite \u2013 Lizenzen<\/strong> \u2014 Nutzung auf zwei VPS-Servern mit unbegrenzten Konten<\/li>\n<li><strong>10 % Store-Guthaben<\/strong> f\u00fcr zuk\u00fcnftige Eink\u00e4ufe<\/li>\n<li><strong>UltraFXVPS<\/strong> \u2014 <span data-teams=\"true\">25 % Rabattcoupon f\u00fcr das HFT VPS Special<\/span><\/li>\n<li>Empfohlene Broker + Set-Dateien f\u00fcr Broker und Prop-Firmen<\/li>\n<li><strong>Kostenloser Fast Feed<\/strong> an den Hubs in London, New York und Tokio<\/li>\n<li><strong>Lifetime Support<\/strong> \u2014 Unterst\u00fctzung bei VPS-Installation und Einrichtung<\/li>\n<\/ul>\n<h3 style=\"text-align: center;\">\n<a href=\"https:\/\/bjftradinggroup.com\/product\/sharptrader-lite\/\">Klicken Sie hier, um die SharpTrader Lite Startseite zu \u00f6ffnen<\/a>, w\u00e4hlen Sie Strategien aus, legen Sie sie in den Warenkorb und verwenden Sie den Gutscheincode: <strong>webinar2026arbitrage<\/strong><br \/>\n<\/h3>\n<\/article>\n<div class=\"countdown-box\">\n<div class=\"countdown-title\" style=\"text-align: center;\">\u23f3 Dieses Webinar-Angebot ist nur f\u00fcr begrenzte Zeit verf\u00fcgbar<\/div>\n<\/div>\n<p><\/p>","protected":false},"excerpt":{"rendered":"<p>WEBINAR-SONDERANGEBOT \u2013 Exklusiver Zugang f\u00fcr Webinarteilnehmer Vielen Dank f\u00fcr Ihre Teilnahme am Webinar. Um Ihnen beim Aufbau Ihrer eigenen Arbitrage-Infrastruktur zu helfen, haben wir ein spezielles zeitlich begrenztes Angebot vorbereitet, das ausschlie\u00dflich f\u00fcr Webinarteilnehmer verf\u00fcgbar ist. Profitieren Sie von exklusiven Rabatten, Boni und erweiterten Support-Paketen. \ud83c\udf81 50 % RABATT + Exklusive Webinar-Boni \ud83d\ude80SharpTrader Pro Arbitrage-Plattform 50 % RABATT Ein professionelles Arbitrage-Terminal, entwickelt f\u00fcr Pr\u00e4zision, Geschwindigkeit und Skalierbarkeit \u00fcber Forex, CFDs, Energien, Edelmetalle, Futures und Kryptow\u00e4hrungen&hellip;<\/p>\n","protected":false},"author":1,"featured_media":0,"parent":0,"menu_order":0,"comment_status":"closed","ping_status":"closed","template":"","meta":{"_acf_changed":false,"footnotes":""},"class_list":["post-10541","page","type-page","status-publish","hentry"],"acf":[],"yoast_head":"<!-- This site is optimized with the Yoast SEO plugin v27.3 - https:\/\/yoast.com\/product\/yoast-seo-wordpress\/ -->\n<title><\/title>\n<meta name=\"robots\" content=\"index, follow, max-snippet:-1, max-image-preview:large, max-video-preview:-1\" \/>\n<link rel=\"canonical\" href=\"https:\/\/bjftradinggroup.com\/offer\/\" \/>\n<meta property=\"og:locale\" content=\"de_DE\" \/>\n<meta property=\"og:type\" content=\"article\" \/>\n<meta property=\"og:title\" content=\"[:en]Offer After Webinar Arbitrage in 2026[:] - BJF Trading Group Inc - Software for Forex Traders\" \/>\n<meta property=\"og:description\" content=\"WEBINAR-SONDERANGEBOT \u2013 Exklusiver Zugang f\u00fcr Webinarteilnehmer Vielen Dank f\u00fcr Ihre Teilnahme am Webinar. Um Ihnen beim Aufbau Ihrer eigenen Arbitrage-Infrastruktur zu helfen, haben wir ein spezielles zeitlich begrenztes Angebot vorbereitet, das ausschlie\u00dflich f\u00fcr Webinarteilnehmer verf\u00fcgbar ist. Profitieren Sie von exklusiven Rabatten, Boni und erweiterten Support-Paketen. \ud83c\udf81 50 % RABATT + Exklusive Webinar-Boni \ud83d\ude80SharpTrader Pro Arbitrage-Plattform 50 % RABATT Ein professionelles Arbitrage-Terminal, entwickelt f\u00fcr Pr\u00e4zision, Geschwindigkeit und Skalierbarkeit \u00fcber Forex, CFDs, Energien, Edelmetalle, Futures und Kryptow\u00e4hrungen&hellip;\" \/>\n<meta property=\"og:url\" content=\"https:\/\/bjftradinggroup.com\/offer\/\" \/>\n<meta property=\"og:site_name\" content=\"BJF Trading Group Inc - Software for Forex Traders\" \/>\n<meta property=\"article:modified_time\" content=\"2026-03-23T14:23:48+00:00\" \/>\n<meta property=\"og:image\" content=\"https:\/\/bjftradinggroup.com\/wp-content\/uploads\/2026\/03\/couponcode.png\" \/>\n\t<meta property=\"og:image:width\" content=\"1226\" \/>\n\t<meta property=\"og:image:height\" content=\"230\" \/>\n\t<meta property=\"og:image:type\" content=\"image\/png\" \/>\n<meta name=\"twitter:card\" content=\"summary_large_image\" \/>\n<meta name=\"twitter:label1\" content=\"Gesch\u00e4tzte Lesezeit\" \/>\n\t<meta name=\"twitter:data1\" content=\"1\u00a0Minute\" \/>\n<script type=\"application\/ld+json\" class=\"yoast-schema-graph\">{\"@context\":\"https:\\\/\\\/schema.org\",\"@graph\":[{\"@type\":\"WebPage\",\"@id\":\"https:\\\/\\\/bjftradinggroup.com\\\/offer\\\/\",\"url\":\"https:\\\/\\\/bjftradinggroup.com\\\/offer\\\/\",\"name\":\"[:en]Offer After Webinar Arbitrage in 2026[:] - BJF Trading Group Inc - Software for Forex Traders\",\"isPartOf\":{\"@id\":\"https:\\\/\\\/bjftradinggroup.com\\\/#website\"},\"primaryImageOfPage\":{\"@id\":\"https:\\\/\\\/bjftradinggroup.com\\\/offer\\\/#primaryimage\"},\"image\":{\"@id\":\"https:\\\/\\\/bjftradinggroup.com\\\/offer\\\/#primaryimage\"},\"thumbnailUrl\":\"https:\\\/\\\/bjftradinggroup.com\\\/wp-content\\\/uploads\\\/2026\\\/03\\\/couponcode-1024x192.png\",\"datePublished\":\"2026-03-13T15:01:45+00:00\",\"dateModified\":\"2026-03-23T14:23:48+00:00\",\"breadcrumb\":{\"@id\":\"https:\\\/\\\/bjftradinggroup.com\\\/offer\\\/#breadcrumb\"},\"inLanguage\":\"de\",\"potentialAction\":[{\"@type\":\"ReadAction\",\"target\":[\"https:\\\/\\\/bjftradinggroup.com\\\/offer\\\/\"]}]},{\"@type\":\"ImageObject\",\"inLanguage\":\"de\",\"@id\":\"https:\\\/\\\/bjftradinggroup.com\\\/offer\\\/#primaryimage\",\"url\":\"https:\\\/\\\/bjftradinggroup.com\\\/wp-content\\\/uploads\\\/2026\\\/03\\\/couponcode-1024x192.png\",\"contentUrl\":\"https:\\\/\\\/bjftradinggroup.com\\\/wp-content\\\/uploads\\\/2026\\\/03\\\/couponcode-1024x192.png\"},{\"@type\":\"BreadcrumbList\",\"@id\":\"https:\\\/\\\/bjftradinggroup.com\\\/offer\\\/#breadcrumb\",\"itemListElement\":[{\"@type\":\"ListItem\",\"position\":1,\"name\":\"Home\",\"item\":\"https:\\\/\\\/bjftradinggroup.com\\\/\"},{\"@type\":\"ListItem\",\"position\":2,\"name\":\"Offer After Webinar Arbitrage in 2026\"}]},{\"@type\":\"WebSite\",\"@id\":\"https:\\\/\\\/bjftradinggroup.com\\\/#website\",\"url\":\"https:\\\/\\\/bjftradinggroup.com\\\/\",\"name\":\"BJF Trading Group Inc - Software for Forex Traders\",\"description\":\"FX Software pioneer since 2000\",\"potentialAction\":[{\"@type\":\"SearchAction\",\"target\":{\"@type\":\"EntryPoint\",\"urlTemplate\":\"https:\\\/\\\/bjftradinggroup.com\\\/?s={search_term_string}\"},\"query-input\":{\"@type\":\"PropertyValueSpecification\",\"valueRequired\":true,\"valueName\":\"search_term_string\"}}],\"inLanguage\":\"de\"}]}<\/script>\n<!-- \/ Yoast SEO plugin. -->","yoast_head_json":{"title":"[:en]Offer After Webinar Arbitrage in 2026[:] - BJF Trading Group Inc - Software for Forex Traders","robots":{"index":"index","follow":"follow","max-snippet":"max-snippet:-1","max-image-preview":"max-image-preview:large","max-video-preview":"max-video-preview:-1"},"canonical":"https:\/\/bjftradinggroup.com\/offer\/","og_locale":"de_DE","og_type":"article","og_title":"[:en]Offer After Webinar Arbitrage in 2026[:] - BJF Trading Group Inc - Software for Forex Traders","og_description":"WEBINAR-SONDERANGEBOT \u2013 Exklusiver Zugang f\u00fcr Webinarteilnehmer Vielen Dank f\u00fcr Ihre Teilnahme am Webinar. Um Ihnen beim Aufbau Ihrer eigenen Arbitrage-Infrastruktur zu helfen, haben wir ein spezielles zeitlich begrenztes Angebot vorbereitet, das ausschlie\u00dflich f\u00fcr Webinarteilnehmer verf\u00fcgbar ist. Profitieren Sie von exklusiven Rabatten, Boni und erweiterten Support-Paketen. \ud83c\udf81 50 % RABATT + Exklusive Webinar-Boni \ud83d\ude80SharpTrader Pro Arbitrage-Plattform 50 % RABATT Ein professionelles Arbitrage-Terminal, entwickelt f\u00fcr Pr\u00e4zision, Geschwindigkeit und Skalierbarkeit \u00fcber Forex, CFDs, Energien, Edelmetalle, Futures und Kryptow\u00e4hrungen&hellip;","og_url":"https:\/\/bjftradinggroup.com\/offer\/","og_site_name":"BJF Trading Group Inc - Software for Forex Traders","article_modified_time":"2026-03-23T14:23:48+00:00","og_image":[{"width":1226,"height":230,"url":"https:\/\/bjftradinggroup.com\/wp-content\/uploads\/2026\/03\/couponcode.png","type":"image\/png"}],"twitter_card":"summary_large_image","twitter_misc":{"Gesch\u00e4tzte Lesezeit":"1\u00a0Minute"},"schema":{"@context":"https:\/\/schema.org","@graph":[{"@type":"WebPage","@id":"https:\/\/bjftradinggroup.com\/offer\/","url":"https:\/\/bjftradinggroup.com\/offer\/","name":"[:en]Offer After Webinar Arbitrage in 2026[:] - BJF Trading Group Inc - Software for Forex Traders","isPartOf":{"@id":"https:\/\/bjftradinggroup.com\/#website"},"primaryImageOfPage":{"@id":"https:\/\/bjftradinggroup.com\/offer\/#primaryimage"},"image":{"@id":"https:\/\/bjftradinggroup.com\/offer\/#primaryimage"},"thumbnailUrl":"https:\/\/bjftradinggroup.com\/wp-content\/uploads\/2026\/03\/couponcode-1024x192.png","datePublished":"2026-03-13T15:01:45+00:00","dateModified":"2026-03-23T14:23:48+00:00","breadcrumb":{"@id":"https:\/\/bjftradinggroup.com\/offer\/#breadcrumb"},"inLanguage":"de","potentialAction":[{"@type":"ReadAction","target":["https:\/\/bjftradinggroup.com\/offer\/"]}]},{"@type":"ImageObject","inLanguage":"de","@id":"https:\/\/bjftradinggroup.com\/offer\/#primaryimage","url":"https:\/\/bjftradinggroup.com\/wp-content\/uploads\/2026\/03\/couponcode-1024x192.png","contentUrl":"https:\/\/bjftradinggroup.com\/wp-content\/uploads\/2026\/03\/couponcode-1024x192.png"},{"@type":"BreadcrumbList","@id":"https:\/\/bjftradinggroup.com\/offer\/#breadcrumb","itemListElement":[{"@type":"ListItem","position":1,"name":"Home","item":"https:\/\/bjftradinggroup.com\/"},{"@type":"ListItem","position":2,"name":"Offer After Webinar Arbitrage in 2026"}]},{"@type":"WebSite","@id":"https:\/\/bjftradinggroup.com\/#website","url":"https:\/\/bjftradinggroup.com\/","name":"BJF Trading Group Inc - Software for Forex Traders","description":"FX Software pioneer since 2000","potentialAction":[{"@type":"SearchAction","target":{"@type":"EntryPoint","urlTemplate":"https:\/\/bjftradinggroup.com\/?s={search_term_string}"},"query-input":{"@type":"PropertyValueSpecification","valueRequired":true,"valueName":"search_term_string"}}],"inLanguage":"de"}]}},"_links":{"self":[{"href":"https:\/\/bjftradinggroup.com\/de\/wp-json\/wp\/v2\/pages\/10541","targetHints":{"allow":["GET"]}}],"collection":[{"href":"https:\/\/bjftradinggroup.com\/de\/wp-json\/wp\/v2\/pages"}],"about":[{"href":"https:\/\/bjftradinggroup.com\/de\/wp-json\/wp\/v2\/types\/page"}],"author":[{"embeddable":true,"href":"https:\/\/bjftradinggroup.com\/de\/wp-json\/wp\/v2\/users\/1"}],"replies":[{"embeddable":true,"href":"https:\/\/bjftradinggroup.com\/de\/wp-json\/wp\/v2\/comments?post=10541"}],"version-history":[{"count":12,"href":"https:\/\/bjftradinggroup.com\/de\/wp-json\/wp\/v2\/pages\/10541\/revisions"}],"predecessor-version":[{"id":10575,"href":"https:\/\/bjftradinggroup.com\/de\/wp-json\/wp\/v2\/pages\/10541\/revisions\/10575"}],"wp:attachment":[{"href":"https:\/\/bjftradinggroup.com\/de\/wp-json\/wp\/v2\/media?parent=10541"}],"curies":[{"name":"wp","href":"https:\/\/api.w.org\/{rel}","templated":true}]}}